{"id":16559,"date":"2020-03-21T16:54:12","date_gmt":"2020-03-21T14:54:12","guid":{"rendered":"http:\/\/vinsiolisuner.com\/?page_id=16559"},"modified":"2020-04-08T19:48:41","modified_gmt":"2020-04-08T17:48:41","slug":"merlot","status":"publish","type":"page","link":"https:\/\/vinsiolisuner.com\/en\/merlot\/","title":{"rendered":"Red Merlot"},"content":{"rendered":"[expand title=&#8221;&#8221;]\n<h2>Vi Negre Merlot<\/h2>\n<p>Vi Negre Merlot procedent de vinya ecol\u00f2gica plantada el 1999 que consta de tres hect\u00e0rees i mitja de s\u00f2l pedreg\u00f3s aren\u00f3s, situat al terme municipal de Ginestar. Una zona de sec\u00e0 envoltada per bosc Mediterrani, on hi conflueixen l\u2019aire de garv\u00ed i el vent de sers, un rac\u00f3 exel.lent per la producci\u00f3 d\u2019un ra\u00efm de qualitat.<\/p>\n<p>Podem parlar del nostre vi com un vi \u00fanic i selecte ja que la seva producci\u00f3 es limita a 400 ampolles. La seva proced\u00e8ncia aix\u00ed com la seva selecci\u00f3 el fa un vi totalment exclusiu.<\/p>\n<p>El nostre ra\u00edm t\u00e9 proced\u00e8ncia de cultiu totalment ecol\u00f2gic , collit a m\u00e0 i amb una curada selecci\u00f3 al mateix terreny. Despr\u00e9s de dos dies de maceraci\u00f3 pre-fermentativa a uns 15\u00baC s\u2019inicia la fermentaci\u00f3 mitjan\u00e7ant llevats seleccionats, en dip\u00f2sit d\u2019acer inoxidable i a una temperatura controlada entre 20 i 25\u00baC. La fermentaci\u00f3 malol\u00e0ctica esdev\u00e9 de forma espont\u00e0nia i, cap al maig, s\u2019aplica una delicada filtraci\u00f3 i posterior embotellat. Contingut en alcohol: 14%vol.<\/p>\n<p>Amb el nostre vi negre merlot podr\u00e0s gaudir d&#8217;un dels millors vins de les Terres de l&#8217;Ebre provinent d&#8217;una producci\u00f3 la qual s&#8217;ha cuidat fins al m\u00e9s m\u00ednim detall. Per con\u00e8ixer el proc\u00e9s de producci\u00f3 pots realitzar la visita d&#8217;enoturisme que tenim prearada pels mesos d&#8217;Agost.<\/p>\n[\/expand]\n","protected":false},"excerpt":{"rendered":"<p>[expand title=&#8221;&#8221;] Vi Negre Merlot Vi Negre Merlot procedent de vinya ecol\u00f2gica plantada el 1999 que consta de tres hect\u00e0rees i mitja de s\u00f2l pedreg\u00f3s aren\u00f3s, situat al terme municipal de Ginestar. Una zona de sec\u00e0 envoltada per bosc Mediterrani, on hi conflueixen l\u2019aire de garv\u00ed i el vent de sers, un rac\u00f3 exel.lent per<\/p>\n","protected":false},"author":1,"featured_media":0,"parent":0,"menu_order":0,"comment_status":"closed","ping_status":"open","template":"","meta":{"footnotes":""},"class_list":["post-16559","page","type-page","status-publish","hentry","prodpage-classic"],"yoast_head":"<!-- This site is optimized with the Yoast SEO plugin v25.2 - https:\/\/yoast.com\/wordpress\/plugins\/seo\/ -->\n<title>Red Merlot | Vins i Olis Su\u00f1er<\/title>\n<meta name=\"description\" content=\"Vi Negre Merlot procedent de vinya ecol\u00f2gica plantada el 1999 que consta de 3,5 hect\u00e0rees de s\u00f2l pedreg\u00f3s aren\u00f3s, situat al terme municipal de Ginestar.\" \/>\n<meta name=\"robots\" content=\"index, follow, max-snippet:-1, max-image-preview:large, max-video-preview:-1\" \/>\n<link rel=\"canonical\" href=\"https:\/\/vinsiolisuner.com\/en\/merlot\/\" \/>\n<meta property=\"og:locale\" content=\"en_US\" \/>\n<meta property=\"og:type\" content=\"article\" \/>\n<meta property=\"og:title\" content=\"Red Merlot | Vins i Olis Su\u00f1er\" \/>\n<meta property=\"og:description\" content=\"Vi Negre Merlot procedent de vinya ecol\u00f2gica plantada el 1999 que consta de 3,5 hect\u00e0rees de s\u00f2l pedreg\u00f3s aren\u00f3s, situat al terme municipal de Ginestar.\" \/>\n<meta property=\"og:url\" content=\"https:\/\/vinsiolisuner.com\/en\/merlot\/\" \/>\n<meta property=\"og:site_name\" content=\"Vins i Olis Su\u00f1er\" \/>\n<meta property=\"article:modified_time\" content=\"2020-04-08T17:48:41+00:00\" \/>\n<meta name=\"twitter:label1\" content=\"Est. reading time\" \/>\n\t<meta name=\"twitter:data1\" content=\"1 minute\" \/>\n<script type=\"application\/ld+json\" class=\"yoast-schema-graph\">{\"@context\":\"https:\/\/schema.org\",\"@graph\":[{\"@type\":\"WebPage\",\"@id\":\"https:\/\/vinsiolisuner.com\/en\/merlot\/\",\"url\":\"https:\/\/vinsiolisuner.com\/en\/merlot\/\",\"name\":\"Red Merlot | Vins i Olis Su\u00f1er\",\"isPartOf\":{\"@id\":\"https:\/\/vinsiolisuner.com\/#website\"},\"datePublished\":\"2020-03-21T14:54:12+00:00\",\"dateModified\":\"2020-04-08T17:48:41+00:00\",\"description\":\"Vi Negre Merlot procedent de vinya ecol\u00f2gica plantada el 1999 que consta de 3,5 hect\u00e0rees de s\u00f2l pedreg\u00f3s aren\u00f3s, situat al terme municipal de Ginestar.\",\"breadcrumb\":{\"@id\":\"https:\/\/vinsiolisuner.com\/en\/merlot\/#breadcrumb\"},\"inLanguage\":\"en-US\",\"potentialAction\":[{\"@type\":\"ReadAction\",\"target\":[\"https:\/\/vinsiolisuner.com\/en\/merlot\/\"]}]},{\"@type\":\"BreadcrumbList\",\"@id\":\"https:\/\/vinsiolisuner.com\/en\/merlot\/#breadcrumb\",\"itemListElement\":[{\"@type\":\"ListItem\",\"position\":1,\"name\":\"Portada\",\"item\":\"https:\/\/vinsiolisuner.com\/en\/\"},{\"@type\":\"ListItem\",\"position\":2,\"name\":\"Red Merlot\"}]},{\"@type\":\"WebSite\",\"@id\":\"https:\/\/vinsiolisuner.com\/#website\",\"url\":\"https:\/\/vinsiolisuner.com\/\",\"name\":\"Vins i Olis Su\u00f1er\",\"description\":\"Vins i Olis Su\u00f1er\",\"potentialAction\":[{\"@type\":\"SearchAction\",\"target\":{\"@type\":\"EntryPoint\",\"urlTemplate\":\"https:\/\/vinsiolisuner.com\/?s={search_term_string}\"},\"query-input\":{\"@type\":\"PropertyValueSpecification\",\"valueRequired\":true,\"valueName\":\"search_term_string\"}}],\"inLanguage\":\"en-US\"}]}<\/script>\n<!-- \/ Yoast SEO plugin. -->","yoast_head_json":{"title":"Red Merlot | Vins i Olis Su\u00f1er","description":"Vi Negre Merlot procedent de vinya ecol\u00f2gica plantada el 1999 que consta de 3,5 hect\u00e0rees de s\u00f2l pedreg\u00f3s aren\u00f3s, situat al terme municipal de Ginestar.","robots":{"index":"index","follow":"follow","max-snippet":"max-snippet:-1","max-image-preview":"max-image-preview:large","max-video-preview":"max-video-preview:-1"},"canonical":"https:\/\/vinsiolisuner.com\/en\/merlot\/","og_locale":"en_US","og_type":"article","og_title":"Red Merlot | Vins i Olis Su\u00f1er","og_description":"Vi Negre Merlot procedent de vinya ecol\u00f2gica plantada el 1999 que consta de 3,5 hect\u00e0rees de s\u00f2l pedreg\u00f3s aren\u00f3s, situat al terme municipal de Ginestar.","og_url":"https:\/\/vinsiolisuner.com\/en\/merlot\/","og_site_name":"Vins i Olis Su\u00f1er","article_modified_time":"2020-04-08T17:48:41+00:00","twitter_misc":{"Est. reading time":"1 minute"},"schema":{"@context":"https:\/\/schema.org","@graph":[{"@type":"WebPage","@id":"https:\/\/vinsiolisuner.com\/en\/merlot\/","url":"https:\/\/vinsiolisuner.com\/en\/merlot\/","name":"Red Merlot | Vins i Olis Su\u00f1er","isPartOf":{"@id":"https:\/\/vinsiolisuner.com\/#website"},"datePublished":"2020-03-21T14:54:12+00:00","dateModified":"2020-04-08T17:48:41+00:00","description":"Vi Negre Merlot procedent de vinya ecol\u00f2gica plantada el 1999 que consta de 3,5 hect\u00e0rees de s\u00f2l pedreg\u00f3s aren\u00f3s, situat al terme municipal de Ginestar.","breadcrumb":{"@id":"https:\/\/vinsiolisuner.com\/en\/merlot\/#breadcrumb"},"inLanguage":"en-US","potentialAction":[{"@type":"ReadAction","target":["https:\/\/vinsiolisuner.com\/en\/merlot\/"]}]},{"@type":"BreadcrumbList","@id":"https:\/\/vinsiolisuner.com\/en\/merlot\/#breadcrumb","itemListElement":[{"@type":"ListItem","position":1,"name":"Portada","item":"https:\/\/vinsiolisuner.com\/en\/"},{"@type":"ListItem","position":2,"name":"Red Merlot"}]},{"@type":"WebSite","@id":"https:\/\/vinsiolisuner.com\/#website","url":"https:\/\/vinsiolisuner.com\/","name":"Vins i Olis Su\u00f1er","description":"Vins i Olis Su\u00f1er","potentialAction":[{"@type":"SearchAction","target":{"@type":"EntryPoint","urlTemplate":"https:\/\/vinsiolisuner.com\/?s={search_term_string}"},"query-input":{"@type":"PropertyValueSpecification","valueRequired":true,"valueName":"search_term_string"}}],"inLanguage":"en-US"}]}},"_links":{"self":[{"href":"https:\/\/vinsiolisuner.com\/en\/wp-json\/wp\/v2\/pages\/16559","targetHints":{"allow":["GET"]}}],"collection":[{"href":"https:\/\/vinsiolisuner.com\/en\/wp-json\/wp\/v2\/pages"}],"about":[{"href":"https:\/\/vinsiolisuner.com\/en\/wp-json\/wp\/v2\/types\/page"}],"author":[{"embeddable":true,"href":"https:\/\/vinsiolisuner.com\/en\/wp-json\/wp\/v2\/users\/1"}],"replies":[{"embeddable":true,"href":"https:\/\/vinsiolisuner.com\/en\/wp-json\/wp\/v2\/comments?post=16559"}],"version-history":[{"count":5,"href":"https:\/\/vinsiolisuner.com\/en\/wp-json\/wp\/v2\/pages\/16559\/revisions"}],"predecessor-version":[{"id":17336,"href":"https:\/\/vinsiolisuner.com\/en\/wp-json\/wp\/v2\/pages\/16559\/revisions\/17336"}],"wp:attachment":[{"href":"https:\/\/vinsiolisuner.com\/en\/wp-json\/wp\/v2\/media?parent=16559"}],"curies":[{"name":"wp","href":"https:\/\/api.w.org\/{rel}","templated":true}]}}