{"id":2745,"date":"2015-04-09T10:47:48","date_gmt":"2015-04-09T10:47:48","guid":{"rendered":"http:\/\/vinsiolisuner.com\/merlot-rogis-2\/"},"modified":"2020-04-08T19:47:55","modified_gmt":"2020-04-08T17:47:55","slug":"merlot-rose","status":"publish","type":"page","link":"https:\/\/vinsiolisuner.com\/en\/merlot-rose\/","title":{"rendered":"Merlot Ros\u00e9"},"content":{"rendered":"[expand title=&#8221;&#8221;]\n<h2>Vi Rog\u00eds Merlot<\/h2>\n<p>Vi Rog\u00eds Merlot procedent d&#8217;una vinya que data del 1999. Les vinyes es situen concretament al municipi de Ginestar on comptem amb m\u00e9s de 3 hect\u00e0rees de terra. La seva situaci\u00f3 fa que el territori sigui l&#8217;empla\u00e7ament perfecte, clima mediterrani, prop del bosc i del marc i amb l&#8217;aire garv\u00ed i el vent sers.<\/p>\n<p>Abans de passar pel proc\u00e9s de fermentaci\u00f3 el most ha passat per un temps de maceraci\u00f3 amb pells.<\/p>\n<p>El nostre vi rog\u00eds es caracteritza per un color semblant al de les cireres i per un olor que ens recorda a la maduixa i a certes flors. Parlem d&#8217;un vi amb volum, persistent i amb frescura.<\/p>\n<p>Gaudim d&#8217;un ra\u00efm ecol\u00f2gic, la collita del qual es fa de forma manual seleccionant el millor ra\u00efm. Seguidament el ra\u00efm es traslladat al celler, per tal d&#8217;evitar qualsevol oxidaci\u00f3 que pugui patir aix\u00ed com, una possible p\u00e8rdua d&#8217;aroma. La fermentaci\u00f3 es duu a terme a una temperatura totalment controlada a trav\u00e9s de llevats pr\u00e8viament seleccionats i en dip\u00f2sits d&#8217;acer. La seg\u00fcent fase una vegada finalitzada la fermentaci\u00f3, \u00e9s deixar-lo reposar en ua atmosfera reductora. Es cap al mes de desembre que es realitza una cuidada filtraci\u00f3 per finalment acabar embotellant-lo.<\/p>\n[\/expand]\n","protected":false},"excerpt":{"rendered":"<p>[expand title=&#8221;&#8221;] Vi Rog\u00eds Merlot Vi Rog\u00eds Merlot procedent d&#8217;una vinya que data del 1999. Les vinyes es situen concretament al municipi de Ginestar on comptem amb m\u00e9s de 3 hect\u00e0rees de terra. La seva situaci\u00f3 fa que el territori sigui l&#8217;empla\u00e7ament perfecte, clima mediterrani, prop del bosc i del marc i amb l&#8217;aire garv\u00ed<\/p>\n","protected":false},"author":1,"featured_media":0,"parent":0,"menu_order":0,"comment_status":"closed","ping_status":"closed","template":"","meta":{"footnotes":""},"class_list":["post-2745","page","type-page","status-publish","hentry","prodpage-classic"],"yoast_head":"<!-- This site is optimized with the Yoast SEO plugin v25.2 - https:\/\/yoast.com\/wordpress\/plugins\/seo\/ -->\n<title>Merlot Ros\u00e9 | Vins i Olis Su\u00f1er<\/title>\n<meta name=\"description\" content=\"Vi Rog\u00eds Merlot procedent d&#039;una vinya que data del 1999. Les vinyes es situen concretament al municipi de Ginestar on comptem amb m\u00e9s de 3 hect\u00e0rees de terra.\" \/>\n<meta name=\"robots\" content=\"index, follow, max-snippet:-1, max-image-preview:large, max-video-preview:-1\" \/>\n<link rel=\"canonical\" href=\"https:\/\/vinsiolisuner.com\/en\/merlot-rose\/\" \/>\n<meta property=\"og:locale\" content=\"en_US\" \/>\n<meta property=\"og:type\" content=\"article\" \/>\n<meta property=\"og:title\" content=\"Merlot Ros\u00e9 | Vins i Olis Su\u00f1er\" \/>\n<meta property=\"og:description\" content=\"Vi Rog\u00eds Merlot procedent d&#039;una vinya que data del 1999. Les vinyes es situen concretament al municipi de Ginestar on comptem amb m\u00e9s de 3 hect\u00e0rees de terra.\" \/>\n<meta property=\"og:url\" content=\"https:\/\/vinsiolisuner.com\/en\/merlot-rose\/\" \/>\n<meta property=\"og:site_name\" content=\"Vins i Olis Su\u00f1er\" \/>\n<meta property=\"article:modified_time\" content=\"2020-04-08T17:47:55+00:00\" \/>\n<meta name=\"twitter:label1\" content=\"Est. reading time\" \/>\n\t<meta name=\"twitter:data1\" content=\"1 minute\" \/>\n<script type=\"application\/ld+json\" class=\"yoast-schema-graph\">{\"@context\":\"https:\/\/schema.org\",\"@graph\":[{\"@type\":\"WebPage\",\"@id\":\"https:\/\/vinsiolisuner.com\/en\/merlot-rose\/\",\"url\":\"https:\/\/vinsiolisuner.com\/en\/merlot-rose\/\",\"name\":\"Merlot Ros\u00e9 | Vins i Olis Su\u00f1er\",\"isPartOf\":{\"@id\":\"https:\/\/vinsiolisuner.com\/#website\"},\"datePublished\":\"2015-04-09T10:47:48+00:00\",\"dateModified\":\"2020-04-08T17:47:55+00:00\",\"description\":\"Vi Rog\u00eds Merlot procedent d'una vinya que data del 1999. Les vinyes es situen concretament al municipi de Ginestar on comptem amb m\u00e9s de 3 hect\u00e0rees de terra.\",\"breadcrumb\":{\"@id\":\"https:\/\/vinsiolisuner.com\/en\/merlot-rose\/#breadcrumb\"},\"inLanguage\":\"en-US\",\"potentialAction\":[{\"@type\":\"ReadAction\",\"target\":[\"https:\/\/vinsiolisuner.com\/en\/merlot-rose\/\"]}]},{\"@type\":\"BreadcrumbList\",\"@id\":\"https:\/\/vinsiolisuner.com\/en\/merlot-rose\/#breadcrumb\",\"itemListElement\":[{\"@type\":\"ListItem\",\"position\":1,\"name\":\"Portada\",\"item\":\"https:\/\/vinsiolisuner.com\/en\/\"},{\"@type\":\"ListItem\",\"position\":2,\"name\":\"Merlot Ros\u00e9\"}]},{\"@type\":\"WebSite\",\"@id\":\"https:\/\/vinsiolisuner.com\/#website\",\"url\":\"https:\/\/vinsiolisuner.com\/\",\"name\":\"Vins i Olis Su\u00f1er\",\"description\":\"Vins i Olis Su\u00f1er\",\"potentialAction\":[{\"@type\":\"SearchAction\",\"target\":{\"@type\":\"EntryPoint\",\"urlTemplate\":\"https:\/\/vinsiolisuner.com\/?s={search_term_string}\"},\"query-input\":{\"@type\":\"PropertyValueSpecification\",\"valueRequired\":true,\"valueName\":\"search_term_string\"}}],\"inLanguage\":\"en-US\"}]}<\/script>\n<!-- \/ Yoast SEO plugin. -->","yoast_head_json":{"title":"Merlot Ros\u00e9 | Vins i Olis Su\u00f1er","description":"Vi Rog\u00eds Merlot procedent d'una vinya que data del 1999. Les vinyes es situen concretament al municipi de Ginestar on comptem amb m\u00e9s de 3 hect\u00e0rees de terra.","robots":{"index":"index","follow":"follow","max-snippet":"max-snippet:-1","max-image-preview":"max-image-preview:large","max-video-preview":"max-video-preview:-1"},"canonical":"https:\/\/vinsiolisuner.com\/en\/merlot-rose\/","og_locale":"en_US","og_type":"article","og_title":"Merlot Ros\u00e9 | Vins i Olis Su\u00f1er","og_description":"Vi Rog\u00eds Merlot procedent d'una vinya que data del 1999. Les vinyes es situen concretament al municipi de Ginestar on comptem amb m\u00e9s de 3 hect\u00e0rees de terra.","og_url":"https:\/\/vinsiolisuner.com\/en\/merlot-rose\/","og_site_name":"Vins i Olis Su\u00f1er","article_modified_time":"2020-04-08T17:47:55+00:00","twitter_misc":{"Est. reading time":"1 minute"},"schema":{"@context":"https:\/\/schema.org","@graph":[{"@type":"WebPage","@id":"https:\/\/vinsiolisuner.com\/en\/merlot-rose\/","url":"https:\/\/vinsiolisuner.com\/en\/merlot-rose\/","name":"Merlot Ros\u00e9 | Vins i Olis Su\u00f1er","isPartOf":{"@id":"https:\/\/vinsiolisuner.com\/#website"},"datePublished":"2015-04-09T10:47:48+00:00","dateModified":"2020-04-08T17:47:55+00:00","description":"Vi Rog\u00eds Merlot procedent d'una vinya que data del 1999. Les vinyes es situen concretament al municipi de Ginestar on comptem amb m\u00e9s de 3 hect\u00e0rees de terra.","breadcrumb":{"@id":"https:\/\/vinsiolisuner.com\/en\/merlot-rose\/#breadcrumb"},"inLanguage":"en-US","potentialAction":[{"@type":"ReadAction","target":["https:\/\/vinsiolisuner.com\/en\/merlot-rose\/"]}]},{"@type":"BreadcrumbList","@id":"https:\/\/vinsiolisuner.com\/en\/merlot-rose\/#breadcrumb","itemListElement":[{"@type":"ListItem","position":1,"name":"Portada","item":"https:\/\/vinsiolisuner.com\/en\/"},{"@type":"ListItem","position":2,"name":"Merlot Ros\u00e9"}]},{"@type":"WebSite","@id":"https:\/\/vinsiolisuner.com\/#website","url":"https:\/\/vinsiolisuner.com\/","name":"Vins i Olis Su\u00f1er","description":"Vins i Olis Su\u00f1er","potentialAction":[{"@type":"SearchAction","target":{"@type":"EntryPoint","urlTemplate":"https:\/\/vinsiolisuner.com\/?s={search_term_string}"},"query-input":{"@type":"PropertyValueSpecification","valueRequired":true,"valueName":"search_term_string"}}],"inLanguage":"en-US"}]}},"_links":{"self":[{"href":"https:\/\/vinsiolisuner.com\/en\/wp-json\/wp\/v2\/pages\/2745","targetHints":{"allow":["GET"]}}],"collection":[{"href":"https:\/\/vinsiolisuner.com\/en\/wp-json\/wp\/v2\/pages"}],"about":[{"href":"https:\/\/vinsiolisuner.com\/en\/wp-json\/wp\/v2\/types\/page"}],"author":[{"embeddable":true,"href":"https:\/\/vinsiolisuner.com\/en\/wp-json\/wp\/v2\/users\/1"}],"replies":[{"embeddable":true,"href":"https:\/\/vinsiolisuner.com\/en\/wp-json\/wp\/v2\/comments?post=2745"}],"version-history":[{"count":5,"href":"https:\/\/vinsiolisuner.com\/en\/wp-json\/wp\/v2\/pages\/2745\/revisions"}],"predecessor-version":[{"id":17402,"href":"https:\/\/vinsiolisuner.com\/en\/wp-json\/wp\/v2\/pages\/2745\/revisions\/17402"}],"wp:attachment":[{"href":"https:\/\/vinsiolisuner.com\/en\/wp-json\/wp\/v2\/media?parent=2745"}],"curies":[{"name":"wp","href":"https:\/\/api.w.org\/{rel}","templated":true}]}}