{"id":5432,"date":"2015-04-09T11:02:03","date_gmt":"2015-04-09T09:02:03","guid":{"rendered":"http:\/\/vinsiolisuner.com\/fulla-de-salze-2\/"},"modified":"2020-04-30T11:08:31","modified_gmt":"2020-04-30T09:08:31","slug":"fulla-de-salze","status":"publish","type":"page","link":"https:\/\/vinsiolisuner.com\/en\/fulla-de-salze\/","title":{"rendered":"Fulla de Salze"},"content":{"rendered":"[expand title=&#8221;&#8221;]\n<h2>Oli d&#8217;oliva fulla de salze<\/h2>\n<p>Oli d&#8217;oliva fulla de salze de la millor qualitat. Obtingut \u00fanicament d\u2019olives de la varietat Fulla de Salze, aut\u00f2ctona i \u00fanica d\u2019una petita part de la Ribera d\u2019Ebre. Oli molt agradable al paladar, molt gust\u00f3s i arom\u00e0tic. Equilibri entre amarg i picant , afruitat amb tocs mentolats.<\/p>\n<p>Aquest oli \u00e9s&nbsp;diferent als olis m\u00e9s coneguts i est\u00e0 recomanat per acompanyar carn i peix, aperitius, amanides completes i qualsevol plat per donar-li un sabor \u00fanic.<\/p>\n<p>D&#8217;un fullatge molt diferent a les altres varietats i amb un fruit molt genu\u00ed. Aquesta Olivera es t\u00edpica de la Ribera de l&#8217;Ebre. D&#8217;una producci\u00f3 singular. El nom de fulla de salze es emblem\u00e0tic del territori. Una olivera amb &nbsp;una hist\u00f2ria marcada a les Terres de l&#8217;Ebre, i que intenta agafar-se un gran nom al sector de l&#8217;oli de qualitat. De qualitat genu\u00efna&nbsp;que produeix un oli de gust sincer.<\/p>\n<p>El proc\u00e9s que utilitzem en l&#8217;obtenci\u00f3 de tots els nostres olis es qualifica per ser un proc\u00e9s cuidat fins al m\u00e9s m\u00ednim detall en totes les seves fases i el nostre mol\u00ed compta amb la certificaci\u00f3 del Consell Catal\u00e0 de la Producci\u00f3 Agr\u00e0ria Ecol\u00f2gica (CCPAE).<\/p>\n<p>A Vins i Olis Su\u00f1er treballem cont\u00ednuament per oferir els millors productes als nostres consumidors.<\/p>\n<p>&nbsp;<\/p>\n[\/expand]\n","protected":false},"excerpt":{"rendered":"<p>[expand title=&#8221;&#8221;] Oli d&#8217;oliva fulla de salze Oli d&#8217;oliva fulla de salze de la millor qualitat. Obtingut \u00fanicament d\u2019olives de la varietat Fulla de Salze, aut\u00f2ctona i \u00fanica d\u2019una petita part de la Ribera d\u2019Ebre. Oli molt agradable al paladar, molt gust\u00f3s i arom\u00e0tic. Equilibri entre amarg i picant , afruitat amb tocs mentolats. Aquest<\/p>\n","protected":false},"author":1,"featured_media":0,"parent":0,"menu_order":0,"comment_status":"closed","ping_status":"closed","template":"","meta":{"footnotes":""},"class_list":["post-5432","page","type-page","status-publish","hentry","prodpage-classic"],"yoast_head":"<!-- This site is optimized with the Yoast SEO plugin v25.2 - https:\/\/yoast.com\/wordpress\/plugins\/seo\/ -->\n<title>Fulla de Salze | Vins i Olis Su\u00f1er<\/title>\n<meta name=\"description\" content=\"Oli d&#039;oliva fulla de salze de la millor qualitat. Obtingut \u00fanicament d\u2019olives de la varietat Fulla de Salze, aut\u00f2ctona i \u00fanica d\u2019una petita part de la Ribera d\u2019Ebre.\" \/>\n<meta name=\"robots\" content=\"index, follow, max-snippet:-1, max-image-preview:large, max-video-preview:-1\" \/>\n<link rel=\"canonical\" href=\"https:\/\/vinsiolisuner.com\/en\/fulla-de-salze\/\" \/>\n<meta property=\"og:locale\" content=\"en_US\" \/>\n<meta property=\"og:type\" content=\"article\" \/>\n<meta property=\"og:title\" content=\"Fulla de Salze | Vins i Olis Su\u00f1er\" \/>\n<meta property=\"og:description\" content=\"Oli d&#039;oliva fulla de salze de la millor qualitat. Obtingut \u00fanicament d\u2019olives de la varietat Fulla de Salze, aut\u00f2ctona i \u00fanica d\u2019una petita part de la Ribera d\u2019Ebre.\" \/>\n<meta property=\"og:url\" content=\"https:\/\/vinsiolisuner.com\/en\/fulla-de-salze\/\" \/>\n<meta property=\"og:site_name\" content=\"Vins i Olis Su\u00f1er\" \/>\n<meta property=\"article:modified_time\" content=\"2020-04-30T09:08:31+00:00\" \/>\n<meta name=\"twitter:label1\" content=\"Est. reading time\" \/>\n\t<meta name=\"twitter:data1\" content=\"1 minute\" \/>\n<script type=\"application\/ld+json\" class=\"yoast-schema-graph\">{\"@context\":\"https:\/\/schema.org\",\"@graph\":[{\"@type\":\"WebPage\",\"@id\":\"https:\/\/vinsiolisuner.com\/en\/fulla-de-salze\/\",\"url\":\"https:\/\/vinsiolisuner.com\/en\/fulla-de-salze\/\",\"name\":\"Fulla de Salze | Vins i Olis Su\u00f1er\",\"isPartOf\":{\"@id\":\"https:\/\/vinsiolisuner.com\/#website\"},\"datePublished\":\"2015-04-09T09:02:03+00:00\",\"dateModified\":\"2020-04-30T09:08:31+00:00\",\"description\":\"Oli d'oliva fulla de salze de la millor qualitat. Obtingut \u00fanicament d\u2019olives de la varietat Fulla de Salze, aut\u00f2ctona i \u00fanica d\u2019una petita part de la Ribera d\u2019Ebre.\",\"breadcrumb\":{\"@id\":\"https:\/\/vinsiolisuner.com\/en\/fulla-de-salze\/#breadcrumb\"},\"inLanguage\":\"en-US\",\"potentialAction\":[{\"@type\":\"ReadAction\",\"target\":[\"https:\/\/vinsiolisuner.com\/en\/fulla-de-salze\/\"]}]},{\"@type\":\"BreadcrumbList\",\"@id\":\"https:\/\/vinsiolisuner.com\/en\/fulla-de-salze\/#breadcrumb\",\"itemListElement\":[{\"@type\":\"ListItem\",\"position\":1,\"name\":\"Portada\",\"item\":\"https:\/\/vinsiolisuner.com\/en\/\"},{\"@type\":\"ListItem\",\"position\":2,\"name\":\"Fulla de Salze\"}]},{\"@type\":\"WebSite\",\"@id\":\"https:\/\/vinsiolisuner.com\/#website\",\"url\":\"https:\/\/vinsiolisuner.com\/\",\"name\":\"Vins i Olis Su\u00f1er\",\"description\":\"Vins i Olis Su\u00f1er\",\"potentialAction\":[{\"@type\":\"SearchAction\",\"target\":{\"@type\":\"EntryPoint\",\"urlTemplate\":\"https:\/\/vinsiolisuner.com\/?s={search_term_string}\"},\"query-input\":{\"@type\":\"PropertyValueSpecification\",\"valueRequired\":true,\"valueName\":\"search_term_string\"}}],\"inLanguage\":\"en-US\"}]}<\/script>\n<!-- \/ Yoast SEO plugin. -->","yoast_head_json":{"title":"Fulla de Salze | Vins i Olis Su\u00f1er","description":"Oli d'oliva fulla de salze de la millor qualitat. Obtingut \u00fanicament d\u2019olives de la varietat Fulla de Salze, aut\u00f2ctona i \u00fanica d\u2019una petita part de la Ribera d\u2019Ebre.","robots":{"index":"index","follow":"follow","max-snippet":"max-snippet:-1","max-image-preview":"max-image-preview:large","max-video-preview":"max-video-preview:-1"},"canonical":"https:\/\/vinsiolisuner.com\/en\/fulla-de-salze\/","og_locale":"en_US","og_type":"article","og_title":"Fulla de Salze | Vins i Olis Su\u00f1er","og_description":"Oli d'oliva fulla de salze de la millor qualitat. Obtingut \u00fanicament d\u2019olives de la varietat Fulla de Salze, aut\u00f2ctona i \u00fanica d\u2019una petita part de la Ribera d\u2019Ebre.","og_url":"https:\/\/vinsiolisuner.com\/en\/fulla-de-salze\/","og_site_name":"Vins i Olis Su\u00f1er","article_modified_time":"2020-04-30T09:08:31+00:00","twitter_misc":{"Est. reading time":"1 minute"},"schema":{"@context":"https:\/\/schema.org","@graph":[{"@type":"WebPage","@id":"https:\/\/vinsiolisuner.com\/en\/fulla-de-salze\/","url":"https:\/\/vinsiolisuner.com\/en\/fulla-de-salze\/","name":"Fulla de Salze | Vins i Olis Su\u00f1er","isPartOf":{"@id":"https:\/\/vinsiolisuner.com\/#website"},"datePublished":"2015-04-09T09:02:03+00:00","dateModified":"2020-04-30T09:08:31+00:00","description":"Oli d'oliva fulla de salze de la millor qualitat. Obtingut \u00fanicament d\u2019olives de la varietat Fulla de Salze, aut\u00f2ctona i \u00fanica d\u2019una petita part de la Ribera d\u2019Ebre.","breadcrumb":{"@id":"https:\/\/vinsiolisuner.com\/en\/fulla-de-salze\/#breadcrumb"},"inLanguage":"en-US","potentialAction":[{"@type":"ReadAction","target":["https:\/\/vinsiolisuner.com\/en\/fulla-de-salze\/"]}]},{"@type":"BreadcrumbList","@id":"https:\/\/vinsiolisuner.com\/en\/fulla-de-salze\/#breadcrumb","itemListElement":[{"@type":"ListItem","position":1,"name":"Portada","item":"https:\/\/vinsiolisuner.com\/en\/"},{"@type":"ListItem","position":2,"name":"Fulla de Salze"}]},{"@type":"WebSite","@id":"https:\/\/vinsiolisuner.com\/#website","url":"https:\/\/vinsiolisuner.com\/","name":"Vins i Olis Su\u00f1er","description":"Vins i Olis Su\u00f1er","potentialAction":[{"@type":"SearchAction","target":{"@type":"EntryPoint","urlTemplate":"https:\/\/vinsiolisuner.com\/?s={search_term_string}"},"query-input":{"@type":"PropertyValueSpecification","valueRequired":true,"valueName":"search_term_string"}}],"inLanguage":"en-US"}]}},"_links":{"self":[{"href":"https:\/\/vinsiolisuner.com\/en\/wp-json\/wp\/v2\/pages\/5432","targetHints":{"allow":["GET"]}}],"collection":[{"href":"https:\/\/vinsiolisuner.com\/en\/wp-json\/wp\/v2\/pages"}],"about":[{"href":"https:\/\/vinsiolisuner.com\/en\/wp-json\/wp\/v2\/types\/page"}],"author":[{"embeddable":true,"href":"https:\/\/vinsiolisuner.com\/en\/wp-json\/wp\/v2\/users\/1"}],"replies":[{"embeddable":true,"href":"https:\/\/vinsiolisuner.com\/en\/wp-json\/wp\/v2\/comments?post=5432"}],"version-history":[{"count":5,"href":"https:\/\/vinsiolisuner.com\/en\/wp-json\/wp\/v2\/pages\/5432\/revisions"}],"predecessor-version":[{"id":17872,"href":"https:\/\/vinsiolisuner.com\/en\/wp-json\/wp\/v2\/pages\/5432\/revisions\/17872"}],"wp:attachment":[{"href":"https:\/\/vinsiolisuner.com\/en\/wp-json\/wp\/v2\/media?parent=5432"}],"curies":[{"name":"wp","href":"https:\/\/api.w.org\/{rel}","templated":true}]}}