{"id":958,"date":"2015-04-09T10:47:38","date_gmt":"2015-04-09T08:47:38","guid":{"rendered":"http:\/\/vinsiolisuner.com\/merlot-crianca-2\/"},"modified":"2020-04-08T19:49:22","modified_gmt":"2020-04-08T17:49:22","slug":"moska-negra","status":"publish","type":"page","link":"https:\/\/vinsiolisuner.com\/en\/moska-negra\/","title":{"rendered":"Moska Negra"},"content":{"rendered":"[expand title=&#8221;&#8221;]\n<h2>Vi Negre Merlot crian\u00e7a<\/h2>\n<p>Podem parlar del nostre vi Negre Merlot crian\u00e7a com un vi \u00fanic i selecte ja que la seva producci\u00f3 es limita a 400 ampolles. La seva proced\u00e8ncia aix\u00ed com la seva selecci\u00f3 el fa un vi totalment exclusiu. Fermentaci\u00f3 i maceraci\u00f3 \u00f2ptima. La seva crian\u00e7a es porta a terme en barrica de roure franc\u00e8s amb un rep\u00f2s m\u00ednim de 12 mesos en ampolla.<\/p>\n<p>Color vermell brillant cirera de capa alta, amb un aroma intens, destacat pels fruits vermells i negres madurs.. Aquests fruits es combinen amb lleugers notes de regal\u00e8ssia negra i especiades, que procedeixen de la fruita de la crian\u00e7a.&nbsp; Destaca per la seva estructura i la seva textura suau al entrar a la boca, aix\u00ed com per la dol\u00e7or que contrasta amb la frescor del sotabosc per acabar amb un ampli regust amb notes de figa i pansa.<\/p>\n<p>Gaudim d&#8217;un ra\u00efm ecol\u00f2gic, la collita del qual es fa de forma manual seleccionant el millor ra\u00efm. Seguidament el ra\u00efm es traslladat al celler, per tal d&#8217;evitar qualsevol oxidaci\u00f3 que pugui patir aix\u00ed com, una possible p\u00e8rdua d&#8217;aroma. La fermentaci\u00f3 alcoh\u00f2lica es realitza per mitjans controlats a una temperatura de 28\u00baC i la fermentaci\u00f3 malol\u00e0ctica s\u2019inicia de forma espont\u00e0nia dins les mateixes b\u00f3tes de roure on el vi romandr\u00e0 per la seva crian\u00e7a . Una delicada filtraci\u00f3 el prepara per l\u2019envasat i el rep\u00f2s en ampolla de 12 mesos. Contingut en alcohol: 15%vol.<\/p>\n[\/expand]\n","protected":false},"excerpt":{"rendered":"<p>[expand title=&#8221;&#8221;] Vi Negre Merlot crian\u00e7a Podem parlar del nostre vi Negre Merlot crian\u00e7a com un vi \u00fanic i selecte ja que la seva producci\u00f3 es limita a 400 ampolles. La seva proced\u00e8ncia aix\u00ed com la seva selecci\u00f3 el fa un vi totalment exclusiu. Fermentaci\u00f3 i maceraci\u00f3 \u00f2ptima. La seva crian\u00e7a es porta a terme<\/p>\n","protected":false},"author":1,"featured_media":0,"parent":0,"menu_order":0,"comment_status":"closed","ping_status":"open","template":"","meta":{"footnotes":""},"class_list":["post-958","page","type-page","status-publish","hentry","prodpage-classic"],"yoast_head":"<!-- This site is optimized with the Yoast SEO plugin v25.2 - https:\/\/yoast.com\/wordpress\/plugins\/seo\/ -->\n<title>Moska Negra | Vins i Olis Su\u00f1er<\/title>\n<meta name=\"description\" content=\"Podem parlar del nostre vi negre merlot crian\u00e7a com un vi \u00fanic i selecte ja que la seva producci\u00f3 es limita a 400 ampolles. Fermentaci\u00f3 maceraci\u00f3 i \u00f2ptima.\" \/>\n<meta name=\"robots\" content=\"index, follow, max-snippet:-1, max-image-preview:large, max-video-preview:-1\" \/>\n<link rel=\"canonical\" href=\"https:\/\/vinsiolisuner.com\/en\/moska-negra\/\" \/>\n<meta property=\"og:locale\" content=\"en_US\" \/>\n<meta property=\"og:type\" content=\"article\" \/>\n<meta property=\"og:title\" content=\"Moska Negra | Vins i Olis Su\u00f1er\" \/>\n<meta property=\"og:description\" content=\"Podem parlar del nostre vi negre merlot crian\u00e7a com un vi \u00fanic i selecte ja que la seva producci\u00f3 es limita a 400 ampolles. Fermentaci\u00f3 maceraci\u00f3 i \u00f2ptima.\" \/>\n<meta property=\"og:url\" content=\"https:\/\/vinsiolisuner.com\/en\/moska-negra\/\" \/>\n<meta property=\"og:site_name\" content=\"Vins i Olis Su\u00f1er\" \/>\n<meta property=\"article:modified_time\" content=\"2020-04-08T17:49:22+00:00\" \/>\n<meta name=\"twitter:label1\" content=\"Est. reading time\" \/>\n\t<meta name=\"twitter:data1\" content=\"1 minute\" \/>\n<script type=\"application\/ld+json\" class=\"yoast-schema-graph\">{\"@context\":\"https:\/\/schema.org\",\"@graph\":[{\"@type\":\"WebPage\",\"@id\":\"https:\/\/vinsiolisuner.com\/en\/moska-negra\/\",\"url\":\"https:\/\/vinsiolisuner.com\/en\/moska-negra\/\",\"name\":\"Moska Negra | Vins i Olis Su\u00f1er\",\"isPartOf\":{\"@id\":\"https:\/\/vinsiolisuner.com\/#website\"},\"datePublished\":\"2015-04-09T08:47:38+00:00\",\"dateModified\":\"2020-04-08T17:49:22+00:00\",\"description\":\"Podem parlar del nostre vi negre merlot crian\u00e7a com un vi \u00fanic i selecte ja que la seva producci\u00f3 es limita a 400 ampolles. Fermentaci\u00f3 maceraci\u00f3 i \u00f2ptima.\",\"breadcrumb\":{\"@id\":\"https:\/\/vinsiolisuner.com\/en\/moska-negra\/#breadcrumb\"},\"inLanguage\":\"en-US\",\"potentialAction\":[{\"@type\":\"ReadAction\",\"target\":[\"https:\/\/vinsiolisuner.com\/en\/moska-negra\/\"]}]},{\"@type\":\"BreadcrumbList\",\"@id\":\"https:\/\/vinsiolisuner.com\/en\/moska-negra\/#breadcrumb\",\"itemListElement\":[{\"@type\":\"ListItem\",\"position\":1,\"name\":\"Portada\",\"item\":\"https:\/\/vinsiolisuner.com\/en\/\"},{\"@type\":\"ListItem\",\"position\":2,\"name\":\"Moska Negra\"}]},{\"@type\":\"WebSite\",\"@id\":\"https:\/\/vinsiolisuner.com\/#website\",\"url\":\"https:\/\/vinsiolisuner.com\/\",\"name\":\"Vins i Olis Su\u00f1er\",\"description\":\"Vins i Olis Su\u00f1er\",\"potentialAction\":[{\"@type\":\"SearchAction\",\"target\":{\"@type\":\"EntryPoint\",\"urlTemplate\":\"https:\/\/vinsiolisuner.com\/?s={search_term_string}\"},\"query-input\":{\"@type\":\"PropertyValueSpecification\",\"valueRequired\":true,\"valueName\":\"search_term_string\"}}],\"inLanguage\":\"en-US\"}]}<\/script>\n<!-- \/ Yoast SEO plugin. -->","yoast_head_json":{"title":"Moska Negra | Vins i Olis Su\u00f1er","description":"Podem parlar del nostre vi negre merlot crian\u00e7a com un vi \u00fanic i selecte ja que la seva producci\u00f3 es limita a 400 ampolles. Fermentaci\u00f3 maceraci\u00f3 i \u00f2ptima.","robots":{"index":"index","follow":"follow","max-snippet":"max-snippet:-1","max-image-preview":"max-image-preview:large","max-video-preview":"max-video-preview:-1"},"canonical":"https:\/\/vinsiolisuner.com\/en\/moska-negra\/","og_locale":"en_US","og_type":"article","og_title":"Moska Negra | Vins i Olis Su\u00f1er","og_description":"Podem parlar del nostre vi negre merlot crian\u00e7a com un vi \u00fanic i selecte ja que la seva producci\u00f3 es limita a 400 ampolles. Fermentaci\u00f3 maceraci\u00f3 i \u00f2ptima.","og_url":"https:\/\/vinsiolisuner.com\/en\/moska-negra\/","og_site_name":"Vins i Olis Su\u00f1er","article_modified_time":"2020-04-08T17:49:22+00:00","twitter_misc":{"Est. reading time":"1 minute"},"schema":{"@context":"https:\/\/schema.org","@graph":[{"@type":"WebPage","@id":"https:\/\/vinsiolisuner.com\/en\/moska-negra\/","url":"https:\/\/vinsiolisuner.com\/en\/moska-negra\/","name":"Moska Negra | Vins i Olis Su\u00f1er","isPartOf":{"@id":"https:\/\/vinsiolisuner.com\/#website"},"datePublished":"2015-04-09T08:47:38+00:00","dateModified":"2020-04-08T17:49:22+00:00","description":"Podem parlar del nostre vi negre merlot crian\u00e7a com un vi \u00fanic i selecte ja que la seva producci\u00f3 es limita a 400 ampolles. Fermentaci\u00f3 maceraci\u00f3 i \u00f2ptima.","breadcrumb":{"@id":"https:\/\/vinsiolisuner.com\/en\/moska-negra\/#breadcrumb"},"inLanguage":"en-US","potentialAction":[{"@type":"ReadAction","target":["https:\/\/vinsiolisuner.com\/en\/moska-negra\/"]}]},{"@type":"BreadcrumbList","@id":"https:\/\/vinsiolisuner.com\/en\/moska-negra\/#breadcrumb","itemListElement":[{"@type":"ListItem","position":1,"name":"Portada","item":"https:\/\/vinsiolisuner.com\/en\/"},{"@type":"ListItem","position":2,"name":"Moska Negra"}]},{"@type":"WebSite","@id":"https:\/\/vinsiolisuner.com\/#website","url":"https:\/\/vinsiolisuner.com\/","name":"Vins i Olis Su\u00f1er","description":"Vins i Olis Su\u00f1er","potentialAction":[{"@type":"SearchAction","target":{"@type":"EntryPoint","urlTemplate":"https:\/\/vinsiolisuner.com\/?s={search_term_string}"},"query-input":{"@type":"PropertyValueSpecification","valueRequired":true,"valueName":"search_term_string"}}],"inLanguage":"en-US"}]}},"_links":{"self":[{"href":"https:\/\/vinsiolisuner.com\/en\/wp-json\/wp\/v2\/pages\/958","targetHints":{"allow":["GET"]}}],"collection":[{"href":"https:\/\/vinsiolisuner.com\/en\/wp-json\/wp\/v2\/pages"}],"about":[{"href":"https:\/\/vinsiolisuner.com\/en\/wp-json\/wp\/v2\/types\/page"}],"author":[{"embeddable":true,"href":"https:\/\/vinsiolisuner.com\/en\/wp-json\/wp\/v2\/users\/1"}],"replies":[{"embeddable":true,"href":"https:\/\/vinsiolisuner.com\/en\/wp-json\/wp\/v2\/comments?post=958"}],"version-history":[{"count":6,"href":"https:\/\/vinsiolisuner.com\/en\/wp-json\/wp\/v2\/pages\/958\/revisions"}],"predecessor-version":[{"id":17412,"href":"https:\/\/vinsiolisuner.com\/en\/wp-json\/wp\/v2\/pages\/958\/revisions\/17412"}],"wp:attachment":[{"href":"https:\/\/vinsiolisuner.com\/en\/wp-json\/wp\/v2\/media?parent=958"}],"curies":[{"name":"wp","href":"https:\/\/api.w.org\/{rel}","templated":true}]}}