{"id":13580,"date":"2015-04-30T18:55:12","date_gmt":"2015-04-30T16:55:12","guid":{"rendered":"http:\/\/vinsiolisuner.com\/botiga\/sense-categoria\/oliva-negra-arago-600gr-2\/"},"modified":"2020-04-30T12:31:27","modified_gmt":"2020-04-30T10:31:27","slug":"black-olives-aragon-600gr","status":"publish","type":"product","link":"https:\/\/vinsiolisuner.com\/en\/botiga\/olives\/black-olives-aragon-600gr\/","title":{"rendered":"Arag\u00f3n Black Olives 600 gr."},"content":{"rendered":"<p><span style=\"font-weight: 400; font-family: Roboto; font-size: 16px;\">Olive variety from Bajo Arag\u00f3n, they are long shaped with an intense taste.<\/span><\/p>\n<p><span style=\"font-weight: 400; font-family: Roboto; font-size: 16px;\">Carefully prepared with a touch of extra virgin olive oil to potentiate its flavor.\u00a0<\/span><\/p>\n<p><span style=\"font-weight: 400; font-family: Roboto; font-size: 16px;\">Low in salt.<\/span><\/p>\n","protected":false},"excerpt":{"rendered":"<p><span style=\"font-family: Roboto; font-size: 16px;\">VAT included.<\/span><\/p>\n","protected":false},"featured_media":17684,"template":"","meta":[],"product_brand":[],"product_cat":[147],"product_tag":[177,139,306,213],"class_list":{"0":"post-13580","1":"product","2":"type-product","3":"status-publish","4":"has-post-thumbnail","6":"product_cat-olives","7":"product_tag-aragon-2","8":"product_tag-gourmet-en","9":"product_tag-negres-en","10":"product_tag-olives-3","11":"pa_packaging-conserves-1-jar","12":"pa_packaging-conserves-6-pack","14":"first","15":"instock","16":"sale","17":"taxable","18":"shipping-taxable","19":"purchasable","20":"product-type-variable","21":"prodpage-classic"},"yoast_head":"<!-- This site is optimized with the Yoast SEO plugin v25.2 - https:\/\/yoast.com\/wordpress\/plugins\/seo\/ -->\n<title>Buy Arag\u00f3n Black Olives 600 gr. | Vins i Olis Su\u00f1er<\/title>\n<meta name=\"description\" content=\"Olives origin\u00e0ries del Baix Arag\u00f3, de forma allargada i gust intens.Preparades cuidadosament amb un toc suau d&#039;oli d&#039;oliva verge extra per potenciar\u00a0el seu\u00a0sabor. Buy it now!\" \/>\n<meta name=\"robots\" content=\"index, follow, max-snippet:-1, max-image-preview:large, max-video-preview:-1\" \/>\n<link rel=\"canonical\" href=\"https:\/\/vinsiolisuner.com\/botiga\/olives\/oliva-negres-darago-600gr\/\" \/>\n<meta property=\"og:locale\" content=\"en_US\" \/>\n<meta property=\"og:type\" content=\"article\" \/>\n<meta property=\"og:title\" content=\"Buy Arag\u00f3n Black Olives 600 gr. | Vins i Olis Su\u00f1er\" \/>\n<meta property=\"og:description\" content=\"Olives origin\u00e0ries del Baix Arag\u00f3, de forma allargada i gust intens.Preparades cuidadosament amb un toc suau d&#039;oli d&#039;oliva verge extra per potenciar\u00a0el seu\u00a0sabor. Buy it now!\" \/>\n<meta property=\"og:url\" content=\"https:\/\/vinsiolisuner.com\/botiga\/olives\/oliva-negres-darago-600gr\/\" \/>\n<meta property=\"og:site_name\" content=\"Vins i Olis Su\u00f1er\" \/>\n<meta property=\"article:modified_time\" content=\"2020-04-30T10:31:27+00:00\" \/>\n<meta property=\"og:image\" content=\"https:\/\/vinsiolisuner.com\/wp-content\/uploads\/2015\/04\/arago_oli1.png\" \/>\n\t<meta property=\"og:image:width\" content=\"265\" \/>\n\t<meta property=\"og:image:height\" content=\"350\" \/>\n\t<meta property=\"og:image:type\" content=\"image\/png\" \/>\n<script type=\"application\/ld+json\" class=\"yoast-schema-graph\">{\"@context\":\"https:\/\/schema.org\",\"@graph\":[{\"@type\":\"WebPage\",\"@id\":\"https:\/\/vinsiolisuner.com\/botiga\/olives\/oliva-negres-darago-600gr\/\",\"url\":\"https:\/\/vinsiolisuner.com\/botiga\/olives\/oliva-negres-darago-600gr\/\",\"name\":\"Buy Arag\u00f3n Black Olives 600 gr. | Vins i Olis Su\u00f1er\",\"isPartOf\":{\"@id\":\"https:\/\/vinsiolisuner.com\/#website\"},\"primaryImageOfPage\":{\"@id\":\"https:\/\/vinsiolisuner.com\/botiga\/olives\/oliva-negres-darago-600gr\/#primaryimage\"},\"image\":{\"@id\":\"https:\/\/vinsiolisuner.com\/botiga\/olives\/oliva-negres-darago-600gr\/#primaryimage\"},\"thumbnailUrl\":\"https:\/\/vinsiolisuner.com\/wp-content\/uploads\/2015\/04\/arago_oli1.png\",\"datePublished\":\"2015-04-30T16:55:12+00:00\",\"dateModified\":\"2020-04-30T10:31:27+00:00\",\"description\":\"Olives origin\u00e0ries del Baix Arag\u00f3, de forma allargada i gust intens.Preparades cuidadosament amb un toc suau d'oli d'oliva verge extra per potenciar\u00a0el seu\u00a0sabor. Buy it now!\",\"breadcrumb\":{\"@id\":\"https:\/\/vinsiolisuner.com\/botiga\/olives\/oliva-negres-darago-600gr\/#breadcrumb\"},\"inLanguage\":\"en-US\",\"potentialAction\":[{\"@type\":\"ReadAction\",\"target\":[\"https:\/\/vinsiolisuner.com\/botiga\/olives\/oliva-negres-darago-600gr\/\"]}]},{\"@type\":\"ImageObject\",\"inLanguage\":\"en-US\",\"@id\":\"https:\/\/vinsiolisuner.com\/botiga\/olives\/oliva-negres-darago-600gr\/#primaryimage\",\"url\":\"https:\/\/vinsiolisuner.com\/wp-content\/uploads\/2015\/04\/arago_oli1.png\",\"contentUrl\":\"https:\/\/vinsiolisuner.com\/wp-content\/uploads\/2015\/04\/arago_oli1.png\",\"width\":265,\"height\":350},{\"@type\":\"BreadcrumbList\",\"@id\":\"https:\/\/vinsiolisuner.com\/botiga\/olives\/oliva-negres-darago-600gr\/#breadcrumb\",\"itemListElement\":[{\"@type\":\"ListItem\",\"position\":1,\"name\":\"Portada\",\"item\":\"https:\/\/vinsiolisuner.com\/en\/\"},{\"@type\":\"ListItem\",\"position\":2,\"name\":\"Shop\",\"item\":\"https:\/\/vinsiolisuner.com\/en\/shop\/\"},{\"@type\":\"ListItem\",\"position\":3,\"name\":\"Arag\u00f3n Black Olives 600 gr.\"}]},{\"@type\":\"WebSite\",\"@id\":\"https:\/\/vinsiolisuner.com\/#website\",\"url\":\"https:\/\/vinsiolisuner.com\/\",\"name\":\"Vins i Olis Su\u00f1er\",\"description\":\"Vins i Olis Su\u00f1er\",\"potentialAction\":[{\"@type\":\"SearchAction\",\"target\":{\"@type\":\"EntryPoint\",\"urlTemplate\":\"https:\/\/vinsiolisuner.com\/?s={search_term_string}\"},\"query-input\":{\"@type\":\"PropertyValueSpecification\",\"valueRequired\":true,\"valueName\":\"search_term_string\"}}],\"inLanguage\":\"en-US\"}]}<\/script>\n<!-- \/ Yoast SEO plugin. -->","yoast_head_json":{"title":"Buy Arag\u00f3n Black Olives 600 gr. | Vins i Olis Su\u00f1er","description":"Olives origin\u00e0ries del Baix Arag\u00f3, de forma allargada i gust intens.Preparades cuidadosament amb un toc suau d'oli d'oliva verge extra per potenciar\u00a0el seu\u00a0sabor. Buy it now!","robots":{"index":"index","follow":"follow","max-snippet":"max-snippet:-1","max-image-preview":"max-image-preview:large","max-video-preview":"max-video-preview:-1"},"canonical":"https:\/\/vinsiolisuner.com\/botiga\/olives\/oliva-negres-darago-600gr\/","og_locale":"en_US","og_type":"article","og_title":"Buy Arag\u00f3n Black Olives 600 gr. | Vins i Olis Su\u00f1er","og_description":"Olives origin\u00e0ries del Baix Arag\u00f3, de forma allargada i gust intens.Preparades cuidadosament amb un toc suau d'oli d'oliva verge extra per potenciar\u00a0el seu\u00a0sabor. Buy it now!","og_url":"https:\/\/vinsiolisuner.com\/botiga\/olives\/oliva-negres-darago-600gr\/","og_site_name":"Vins i Olis Su\u00f1er","article_modified_time":"2020-04-30T10:31:27+00:00","og_image":[{"width":265,"height":350,"url":"https:\/\/vinsiolisuner.com\/wp-content\/uploads\/2015\/04\/arago_oli1.png","type":"image\/png"}],"schema":{"@context":"https:\/\/schema.org","@graph":[{"@type":"WebPage","@id":"https:\/\/vinsiolisuner.com\/botiga\/olives\/oliva-negres-darago-600gr\/","url":"https:\/\/vinsiolisuner.com\/botiga\/olives\/oliva-negres-darago-600gr\/","name":"Buy Arag\u00f3n Black Olives 600 gr. | Vins i Olis Su\u00f1er","isPartOf":{"@id":"https:\/\/vinsiolisuner.com\/#website"},"primaryImageOfPage":{"@id":"https:\/\/vinsiolisuner.com\/botiga\/olives\/oliva-negres-darago-600gr\/#primaryimage"},"image":{"@id":"https:\/\/vinsiolisuner.com\/botiga\/olives\/oliva-negres-darago-600gr\/#primaryimage"},"thumbnailUrl":"https:\/\/vinsiolisuner.com\/wp-content\/uploads\/2015\/04\/arago_oli1.png","datePublished":"2015-04-30T16:55:12+00:00","dateModified":"2020-04-30T10:31:27+00:00","description":"Olives origin\u00e0ries del Baix Arag\u00f3, de forma allargada i gust intens.Preparades cuidadosament amb un toc suau d'oli d'oliva verge extra per potenciar\u00a0el seu\u00a0sabor. Buy it now!","breadcrumb":{"@id":"https:\/\/vinsiolisuner.com\/botiga\/olives\/oliva-negres-darago-600gr\/#breadcrumb"},"inLanguage":"en-US","potentialAction":[{"@type":"ReadAction","target":["https:\/\/vinsiolisuner.com\/botiga\/olives\/oliva-negres-darago-600gr\/"]}]},{"@type":"ImageObject","inLanguage":"en-US","@id":"https:\/\/vinsiolisuner.com\/botiga\/olives\/oliva-negres-darago-600gr\/#primaryimage","url":"https:\/\/vinsiolisuner.com\/wp-content\/uploads\/2015\/04\/arago_oli1.png","contentUrl":"https:\/\/vinsiolisuner.com\/wp-content\/uploads\/2015\/04\/arago_oli1.png","width":265,"height":350},{"@type":"BreadcrumbList","@id":"https:\/\/vinsiolisuner.com\/botiga\/olives\/oliva-negres-darago-600gr\/#breadcrumb","itemListElement":[{"@type":"ListItem","position":1,"name":"Portada","item":"https:\/\/vinsiolisuner.com\/en\/"},{"@type":"ListItem","position":2,"name":"Shop","item":"https:\/\/vinsiolisuner.com\/en\/shop\/"},{"@type":"ListItem","position":3,"name":"Arag\u00f3n Black Olives 600 gr."}]},{"@type":"WebSite","@id":"https:\/\/vinsiolisuner.com\/#website","url":"https:\/\/vinsiolisuner.com\/","name":"Vins i Olis Su\u00f1er","description":"Vins i Olis Su\u00f1er","potentialAction":[{"@type":"SearchAction","target":{"@type":"EntryPoint","urlTemplate":"https:\/\/vinsiolisuner.com\/?s={search_term_string}"},"query-input":{"@type":"PropertyValueSpecification","valueRequired":true,"valueName":"search_term_string"}}],"inLanguage":"en-US"}]}},"_links":{"self":[{"href":"https:\/\/vinsiolisuner.com\/en\/wp-json\/wp\/v2\/product\/13580","targetHints":{"allow":["GET"]}}],"collection":[{"href":"https:\/\/vinsiolisuner.com\/en\/wp-json\/wp\/v2\/product"}],"about":[{"href":"https:\/\/vinsiolisuner.com\/en\/wp-json\/wp\/v2\/types\/product"}],"wp:featuredmedia":[{"embeddable":true,"href":"https:\/\/vinsiolisuner.com\/en\/wp-json\/wp\/v2\/media\/17684"}],"wp:attachment":[{"href":"https:\/\/vinsiolisuner.com\/en\/wp-json\/wp\/v2\/media?parent=13580"}],"wp:term":[{"taxonomy":"product_brand","embeddable":true,"href":"https:\/\/vinsiolisuner.com\/en\/wp-json\/wp\/v2\/product_brand?post=13580"},{"taxonomy":"product_cat","embeddable":true,"href":"https:\/\/vinsiolisuner.com\/en\/wp-json\/wp\/v2\/product_cat?post=13580"},{"taxonomy":"product_tag","embeddable":true,"href":"https:\/\/vinsiolisuner.com\/en\/wp-json\/wp\/v2\/product_tag?post=13580"}],"curies":[{"name":"wp","href":"https:\/\/api.w.org\/{rel}","templated":true}]}}