{"id":13619,"date":"2015-04-30T11:01:54","date_gmt":"2015-04-30T09:01:54","guid":{"rendered":"http:\/\/vinsiolisuner.com\/botiga\/sense-categoria\/vi-merlot-rogis-jove-6-botelles-2\/"},"modified":"2020-04-29T19:01:50","modified_gmt":"2020-04-29T17:01:50","slug":"merlot-rose-wine","status":"publish","type":"product","link":"https:\/\/vinsiolisuner.com\/en\/botiga\/wines-from-de-cellar-to-your-home\/merlot-rose-wine\/","title":{"rendered":"Merlot Ros\u00e9 Wine"},"content":{"rendered":"<h2><span style=\"font-family: Roboto; font-size: 20px;\">MERLOT ROS\u00c9 WINE<\/span><\/h2>\n<p><span style=\"font-family: Roboto; font-size: 16px;\">\u201cAstonishing aroma of wild strawberries that lingers in your memory\u201d<\/span><\/p>\n<p><span style=\"font-family: Roboto; font-size: 16px;\"><strong>Vinification:<\/strong>\u00a0The grapes used to produce this wine come from own organic vineyards. The harvest is done by hand selecting the grapes in the field. Then, they are taken immediately to the cellar, avoiding oxidation and lose of aromas. The alcoholic fermentation is done at a controlled temperature in stainless steel tanks with selected yeast. Once the fermentation is completed, the wine is left in a reductive atmosphere. Towards December the wine goes through a gentle filtration just before being bottled. Alcohol content 13.5% vol.\u00a0<\/span><\/p>\n<p><span style=\"font-family: Roboto; font-size: 16px;\"><strong>Tasting notes:<\/strong>\u00a0Light raspberry red with violet reflection, showing youth. In the nose, aromas of strawberries appear, with hints of flowers and a delicate sweetness. In the mouth the wine is fresh and playful, with a velvety structure and persistent finale.\u00a0<\/span><\/p>\n<p><span style=\"font-family: Roboto; font-size: 16px;\"><strong>Image:<\/strong>\u00a0Reading uplifts the spirit! That is what the label of our ros\u00e9 wine means. For those moments, a glass of Su\u00f1er Ros\u00e9 and a good book are a great match too feed the soul!<\/span><\/p>\n<p><span style=\"font-family: Roboto; font-size: 16px;\"><strong>Pairing:<\/strong>\u00a0Seafood such as lobster or dishes with rare cooked tuna or turkey. Paellas, salads, sushi and creamy cheeses.<\/span><\/p>\n","protected":false},"excerpt":{"rendered":"<p><span style=\"font-family: Roboto; font-size: 16px;\"><b>D.O.:<\/b> Tarragona<\/span><br \/>\n<span style=\"font-family: Roboto; font-size: 16px;\"><b>Harvest: <\/b>2018<\/span><br \/>\n<span style=\"font-family: Roboto; font-size: 16px;\"><b>Grape variety: <\/b>100% organic Merlot<\/span><\/p>\n<p><span style=\"font-family: Roboto; font-size: 16px;\"><strong>NOTE:<\/strong> It&#8217;s possible to buy one unit or a 6 units box. We make discount for the purchase of a box.<\/span><br \/>\n<span style=\"font-family: Roboto; font-size: 16px;\">VAT included<b>.<\/b><\/span><\/p>\n","protected":false},"featured_media":17537,"template":"","meta":[],"product_brand":[],"product_cat":[149],"product_tag":[853,856,851,854],"class_list":{"0":"post-13619","1":"product","2":"type-product","3":"status-publish","4":"has-post-thumbnail","6":"product_cat-wines-from-de-cellar-to-your-home","7":"product_tag-merlot-en","8":"product_tag-rosat-en","9":"product_tag-vi-catala-en","10":"product_tag-vi-ecologic-en","11":"pa_packaging-vi-1-bottle","12":"pa_packaging-vi-6-pack","14":"first","15":"instock","16":"sale","17":"taxable","18":"shipping-taxable","19":"purchasable","20":"product-type-variable","21":"prodpage-classic"},"yoast_head":"<!-- This site is optimized with the Yoast SEO plugin v25.2 - https:\/\/yoast.com\/wordpress\/plugins\/seo\/ -->\n<title>Buy Merlot Ros\u00e9 Wine | Vins i Olis Su\u00f1er<\/title>\n<meta name=\"description\" content=\"Light raspberry red with violet reflection, showing youth. In the nose, aromas of strawberries appear, with hints of flowers and a delicate sweetness. In the mouth the wine is fresh and playful, with a velvety structure and persistent finale.\u00a0Buy it now!\" \/>\n<meta name=\"robots\" content=\"index, follow, max-snippet:-1, max-image-preview:large, max-video-preview:-1\" \/>\n<link rel=\"canonical\" href=\"https:\/\/vinsiolisuner.com\/en\/botiga\/wines-from-de-cellar-to-your-home\/merlot-rose-wine\/\" \/>\n<meta property=\"og:locale\" content=\"en_US\" \/>\n<meta property=\"og:type\" content=\"article\" \/>\n<meta property=\"og:title\" content=\"Buy Merlot Ros\u00e9 Wine | Vins i Olis Su\u00f1er\" \/>\n<meta property=\"og:description\" content=\"Light raspberry red with violet reflection, showing youth. In the nose, aromas of strawberries appear, with hints of flowers and a delicate sweetness. In the mouth the wine is fresh and playful, with a velvety structure and persistent finale.\u00a0Buy it now!\" \/>\n<meta property=\"og:url\" content=\"https:\/\/vinsiolisuner.com\/en\/botiga\/wines-from-de-cellar-to-your-home\/merlot-rose-wine\/\" \/>\n<meta property=\"og:site_name\" content=\"Vins i Olis Su\u00f1er\" \/>\n<meta property=\"article:modified_time\" content=\"2020-04-29T17:01:50+00:00\" \/>\n<meta property=\"og:image\" content=\"https:\/\/vinsiolisuner.com\/wp-content\/uploads\/2017\/06\/rosat_web.png\" \/>\n\t<meta property=\"og:image:width\" content=\"409\" \/>\n\t<meta property=\"og:image:height\" content=\"567\" \/>\n\t<meta property=\"og:image:type\" content=\"image\/png\" \/>\n<meta name=\"twitter:label1\" content=\"Est. reading time\" \/>\n\t<meta name=\"twitter:data1\" content=\"1 minute\" \/>\n<script type=\"application\/ld+json\" class=\"yoast-schema-graph\">{\"@context\":\"https:\/\/schema.org\",\"@graph\":[{\"@type\":\"WebPage\",\"@id\":\"https:\/\/vinsiolisuner.com\/en\/botiga\/wines-from-de-cellar-to-your-home\/merlot-rose-wine\/\",\"url\":\"https:\/\/vinsiolisuner.com\/en\/botiga\/wines-from-de-cellar-to-your-home\/merlot-rose-wine\/\",\"name\":\"Buy Merlot Ros\u00e9 Wine | Vins i Olis Su\u00f1er\",\"isPartOf\":{\"@id\":\"https:\/\/vinsiolisuner.com\/#website\"},\"primaryImageOfPage\":{\"@id\":\"https:\/\/vinsiolisuner.com\/en\/botiga\/wines-from-de-cellar-to-your-home\/merlot-rose-wine\/#primaryimage\"},\"image\":{\"@id\":\"https:\/\/vinsiolisuner.com\/en\/botiga\/wines-from-de-cellar-to-your-home\/merlot-rose-wine\/#primaryimage\"},\"thumbnailUrl\":\"https:\/\/vinsiolisuner.com\/wp-content\/uploads\/2017\/06\/rosat_web.png\",\"datePublished\":\"2015-04-30T09:01:54+00:00\",\"dateModified\":\"2020-04-29T17:01:50+00:00\",\"description\":\"Light raspberry red with violet reflection, showing youth. In the nose, aromas of strawberries appear, with hints of flowers and a delicate sweetness. In the mouth the wine is fresh and playful, with a velvety structure and persistent finale.\u00a0Buy it now!\",\"breadcrumb\":{\"@id\":\"https:\/\/vinsiolisuner.com\/en\/botiga\/wines-from-de-cellar-to-your-home\/merlot-rose-wine\/#breadcrumb\"},\"inLanguage\":\"en-US\",\"potentialAction\":[{\"@type\":\"ReadAction\",\"target\":[\"https:\/\/vinsiolisuner.com\/en\/botiga\/wines-from-de-cellar-to-your-home\/merlot-rose-wine\/\"]}]},{\"@type\":\"ImageObject\",\"inLanguage\":\"en-US\",\"@id\":\"https:\/\/vinsiolisuner.com\/en\/botiga\/wines-from-de-cellar-to-your-home\/merlot-rose-wine\/#primaryimage\",\"url\":\"https:\/\/vinsiolisuner.com\/wp-content\/uploads\/2017\/06\/rosat_web.png\",\"contentUrl\":\"https:\/\/vinsiolisuner.com\/wp-content\/uploads\/2017\/06\/rosat_web.png\",\"width\":409,\"height\":567},{\"@type\":\"BreadcrumbList\",\"@id\":\"https:\/\/vinsiolisuner.com\/en\/botiga\/wines-from-de-cellar-to-your-home\/merlot-rose-wine\/#breadcrumb\",\"itemListElement\":[{\"@type\":\"ListItem\",\"position\":1,\"name\":\"Portada\",\"item\":\"https:\/\/vinsiolisuner.com\/en\/\"},{\"@type\":\"ListItem\",\"position\":2,\"name\":\"Shop\",\"item\":\"https:\/\/vinsiolisuner.com\/en\/shop\/\"},{\"@type\":\"ListItem\",\"position\":3,\"name\":\"Merlot Ros\u00e9 Wine\"}]},{\"@type\":\"WebSite\",\"@id\":\"https:\/\/vinsiolisuner.com\/#website\",\"url\":\"https:\/\/vinsiolisuner.com\/\",\"name\":\"Vins i Olis Su\u00f1er\",\"description\":\"Vins i Olis Su\u00f1er\",\"potentialAction\":[{\"@type\":\"SearchAction\",\"target\":{\"@type\":\"EntryPoint\",\"urlTemplate\":\"https:\/\/vinsiolisuner.com\/?s={search_term_string}\"},\"query-input\":{\"@type\":\"PropertyValueSpecification\",\"valueRequired\":true,\"valueName\":\"search_term_string\"}}],\"inLanguage\":\"en-US\"}]}<\/script>\n<!-- \/ Yoast SEO plugin. -->","yoast_head_json":{"title":"Buy Merlot Ros\u00e9 Wine | Vins i Olis Su\u00f1er","description":"Light raspberry red with violet reflection, showing youth. In the nose, aromas of strawberries appear, with hints of flowers and a delicate sweetness. In the mouth the wine is fresh and playful, with a velvety structure and persistent finale.\u00a0Buy it now!","robots":{"index":"index","follow":"follow","max-snippet":"max-snippet:-1","max-image-preview":"max-image-preview:large","max-video-preview":"max-video-preview:-1"},"canonical":"https:\/\/vinsiolisuner.com\/en\/botiga\/wines-from-de-cellar-to-your-home\/merlot-rose-wine\/","og_locale":"en_US","og_type":"article","og_title":"Buy Merlot Ros\u00e9 Wine | Vins i Olis Su\u00f1er","og_description":"Light raspberry red with violet reflection, showing youth. In the nose, aromas of strawberries appear, with hints of flowers and a delicate sweetness. In the mouth the wine is fresh and playful, with a velvety structure and persistent finale.\u00a0Buy it now!","og_url":"https:\/\/vinsiolisuner.com\/en\/botiga\/wines-from-de-cellar-to-your-home\/merlot-rose-wine\/","og_site_name":"Vins i Olis Su\u00f1er","article_modified_time":"2020-04-29T17:01:50+00:00","og_image":[{"width":409,"height":567,"url":"https:\/\/vinsiolisuner.com\/wp-content\/uploads\/2017\/06\/rosat_web.png","type":"image\/png"}],"twitter_misc":{"Est. reading time":"1 minute"},"schema":{"@context":"https:\/\/schema.org","@graph":[{"@type":"WebPage","@id":"https:\/\/vinsiolisuner.com\/en\/botiga\/wines-from-de-cellar-to-your-home\/merlot-rose-wine\/","url":"https:\/\/vinsiolisuner.com\/en\/botiga\/wines-from-de-cellar-to-your-home\/merlot-rose-wine\/","name":"Buy Merlot Ros\u00e9 Wine | Vins i Olis Su\u00f1er","isPartOf":{"@id":"https:\/\/vinsiolisuner.com\/#website"},"primaryImageOfPage":{"@id":"https:\/\/vinsiolisuner.com\/en\/botiga\/wines-from-de-cellar-to-your-home\/merlot-rose-wine\/#primaryimage"},"image":{"@id":"https:\/\/vinsiolisuner.com\/en\/botiga\/wines-from-de-cellar-to-your-home\/merlot-rose-wine\/#primaryimage"},"thumbnailUrl":"https:\/\/vinsiolisuner.com\/wp-content\/uploads\/2017\/06\/rosat_web.png","datePublished":"2015-04-30T09:01:54+00:00","dateModified":"2020-04-29T17:01:50+00:00","description":"Light raspberry red with violet reflection, showing youth. In the nose, aromas of strawberries appear, with hints of flowers and a delicate sweetness. In the mouth the wine is fresh and playful, with a velvety structure and persistent finale.\u00a0Buy it now!","breadcrumb":{"@id":"https:\/\/vinsiolisuner.com\/en\/botiga\/wines-from-de-cellar-to-your-home\/merlot-rose-wine\/#breadcrumb"},"inLanguage":"en-US","potentialAction":[{"@type":"ReadAction","target":["https:\/\/vinsiolisuner.com\/en\/botiga\/wines-from-de-cellar-to-your-home\/merlot-rose-wine\/"]}]},{"@type":"ImageObject","inLanguage":"en-US","@id":"https:\/\/vinsiolisuner.com\/en\/botiga\/wines-from-de-cellar-to-your-home\/merlot-rose-wine\/#primaryimage","url":"https:\/\/vinsiolisuner.com\/wp-content\/uploads\/2017\/06\/rosat_web.png","contentUrl":"https:\/\/vinsiolisuner.com\/wp-content\/uploads\/2017\/06\/rosat_web.png","width":409,"height":567},{"@type":"BreadcrumbList","@id":"https:\/\/vinsiolisuner.com\/en\/botiga\/wines-from-de-cellar-to-your-home\/merlot-rose-wine\/#breadcrumb","itemListElement":[{"@type":"ListItem","position":1,"name":"Portada","item":"https:\/\/vinsiolisuner.com\/en\/"},{"@type":"ListItem","position":2,"name":"Shop","item":"https:\/\/vinsiolisuner.com\/en\/shop\/"},{"@type":"ListItem","position":3,"name":"Merlot Ros\u00e9 Wine"}]},{"@type":"WebSite","@id":"https:\/\/vinsiolisuner.com\/#website","url":"https:\/\/vinsiolisuner.com\/","name":"Vins i Olis Su\u00f1er","description":"Vins i Olis Su\u00f1er","potentialAction":[{"@type":"SearchAction","target":{"@type":"EntryPoint","urlTemplate":"https:\/\/vinsiolisuner.com\/?s={search_term_string}"},"query-input":{"@type":"PropertyValueSpecification","valueRequired":true,"valueName":"search_term_string"}}],"inLanguage":"en-US"}]}},"_links":{"self":[{"href":"https:\/\/vinsiolisuner.com\/en\/wp-json\/wp\/v2\/product\/13619","targetHints":{"allow":["GET"]}}],"collection":[{"href":"https:\/\/vinsiolisuner.com\/en\/wp-json\/wp\/v2\/product"}],"about":[{"href":"https:\/\/vinsiolisuner.com\/en\/wp-json\/wp\/v2\/types\/product"}],"wp:featuredmedia":[{"embeddable":true,"href":"https:\/\/vinsiolisuner.com\/en\/wp-json\/wp\/v2\/media\/17537"}],"wp:attachment":[{"href":"https:\/\/vinsiolisuner.com\/en\/wp-json\/wp\/v2\/media?parent=13619"}],"wp:term":[{"taxonomy":"product_brand","embeddable":true,"href":"https:\/\/vinsiolisuner.com\/en\/wp-json\/wp\/v2\/product_brand?post=13619"},{"taxonomy":"product_cat","embeddable":true,"href":"https:\/\/vinsiolisuner.com\/en\/wp-json\/wp\/v2\/product_cat?post=13619"},{"taxonomy":"product_tag","embeddable":true,"href":"https:\/\/vinsiolisuner.com\/en\/wp-json\/wp\/v2\/product_tag?post=13619"}],"curies":[{"name":"wp","href":"https:\/\/api.w.org\/{rel}","templated":true}]}}