{"id":17465,"date":"2020-04-09T13:00:01","date_gmt":"2020-04-09T11:00:01","guid":{"rendered":"http:\/\/vinsiolisuner.com\/botiga\/vi-macabeu-de-ginestar\/"},"modified":"2020-04-09T13:00:01","modified_gmt":"2020-04-09T11:00:01","slug":"vi-macabeu-de-ginestar","status":"publish","type":"product","link":"https:\/\/vinsiolisuner.com\/en\/botiga\/uncategorized\/vi-macabeu-de-ginestar\/","title":{"rendered":"Vi Macabeu de Ginestar"},"content":{"rendered":"<h2>Vi Macabeu de Ginestar<\/h2>\n<p align=\"justify\">&#8220;Tipicitat del Macabeu de la Ribera d&#8217;Ebre&#8221;<\/p>\n<p align=\"justify\"><strong>D.O.:<\/strong>\u00a0Tarragona<\/p>\n<p><strong>Producci\u00f3:\u00a0<\/strong>2000\u00a0ampolles<\/p>\n<p><strong>Varietats de ra\u00efm:<\/strong>\u00a0100% Macabeu<\/p>\n<p><strong>Elaboraci\u00f3:<\/strong>\u00a0Collita i selecci\u00f3 manual del ra\u00efm on s\u2019escull aquell que presenta el grau de maduresa adequat i un estat sanitari \u00f2ptim. Maceraci\u00f3 pel.licular pre-fermentativa a baixa temperatura durant 48h i posterior retirada del most sense premsa. La fermentaci\u00f3 es desenvolupa en dip\u00f2sits d\u2019acer inoxidable. El\u00a0<em>battonage<\/em>\u00a0aplicat li atorga una bona pres\u00e8ncia en boca i la tipicitat d\u2019 aquest vi. Contingut en alcohol: 13%vol.<\/p>\n<p><strong>Nota de tast:<\/strong>\u00a0De les nostres vinyes plantades fa m\u00e9s de 60 anys a la riba del riu Ebre, neix aquest vi monovarietal. Aromes de fruita tropical i fruita blanca, mineral i anisat en boca. Jove, brillant, fresc, intens i persistent. Expressa, de la millor manera, la tipicitat del macabeu de la nostra zona.<\/p>\n<p><strong>Imatge:<\/strong>\u00a0L&#8217;etiqueta est\u00e0 dissenyada recordant els r\u00e8tols de negocis antics. D&#8217;aquesta manera diferenciem el nostre macabeu m\u00e9s representatiu.<\/p>\n<p><strong>Maridatge:<\/strong>\u00a0Peixos o carns blanques a les herbes. Amanides i verdures saltejades.<\/p>\n","protected":false},"excerpt":{"rendered":"<p align=\"justify\">&#8220;Tipicitat del Macabeu de la Ribera d&#8217;Ebre&#8221;<\/p>\n<p align=\"justify\"><strong>D.O.:<\/strong>\u00a0Tarragona<\/p>\n<p><strong>Producci\u00f3:\u00a0<\/strong>2000\u00a0ampolles<\/p>\n<p><strong>Varietats de ra\u00efm:<\/strong>\u00a0100% Macabeu<\/p>\n","protected":false},"featured_media":0,"template":"","meta":[],"product_brand":[],"product_cat":[],"product_tag":[],"class_list":{"0":"post-17465","1":"product","2":"type-product","3":"status-publish","6":"first","7":"instock","8":"taxable","9":"shipping-taxable","10":"product-type-variable","11":"prodpage-classic"},"yoast_head":"<!-- This site is optimized with the Yoast SEO plugin v25.2 - https:\/\/yoast.com\/wordpress\/plugins\/seo\/ -->\n<title>Vi Macabeu de Ginestar | Vins i Olis Su\u00f1er<\/title>\n<meta name=\"robots\" content=\"index, follow, max-snippet:-1, max-image-preview:large, max-video-preview:-1\" \/>\n<link rel=\"canonical\" href=\"https:\/\/vinsiolisuner.com\/en\/botiga\/uncategorized\/vi-macabeu-de-ginestar\/\" \/>\n<meta property=\"og:locale\" content=\"en_US\" \/>\n<meta property=\"og:type\" content=\"article\" \/>\n<meta property=\"og:title\" content=\"Vi Macabeu de Ginestar | Vins i Olis Su\u00f1er\" \/>\n<meta property=\"og:description\" content=\"&quot;Tipicitat del Macabeu de la Ribera d&#039;Ebre&quot; D.O.:\u00a0Tarragona Producci\u00f3:\u00a02000\u00a0ampolles  Varietats de ra\u00efm:\u00a0100% Macabeu\" \/>\n<meta property=\"og:url\" content=\"https:\/\/vinsiolisuner.com\/en\/botiga\/uncategorized\/vi-macabeu-de-ginestar\/\" \/>\n<meta property=\"og:site_name\" content=\"Vins i Olis Su\u00f1er\" \/>\n<meta name=\"twitter:label1\" content=\"Est. reading time\" \/>\n\t<meta name=\"twitter:data1\" content=\"1 minute\" \/>\n<script type=\"application\/ld+json\" class=\"yoast-schema-graph\">{\"@context\":\"https:\/\/schema.org\",\"@graph\":[{\"@type\":\"WebPage\",\"@id\":\"https:\/\/vinsiolisuner.com\/en\/botiga\/uncategorized\/vi-macabeu-de-ginestar\/\",\"url\":\"https:\/\/vinsiolisuner.com\/en\/botiga\/uncategorized\/vi-macabeu-de-ginestar\/\",\"name\":\"Vi Macabeu de Ginestar | Vins i Olis Su\u00f1er\",\"isPartOf\":{\"@id\":\"https:\/\/vinsiolisuner.com\/#website\"},\"datePublished\":\"2020-04-09T11:00:01+00:00\",\"breadcrumb\":{\"@id\":\"https:\/\/vinsiolisuner.com\/en\/botiga\/uncategorized\/vi-macabeu-de-ginestar\/#breadcrumb\"},\"inLanguage\":\"en-US\",\"potentialAction\":[{\"@type\":\"ReadAction\",\"target\":[\"https:\/\/vinsiolisuner.com\/en\/botiga\/uncategorized\/vi-macabeu-de-ginestar\/\"]}]},{\"@type\":\"BreadcrumbList\",\"@id\":\"https:\/\/vinsiolisuner.com\/en\/botiga\/uncategorized\/vi-macabeu-de-ginestar\/#breadcrumb\",\"itemListElement\":[{\"@type\":\"ListItem\",\"position\":1,\"name\":\"Portada\",\"item\":\"https:\/\/vinsiolisuner.com\/en\/\"},{\"@type\":\"ListItem\",\"position\":2,\"name\":\"Shop\",\"item\":\"https:\/\/vinsiolisuner.com\/en\/shop\/\"},{\"@type\":\"ListItem\",\"position\":3,\"name\":\"Vi Macabeu de Ginestar\"}]},{\"@type\":\"WebSite\",\"@id\":\"https:\/\/vinsiolisuner.com\/#website\",\"url\":\"https:\/\/vinsiolisuner.com\/\",\"name\":\"Vins i Olis Su\u00f1er\",\"description\":\"Vins i Olis Su\u00f1er\",\"potentialAction\":[{\"@type\":\"SearchAction\",\"target\":{\"@type\":\"EntryPoint\",\"urlTemplate\":\"https:\/\/vinsiolisuner.com\/?s={search_term_string}\"},\"query-input\":{\"@type\":\"PropertyValueSpecification\",\"valueRequired\":true,\"valueName\":\"search_term_string\"}}],\"inLanguage\":\"en-US\"}]}<\/script>\n<!-- \/ Yoast SEO plugin. -->","yoast_head_json":{"title":"Vi Macabeu de Ginestar | Vins i Olis Su\u00f1er","robots":{"index":"index","follow":"follow","max-snippet":"max-snippet:-1","max-image-preview":"max-image-preview:large","max-video-preview":"max-video-preview:-1"},"canonical":"https:\/\/vinsiolisuner.com\/en\/botiga\/uncategorized\/vi-macabeu-de-ginestar\/","og_locale":"en_US","og_type":"article","og_title":"Vi Macabeu de Ginestar | Vins i Olis Su\u00f1er","og_description":"\"Tipicitat del Macabeu de la Ribera d'Ebre\" D.O.:\u00a0Tarragona Producci\u00f3:\u00a02000\u00a0ampolles  Varietats de ra\u00efm:\u00a0100% Macabeu","og_url":"https:\/\/vinsiolisuner.com\/en\/botiga\/uncategorized\/vi-macabeu-de-ginestar\/","og_site_name":"Vins i Olis Su\u00f1er","twitter_misc":{"Est. reading time":"1 minute"},"schema":{"@context":"https:\/\/schema.org","@graph":[{"@type":"WebPage","@id":"https:\/\/vinsiolisuner.com\/en\/botiga\/uncategorized\/vi-macabeu-de-ginestar\/","url":"https:\/\/vinsiolisuner.com\/en\/botiga\/uncategorized\/vi-macabeu-de-ginestar\/","name":"Vi Macabeu de Ginestar | Vins i Olis Su\u00f1er","isPartOf":{"@id":"https:\/\/vinsiolisuner.com\/#website"},"datePublished":"2020-04-09T11:00:01+00:00","breadcrumb":{"@id":"https:\/\/vinsiolisuner.com\/en\/botiga\/uncategorized\/vi-macabeu-de-ginestar\/#breadcrumb"},"inLanguage":"en-US","potentialAction":[{"@type":"ReadAction","target":["https:\/\/vinsiolisuner.com\/en\/botiga\/uncategorized\/vi-macabeu-de-ginestar\/"]}]},{"@type":"BreadcrumbList","@id":"https:\/\/vinsiolisuner.com\/en\/botiga\/uncategorized\/vi-macabeu-de-ginestar\/#breadcrumb","itemListElement":[{"@type":"ListItem","position":1,"name":"Portada","item":"https:\/\/vinsiolisuner.com\/en\/"},{"@type":"ListItem","position":2,"name":"Shop","item":"https:\/\/vinsiolisuner.com\/en\/shop\/"},{"@type":"ListItem","position":3,"name":"Vi Macabeu de Ginestar"}]},{"@type":"WebSite","@id":"https:\/\/vinsiolisuner.com\/#website","url":"https:\/\/vinsiolisuner.com\/","name":"Vins i Olis Su\u00f1er","description":"Vins i Olis Su\u00f1er","potentialAction":[{"@type":"SearchAction","target":{"@type":"EntryPoint","urlTemplate":"https:\/\/vinsiolisuner.com\/?s={search_term_string}"},"query-input":{"@type":"PropertyValueSpecification","valueRequired":true,"valueName":"search_term_string"}}],"inLanguage":"en-US"}]}},"_links":{"self":[{"href":"https:\/\/vinsiolisuner.com\/en\/wp-json\/wp\/v2\/product\/17465","targetHints":{"allow":["GET"]}}],"collection":[{"href":"https:\/\/vinsiolisuner.com\/en\/wp-json\/wp\/v2\/product"}],"about":[{"href":"https:\/\/vinsiolisuner.com\/en\/wp-json\/wp\/v2\/types\/product"}],"wp:attachment":[{"href":"https:\/\/vinsiolisuner.com\/en\/wp-json\/wp\/v2\/media?parent=17465"}],"wp:term":[{"taxonomy":"product_brand","embeddable":true,"href":"https:\/\/vinsiolisuner.com\/en\/wp-json\/wp\/v2\/product_brand?post=17465"},{"taxonomy":"product_cat","embeddable":true,"href":"https:\/\/vinsiolisuner.com\/en\/wp-json\/wp\/v2\/product_cat?post=17465"},{"taxonomy":"product_tag","embeddable":true,"href":"https:\/\/vinsiolisuner.com\/en\/wp-json\/wp\/v2\/product_tag?post=17465"}],"curies":[{"name":"wp","href":"https:\/\/api.w.org\/{rel}","templated":true}]}}