{"id":15629,"date":"2017-06-28T16:42:10","date_gmt":"2017-06-28T14:42:10","guid":{"rendered":"http:\/\/vinsiolisuner.com\/macabeu-de-ginestar\/"},"modified":"2020-04-04T20:06:51","modified_gmt":"2020-04-04T18:06:51","slug":"macabeu-de-ginestar","status":"publish","type":"page","link":"https:\/\/vinsiolisuner.com\/es\/macabeu-de-ginestar\/","title":{"rendered":"Macabeu de Ginestar"},"content":{"rendered":"[expand title=\u00bb\u00bb]\n<h2>Macabeu de Ginestar<\/h2>\n<p>\u00abMonovarietal en ess\u00e8ncia, divers en sensacions i intensa personalitat\u00bb<\/p>\n<p>El Macabeu, varietat de RA\u00cfM t\u00edpica de la zona. Madurat i expressament sel.leccionat per a aquest vi monovarietal.<\/p>\n<p>El vi Ac\u00e0cia \u00e9s elaborat mitjan\u00e7ant el macabeu, \u00a0varietat poc comuna en vins monovarietals ja que es comenta que a aquest li\u00a0manca expressivitat. Nosaltres l\u2019observem i el\u00a0mimem aconseguint extreure tota la seva personalitat<\/p>\n<p>La vinya es situa al territori de la riba del riu Ebre sobre un terra caracteritzat per ser\u00a0sorrenc i llim\u00f3s.<\/p>\n<p>Les nostres vinyes de vi blanc estan situades a la riba del riu Ebre en un s\u00f2l sorrenc i llim\u00f3s. Aquestes nodreixen el vi Su\u00f1er Ac\u00e0cia.<\/p>\n<p>La fermentaci\u00f3 alcoh\u00f2lica del vi blanc Macabeu es comen\u00e7a\u00a0al dip\u00f2sit d\u2019acer inoxidable i finalitza en b\u00f3ta de fusta d\u2019ac\u00e0cia, on roman fins a sis mesos despr\u00e9s de finalitzada la fermentaci\u00f3. El battonage que es realitza\u00a0durant aquest temps de crian\u00e7a d\u00f3na estructura i l\u2019ac\u00e0cia unes sensacions \u00faniques al vi.<\/p>\n<p>Vi amb tonalitats de palla, de marcada palidessa, net i amb brillantor. Denota\u00a0un aroma subtil de fruits blancs i tropical, juntament amb notes florals i c\u00edtriques. En boca sorpr\u00e8n la seva voluminosa pres\u00e8ncia deixant anar sabors\u00a0de poma i pera que es combinen\u00a0amb suaus matisos del an\u00eds.<\/p>\n<p>Collita i selecci\u00f3 del ra\u00efm es porta a terme de forma manual, on s\u2019escull el\u00a0que presenta el grau de maduresa necessari\u00a0i que presesta un\u00a0estat sanitari \u00f2ptim. La \u00a0maceraci\u00f3 es duu a terme\u00a0a baixa temperatura durant 48h i despr\u00e9s es fa retirada del most sense premsa. La fermentaci\u00f3 es desenvolupa en dues fases; s\u2019inicia en dip\u00f2sit d\u2019acer inoxidable i finalitza en b\u00f3ta de fusta d\u2019ac\u00e0cia, on romandr\u00e0 fins a sis mesos despr\u00e9s de finalitzada la fermentaci\u00f3. El battonage aplicat durant la crian\u00e7a atorga una bona pres\u00e8ncia en boca i la fusta d\u2019ac\u00e0cia les sensacions \u00faniques d\u2019 aquest vi. Contingut en alcohol: 13%vol.<\/p>\n<p>&nbsp;<\/p>\n[\/expand]\n","protected":false},"excerpt":{"rendered":"<p>[expand title=\u00bb\u00bb] Macabeu de Ginestar \u00abMonovarietal en ess\u00e8ncia, divers en sensacions i intensa personalitat\u00bb El Macabeu, varietat de RA\u00cfM t\u00edpica de la zona. Madurat i expressament sel.leccionat per a aquest vi monovarietal. El vi Ac\u00e0cia \u00e9s elaborat mitjan\u00e7ant el macabeu, \u00a0varietat poc comuna en vins monovarietals ja que es comenta que a aquest li\u00a0manca expressivitat.<\/p>\n","protected":false},"author":1,"featured_media":0,"parent":0,"menu_order":0,"comment_status":"closed","ping_status":"open","template":"","meta":{"footnotes":""},"class_list":["post-15629","page","type-page","status-publish","hentry","prodpage-classic"],"yoast_head":"<!-- This site is optimized with the Yoast SEO plugin v25.2 - https:\/\/yoast.com\/wordpress\/plugins\/seo\/ -->\n<title>Macabeu de Ginestar | Vins i Olis Su\u00f1er<\/title>\n<meta name=\"description\" content=\"Vi Blanc Macabeu varietat poc comuna en vins monovarietals procedent d&#039;una vinya situada al territori de la riba del riu Ebre!.\" \/>\n<meta name=\"robots\" content=\"index, follow, max-snippet:-1, max-image-preview:large, max-video-preview:-1\" \/>\n<link rel=\"canonical\" href=\"https:\/\/vinsiolisuner.com\/es\/macabeu-de-ginestar\/\" \/>\n<meta property=\"og:locale\" content=\"es_ES\" \/>\n<meta property=\"og:type\" content=\"article\" \/>\n<meta property=\"og:title\" content=\"Macabeu de Ginestar | Vins i Olis Su\u00f1er\" \/>\n<meta property=\"og:description\" content=\"Vi Blanc Macabeu varietat poc comuna en vins monovarietals procedent d&#039;una vinya situada al territori de la riba del riu Ebre!.\" \/>\n<meta property=\"og:url\" content=\"https:\/\/vinsiolisuner.com\/es\/macabeu-de-ginestar\/\" \/>\n<meta property=\"og:site_name\" content=\"Vins i Olis Su\u00f1er\" \/>\n<meta property=\"article:modified_time\" content=\"2020-04-04T18:06:51+00:00\" \/>\n<meta name=\"twitter:label1\" content=\"Tiempo de lectura\" \/>\n\t<meta name=\"twitter:data1\" content=\"2 minutos\" \/>\n<script type=\"application\/ld+json\" class=\"yoast-schema-graph\">{\"@context\":\"https:\/\/schema.org\",\"@graph\":[{\"@type\":\"WebPage\",\"@id\":\"https:\/\/vinsiolisuner.com\/es\/macabeu-de-ginestar\/\",\"url\":\"https:\/\/vinsiolisuner.com\/es\/macabeu-de-ginestar\/\",\"name\":\"Macabeu de Ginestar | Vins i Olis Su\u00f1er\",\"isPartOf\":{\"@id\":\"https:\/\/vinsiolisuner.com\/#website\"},\"datePublished\":\"2017-06-28T14:42:10+00:00\",\"dateModified\":\"2020-04-04T18:06:51+00:00\",\"description\":\"Vi Blanc Macabeu varietat poc comuna en vins monovarietals procedent d'una vinya situada al territori de la riba del riu Ebre!.\",\"breadcrumb\":{\"@id\":\"https:\/\/vinsiolisuner.com\/es\/macabeu-de-ginestar\/#breadcrumb\"},\"inLanguage\":\"es\",\"potentialAction\":[{\"@type\":\"ReadAction\",\"target\":[\"https:\/\/vinsiolisuner.com\/es\/macabeu-de-ginestar\/\"]}]},{\"@type\":\"BreadcrumbList\",\"@id\":\"https:\/\/vinsiolisuner.com\/es\/macabeu-de-ginestar\/#breadcrumb\",\"itemListElement\":[{\"@type\":\"ListItem\",\"position\":1,\"name\":\"Portada\",\"item\":\"https:\/\/vinsiolisuner.com\/es\/\"},{\"@type\":\"ListItem\",\"position\":2,\"name\":\"Macabeu de Ginestar\"}]},{\"@type\":\"WebSite\",\"@id\":\"https:\/\/vinsiolisuner.com\/#website\",\"url\":\"https:\/\/vinsiolisuner.com\/\",\"name\":\"Vins i Olis Su\u00f1er\",\"description\":\"Vins i Olis Su\u00f1er\",\"potentialAction\":[{\"@type\":\"SearchAction\",\"target\":{\"@type\":\"EntryPoint\",\"urlTemplate\":\"https:\/\/vinsiolisuner.com\/?s={search_term_string}\"},\"query-input\":{\"@type\":\"PropertyValueSpecification\",\"valueRequired\":true,\"valueName\":\"search_term_string\"}}],\"inLanguage\":\"es\"}]}<\/script>\n<!-- \/ Yoast SEO plugin. -->","yoast_head_json":{"title":"Macabeu de Ginestar | Vins i Olis Su\u00f1er","description":"Vi Blanc Macabeu varietat poc comuna en vins monovarietals procedent d'una vinya situada al territori de la riba del riu Ebre!.","robots":{"index":"index","follow":"follow","max-snippet":"max-snippet:-1","max-image-preview":"max-image-preview:large","max-video-preview":"max-video-preview:-1"},"canonical":"https:\/\/vinsiolisuner.com\/es\/macabeu-de-ginestar\/","og_locale":"es_ES","og_type":"article","og_title":"Macabeu de Ginestar | Vins i Olis Su\u00f1er","og_description":"Vi Blanc Macabeu varietat poc comuna en vins monovarietals procedent d'una vinya situada al territori de la riba del riu Ebre!.","og_url":"https:\/\/vinsiolisuner.com\/es\/macabeu-de-ginestar\/","og_site_name":"Vins i Olis Su\u00f1er","article_modified_time":"2020-04-04T18:06:51+00:00","twitter_misc":{"Tiempo de lectura":"2 minutos"},"schema":{"@context":"https:\/\/schema.org","@graph":[{"@type":"WebPage","@id":"https:\/\/vinsiolisuner.com\/es\/macabeu-de-ginestar\/","url":"https:\/\/vinsiolisuner.com\/es\/macabeu-de-ginestar\/","name":"Macabeu de Ginestar | Vins i Olis Su\u00f1er","isPartOf":{"@id":"https:\/\/vinsiolisuner.com\/#website"},"datePublished":"2017-06-28T14:42:10+00:00","dateModified":"2020-04-04T18:06:51+00:00","description":"Vi Blanc Macabeu varietat poc comuna en vins monovarietals procedent d'una vinya situada al territori de la riba del riu Ebre!.","breadcrumb":{"@id":"https:\/\/vinsiolisuner.com\/es\/macabeu-de-ginestar\/#breadcrumb"},"inLanguage":"es","potentialAction":[{"@type":"ReadAction","target":["https:\/\/vinsiolisuner.com\/es\/macabeu-de-ginestar\/"]}]},{"@type":"BreadcrumbList","@id":"https:\/\/vinsiolisuner.com\/es\/macabeu-de-ginestar\/#breadcrumb","itemListElement":[{"@type":"ListItem","position":1,"name":"Portada","item":"https:\/\/vinsiolisuner.com\/es\/"},{"@type":"ListItem","position":2,"name":"Macabeu de Ginestar"}]},{"@type":"WebSite","@id":"https:\/\/vinsiolisuner.com\/#website","url":"https:\/\/vinsiolisuner.com\/","name":"Vins i Olis Su\u00f1er","description":"Vins i Olis Su\u00f1er","potentialAction":[{"@type":"SearchAction","target":{"@type":"EntryPoint","urlTemplate":"https:\/\/vinsiolisuner.com\/?s={search_term_string}"},"query-input":{"@type":"PropertyValueSpecification","valueRequired":true,"valueName":"search_term_string"}}],"inLanguage":"es"}]}},"_links":{"self":[{"href":"https:\/\/vinsiolisuner.com\/es\/wp-json\/wp\/v2\/pages\/15629","targetHints":{"allow":["GET"]}}],"collection":[{"href":"https:\/\/vinsiolisuner.com\/es\/wp-json\/wp\/v2\/pages"}],"about":[{"href":"https:\/\/vinsiolisuner.com\/es\/wp-json\/wp\/v2\/types\/page"}],"author":[{"embeddable":true,"href":"https:\/\/vinsiolisuner.com\/es\/wp-json\/wp\/v2\/users\/1"}],"replies":[{"embeddable":true,"href":"https:\/\/vinsiolisuner.com\/es\/wp-json\/wp\/v2\/comments?post=15629"}],"version-history":[{"count":5,"href":"https:\/\/vinsiolisuner.com\/es\/wp-json\/wp\/v2\/pages\/15629\/revisions"}],"predecessor-version":[{"id":17323,"href":"https:\/\/vinsiolisuner.com\/es\/wp-json\/wp\/v2\/pages\/15629\/revisions\/17323"}],"wp:attachment":[{"href":"https:\/\/vinsiolisuner.com\/es\/wp-json\/wp\/v2\/media?parent=15629"}],"curies":[{"name":"wp","href":"https:\/\/api.w.org\/{rel}","templated":true}]}}