{"id":3194,"date":"2015-04-09T10:48:21","date_gmt":"2015-04-09T10:48:21","guid":{"rendered":"http:\/\/vinsiolisuner.com\/blanc-macabeu-2\/"},"modified":"2020-04-04T20:08:58","modified_gmt":"2020-04-04T18:08:58","slug":"acacia","status":"publish","type":"page","link":"https:\/\/vinsiolisuner.com\/es\/acacia\/","title":{"rendered":"A c \u00e0 c i a"},"content":{"rendered":"[expand title=\u00bb\u00bb]\n<h2>Ac\u00e0cia<\/h2>\n<p>El vino Ac\u00e0cia se elabora mediante la\u00a0\u00a0variedad macabeo, poco com\u00fan en vinos monovarietales ya que se comenta que a \u00e9ste le falta expresividad. Nosotros lo observamos y mimamos consiguiendo extraer toda su personalidad<\/p>\n<p>La vi\u00f1a se sit\u00faa en el territorio de la orilla del r\u00edo Ebro sobre un suelo caracterizado por ser arenoso y limoso.<\/p>\n<p>La fermentaci\u00f3n alcoh\u00f3lica del vino blanco Macabeo se empieza en el dep\u00f3sito de acero inoxidable y finaliza en barrica de madera de acacia, donde permanece hasta seis meses despu\u00e9s de finalizada la fermentaci\u00f3n. El battonage que se realiza durante este tiempo de crianza da estructura y la acacia unas sensaciones \u00fanicas al vino.<\/p>\n<p>Vino con tonalidades de paja, de marcada palidessa, limpio y con brillo. Denota un aroma sutil de frutos blancos y tropical, junto con notas florales y c\u00edtricas. En boca sorprende su voluminosa presencia soltando sabores de manzana y pera que se combinan con suaves matices del an\u00eds.<\/p>\n<p>Cosecha y selecci\u00f3n de la uva se lleva a cabo de forma manual, donde se escoge el que presenta el grado de madurez necesario y que presesta un estado sanitario \u00f3ptimo. La maceraci\u00f3n se lleva a cabo a baja temperatura durante 48h y despu\u00e9s se hace retirada del mosto sin prensa. La fermentaci\u00f3n se desarrolla en dos fases; inicia en dep\u00f3sito de acero inoxidable y finaliza en barrica de madera de acacia, donde permanecer\u00e1 hasta seis meses despu\u00e9s de finalizada la fermentaci\u00f3n. El battonage aplicado durante la crianza otorga una buena presencia en boca y la madera de acacia las sensaciones \u00fanicas de este vino. Contenido en alcohol: 13% vol.<\/p>\n[\/expand]\n","protected":false},"excerpt":{"rendered":"<p>[expand title=\u00bb\u00bb] Ac\u00e0cia El vino Ac\u00e0cia se elabora mediante la\u00a0\u00a0variedad macabeo, poco com\u00fan en vinos monovarietales ya que se comenta que a \u00e9ste le falta expresividad. Nosotros lo observamos y mimamos consiguiendo extraer toda su personalidad La vi\u00f1a se sit\u00faa en el territorio de la orilla del r\u00edo Ebro sobre un suelo caracterizado por ser<\/p>\n","protected":false},"author":1,"featured_media":0,"parent":0,"menu_order":0,"comment_status":"closed","ping_status":"open","template":"","meta":{"footnotes":""},"class_list":["post-3194","page","type-page","status-publish","hentry","prodpage-classic"],"yoast_head":"<!-- This site is optimized with the Yoast SEO plugin v25.2 - https:\/\/yoast.com\/wordpress\/plugins\/seo\/ -->\n<title>A c \u00e0 c i a | Vins i Olis Su\u00f1er<\/title>\n<meta name=\"description\" content=\"Vino blanco macabeo variedad poco com\u00fan en vinos monovarietales procedente de una vi\u00f1a situada en el territorio de la orilla del r\u00edo Ebro!\" \/>\n<meta name=\"robots\" content=\"index, follow, max-snippet:-1, max-image-preview:large, max-video-preview:-1\" \/>\n<link rel=\"canonical\" href=\"https:\/\/vinsiolisuner.com\/es\/acacia\/\" \/>\n<meta property=\"og:locale\" content=\"es_ES\" \/>\n<meta property=\"og:type\" content=\"article\" \/>\n<meta property=\"og:title\" content=\"A c \u00e0 c i a | Vins i Olis Su\u00f1er\" \/>\n<meta property=\"og:description\" content=\"Vino blanco macabeo variedad poco com\u00fan en vinos monovarietales procedente de una vi\u00f1a situada en el territorio de la orilla del r\u00edo Ebro!\" \/>\n<meta property=\"og:url\" content=\"https:\/\/vinsiolisuner.com\/es\/acacia\/\" \/>\n<meta property=\"og:site_name\" content=\"Vins i Olis Su\u00f1er\" \/>\n<meta property=\"article:modified_time\" content=\"2020-04-04T18:08:58+00:00\" \/>\n<meta name=\"twitter:label1\" content=\"Tiempo de lectura\" \/>\n\t<meta name=\"twitter:data1\" content=\"1 minuto\" \/>\n<script type=\"application\/ld+json\" class=\"yoast-schema-graph\">{\"@context\":\"https:\/\/schema.org\",\"@graph\":[{\"@type\":\"WebPage\",\"@id\":\"https:\/\/vinsiolisuner.com\/es\/acacia\/\",\"url\":\"https:\/\/vinsiolisuner.com\/es\/acacia\/\",\"name\":\"A c \u00e0 c i a | Vins i Olis Su\u00f1er\",\"isPartOf\":{\"@id\":\"https:\/\/vinsiolisuner.com\/#website\"},\"datePublished\":\"2015-04-09T10:48:21+00:00\",\"dateModified\":\"2020-04-04T18:08:58+00:00\",\"description\":\"Vino blanco macabeo variedad poco com\u00fan en vinos monovarietales procedente de una vi\u00f1a situada en el territorio de la orilla del r\u00edo Ebro!\",\"breadcrumb\":{\"@id\":\"https:\/\/vinsiolisuner.com\/es\/acacia\/#breadcrumb\"},\"inLanguage\":\"es\",\"potentialAction\":[{\"@type\":\"ReadAction\",\"target\":[\"https:\/\/vinsiolisuner.com\/es\/acacia\/\"]}]},{\"@type\":\"BreadcrumbList\",\"@id\":\"https:\/\/vinsiolisuner.com\/es\/acacia\/#breadcrumb\",\"itemListElement\":[{\"@type\":\"ListItem\",\"position\":1,\"name\":\"Portada\",\"item\":\"https:\/\/vinsiolisuner.com\/es\/\"},{\"@type\":\"ListItem\",\"position\":2,\"name\":\"A c \u00e0 c i a\"}]},{\"@type\":\"WebSite\",\"@id\":\"https:\/\/vinsiolisuner.com\/#website\",\"url\":\"https:\/\/vinsiolisuner.com\/\",\"name\":\"Vins i Olis Su\u00f1er\",\"description\":\"Vins i Olis Su\u00f1er\",\"potentialAction\":[{\"@type\":\"SearchAction\",\"target\":{\"@type\":\"EntryPoint\",\"urlTemplate\":\"https:\/\/vinsiolisuner.com\/?s={search_term_string}\"},\"query-input\":{\"@type\":\"PropertyValueSpecification\",\"valueRequired\":true,\"valueName\":\"search_term_string\"}}],\"inLanguage\":\"es\"}]}<\/script>\n<!-- \/ Yoast SEO plugin. -->","yoast_head_json":{"title":"A c \u00e0 c i a | Vins i Olis Su\u00f1er","description":"Vino blanco macabeo variedad poco com\u00fan en vinos monovarietales procedente de una vi\u00f1a situada en el territorio de la orilla del r\u00edo Ebro!","robots":{"index":"index","follow":"follow","max-snippet":"max-snippet:-1","max-image-preview":"max-image-preview:large","max-video-preview":"max-video-preview:-1"},"canonical":"https:\/\/vinsiolisuner.com\/es\/acacia\/","og_locale":"es_ES","og_type":"article","og_title":"A c \u00e0 c i a | Vins i Olis Su\u00f1er","og_description":"Vino blanco macabeo variedad poco com\u00fan en vinos monovarietales procedente de una vi\u00f1a situada en el territorio de la orilla del r\u00edo Ebro!","og_url":"https:\/\/vinsiolisuner.com\/es\/acacia\/","og_site_name":"Vins i Olis Su\u00f1er","article_modified_time":"2020-04-04T18:08:58+00:00","twitter_misc":{"Tiempo de lectura":"1 minuto"},"schema":{"@context":"https:\/\/schema.org","@graph":[{"@type":"WebPage","@id":"https:\/\/vinsiolisuner.com\/es\/acacia\/","url":"https:\/\/vinsiolisuner.com\/es\/acacia\/","name":"A c \u00e0 c i a | Vins i Olis Su\u00f1er","isPartOf":{"@id":"https:\/\/vinsiolisuner.com\/#website"},"datePublished":"2015-04-09T10:48:21+00:00","dateModified":"2020-04-04T18:08:58+00:00","description":"Vino blanco macabeo variedad poco com\u00fan en vinos monovarietales procedente de una vi\u00f1a situada en el territorio de la orilla del r\u00edo Ebro!","breadcrumb":{"@id":"https:\/\/vinsiolisuner.com\/es\/acacia\/#breadcrumb"},"inLanguage":"es","potentialAction":[{"@type":"ReadAction","target":["https:\/\/vinsiolisuner.com\/es\/acacia\/"]}]},{"@type":"BreadcrumbList","@id":"https:\/\/vinsiolisuner.com\/es\/acacia\/#breadcrumb","itemListElement":[{"@type":"ListItem","position":1,"name":"Portada","item":"https:\/\/vinsiolisuner.com\/es\/"},{"@type":"ListItem","position":2,"name":"A c \u00e0 c i a"}]},{"@type":"WebSite","@id":"https:\/\/vinsiolisuner.com\/#website","url":"https:\/\/vinsiolisuner.com\/","name":"Vins i Olis Su\u00f1er","description":"Vins i Olis Su\u00f1er","potentialAction":[{"@type":"SearchAction","target":{"@type":"EntryPoint","urlTemplate":"https:\/\/vinsiolisuner.com\/?s={search_term_string}"},"query-input":{"@type":"PropertyValueSpecification","valueRequired":true,"valueName":"search_term_string"}}],"inLanguage":"es"}]}},"_links":{"self":[{"href":"https:\/\/vinsiolisuner.com\/es\/wp-json\/wp\/v2\/pages\/3194","targetHints":{"allow":["GET"]}}],"collection":[{"href":"https:\/\/vinsiolisuner.com\/es\/wp-json\/wp\/v2\/pages"}],"about":[{"href":"https:\/\/vinsiolisuner.com\/es\/wp-json\/wp\/v2\/types\/page"}],"author":[{"embeddable":true,"href":"https:\/\/vinsiolisuner.com\/es\/wp-json\/wp\/v2\/users\/1"}],"replies":[{"embeddable":true,"href":"https:\/\/vinsiolisuner.com\/es\/wp-json\/wp\/v2\/comments?post=3194"}],"version-history":[{"count":5,"href":"https:\/\/vinsiolisuner.com\/es\/wp-json\/wp\/v2\/pages\/3194\/revisions"}],"predecessor-version":[{"id":17324,"href":"https:\/\/vinsiolisuner.com\/es\/wp-json\/wp\/v2\/pages\/3194\/revisions\/17324"}],"wp:attachment":[{"href":"https:\/\/vinsiolisuner.com\/es\/wp-json\/wp\/v2\/media?parent=3194"}],"curies":[{"name":"wp","href":"https:\/\/api.w.org\/{rel}","templated":true}]}}