{"id":4088,"date":"2015-04-09T11:00:56","date_gmt":"2015-04-09T11:00:56","guid":{"rendered":"http:\/\/vinsiolisuner.com\/arbequina-2\/"},"modified":"2020-04-08T19:34:10","modified_gmt":"2020-04-08T17:34:10","slug":"arbequina","status":"publish","type":"page","link":"https:\/\/vinsiolisuner.com\/es\/arbequina\/","title":{"rendered":"Arbequina"},"content":{"rendered":"[expand title=\u00bb\u00bb]\n<h2>&nbsp;Aceite de Arbequina<\/h2>\n<p>Aceite de arbequina obtenido exclusivamente de aceitunas de esta variedad de sabor afrutado con aroma de tonos c\u00edtricos y predominio del sabor dulce de una excelencia y calidad muy apreciadas.<\/p>\n<p>La arbequina se caracteriza por su fuerte resistencia a temperaturas que son fr\u00edas, su reducido vigor y la baja resistencia a la tierra caliza. El tama\u00f1o del fruto es de entre uno y dos gramos, uno de los menores de las variedades cultivadas en Espa\u00f1a.<\/p>\n<p>Se recomienda la utilizaci\u00f3n de este aceite en crudo, para ensaladas, verduras y pasta.<\/p>\n<p>Nuestro aceite de arbequina se sirve en diferentes formatos: para restauraci\u00f3n, para clientes individuales, familiares &#8230;<\/p>\n<p>Nuestro aceite virgen extra pensado para estar en las mesas de los restaurantes m\u00e1s exigentes, los cuales s\u00f3lo ofrecen el mejor producto a sus clientes.<\/p>\n<p>Encontramos tambi\u00e9n el envase en botella elegante de vidrio oscuro o pl\u00e1stico que protege el aceite de la luz y en conserva todas las cualidades. El envase no se puede rellenar, adapt\u00e1ndose as\u00ed a la normativa actual del sector.<\/p>\n<p>El aceite delicatessen. Le invitamos a conocer nuestro aceite gourmet extra virgen mono varietal sin filtrar, envasado en lata de litro, que deslumbrar\u00e1 sus mejores platos.<\/p>\n<p>La producci\u00f3n de nuestro aceite de arbequina est\u00e1 cuidada hasta el m\u00e1s m\u00ednimo detalle por nuestro equipo humano totalmente cualificado y con las ultimas tecnolog\u00edas de prensado.<\/p>\n[\/expand]\n","protected":false},"excerpt":{"rendered":"<p>[expand title=\u00bb\u00bb] &nbsp;Aceite de Arbequina Aceite de arbequina obtenido exclusivamente de aceitunas de esta variedad de sabor afrutado con aroma de tonos c\u00edtricos y predominio del sabor dulce de una excelencia y calidad muy apreciadas. La arbequina se caracteriza por su fuerte resistencia a temperaturas que son fr\u00edas, su reducido vigor y la baja resistencia<\/p>\n","protected":false},"author":1,"featured_media":0,"parent":0,"menu_order":0,"comment_status":"closed","ping_status":"closed","template":"","meta":{"footnotes":""},"class_list":["post-4088","page","type-page","status-publish","hentry","prodpage-classic"],"yoast_head":"<!-- This site is optimized with the Yoast SEO plugin v25.2 - https:\/\/yoast.com\/wordpress\/plugins\/seo\/ -->\n<title>Arbequina | Vins i Olis Su\u00f1er<\/title>\n<meta name=\"description\" content=\"Aceite de arbequina obtenido exclusivamente de aceitunas de esta variedad de sabor afrutado con aroma de c\u00edtricos de una excelencia y calidad muy apreciadas.\" \/>\n<meta name=\"robots\" content=\"index, follow, max-snippet:-1, max-image-preview:large, max-video-preview:-1\" \/>\n<link rel=\"canonical\" href=\"https:\/\/vinsiolisuner.com\/es\/arbequina\/\" \/>\n<meta property=\"og:locale\" content=\"es_ES\" \/>\n<meta property=\"og:type\" content=\"article\" \/>\n<meta property=\"og:title\" content=\"Arbequina | Vins i Olis Su\u00f1er\" \/>\n<meta property=\"og:description\" content=\"Aceite de arbequina obtenido exclusivamente de aceitunas de esta variedad de sabor afrutado con aroma de c\u00edtricos de una excelencia y calidad muy apreciadas.\" \/>\n<meta property=\"og:url\" content=\"https:\/\/vinsiolisuner.com\/es\/arbequina\/\" \/>\n<meta property=\"og:site_name\" content=\"Vins i Olis Su\u00f1er\" \/>\n<meta property=\"article:modified_time\" content=\"2020-04-08T17:34:10+00:00\" \/>\n<meta name=\"twitter:label1\" content=\"Tiempo de lectura\" \/>\n\t<meta name=\"twitter:data1\" content=\"1 minuto\" \/>\n<script type=\"application\/ld+json\" class=\"yoast-schema-graph\">{\"@context\":\"https:\/\/schema.org\",\"@graph\":[{\"@type\":\"WebPage\",\"@id\":\"https:\/\/vinsiolisuner.com\/es\/arbequina\/\",\"url\":\"https:\/\/vinsiolisuner.com\/es\/arbequina\/\",\"name\":\"Arbequina | Vins i Olis Su\u00f1er\",\"isPartOf\":{\"@id\":\"https:\/\/vinsiolisuner.com\/#website\"},\"datePublished\":\"2015-04-09T11:00:56+00:00\",\"dateModified\":\"2020-04-08T17:34:10+00:00\",\"description\":\"Aceite de arbequina obtenido exclusivamente de aceitunas de esta variedad de sabor afrutado con aroma de c\u00edtricos de una excelencia y calidad muy apreciadas.\",\"breadcrumb\":{\"@id\":\"https:\/\/vinsiolisuner.com\/es\/arbequina\/#breadcrumb\"},\"inLanguage\":\"es\",\"potentialAction\":[{\"@type\":\"ReadAction\",\"target\":[\"https:\/\/vinsiolisuner.com\/es\/arbequina\/\"]}]},{\"@type\":\"BreadcrumbList\",\"@id\":\"https:\/\/vinsiolisuner.com\/es\/arbequina\/#breadcrumb\",\"itemListElement\":[{\"@type\":\"ListItem\",\"position\":1,\"name\":\"Portada\",\"item\":\"https:\/\/vinsiolisuner.com\/es\/\"},{\"@type\":\"ListItem\",\"position\":2,\"name\":\"Arbequina\"}]},{\"@type\":\"WebSite\",\"@id\":\"https:\/\/vinsiolisuner.com\/#website\",\"url\":\"https:\/\/vinsiolisuner.com\/\",\"name\":\"Vins i Olis Su\u00f1er\",\"description\":\"Vins i Olis Su\u00f1er\",\"potentialAction\":[{\"@type\":\"SearchAction\",\"target\":{\"@type\":\"EntryPoint\",\"urlTemplate\":\"https:\/\/vinsiolisuner.com\/?s={search_term_string}\"},\"query-input\":{\"@type\":\"PropertyValueSpecification\",\"valueRequired\":true,\"valueName\":\"search_term_string\"}}],\"inLanguage\":\"es\"}]}<\/script>\n<!-- \/ Yoast SEO plugin. -->","yoast_head_json":{"title":"Arbequina | Vins i Olis Su\u00f1er","description":"Aceite de arbequina obtenido exclusivamente de aceitunas de esta variedad de sabor afrutado con aroma de c\u00edtricos de una excelencia y calidad muy apreciadas.","robots":{"index":"index","follow":"follow","max-snippet":"max-snippet:-1","max-image-preview":"max-image-preview:large","max-video-preview":"max-video-preview:-1"},"canonical":"https:\/\/vinsiolisuner.com\/es\/arbequina\/","og_locale":"es_ES","og_type":"article","og_title":"Arbequina | Vins i Olis Su\u00f1er","og_description":"Aceite de arbequina obtenido exclusivamente de aceitunas de esta variedad de sabor afrutado con aroma de c\u00edtricos de una excelencia y calidad muy apreciadas.","og_url":"https:\/\/vinsiolisuner.com\/es\/arbequina\/","og_site_name":"Vins i Olis Su\u00f1er","article_modified_time":"2020-04-08T17:34:10+00:00","twitter_misc":{"Tiempo de lectura":"1 minuto"},"schema":{"@context":"https:\/\/schema.org","@graph":[{"@type":"WebPage","@id":"https:\/\/vinsiolisuner.com\/es\/arbequina\/","url":"https:\/\/vinsiolisuner.com\/es\/arbequina\/","name":"Arbequina | Vins i Olis Su\u00f1er","isPartOf":{"@id":"https:\/\/vinsiolisuner.com\/#website"},"datePublished":"2015-04-09T11:00:56+00:00","dateModified":"2020-04-08T17:34:10+00:00","description":"Aceite de arbequina obtenido exclusivamente de aceitunas de esta variedad de sabor afrutado con aroma de c\u00edtricos de una excelencia y calidad muy apreciadas.","breadcrumb":{"@id":"https:\/\/vinsiolisuner.com\/es\/arbequina\/#breadcrumb"},"inLanguage":"es","potentialAction":[{"@type":"ReadAction","target":["https:\/\/vinsiolisuner.com\/es\/arbequina\/"]}]},{"@type":"BreadcrumbList","@id":"https:\/\/vinsiolisuner.com\/es\/arbequina\/#breadcrumb","itemListElement":[{"@type":"ListItem","position":1,"name":"Portada","item":"https:\/\/vinsiolisuner.com\/es\/"},{"@type":"ListItem","position":2,"name":"Arbequina"}]},{"@type":"WebSite","@id":"https:\/\/vinsiolisuner.com\/#website","url":"https:\/\/vinsiolisuner.com\/","name":"Vins i Olis Su\u00f1er","description":"Vins i Olis Su\u00f1er","potentialAction":[{"@type":"SearchAction","target":{"@type":"EntryPoint","urlTemplate":"https:\/\/vinsiolisuner.com\/?s={search_term_string}"},"query-input":{"@type":"PropertyValueSpecification","valueRequired":true,"valueName":"search_term_string"}}],"inLanguage":"es"}]}},"_links":{"self":[{"href":"https:\/\/vinsiolisuner.com\/es\/wp-json\/wp\/v2\/pages\/4088","targetHints":{"allow":["GET"]}}],"collection":[{"href":"https:\/\/vinsiolisuner.com\/es\/wp-json\/wp\/v2\/pages"}],"about":[{"href":"https:\/\/vinsiolisuner.com\/es\/wp-json\/wp\/v2\/types\/page"}],"author":[{"embeddable":true,"href":"https:\/\/vinsiolisuner.com\/es\/wp-json\/wp\/v2\/users\/1"}],"replies":[{"embeddable":true,"href":"https:\/\/vinsiolisuner.com\/es\/wp-json\/wp\/v2\/comments?post=4088"}],"version-history":[{"count":6,"href":"https:\/\/vinsiolisuner.com\/es\/wp-json\/wp\/v2\/pages\/4088\/revisions"}],"predecessor-version":[{"id":17411,"href":"https:\/\/vinsiolisuner.com\/es\/wp-json\/wp\/v2\/pages\/4088\/revisions\/17411"}],"wp:attachment":[{"href":"https:\/\/vinsiolisuner.com\/es\/wp-json\/wp\/v2\/media?parent=4088"}],"curies":[{"name":"wp","href":"https:\/\/api.w.org\/{rel}","templated":true}]}}