{"id":6781,"date":"2015-04-09T11:04:33","date_gmt":"2015-04-09T09:04:33","guid":{"rendered":"http:\/\/vinsiolisuner.com\/cupatge-2\/"},"modified":"2020-04-08T19:37:43","modified_gmt":"2020-04-08T17:37:43","slug":"cupaje","status":"publish","type":"page","link":"https:\/\/vinsiolisuner.com\/es\/cupaje\/","title":{"rendered":"Cupaje"},"content":{"rendered":"[expand title=\u00bb\u00bb]\n<h2>Oli d&#8217;oliva cupatge<\/h2>\n<p>Oli d&#8217;oliva cupatge&nbsp; es un&nbsp; oli d\u2019oliva procedent d\u2019un subtil cupatge fruit de les diferents varietats d&#8217;oliva arbequina, fulla de salze, farga i empeltre. Aquestes varietats mencionades son riques en rendiment d\u2019\u00e0cid oleic i antioxidants naturals. El seu elevat contingut en polifenols li dona gran estabilitat.<\/p>\n<p>Normalment quan al m\u00f3n de l&#8217;oli sentim la paraula \u00abbarreja \u201ctendim a associar-ho amb un oli de una qualitat dolenta, i aix\u00f2 es deu en gran part al frau que moltes vegades es porta a terme al sector dels oli. Tot i aix\u00f2 aquest no es el cas de l&#8217;oli d&#8217;oliva cupatge ja que la barreja que hem esmentat al principi es porta a terme en un moment de la fase de molturaci\u00f3 i , sempre utilitzant unes olives bones i de la millor qualitat.<\/p>\n<p>Es tracta d&#8217;un oli recomanat per consumir a l&#8217;hora de cuinar guisats o en l&#8217;elaboraci\u00f3 de salses amb consist\u00e8ncia i7o maioneses. A m\u00e9s d&#8217;aquestes recomanacions tamb\u00e9, es ideal per al seu consum en cru en pastes, amanides, amb una miqueta de pa i incl\u00fas per acompanyar amb formatges.<\/p>\n<p>El proc\u00e9s que utilitzem en l&#8217;obtenci\u00f3 de tots els nostres olis es qualifica per ser un proc\u00e9s cuidat fins al m\u00e9s m\u00ednim detall en totes les seves fases i el nostre mol\u00ed compta amb amb la certificaci\u00f3 del Consell Catal\u00e0 de la Producci\u00f3 Agr\u00e0ria Ecol\u00f2gica (CCPAE).<\/p>\n[\/expand]\n","protected":false},"excerpt":{"rendered":"<p>[expand title=\u00bb\u00bb] Oli d&#8217;oliva cupatge Oli d&#8217;oliva cupatge&nbsp; es un&nbsp; oli d\u2019oliva procedent d\u2019un subtil cupatge fruit de les diferents varietats d&#8217;oliva arbequina, fulla de salze, farga i empeltre. Aquestes varietats mencionades son riques en rendiment d\u2019\u00e0cid oleic i antioxidants naturals. El seu elevat contingut en polifenols li dona gran estabilitat. Normalment quan al m\u00f3n<\/p>\n","protected":false},"author":1,"featured_media":0,"parent":0,"menu_order":0,"comment_status":"closed","ping_status":"closed","template":"","meta":{"footnotes":""},"class_list":["post-6781","page","type-page","status-publish","hentry","prodpage-classic"],"yoast_head":"<!-- This site is optimized with the Yoast SEO plugin v25.2 - https:\/\/yoast.com\/wordpress\/plugins\/seo\/ -->\n<title>Cupaje | Vins i Olis Su\u00f1er<\/title>\n<meta name=\"description\" content=\"Oli d&#039;oliva cupatge es un oli d\u2019oliva procedent d\u2019un subtil cupatge fruit de les diferents varietats d&#039;oliva arbequina, fulla de salze, farga i empeltre.\" \/>\n<meta name=\"robots\" content=\"index, follow, max-snippet:-1, max-image-preview:large, max-video-preview:-1\" \/>\n<link rel=\"canonical\" href=\"https:\/\/vinsiolisuner.com\/es\/cupaje\/\" \/>\n<meta property=\"og:locale\" content=\"es_ES\" \/>\n<meta property=\"og:type\" content=\"article\" \/>\n<meta property=\"og:title\" content=\"Cupaje | Vins i Olis Su\u00f1er\" \/>\n<meta property=\"og:description\" content=\"Oli d&#039;oliva cupatge es un oli d\u2019oliva procedent d\u2019un subtil cupatge fruit de les diferents varietats d&#039;oliva arbequina, fulla de salze, farga i empeltre.\" \/>\n<meta property=\"og:url\" content=\"https:\/\/vinsiolisuner.com\/es\/cupaje\/\" \/>\n<meta property=\"og:site_name\" content=\"Vins i Olis Su\u00f1er\" \/>\n<meta property=\"article:modified_time\" content=\"2020-04-08T17:37:43+00:00\" \/>\n<meta name=\"twitter:label1\" content=\"Tiempo de lectura\" \/>\n\t<meta name=\"twitter:data1\" content=\"1 minuto\" \/>\n<script type=\"application\/ld+json\" class=\"yoast-schema-graph\">{\"@context\":\"https:\/\/schema.org\",\"@graph\":[{\"@type\":\"WebPage\",\"@id\":\"https:\/\/vinsiolisuner.com\/es\/cupaje\/\",\"url\":\"https:\/\/vinsiolisuner.com\/es\/cupaje\/\",\"name\":\"Cupaje | Vins i Olis Su\u00f1er\",\"isPartOf\":{\"@id\":\"https:\/\/vinsiolisuner.com\/#website\"},\"datePublished\":\"2015-04-09T09:04:33+00:00\",\"dateModified\":\"2020-04-08T17:37:43+00:00\",\"description\":\"Oli d'oliva cupatge es un oli d\u2019oliva procedent d\u2019un subtil cupatge fruit de les diferents varietats d'oliva arbequina, fulla de salze, farga i empeltre.\",\"breadcrumb\":{\"@id\":\"https:\/\/vinsiolisuner.com\/es\/cupaje\/#breadcrumb\"},\"inLanguage\":\"es\",\"potentialAction\":[{\"@type\":\"ReadAction\",\"target\":[\"https:\/\/vinsiolisuner.com\/es\/cupaje\/\"]}]},{\"@type\":\"BreadcrumbList\",\"@id\":\"https:\/\/vinsiolisuner.com\/es\/cupaje\/#breadcrumb\",\"itemListElement\":[{\"@type\":\"ListItem\",\"position\":1,\"name\":\"Portada\",\"item\":\"https:\/\/vinsiolisuner.com\/es\/\"},{\"@type\":\"ListItem\",\"position\":2,\"name\":\"Cupaje\"}]},{\"@type\":\"WebSite\",\"@id\":\"https:\/\/vinsiolisuner.com\/#website\",\"url\":\"https:\/\/vinsiolisuner.com\/\",\"name\":\"Vins i Olis Su\u00f1er\",\"description\":\"Vins i Olis Su\u00f1er\",\"potentialAction\":[{\"@type\":\"SearchAction\",\"target\":{\"@type\":\"EntryPoint\",\"urlTemplate\":\"https:\/\/vinsiolisuner.com\/?s={search_term_string}\"},\"query-input\":{\"@type\":\"PropertyValueSpecification\",\"valueRequired\":true,\"valueName\":\"search_term_string\"}}],\"inLanguage\":\"es\"}]}<\/script>\n<!-- \/ Yoast SEO plugin. -->","yoast_head_json":{"title":"Cupaje | Vins i Olis Su\u00f1er","description":"Oli d'oliva cupatge es un oli d\u2019oliva procedent d\u2019un subtil cupatge fruit de les diferents varietats d'oliva arbequina, fulla de salze, farga i empeltre.","robots":{"index":"index","follow":"follow","max-snippet":"max-snippet:-1","max-image-preview":"max-image-preview:large","max-video-preview":"max-video-preview:-1"},"canonical":"https:\/\/vinsiolisuner.com\/es\/cupaje\/","og_locale":"es_ES","og_type":"article","og_title":"Cupaje | Vins i Olis Su\u00f1er","og_description":"Oli d'oliva cupatge es un oli d\u2019oliva procedent d\u2019un subtil cupatge fruit de les diferents varietats d'oliva arbequina, fulla de salze, farga i empeltre.","og_url":"https:\/\/vinsiolisuner.com\/es\/cupaje\/","og_site_name":"Vins i Olis Su\u00f1er","article_modified_time":"2020-04-08T17:37:43+00:00","twitter_misc":{"Tiempo de lectura":"1 minuto"},"schema":{"@context":"https:\/\/schema.org","@graph":[{"@type":"WebPage","@id":"https:\/\/vinsiolisuner.com\/es\/cupaje\/","url":"https:\/\/vinsiolisuner.com\/es\/cupaje\/","name":"Cupaje | Vins i Olis Su\u00f1er","isPartOf":{"@id":"https:\/\/vinsiolisuner.com\/#website"},"datePublished":"2015-04-09T09:04:33+00:00","dateModified":"2020-04-08T17:37:43+00:00","description":"Oli d'oliva cupatge es un oli d\u2019oliva procedent d\u2019un subtil cupatge fruit de les diferents varietats d'oliva arbequina, fulla de salze, farga i empeltre.","breadcrumb":{"@id":"https:\/\/vinsiolisuner.com\/es\/cupaje\/#breadcrumb"},"inLanguage":"es","potentialAction":[{"@type":"ReadAction","target":["https:\/\/vinsiolisuner.com\/es\/cupaje\/"]}]},{"@type":"BreadcrumbList","@id":"https:\/\/vinsiolisuner.com\/es\/cupaje\/#breadcrumb","itemListElement":[{"@type":"ListItem","position":1,"name":"Portada","item":"https:\/\/vinsiolisuner.com\/es\/"},{"@type":"ListItem","position":2,"name":"Cupaje"}]},{"@type":"WebSite","@id":"https:\/\/vinsiolisuner.com\/#website","url":"https:\/\/vinsiolisuner.com\/","name":"Vins i Olis Su\u00f1er","description":"Vins i Olis Su\u00f1er","potentialAction":[{"@type":"SearchAction","target":{"@type":"EntryPoint","urlTemplate":"https:\/\/vinsiolisuner.com\/?s={search_term_string}"},"query-input":{"@type":"PropertyValueSpecification","valueRequired":true,"valueName":"search_term_string"}}],"inLanguage":"es"}]}},"_links":{"self":[{"href":"https:\/\/vinsiolisuner.com\/es\/wp-json\/wp\/v2\/pages\/6781","targetHints":{"allow":["GET"]}}],"collection":[{"href":"https:\/\/vinsiolisuner.com\/es\/wp-json\/wp\/v2\/pages"}],"about":[{"href":"https:\/\/vinsiolisuner.com\/es\/wp-json\/wp\/v2\/types\/page"}],"author":[{"embeddable":true,"href":"https:\/\/vinsiolisuner.com\/es\/wp-json\/wp\/v2\/users\/1"}],"replies":[{"embeddable":true,"href":"https:\/\/vinsiolisuner.com\/es\/wp-json\/wp\/v2\/comments?post=6781"}],"version-history":[{"count":5,"href":"https:\/\/vinsiolisuner.com\/es\/wp-json\/wp\/v2\/pages\/6781\/revisions"}],"predecessor-version":[{"id":17330,"href":"https:\/\/vinsiolisuner.com\/es\/wp-json\/wp\/v2\/pages\/6781\/revisions\/17330"}],"wp:attachment":[{"href":"https:\/\/vinsiolisuner.com\/es\/wp-json\/wp\/v2\/media?parent=6781"}],"curies":[{"name":"wp","href":"https:\/\/api.w.org\/{rel}","templated":true}]}}