{"id":7682,"date":"2015-04-09T11:01:20","date_gmt":"2015-04-09T09:01:20","guid":{"rendered":"http:\/\/vinsiolisuner.com\/ecologic-2\/"},"modified":"2020-04-08T19:38:22","modified_gmt":"2020-04-08T17:38:22","slug":"ecologic","status":"publish","type":"page","link":"https:\/\/vinsiolisuner.com\/es\/ecologic\/","title":{"rendered":"Ecol\u00f3gico"},"content":{"rendered":"[expand title=\u00bb\u00bb]\n<h2>Oli d&#8217;oliva Ecol\u00f2gic<\/h2>\n<p>Oli d&#8217;oliva Ecol\u00f2gic de la varietat arbequina. El mol\u00ed Su\u00f1er est\u00e0 certificat pel CCPAE (Consell Catal\u00e0 de la Producci\u00f3 Agr\u00e0ria Ecol\u00f2gica) el qual garanteix al consumidor que les t\u00e8cniques utilitzades en la producci\u00f3 agr\u00e0ria ecol\u00f2gica s\u00f3n respectuoses amb el medi ambient i amb les persones, i el producte \u00e9s de m\u00e0xima qualitat.<\/p>\n<p>Amb els nostres inicis a l&#8217;any 1936, a Olis Su\u00f1er hem anat adaptant-nos a les diferents tecnologies pel premsat de l&#8217;oli que han anat apareixent amb el pas del temps. Es a la campanya 2014-2015 quan comencem a produir oli d&#8217;oliva verge d&#8217;arbequina ecol\u00f2gic.<\/p>\n<h3>Beneficis de l&#8217;oli d&#8217;oliva ecol\u00f2gic<\/h3>\n<p>L&#8217;oli d&#8217;oliva ecol\u00f2gic es molt saludable, no cont\u00e9 aditius sint\u00e8tics ni pesticides. Manca d&#8217;organismes gen\u00e9ticament modificats i no cont\u00e9 cap antibi\u00f2tic. L&#8217;oli ecol\u00f2gic es totalment sostenible amb el medi ambient i la naturalesa cont\u00e9 m\u00e0xims nivells de qualitat a m\u00e9s de potenciar-se molt m\u00e9s l&#8217;aut\u00e8ntic sabor de productes.<\/p>\n<h3>L&#8217;arbequina<\/h3>\n<p>Oli d&#8217;arbequina es obtingut exclusivament d\u2019olives d\u2019aquesta varietat. De sabor afruitat amb aroma de tons c\u00edtrics i predomini del sabor dol\u00e7 d\u2019una excel\u00b7l\u00e8ncia i qualitat molt apreciades.<\/p>\n<p>L&#8217; arbequina es caracteritza per la seva forta resist\u00e8ncia a temperatures que son fredes, el seu redu\u00eft vigor i la baixa resist\u00e8ncia a la terra calc\u00e0ria. La mida del fruit es d&#8217;entre un i dos grams, un dels menors de les varietats cultivades a Espanya.<\/p>\n[\/expand]\n","protected":false},"excerpt":{"rendered":"<p>[expand title=\u00bb\u00bb] Oli d&#8217;oliva Ecol\u00f2gic Oli d&#8217;oliva Ecol\u00f2gic de la varietat arbequina. El mol\u00ed Su\u00f1er est\u00e0 certificat pel CCPAE (Consell Catal\u00e0 de la Producci\u00f3 Agr\u00e0ria Ecol\u00f2gica) el qual garanteix al consumidor que les t\u00e8cniques utilitzades en la producci\u00f3 agr\u00e0ria ecol\u00f2gica s\u00f3n respectuoses amb el medi ambient i amb les persones, i el producte \u00e9s de<\/p>\n","protected":false},"author":1,"featured_media":0,"parent":0,"menu_order":0,"comment_status":"closed","ping_status":"closed","template":"","meta":{"footnotes":""},"class_list":["post-7682","page","type-page","status-publish","hentry","prodpage-classic"],"yoast_head":"<!-- This site is optimized with the Yoast SEO plugin v25.2 - https:\/\/yoast.com\/wordpress\/plugins\/seo\/ -->\n<title>Ecol\u00f3gico | Vins i Olis Su\u00f1er<\/title>\n<meta name=\"description\" content=\"Oli d&#039;oliva Ecol\u00f2gic de la varietat arbequina. El mol\u00ed Su\u00f1er est\u00e0 certificat pel CCPAE (Consell Catal\u00e0 de la Producci\u00f3 Agr\u00e0ria Ecol\u00f2gica).\" \/>\n<meta name=\"robots\" content=\"index, follow, max-snippet:-1, max-image-preview:large, max-video-preview:-1\" \/>\n<link rel=\"canonical\" href=\"https:\/\/vinsiolisuner.com\/es\/ecologic\/\" \/>\n<meta property=\"og:locale\" content=\"es_ES\" \/>\n<meta property=\"og:type\" content=\"article\" \/>\n<meta property=\"og:title\" content=\"Ecol\u00f3gico | Vins i Olis Su\u00f1er\" \/>\n<meta property=\"og:description\" content=\"Oli d&#039;oliva Ecol\u00f2gic de la varietat arbequina. El mol\u00ed Su\u00f1er est\u00e0 certificat pel CCPAE (Consell Catal\u00e0 de la Producci\u00f3 Agr\u00e0ria Ecol\u00f2gica).\" \/>\n<meta property=\"og:url\" content=\"https:\/\/vinsiolisuner.com\/es\/ecologic\/\" \/>\n<meta property=\"og:site_name\" content=\"Vins i Olis Su\u00f1er\" \/>\n<meta property=\"article:modified_time\" content=\"2020-04-08T17:38:22+00:00\" \/>\n<meta name=\"twitter:label1\" content=\"Tiempo de lectura\" \/>\n\t<meta name=\"twitter:data1\" content=\"1 minuto\" \/>\n<script type=\"application\/ld+json\" class=\"yoast-schema-graph\">{\"@context\":\"https:\/\/schema.org\",\"@graph\":[{\"@type\":\"WebPage\",\"@id\":\"https:\/\/vinsiolisuner.com\/es\/ecologic\/\",\"url\":\"https:\/\/vinsiolisuner.com\/es\/ecologic\/\",\"name\":\"Ecol\u00f3gico | Vins i Olis Su\u00f1er\",\"isPartOf\":{\"@id\":\"https:\/\/vinsiolisuner.com\/#website\"},\"datePublished\":\"2015-04-09T09:01:20+00:00\",\"dateModified\":\"2020-04-08T17:38:22+00:00\",\"description\":\"Oli d'oliva Ecol\u00f2gic de la varietat arbequina. El mol\u00ed Su\u00f1er est\u00e0 certificat pel CCPAE (Consell Catal\u00e0 de la Producci\u00f3 Agr\u00e0ria Ecol\u00f2gica).\",\"breadcrumb\":{\"@id\":\"https:\/\/vinsiolisuner.com\/es\/ecologic\/#breadcrumb\"},\"inLanguage\":\"es\",\"potentialAction\":[{\"@type\":\"ReadAction\",\"target\":[\"https:\/\/vinsiolisuner.com\/es\/ecologic\/\"]}]},{\"@type\":\"BreadcrumbList\",\"@id\":\"https:\/\/vinsiolisuner.com\/es\/ecologic\/#breadcrumb\",\"itemListElement\":[{\"@type\":\"ListItem\",\"position\":1,\"name\":\"Portada\",\"item\":\"https:\/\/vinsiolisuner.com\/es\/\"},{\"@type\":\"ListItem\",\"position\":2,\"name\":\"Ecol\u00f3gico\"}]},{\"@type\":\"WebSite\",\"@id\":\"https:\/\/vinsiolisuner.com\/#website\",\"url\":\"https:\/\/vinsiolisuner.com\/\",\"name\":\"Vins i Olis Su\u00f1er\",\"description\":\"Vins i Olis Su\u00f1er\",\"potentialAction\":[{\"@type\":\"SearchAction\",\"target\":{\"@type\":\"EntryPoint\",\"urlTemplate\":\"https:\/\/vinsiolisuner.com\/?s={search_term_string}\"},\"query-input\":{\"@type\":\"PropertyValueSpecification\",\"valueRequired\":true,\"valueName\":\"search_term_string\"}}],\"inLanguage\":\"es\"}]}<\/script>\n<!-- \/ Yoast SEO plugin. -->","yoast_head_json":{"title":"Ecol\u00f3gico | Vins i Olis Su\u00f1er","description":"Oli d'oliva Ecol\u00f2gic de la varietat arbequina. El mol\u00ed Su\u00f1er est\u00e0 certificat pel CCPAE (Consell Catal\u00e0 de la Producci\u00f3 Agr\u00e0ria Ecol\u00f2gica).","robots":{"index":"index","follow":"follow","max-snippet":"max-snippet:-1","max-image-preview":"max-image-preview:large","max-video-preview":"max-video-preview:-1"},"canonical":"https:\/\/vinsiolisuner.com\/es\/ecologic\/","og_locale":"es_ES","og_type":"article","og_title":"Ecol\u00f3gico | Vins i Olis Su\u00f1er","og_description":"Oli d'oliva Ecol\u00f2gic de la varietat arbequina. El mol\u00ed Su\u00f1er est\u00e0 certificat pel CCPAE (Consell Catal\u00e0 de la Producci\u00f3 Agr\u00e0ria Ecol\u00f2gica).","og_url":"https:\/\/vinsiolisuner.com\/es\/ecologic\/","og_site_name":"Vins i Olis Su\u00f1er","article_modified_time":"2020-04-08T17:38:22+00:00","twitter_misc":{"Tiempo de lectura":"1 minuto"},"schema":{"@context":"https:\/\/schema.org","@graph":[{"@type":"WebPage","@id":"https:\/\/vinsiolisuner.com\/es\/ecologic\/","url":"https:\/\/vinsiolisuner.com\/es\/ecologic\/","name":"Ecol\u00f3gico | Vins i Olis Su\u00f1er","isPartOf":{"@id":"https:\/\/vinsiolisuner.com\/#website"},"datePublished":"2015-04-09T09:01:20+00:00","dateModified":"2020-04-08T17:38:22+00:00","description":"Oli d'oliva Ecol\u00f2gic de la varietat arbequina. El mol\u00ed Su\u00f1er est\u00e0 certificat pel CCPAE (Consell Catal\u00e0 de la Producci\u00f3 Agr\u00e0ria Ecol\u00f2gica).","breadcrumb":{"@id":"https:\/\/vinsiolisuner.com\/es\/ecologic\/#breadcrumb"},"inLanguage":"es","potentialAction":[{"@type":"ReadAction","target":["https:\/\/vinsiolisuner.com\/es\/ecologic\/"]}]},{"@type":"BreadcrumbList","@id":"https:\/\/vinsiolisuner.com\/es\/ecologic\/#breadcrumb","itemListElement":[{"@type":"ListItem","position":1,"name":"Portada","item":"https:\/\/vinsiolisuner.com\/es\/"},{"@type":"ListItem","position":2,"name":"Ecol\u00f3gico"}]},{"@type":"WebSite","@id":"https:\/\/vinsiolisuner.com\/#website","url":"https:\/\/vinsiolisuner.com\/","name":"Vins i Olis Su\u00f1er","description":"Vins i Olis Su\u00f1er","potentialAction":[{"@type":"SearchAction","target":{"@type":"EntryPoint","urlTemplate":"https:\/\/vinsiolisuner.com\/?s={search_term_string}"},"query-input":{"@type":"PropertyValueSpecification","valueRequired":true,"valueName":"search_term_string"}}],"inLanguage":"es"}]}},"_links":{"self":[{"href":"https:\/\/vinsiolisuner.com\/es\/wp-json\/wp\/v2\/pages\/7682","targetHints":{"allow":["GET"]}}],"collection":[{"href":"https:\/\/vinsiolisuner.com\/es\/wp-json\/wp\/v2\/pages"}],"about":[{"href":"https:\/\/vinsiolisuner.com\/es\/wp-json\/wp\/v2\/types\/page"}],"author":[{"embeddable":true,"href":"https:\/\/vinsiolisuner.com\/es\/wp-json\/wp\/v2\/users\/1"}],"replies":[{"embeddable":true,"href":"https:\/\/vinsiolisuner.com\/es\/wp-json\/wp\/v2\/comments?post=7682"}],"version-history":[{"count":5,"href":"https:\/\/vinsiolisuner.com\/es\/wp-json\/wp\/v2\/pages\/7682\/revisions"}],"predecessor-version":[{"id":17331,"href":"https:\/\/vinsiolisuner.com\/es\/wp-json\/wp\/v2\/pages\/7682\/revisions\/17331"}],"wp:attachment":[{"href":"https:\/\/vinsiolisuner.com\/es\/wp-json\/wp\/v2\/media?parent=7682"}],"curies":[{"name":"wp","href":"https:\/\/api.w.org\/{rel}","templated":true}]}}