{"id":877,"date":"2015-08-05T11:08:12","date_gmt":"2015-08-05T09:08:12","guid":{"rendered":"http:\/\/vinsiolisuner.com\/?page_id=877"},"modified":"2022-04-14T14:05:19","modified_gmt":"2022-04-14T12:05:19","slug":"vinos-de-catalunya","status":"publish","type":"page","link":"https:\/\/vinsiolisuner.com\/es\/","title":{"rendered":"Inicio"},"content":{"rendered":"[expand title=\u00bb\u00bb]\n<h2>Vinos de Catalu\u00f1a<\/h2>\n<p>En Vinos y Aceites Su\u00f1er somos productores de Vinos de Catalu\u00f1a y Aceites, concretamente de la poblaci\u00f3n de Ginestar, Las Tierras del Ebro.<\/p>\n<p>Nuestra historia se remonta a generaciones atr\u00e1s, tiempo durante el cual nos hemos dedicado al cultivo de la tierra. Con el paso de los a\u00f1os hemos ido ampliando nuestros servicios hasta llegar al enoturismo, ofreciendo servicios \u00fanicos, sensoriales, culturales y gastron\u00f3micos.<\/p>\n<p>Nuestra pasi\u00f3n por la tierra y el fruto nos ha llevado a convertirnos en expertos de la enolog\u00eda ofreciendo un producto de gran calidad., Que viene dada por todo el empe\u00f1o y el entusiasmo puesto desde el mismo nacimiento del fruto.<\/p>\n<p>En nuestra web podr\u00e1s encontrar todos nuestros productos:<\/p>\n<p>&#8211; Aceite de arbequina.<\/p>\n<p>-Aceite Ecol\u00f3gico.<\/p>\n<p>-aceite Hoja de sauce.<\/p>\n<p>-Aceite Mezcla.<\/p>\n<p>-Aceite Empeltre.<\/p>\n<p>-Vino Merlot crianza.<\/p>\n<p>-Vino Merlot.<\/p>\n<p>-Vino Rogier merlot.<\/p>\n<p>-Vino Blanco Macabeo.<\/p>\n<p>Adem\u00e1s de poder conocer y comprar nuestros productos en la web tambi\u00e9n te proponemos visitas de enoturismo para conocer la cultura y la gastronom\u00eda de la zona de las Tierras del Ebro. Visitas que te despertar\u00e1n los cinco sentidos: los vi\u00f1edos, la bodega, los vinos, maridaje y degustaci\u00f3n. Una amplia oferta de sensaciones para vivir y salir de la rutina.<\/p>\n[\/expand]\n","protected":false},"excerpt":{"rendered":"<p>[expand title=\u00bb\u00bb] Vinos de Catalu\u00f1a En Vinos y Aceites Su\u00f1er somos productores de Vinos de Catalu\u00f1a y Aceites, concretamente de la poblaci\u00f3n de Ginestar, Las Tierras del Ebro. Nuestra historia se remonta a generaciones atr\u00e1s, tiempo durante el cual nos hemos dedicado al cultivo de la tierra. Con el paso de los a\u00f1os hemos ido<\/p>\n","protected":false},"author":1,"featured_media":0,"parent":0,"menu_order":0,"comment_status":"closed","ping_status":"open","template":"","meta":{"footnotes":""},"class_list":["post-877","page","type-page","status-publish","hentry","prodpage-classic"],"yoast_head":"<!-- This site is optimized with the Yoast SEO plugin v25.2 - https:\/\/yoast.com\/wordpress\/plugins\/seo\/ -->\n<title>Vinos y Aceites de Catalu\u00f1a | Vins i Olis Su\u00f1er<\/title>\n<meta name=\"description\" content=\"En Vinos y Aceites Su\u00f1er ofrecemos Vinos de Catalu\u00f1a y aceite , concretamente de las Tierras del Ebro. \u00a1Te invitamos a conocernos ahora!\" \/>\n<meta name=\"robots\" content=\"index, follow, max-snippet:-1, max-image-preview:large, max-video-preview:-1\" \/>\n<link rel=\"canonical\" href=\"https:\/\/vinsiolisuner.com\/es\/\" \/>\n<meta property=\"og:locale\" content=\"es_ES\" \/>\n<meta property=\"og:type\" content=\"article\" \/>\n<meta property=\"og:title\" content=\"Vinos y Aceites de Catalu\u00f1a | Vins i Olis Su\u00f1er\" \/>\n<meta property=\"og:description\" content=\"En Vinos y Aceites Su\u00f1er ofrecemos Vinos de Catalu\u00f1a y aceite , concretamente de las Tierras del Ebro. \u00a1Te invitamos a conocernos ahora!\" \/>\n<meta property=\"og:url\" content=\"https:\/\/vinsiolisuner.com\/es\/\" \/>\n<meta property=\"og:site_name\" content=\"Vins i Olis Su\u00f1er\" \/>\n<meta property=\"article:modified_time\" content=\"2022-04-14T12:05:19+00:00\" \/>\n<meta name=\"twitter:label1\" content=\"Tiempo de lectura\" \/>\n\t<meta name=\"twitter:data1\" content=\"1 minuto\" \/>\n<script type=\"application\/ld+json\" class=\"yoast-schema-graph\">{\"@context\":\"https:\/\/schema.org\",\"@graph\":[{\"@type\":\"WebPage\",\"@id\":\"https:\/\/vinsiolisuner.com\/es\/\",\"url\":\"https:\/\/vinsiolisuner.com\/es\/\",\"name\":\"Vinos y Aceites de Catalu\u00f1a | Vins i Olis Su\u00f1er\",\"isPartOf\":{\"@id\":\"https:\/\/vinsiolisuner.com\/#website\"},\"datePublished\":\"2015-08-05T09:08:12+00:00\",\"dateModified\":\"2022-04-14T12:05:19+00:00\",\"description\":\"En Vinos y Aceites Su\u00f1er ofrecemos Vinos de Catalu\u00f1a y aceite , concretamente de las Tierras del Ebro. \u00a1Te invitamos a conocernos ahora!\",\"breadcrumb\":{\"@id\":\"https:\/\/vinsiolisuner.com\/es\/#breadcrumb\"},\"inLanguage\":\"es\",\"potentialAction\":[{\"@type\":\"ReadAction\",\"target\":[\"https:\/\/vinsiolisuner.com\/es\/\"]}]},{\"@type\":\"BreadcrumbList\",\"@id\":\"https:\/\/vinsiolisuner.com\/es\/#breadcrumb\",\"itemListElement\":[{\"@type\":\"ListItem\",\"position\":1,\"name\":\"Portada\",\"item\":\"https:\/\/vinsiolisuner.com\/es\/\"},{\"@type\":\"ListItem\",\"position\":2,\"name\":\"Inicio\"}]},{\"@type\":\"WebSite\",\"@id\":\"https:\/\/vinsiolisuner.com\/#website\",\"url\":\"https:\/\/vinsiolisuner.com\/\",\"name\":\"Vins i Olis Su\u00f1er\",\"description\":\"Vins i Olis Su\u00f1er\",\"potentialAction\":[{\"@type\":\"SearchAction\",\"target\":{\"@type\":\"EntryPoint\",\"urlTemplate\":\"https:\/\/vinsiolisuner.com\/?s={search_term_string}\"},\"query-input\":{\"@type\":\"PropertyValueSpecification\",\"valueRequired\":true,\"valueName\":\"search_term_string\"}}],\"inLanguage\":\"es\"}]}<\/script>\n<!-- \/ Yoast SEO plugin. -->","yoast_head_json":{"title":"Vinos y Aceites de Catalu\u00f1a | Vins i Olis Su\u00f1er","description":"En Vinos y Aceites Su\u00f1er ofrecemos Vinos de Catalu\u00f1a y aceite , concretamente de las Tierras del Ebro. \u00a1Te invitamos a conocernos ahora!","robots":{"index":"index","follow":"follow","max-snippet":"max-snippet:-1","max-image-preview":"max-image-preview:large","max-video-preview":"max-video-preview:-1"},"canonical":"https:\/\/vinsiolisuner.com\/es\/","og_locale":"es_ES","og_type":"article","og_title":"Vinos y Aceites de Catalu\u00f1a | Vins i Olis Su\u00f1er","og_description":"En Vinos y Aceites Su\u00f1er ofrecemos Vinos de Catalu\u00f1a y aceite , concretamente de las Tierras del Ebro. \u00a1Te invitamos a conocernos ahora!","og_url":"https:\/\/vinsiolisuner.com\/es\/","og_site_name":"Vins i Olis Su\u00f1er","article_modified_time":"2022-04-14T12:05:19+00:00","twitter_misc":{"Tiempo de lectura":"1 minuto"},"schema":{"@context":"https:\/\/schema.org","@graph":[{"@type":"WebPage","@id":"https:\/\/vinsiolisuner.com\/es\/","url":"https:\/\/vinsiolisuner.com\/es\/","name":"Vinos y Aceites de Catalu\u00f1a | Vins i Olis Su\u00f1er","isPartOf":{"@id":"https:\/\/vinsiolisuner.com\/#website"},"datePublished":"2015-08-05T09:08:12+00:00","dateModified":"2022-04-14T12:05:19+00:00","description":"En Vinos y Aceites Su\u00f1er ofrecemos Vinos de Catalu\u00f1a y aceite , concretamente de las Tierras del Ebro. \u00a1Te invitamos a conocernos ahora!","breadcrumb":{"@id":"https:\/\/vinsiolisuner.com\/es\/#breadcrumb"},"inLanguage":"es","potentialAction":[{"@type":"ReadAction","target":["https:\/\/vinsiolisuner.com\/es\/"]}]},{"@type":"BreadcrumbList","@id":"https:\/\/vinsiolisuner.com\/es\/#breadcrumb","itemListElement":[{"@type":"ListItem","position":1,"name":"Portada","item":"https:\/\/vinsiolisuner.com\/es\/"},{"@type":"ListItem","position":2,"name":"Inicio"}]},{"@type":"WebSite","@id":"https:\/\/vinsiolisuner.com\/#website","url":"https:\/\/vinsiolisuner.com\/","name":"Vins i Olis Su\u00f1er","description":"Vins i Olis Su\u00f1er","potentialAction":[{"@type":"SearchAction","target":{"@type":"EntryPoint","urlTemplate":"https:\/\/vinsiolisuner.com\/?s={search_term_string}"},"query-input":{"@type":"PropertyValueSpecification","valueRequired":true,"valueName":"search_term_string"}}],"inLanguage":"es"}]}},"_links":{"self":[{"href":"https:\/\/vinsiolisuner.com\/es\/wp-json\/wp\/v2\/pages\/877","targetHints":{"allow":["GET"]}}],"collection":[{"href":"https:\/\/vinsiolisuner.com\/es\/wp-json\/wp\/v2\/pages"}],"about":[{"href":"https:\/\/vinsiolisuner.com\/es\/wp-json\/wp\/v2\/types\/page"}],"author":[{"embeddable":true,"href":"https:\/\/vinsiolisuner.com\/es\/wp-json\/wp\/v2\/users\/1"}],"replies":[{"embeddable":true,"href":"https:\/\/vinsiolisuner.com\/es\/wp-json\/wp\/v2\/comments?post=877"}],"version-history":[{"count":5,"href":"https:\/\/vinsiolisuner.com\/es\/wp-json\/wp\/v2\/pages\/877\/revisions"}],"predecessor-version":[{"id":18254,"href":"https:\/\/vinsiolisuner.com\/es\/wp-json\/wp\/v2\/pages\/877\/revisions\/18254"}],"wp:attachment":[{"href":"https:\/\/vinsiolisuner.com\/es\/wp-json\/wp\/v2\/media?parent=877"}],"curies":[{"name":"wp","href":"https:\/\/api.w.org\/{rel}","templated":true}]}}