{"id":886,"date":"2015-08-05T11:59:05","date_gmt":"2015-08-05T09:59:05","guid":{"rendered":"http:\/\/vinsiolisuner.com\/?page_id=886"},"modified":"2020-04-08T19:01:30","modified_gmt":"2020-04-08T17:01:30","slug":"vinos-de-catalunya-2","status":"publish","type":"page","link":"https:\/\/vinsiolisuner.com\/es\/vinos-de-catalunya-2\/","title":{"rendered":"Nosotros"},"content":{"rendered":"[expand title=\u00bb\u00bb]\n<h2>Vinos catalanes<\/h2>\n<p>Vinos catalanes y aceite de la mejor calidad gracias a los conocimientos y la experiencia adquirida a lo largo de las generaciones.<\/p>\n<p>Vinos y Aceites Su\u00f1er es una empresa familiar que se remonta al a\u00f1o 1939, cuando la empresa se llamaba Aceites hijo de Manuel Su\u00f1er. Fue m\u00e1s adelante cuando se adopt\u00f3 el nombre de Vinos y Aceites Su\u00f1er. Hoy en d\u00eda contin\u00faa su trayectoria familiar, habi\u00e9ndose especializado en estudios de enolog\u00eda para ofrecer los mejores productos y servicios a los clientes. La historia de la bodega de Vinos y Aceites Su\u00f1er queda reflejada en las paredes de la casa solariega que recibe el mismo nombre.<\/p>\n<p>Los campos de cultivo de las vi\u00f1as se sit\u00faan en un marco incomparable, la poblaci\u00f3n de Ginestar en las Tierras del Ebro. Su situaci\u00f3n cercana al mar mediterr\u00e1neo y la vez en las monta\u00f1as hace obtenga una materia prima de la mejor calidad, que pasando por unos meticulosos procesos de producci\u00f3n obtengamos unos grandes productos, concretamente los mejores vinos catalanes y el mejor aceite de Las Tierras del Ebro. Todos los procesos para la obtenci\u00f3n del vino y del aceite pasan por procesos mecanizados y supervisados \u200b\u200ben todo momento en expertos en la materia.<\/p>\n<p>A Vinos y Aceites Su\u00f1er ofrecemos aceite virgen extra obtenido de la primera prensada en fr\u00edo y vinos hechos por los amantes de nuestros vi\u00f1edos, obteniendo los mejores vinos catalanes.<\/p>\n[\/expand]\n","protected":false},"excerpt":{"rendered":"<p>[expand title=\u00bb\u00bb] Vinos catalanes Vinos catalanes y aceite de la mejor calidad gracias a los conocimientos y la experiencia adquirida a lo largo de las generaciones. Vinos y Aceites Su\u00f1er es una empresa familiar que se remonta al a\u00f1o 1939, cuando la empresa se llamaba Aceites hijo de Manuel Su\u00f1er. Fue m\u00e1s adelante cuando se<\/p>\n","protected":false},"author":1,"featured_media":0,"parent":0,"menu_order":0,"comment_status":"closed","ping_status":"open","template":"","meta":{"footnotes":""},"class_list":["post-886","page","type-page","status-publish","hentry","prodpage-classic"],"yoast_head":"<!-- This site is optimized with the Yoast SEO plugin v25.2 - https:\/\/yoast.com\/wordpress\/plugins\/seo\/ -->\n<title>Vinos y Aceites Catalanes | Vins i Olis Su\u00f1er<\/title>\n<meta name=\"description\" content=\"Vinos catalanes y aceite de la mejor calidad gracias a los conocimientos y la experiencia adquirida a lo largo de las generaciones.\" \/>\n<meta name=\"robots\" content=\"index, follow, max-snippet:-1, max-image-preview:large, max-video-preview:-1\" \/>\n<link rel=\"canonical\" href=\"https:\/\/vinsiolisuner.com\/es\/vinos-de-catalunya-2\/\" \/>\n<meta property=\"og:locale\" content=\"es_ES\" \/>\n<meta property=\"og:type\" content=\"article\" \/>\n<meta property=\"og:title\" content=\"Vinos y Aceites Catalanes | Vins i Olis Su\u00f1er\" \/>\n<meta property=\"og:description\" content=\"Vinos catalanes y aceite de la mejor calidad gracias a los conocimientos y la experiencia adquirida a lo largo de las generaciones.\" \/>\n<meta property=\"og:url\" content=\"https:\/\/vinsiolisuner.com\/es\/vinos-de-catalunya-2\/\" \/>\n<meta property=\"og:site_name\" content=\"Vins i Olis Su\u00f1er\" \/>\n<meta property=\"article:modified_time\" content=\"2020-04-08T17:01:30+00:00\" \/>\n<meta name=\"twitter:label1\" content=\"Tiempo de lectura\" \/>\n\t<meta name=\"twitter:data1\" content=\"1 minuto\" \/>\n<script type=\"application\/ld+json\" class=\"yoast-schema-graph\">{\"@context\":\"https:\/\/schema.org\",\"@graph\":[{\"@type\":\"WebPage\",\"@id\":\"https:\/\/vinsiolisuner.com\/es\/vinos-de-catalunya-2\/\",\"url\":\"https:\/\/vinsiolisuner.com\/es\/vinos-de-catalunya-2\/\",\"name\":\"Vinos y Aceites Catalanes | Vins i Olis Su\u00f1er\",\"isPartOf\":{\"@id\":\"https:\/\/vinsiolisuner.com\/#website\"},\"datePublished\":\"2015-08-05T09:59:05+00:00\",\"dateModified\":\"2020-04-08T17:01:30+00:00\",\"description\":\"Vinos catalanes y aceite de la mejor calidad gracias a los conocimientos y la experiencia adquirida a lo largo de las generaciones.\",\"breadcrumb\":{\"@id\":\"https:\/\/vinsiolisuner.com\/es\/vinos-de-catalunya-2\/#breadcrumb\"},\"inLanguage\":\"es\",\"potentialAction\":[{\"@type\":\"ReadAction\",\"target\":[\"https:\/\/vinsiolisuner.com\/es\/vinos-de-catalunya-2\/\"]}]},{\"@type\":\"BreadcrumbList\",\"@id\":\"https:\/\/vinsiolisuner.com\/es\/vinos-de-catalunya-2\/#breadcrumb\",\"itemListElement\":[{\"@type\":\"ListItem\",\"position\":1,\"name\":\"Portada\",\"item\":\"https:\/\/vinsiolisuner.com\/es\/\"},{\"@type\":\"ListItem\",\"position\":2,\"name\":\"Nosotros\"}]},{\"@type\":\"WebSite\",\"@id\":\"https:\/\/vinsiolisuner.com\/#website\",\"url\":\"https:\/\/vinsiolisuner.com\/\",\"name\":\"Vins i Olis Su\u00f1er\",\"description\":\"Vins i Olis Su\u00f1er\",\"potentialAction\":[{\"@type\":\"SearchAction\",\"target\":{\"@type\":\"EntryPoint\",\"urlTemplate\":\"https:\/\/vinsiolisuner.com\/?s={search_term_string}\"},\"query-input\":{\"@type\":\"PropertyValueSpecification\",\"valueRequired\":true,\"valueName\":\"search_term_string\"}}],\"inLanguage\":\"es\"}]}<\/script>\n<!-- \/ Yoast SEO plugin. -->","yoast_head_json":{"title":"Vinos y Aceites Catalanes | Vins i Olis Su\u00f1er","description":"Vinos catalanes y aceite de la mejor calidad gracias a los conocimientos y la experiencia adquirida a lo largo de las generaciones.","robots":{"index":"index","follow":"follow","max-snippet":"max-snippet:-1","max-image-preview":"max-image-preview:large","max-video-preview":"max-video-preview:-1"},"canonical":"https:\/\/vinsiolisuner.com\/es\/vinos-de-catalunya-2\/","og_locale":"es_ES","og_type":"article","og_title":"Vinos y Aceites Catalanes | Vins i Olis Su\u00f1er","og_description":"Vinos catalanes y aceite de la mejor calidad gracias a los conocimientos y la experiencia adquirida a lo largo de las generaciones.","og_url":"https:\/\/vinsiolisuner.com\/es\/vinos-de-catalunya-2\/","og_site_name":"Vins i Olis Su\u00f1er","article_modified_time":"2020-04-08T17:01:30+00:00","twitter_misc":{"Tiempo de lectura":"1 minuto"},"schema":{"@context":"https:\/\/schema.org","@graph":[{"@type":"WebPage","@id":"https:\/\/vinsiolisuner.com\/es\/vinos-de-catalunya-2\/","url":"https:\/\/vinsiolisuner.com\/es\/vinos-de-catalunya-2\/","name":"Vinos y Aceites Catalanes | Vins i Olis Su\u00f1er","isPartOf":{"@id":"https:\/\/vinsiolisuner.com\/#website"},"datePublished":"2015-08-05T09:59:05+00:00","dateModified":"2020-04-08T17:01:30+00:00","description":"Vinos catalanes y aceite de la mejor calidad gracias a los conocimientos y la experiencia adquirida a lo largo de las generaciones.","breadcrumb":{"@id":"https:\/\/vinsiolisuner.com\/es\/vinos-de-catalunya-2\/#breadcrumb"},"inLanguage":"es","potentialAction":[{"@type":"ReadAction","target":["https:\/\/vinsiolisuner.com\/es\/vinos-de-catalunya-2\/"]}]},{"@type":"BreadcrumbList","@id":"https:\/\/vinsiolisuner.com\/es\/vinos-de-catalunya-2\/#breadcrumb","itemListElement":[{"@type":"ListItem","position":1,"name":"Portada","item":"https:\/\/vinsiolisuner.com\/es\/"},{"@type":"ListItem","position":2,"name":"Nosotros"}]},{"@type":"WebSite","@id":"https:\/\/vinsiolisuner.com\/#website","url":"https:\/\/vinsiolisuner.com\/","name":"Vins i Olis Su\u00f1er","description":"Vins i Olis Su\u00f1er","potentialAction":[{"@type":"SearchAction","target":{"@type":"EntryPoint","urlTemplate":"https:\/\/vinsiolisuner.com\/?s={search_term_string}"},"query-input":{"@type":"PropertyValueSpecification","valueRequired":true,"valueName":"search_term_string"}}],"inLanguage":"es"}]}},"_links":{"self":[{"href":"https:\/\/vinsiolisuner.com\/es\/wp-json\/wp\/v2\/pages\/886","targetHints":{"allow":["GET"]}}],"collection":[{"href":"https:\/\/vinsiolisuner.com\/es\/wp-json\/wp\/v2\/pages"}],"about":[{"href":"https:\/\/vinsiolisuner.com\/es\/wp-json\/wp\/v2\/types\/page"}],"author":[{"embeddable":true,"href":"https:\/\/vinsiolisuner.com\/es\/wp-json\/wp\/v2\/users\/1"}],"replies":[{"embeddable":true,"href":"https:\/\/vinsiolisuner.com\/es\/wp-json\/wp\/v2\/comments?post=886"}],"version-history":[{"count":5,"href":"https:\/\/vinsiolisuner.com\/es\/wp-json\/wp\/v2\/pages\/886\/revisions"}],"predecessor-version":[{"id":16969,"href":"https:\/\/vinsiolisuner.com\/es\/wp-json\/wp\/v2\/pages\/886\/revisions\/16969"}],"wp:attachment":[{"href":"https:\/\/vinsiolisuner.com\/es\/wp-json\/wp\/v2\/media?parent=886"}],"curies":[{"name":"wp","href":"https:\/\/api.w.org\/{rel}","templated":true}]}}