{"id":897,"date":"2015-08-05T13:19:05","date_gmt":"2015-08-05T11:19:05","guid":{"rendered":"http:\/\/vinsiolisuner.com\/?page_id=897"},"modified":"2020-04-08T19:04:38","modified_gmt":"2020-04-08T17:04:38","slug":"nuestro-aceite","status":"publish","type":"page","link":"https:\/\/vinsiolisuner.com\/es\/nuestro-aceite\/","title":{"rendered":"Aceite de Oliva de las Terres de l&#8217;Ebre"},"content":{"rendered":"[expand title=\u00bb\u00bb]\n<h2>Aceite&nbsp;ecol\u00f3gico<\/h2>\n<p>Aceite ecol\u00f3gico de oliva virgen extra de primera prensada de categor\u00eda superior y de gran excelencia por su aroma, el sabor de la aceituna fresca y sus propiedades nutritivas.<\/p>\n<p>Desde generaciones, la empresa familiar Aceites Su\u00f1er ha dedicado a la elaboraci\u00f3n del aceite respetando su tradici\u00f3n y el entorno que le rodea.<\/p>\n<p>Nuestros campos de olivos se encuentran en la poblaci\u00f3n de Ginestar, situado en el valle del Ebro. El clima mediterr\u00e1neo y las caracter\u00edsticas de su suelo, regado por el r\u00edo, es el que da atributos especiales a nuestro aceite.<\/p>\n<p>Con nuestros inicios en el a\u00f1o 1936, en Aceites Su\u00f1er hemos ido adaptando a las diferentes tecnolog\u00edas para el prensado del aceite que han ido apareciendo con el paso del tiempo.<\/p>\n<p>Adem\u00e1s de gastronom\u00eda y salud del aceite tambi\u00e9n es cultura y, por tanto, queremos otorgar valor a las variedades de nuestra comarca y tambi\u00e9n profundizar con la cata y el reconocimiento de estos aceites con caracter\u00edsticas organol\u00e9pticas propias.<\/p>\n<p>Entre nuestras variedades de aceite de oliva ecol\u00f3gico encontramos: de arbequina, de hoja de sauce, de empeltre, y de mezcla.<\/p>\n<p>La calidad de nuestro aceite ecol\u00f3gico ha sido avalada por los consumidores de nuestra tienda f\u00edsica durante a\u00f1os, ahora puedes disfrutar de nuestro aceite en tu casa desde cualquier parte del territorio y con tan s\u00f3lo un clic.<\/p>\n[\/expand]\n","protected":false},"excerpt":{"rendered":"<p>[expand title=\u00bb\u00bb] Aceite&nbsp;ecol\u00f3gico Aceite ecol\u00f3gico de oliva virgen extra de primera prensada de categor\u00eda superior y de gran excelencia por su aroma, el sabor de la aceituna fresca y sus propiedades nutritivas. Desde generaciones, la empresa familiar Aceites Su\u00f1er ha dedicado a la elaboraci\u00f3n del aceite respetando su tradici\u00f3n y el entorno que le rodea.<\/p>\n","protected":false},"author":1,"featured_media":0,"parent":0,"menu_order":0,"comment_status":"closed","ping_status":"closed","template":"","meta":{"footnotes":""},"class_list":["post-897","page","type-page","status-publish","hentry","prodpage-classic"],"yoast_head":"<!-- This site is optimized with the Yoast SEO plugin v25.2 - https:\/\/yoast.com\/wordpress\/plugins\/seo\/ -->\n<title>Aceite de Oliva de les Terres de l&#039;Ebre | Vins i Olis Su\u00f1er<\/title>\n<meta name=\"description\" content=\"Aceite ecol\u00f3gico de oliva virgen extra de primera prensada de categor\u00eda superior y de gran excelencia por su aroma y sus propiedades nutritivas.\" \/>\n<meta name=\"robots\" content=\"index, follow, max-snippet:-1, max-image-preview:large, max-video-preview:-1\" \/>\n<link rel=\"canonical\" href=\"https:\/\/vinsiolisuner.com\/es\/nuestro-aceite\/\" \/>\n<meta property=\"og:locale\" content=\"es_ES\" \/>\n<meta property=\"og:type\" content=\"article\" \/>\n<meta property=\"og:title\" content=\"Aceite de Oliva de les Terres de l&#039;Ebre | Vins i Olis Su\u00f1er\" \/>\n<meta property=\"og:description\" content=\"Aceite ecol\u00f3gico de oliva virgen extra de primera prensada de categor\u00eda superior y de gran excelencia por su aroma y sus propiedades nutritivas.\" \/>\n<meta property=\"og:url\" content=\"https:\/\/vinsiolisuner.com\/es\/nuestro-aceite\/\" \/>\n<meta property=\"og:site_name\" content=\"Vins i Olis Su\u00f1er\" \/>\n<meta property=\"article:modified_time\" content=\"2020-04-08T17:04:38+00:00\" \/>\n<meta name=\"twitter:label1\" content=\"Tiempo de lectura\" \/>\n\t<meta name=\"twitter:data1\" content=\"1 minuto\" \/>\n<script type=\"application\/ld+json\" class=\"yoast-schema-graph\">{\"@context\":\"https:\/\/schema.org\",\"@graph\":[{\"@type\":\"WebPage\",\"@id\":\"https:\/\/vinsiolisuner.com\/es\/nuestro-aceite\/\",\"url\":\"https:\/\/vinsiolisuner.com\/es\/nuestro-aceite\/\",\"name\":\"Aceite de Oliva de les Terres de l'Ebre | Vins i Olis Su\u00f1er\",\"isPartOf\":{\"@id\":\"https:\/\/vinsiolisuner.com\/#website\"},\"datePublished\":\"2015-08-05T11:19:05+00:00\",\"dateModified\":\"2020-04-08T17:04:38+00:00\",\"description\":\"Aceite ecol\u00f3gico de oliva virgen extra de primera prensada de categor\u00eda superior y de gran excelencia por su aroma y sus propiedades nutritivas.\",\"breadcrumb\":{\"@id\":\"https:\/\/vinsiolisuner.com\/es\/nuestro-aceite\/#breadcrumb\"},\"inLanguage\":\"es\",\"potentialAction\":[{\"@type\":\"ReadAction\",\"target\":[\"https:\/\/vinsiolisuner.com\/es\/nuestro-aceite\/\"]}]},{\"@type\":\"BreadcrumbList\",\"@id\":\"https:\/\/vinsiolisuner.com\/es\/nuestro-aceite\/#breadcrumb\",\"itemListElement\":[{\"@type\":\"ListItem\",\"position\":1,\"name\":\"Portada\",\"item\":\"https:\/\/vinsiolisuner.com\/es\/\"},{\"@type\":\"ListItem\",\"position\":2,\"name\":\"Aceite de Oliva de las Terres de l&#8217;Ebre\"}]},{\"@type\":\"WebSite\",\"@id\":\"https:\/\/vinsiolisuner.com\/#website\",\"url\":\"https:\/\/vinsiolisuner.com\/\",\"name\":\"Vins i Olis Su\u00f1er\",\"description\":\"Vins i Olis Su\u00f1er\",\"potentialAction\":[{\"@type\":\"SearchAction\",\"target\":{\"@type\":\"EntryPoint\",\"urlTemplate\":\"https:\/\/vinsiolisuner.com\/?s={search_term_string}\"},\"query-input\":{\"@type\":\"PropertyValueSpecification\",\"valueRequired\":true,\"valueName\":\"search_term_string\"}}],\"inLanguage\":\"es\"}]}<\/script>\n<!-- \/ Yoast SEO plugin. -->","yoast_head_json":{"title":"Aceite de Oliva de les Terres de l'Ebre | Vins i Olis Su\u00f1er","description":"Aceite ecol\u00f3gico de oliva virgen extra de primera prensada de categor\u00eda superior y de gran excelencia por su aroma y sus propiedades nutritivas.","robots":{"index":"index","follow":"follow","max-snippet":"max-snippet:-1","max-image-preview":"max-image-preview:large","max-video-preview":"max-video-preview:-1"},"canonical":"https:\/\/vinsiolisuner.com\/es\/nuestro-aceite\/","og_locale":"es_ES","og_type":"article","og_title":"Aceite de Oliva de les Terres de l'Ebre | Vins i Olis Su\u00f1er","og_description":"Aceite ecol\u00f3gico de oliva virgen extra de primera prensada de categor\u00eda superior y de gran excelencia por su aroma y sus propiedades nutritivas.","og_url":"https:\/\/vinsiolisuner.com\/es\/nuestro-aceite\/","og_site_name":"Vins i Olis Su\u00f1er","article_modified_time":"2020-04-08T17:04:38+00:00","twitter_misc":{"Tiempo de lectura":"1 minuto"},"schema":{"@context":"https:\/\/schema.org","@graph":[{"@type":"WebPage","@id":"https:\/\/vinsiolisuner.com\/es\/nuestro-aceite\/","url":"https:\/\/vinsiolisuner.com\/es\/nuestro-aceite\/","name":"Aceite de Oliva de les Terres de l'Ebre | Vins i Olis Su\u00f1er","isPartOf":{"@id":"https:\/\/vinsiolisuner.com\/#website"},"datePublished":"2015-08-05T11:19:05+00:00","dateModified":"2020-04-08T17:04:38+00:00","description":"Aceite ecol\u00f3gico de oliva virgen extra de primera prensada de categor\u00eda superior y de gran excelencia por su aroma y sus propiedades nutritivas.","breadcrumb":{"@id":"https:\/\/vinsiolisuner.com\/es\/nuestro-aceite\/#breadcrumb"},"inLanguage":"es","potentialAction":[{"@type":"ReadAction","target":["https:\/\/vinsiolisuner.com\/es\/nuestro-aceite\/"]}]},{"@type":"BreadcrumbList","@id":"https:\/\/vinsiolisuner.com\/es\/nuestro-aceite\/#breadcrumb","itemListElement":[{"@type":"ListItem","position":1,"name":"Portada","item":"https:\/\/vinsiolisuner.com\/es\/"},{"@type":"ListItem","position":2,"name":"Aceite de Oliva de las Terres de l&#8217;Ebre"}]},{"@type":"WebSite","@id":"https:\/\/vinsiolisuner.com\/#website","url":"https:\/\/vinsiolisuner.com\/","name":"Vins i Olis Su\u00f1er","description":"Vins i Olis Su\u00f1er","potentialAction":[{"@type":"SearchAction","target":{"@type":"EntryPoint","urlTemplate":"https:\/\/vinsiolisuner.com\/?s={search_term_string}"},"query-input":{"@type":"PropertyValueSpecification","valueRequired":true,"valueName":"search_term_string"}}],"inLanguage":"es"}]}},"_links":{"self":[{"href":"https:\/\/vinsiolisuner.com\/es\/wp-json\/wp\/v2\/pages\/897","targetHints":{"allow":["GET"]}}],"collection":[{"href":"https:\/\/vinsiolisuner.com\/es\/wp-json\/wp\/v2\/pages"}],"about":[{"href":"https:\/\/vinsiolisuner.com\/es\/wp-json\/wp\/v2\/types\/page"}],"author":[{"embeddable":true,"href":"https:\/\/vinsiolisuner.com\/es\/wp-json\/wp\/v2\/users\/1"}],"replies":[{"embeddable":true,"href":"https:\/\/vinsiolisuner.com\/es\/wp-json\/wp\/v2\/comments?post=897"}],"version-history":[{"count":6,"href":"https:\/\/vinsiolisuner.com\/es\/wp-json\/wp\/v2\/pages\/897\/revisions"}],"predecessor-version":[{"id":17409,"href":"https:\/\/vinsiolisuner.com\/es\/wp-json\/wp\/v2\/pages\/897\/revisions\/17409"}],"wp:attachment":[{"href":"https:\/\/vinsiolisuner.com\/es\/wp-json\/wp\/v2\/media?parent=897"}],"curies":[{"name":"wp","href":"https:\/\/api.w.org\/{rel}","templated":true}]}}