{"id":913,"date":"2015-08-05T14:33:05","date_gmt":"2015-08-05T12:33:05","guid":{"rendered":"http:\/\/vinsiolisuner.com\/?page_id=913"},"modified":"2020-05-22T15:52:58","modified_gmt":"2020-05-22T13:52:58","slug":"vino-suner","status":"publish","type":"page","link":"https:\/\/vinsiolisuner.com\/es\/vino-suner\/","title":{"rendered":"Vino Catal\u00e1n"},"content":{"rendered":"[expand title=\u00bb\u00bb]\n<h2>Vino Catal\u00e1n<\/h2>\n<p>Vino Catal\u00e1n de la mejor calidad. A Vinos y aceites ofrecemos vino blanco, vino rosado y vino tinto. En cuanto al vino tinto disponemos de Merlot y de Merlot Crianza.<\/p>\n<p>El blanco es un vino que se puede elaborar a partir de variedades de uva blanca oa partir de uva tinta de pulpa blanca. ES obtenido por la fermentaci\u00f3n del mosto sin hollejos y sin semillas.<\/p>\n<p>Al vino Rogier (rosado) encontramos el toque necesario del vino tinto para que le d\u00e9 esta tonalidad rosa, la intensidad de la tonalidad vendr\u00e1 marcada por la t\u00e9cnica que se haya utilizado para su producci\u00f3n.<\/p>\n<p>El negro, como bien la palabra lo indica es un vino producido con uvas negro. Dependiendo del envejecimiento que se realice del vino en la barrica obtendremos vinos j\u00f3venes, crianzas, reservas o grandes reservas.<\/p>\n<p>Nuestro vino se caracteriza por la situaci\u00f3n del territorio en el que se encuentra, Ginestar. La poblaci\u00f3n de Ginestar se sit\u00faa en las Tierras del Ebro, un lugar singular tanto por su proximidad al mar como la monta\u00f1a y que hace que la tierra se beneficie del fabuloso clima del mediterr\u00e1neo, ideal para el cultivo tanto de las vi\u00f1as como de los olivos.<\/p>\n<p>A Vinos y Aceites Su\u00f1er ofrecemos el mejor vino catal\u00e1n, con unos toques y sabores muy caracter\u00edsticos y que no decepcionan a ning\u00fan paladar.<\/p>\n[\/expand]\n","protected":false},"excerpt":{"rendered":"<p>[expand title=\u00bb\u00bb] Vino Catal\u00e1n Vino Catal\u00e1n de la mejor calidad. A Vinos y aceites ofrecemos vino blanco, vino rosado y vino tinto. En cuanto al vino tinto disponemos de Merlot y de Merlot Crianza. El blanco es un vino que se puede elaborar a partir de variedades de uva blanca oa partir de uva tinta<\/p>\n","protected":false},"author":1,"featured_media":0,"parent":0,"menu_order":0,"comment_status":"closed","ping_status":"open","template":"","meta":{"footnotes":""},"class_list":["post-913","page","type-page","status-publish","hentry","prodpage-classic"],"yoast_head":"<!-- This site is optimized with the Yoast SEO plugin v25.2 - https:\/\/yoast.com\/wordpress\/plugins\/seo\/ -->\n<title>Vino Catal\u00e1n | Vins i Olis Su\u00f1er<\/title>\n<meta name=\"description\" content=\"Vino Catal\u00e1n de la mejor calidad. A Vinos y aceites ofrecemos vino blanco, vino rosado y vino tinto. En cuanto al vino tinto disponemos de Merlot y de Merlot Crianza.\" \/>\n<meta name=\"robots\" content=\"index, follow, max-snippet:-1, max-image-preview:large, max-video-preview:-1\" \/>\n<link rel=\"canonical\" href=\"https:\/\/vinsiolisuner.com\/es\/vino-suner\/\" \/>\n<meta property=\"og:locale\" content=\"es_ES\" \/>\n<meta property=\"og:type\" content=\"article\" \/>\n<meta property=\"og:title\" content=\"Vino Catal\u00e1n | Vins i Olis Su\u00f1er\" \/>\n<meta property=\"og:description\" content=\"Vino Catal\u00e1n de la mejor calidad. A Vinos y aceites ofrecemos vino blanco, vino rosado y vino tinto. En cuanto al vino tinto disponemos de Merlot y de Merlot Crianza.\" \/>\n<meta property=\"og:url\" content=\"https:\/\/vinsiolisuner.com\/es\/vino-suner\/\" \/>\n<meta property=\"og:site_name\" content=\"Vins i Olis Su\u00f1er\" \/>\n<meta property=\"article:modified_time\" content=\"2020-05-22T13:52:58+00:00\" \/>\n<meta name=\"twitter:label1\" content=\"Tiempo de lectura\" \/>\n\t<meta name=\"twitter:data1\" content=\"1 minuto\" \/>\n<script type=\"application\/ld+json\" class=\"yoast-schema-graph\">{\"@context\":\"https:\/\/schema.org\",\"@graph\":[{\"@type\":\"WebPage\",\"@id\":\"https:\/\/vinsiolisuner.com\/es\/vino-suner\/\",\"url\":\"https:\/\/vinsiolisuner.com\/es\/vino-suner\/\",\"name\":\"Vino Catal\u00e1n | Vins i Olis Su\u00f1er\",\"isPartOf\":{\"@id\":\"https:\/\/vinsiolisuner.com\/#website\"},\"datePublished\":\"2015-08-05T12:33:05+00:00\",\"dateModified\":\"2020-05-22T13:52:58+00:00\",\"description\":\"Vino Catal\u00e1n de la mejor calidad. A Vinos y aceites ofrecemos vino blanco, vino rosado y vino tinto. En cuanto al vino tinto disponemos de Merlot y de Merlot Crianza.\",\"breadcrumb\":{\"@id\":\"https:\/\/vinsiolisuner.com\/es\/vino-suner\/#breadcrumb\"},\"inLanguage\":\"es\",\"potentialAction\":[{\"@type\":\"ReadAction\",\"target\":[\"https:\/\/vinsiolisuner.com\/es\/vino-suner\/\"]}]},{\"@type\":\"BreadcrumbList\",\"@id\":\"https:\/\/vinsiolisuner.com\/es\/vino-suner\/#breadcrumb\",\"itemListElement\":[{\"@type\":\"ListItem\",\"position\":1,\"name\":\"Portada\",\"item\":\"https:\/\/vinsiolisuner.com\/es\/\"},{\"@type\":\"ListItem\",\"position\":2,\"name\":\"Vino Catal\u00e1n\"}]},{\"@type\":\"WebSite\",\"@id\":\"https:\/\/vinsiolisuner.com\/#website\",\"url\":\"https:\/\/vinsiolisuner.com\/\",\"name\":\"Vins i Olis Su\u00f1er\",\"description\":\"Vins i Olis Su\u00f1er\",\"potentialAction\":[{\"@type\":\"SearchAction\",\"target\":{\"@type\":\"EntryPoint\",\"urlTemplate\":\"https:\/\/vinsiolisuner.com\/?s={search_term_string}\"},\"query-input\":{\"@type\":\"PropertyValueSpecification\",\"valueRequired\":true,\"valueName\":\"search_term_string\"}}],\"inLanguage\":\"es\"}]}<\/script>\n<!-- \/ Yoast SEO plugin. -->","yoast_head_json":{"title":"Vino Catal\u00e1n | Vins i Olis Su\u00f1er","description":"Vino Catal\u00e1n de la mejor calidad. A Vinos y aceites ofrecemos vino blanco, vino rosado y vino tinto. En cuanto al vino tinto disponemos de Merlot y de Merlot Crianza.","robots":{"index":"index","follow":"follow","max-snippet":"max-snippet:-1","max-image-preview":"max-image-preview:large","max-video-preview":"max-video-preview:-1"},"canonical":"https:\/\/vinsiolisuner.com\/es\/vino-suner\/","og_locale":"es_ES","og_type":"article","og_title":"Vino Catal\u00e1n | Vins i Olis Su\u00f1er","og_description":"Vino Catal\u00e1n de la mejor calidad. A Vinos y aceites ofrecemos vino blanco, vino rosado y vino tinto. En cuanto al vino tinto disponemos de Merlot y de Merlot Crianza.","og_url":"https:\/\/vinsiolisuner.com\/es\/vino-suner\/","og_site_name":"Vins i Olis Su\u00f1er","article_modified_time":"2020-05-22T13:52:58+00:00","twitter_misc":{"Tiempo de lectura":"1 minuto"},"schema":{"@context":"https:\/\/schema.org","@graph":[{"@type":"WebPage","@id":"https:\/\/vinsiolisuner.com\/es\/vino-suner\/","url":"https:\/\/vinsiolisuner.com\/es\/vino-suner\/","name":"Vino Catal\u00e1n | Vins i Olis Su\u00f1er","isPartOf":{"@id":"https:\/\/vinsiolisuner.com\/#website"},"datePublished":"2015-08-05T12:33:05+00:00","dateModified":"2020-05-22T13:52:58+00:00","description":"Vino Catal\u00e1n de la mejor calidad. A Vinos y aceites ofrecemos vino blanco, vino rosado y vino tinto. En cuanto al vino tinto disponemos de Merlot y de Merlot Crianza.","breadcrumb":{"@id":"https:\/\/vinsiolisuner.com\/es\/vino-suner\/#breadcrumb"},"inLanguage":"es","potentialAction":[{"@type":"ReadAction","target":["https:\/\/vinsiolisuner.com\/es\/vino-suner\/"]}]},{"@type":"BreadcrumbList","@id":"https:\/\/vinsiolisuner.com\/es\/vino-suner\/#breadcrumb","itemListElement":[{"@type":"ListItem","position":1,"name":"Portada","item":"https:\/\/vinsiolisuner.com\/es\/"},{"@type":"ListItem","position":2,"name":"Vino Catal\u00e1n"}]},{"@type":"WebSite","@id":"https:\/\/vinsiolisuner.com\/#website","url":"https:\/\/vinsiolisuner.com\/","name":"Vins i Olis Su\u00f1er","description":"Vins i Olis Su\u00f1er","potentialAction":[{"@type":"SearchAction","target":{"@type":"EntryPoint","urlTemplate":"https:\/\/vinsiolisuner.com\/?s={search_term_string}"},"query-input":{"@type":"PropertyValueSpecification","valueRequired":true,"valueName":"search_term_string"}}],"inLanguage":"es"}]}},"_links":{"self":[{"href":"https:\/\/vinsiolisuner.com\/es\/wp-json\/wp\/v2\/pages\/913","targetHints":{"allow":["GET"]}}],"collection":[{"href":"https:\/\/vinsiolisuner.com\/es\/wp-json\/wp\/v2\/pages"}],"about":[{"href":"https:\/\/vinsiolisuner.com\/es\/wp-json\/wp\/v2\/types\/page"}],"author":[{"embeddable":true,"href":"https:\/\/vinsiolisuner.com\/es\/wp-json\/wp\/v2\/users\/1"}],"replies":[{"embeddable":true,"href":"https:\/\/vinsiolisuner.com\/es\/wp-json\/wp\/v2\/comments?post=913"}],"version-history":[{"count":5,"href":"https:\/\/vinsiolisuner.com\/es\/wp-json\/wp\/v2\/pages\/913\/revisions"}],"predecessor-version":[{"id":17944,"href":"https:\/\/vinsiolisuner.com\/es\/wp-json\/wp\/v2\/pages\/913\/revisions\/17944"}],"wp:attachment":[{"href":"https:\/\/vinsiolisuner.com\/es\/wp-json\/wp\/v2\/media?parent=913"}],"curies":[{"name":"wp","href":"https:\/\/api.w.org\/{rel}","templated":true}]}}