{"id":928,"date":"2015-08-09T15:20:17","date_gmt":"2015-08-09T13:20:17","guid":{"rendered":"http:\/\/vinsiolisuner.com\/?page_id=928"},"modified":"2022-05-17T15:39:13","modified_gmt":"2022-05-17T13:39:13","slug":"enoturismo-en-las-terres-de-lebre","status":"publish","type":"page","link":"https:\/\/vinsiolisuner.com\/es\/enoturismo-en-las-terres-de-lebre\/","title":{"rendered":"Enoturismo en las Terres de l&#8217;Ebre"},"content":{"rendered":"[expand title=\u00bb\u00bb]\n<h2>Enoturismo en las Terres de l\u2019Ebre<\/h2>\n<p>El Enoturismo en las Terres de l\u2019Ebre se est\u00e1 convirtiendo en un atractivo tur\u00edstico muy grande. La gastronom\u00eda, la belleza del territorio o el clima, son aspectos muy valorados por el turista que visitan nuestra zona.<\/p>\n<p>El hecho de que cada d\u00eda las personas muestran m\u00e1s inter\u00e9s por el aprendizaje por el entorno del vino ha hecho que d\u00eda tras d\u00eda el inter\u00e9s por el enoturismo est\u00e9 costando crecimiento. Es por este motivo que en Vinos y Aceites Su\u00f1er hemos dedicado un gran esfuerzo para preparar paquetes tur\u00edsticos dedicados al enoturismo y que la gente pueda conocer y disfrutar de un entorno tan interesante como es el de la enolog\u00eda.<\/p>\n<p>A Vinos y Aceites podr\u00e1s disfrutar de las siguientes experiencias:<\/p>\n<p>&#8211; Visita a los vi\u00f1edos y la bodega con degustaci\u00f3n.<\/p>\n<p>Visita para conocer c\u00f3mo se realiza la cosecha y la producci\u00f3n del vino.<\/p>\n<p>-Maridatge Entre vi\u00f1edos con productos de la Ribera del Ebro.<\/p>\n<p>En el caso del paquete para conocer c\u00f3mo se realiza la cosecha y la producci\u00f3n del vino, debido a su estacionalidad, s\u00f3lo se realiza desde finales de agosto hasta principios de septiembre, es por este motivo que reservar antes posible, ya que hay mucho de gente interesada y poco tiempo para poder ofrecerla.<\/p>\n[\/expand]\n","protected":false},"excerpt":{"rendered":"<p>[expand title=\u00bb\u00bb] Enoturismo en las Terres de l\u2019Ebre El Enoturismo en las Terres de l\u2019Ebre se est\u00e1 convirtiendo en un atractivo tur\u00edstico muy grande. La gastronom\u00eda, la belleza del territorio o el clima, son aspectos muy valorados por el turista que visitan nuestra zona. El hecho de que cada d\u00eda las personas muestran m\u00e1s inter\u00e9s<\/p>\n","protected":false},"author":1,"featured_media":0,"parent":0,"menu_order":0,"comment_status":"closed","ping_status":"open","template":"","meta":{"footnotes":""},"class_list":["post-928","page","type-page","status-publish","hentry","prodpage-classic"],"yoast_head":"<!-- This site is optimized with the Yoast SEO plugin v25.2 - https:\/\/yoast.com\/wordpress\/plugins\/seo\/ -->\n<title>Enoturismo en las Terres de l\u2019Ebre | Vins i Olis Su\u00f1er<\/title>\n<meta name=\"description\" content=\"Su belleza, la gastronom\u00eda o el clima , son los factores que han conseguido un gran atractivo para realizar Enoturismo en las Terres de l\u2019Ebre.\" \/>\n<meta name=\"robots\" content=\"index, follow, max-snippet:-1, max-image-preview:large, max-video-preview:-1\" \/>\n<link rel=\"canonical\" href=\"https:\/\/vinsiolisuner.com\/es\/enoturismo-en-las-terres-de-lebre\/\" \/>\n<meta property=\"og:locale\" content=\"es_ES\" \/>\n<meta property=\"og:type\" content=\"article\" \/>\n<meta property=\"og:title\" content=\"Enoturismo en las Terres de l\u2019Ebre | Vins i Olis Su\u00f1er\" \/>\n<meta property=\"og:description\" content=\"Su belleza, la gastronom\u00eda o el clima , son los factores que han conseguido un gran atractivo para realizar Enoturismo en las Terres de l\u2019Ebre.\" \/>\n<meta property=\"og:url\" content=\"https:\/\/vinsiolisuner.com\/es\/enoturismo-en-las-terres-de-lebre\/\" \/>\n<meta property=\"og:site_name\" content=\"Vins i Olis Su\u00f1er\" \/>\n<meta property=\"article:modified_time\" content=\"2022-05-17T13:39:13+00:00\" \/>\n<meta name=\"twitter:label1\" content=\"Tiempo de lectura\" \/>\n\t<meta name=\"twitter:data1\" content=\"1 minuto\" \/>\n<script type=\"application\/ld+json\" class=\"yoast-schema-graph\">{\"@context\":\"https:\/\/schema.org\",\"@graph\":[{\"@type\":\"WebPage\",\"@id\":\"https:\/\/vinsiolisuner.com\/es\/enoturismo-en-las-terres-de-lebre\/\",\"url\":\"https:\/\/vinsiolisuner.com\/es\/enoturismo-en-las-terres-de-lebre\/\",\"name\":\"Enoturismo en las Terres de l\u2019Ebre | Vins i Olis Su\u00f1er\",\"isPartOf\":{\"@id\":\"https:\/\/vinsiolisuner.com\/#website\"},\"datePublished\":\"2015-08-09T13:20:17+00:00\",\"dateModified\":\"2022-05-17T13:39:13+00:00\",\"description\":\"Su belleza, la gastronom\u00eda o el clima , son los factores que han conseguido un gran atractivo para realizar Enoturismo en las Terres de l\u2019Ebre.\",\"breadcrumb\":{\"@id\":\"https:\/\/vinsiolisuner.com\/es\/enoturismo-en-las-terres-de-lebre\/#breadcrumb\"},\"inLanguage\":\"es\",\"potentialAction\":[{\"@type\":\"ReadAction\",\"target\":[\"https:\/\/vinsiolisuner.com\/es\/enoturismo-en-las-terres-de-lebre\/\"]}]},{\"@type\":\"BreadcrumbList\",\"@id\":\"https:\/\/vinsiolisuner.com\/es\/enoturismo-en-las-terres-de-lebre\/#breadcrumb\",\"itemListElement\":[{\"@type\":\"ListItem\",\"position\":1,\"name\":\"Portada\",\"item\":\"https:\/\/vinsiolisuner.com\/es\/\"},{\"@type\":\"ListItem\",\"position\":2,\"name\":\"Enoturismo en las Terres de l&#8217;Ebre\"}]},{\"@type\":\"WebSite\",\"@id\":\"https:\/\/vinsiolisuner.com\/#website\",\"url\":\"https:\/\/vinsiolisuner.com\/\",\"name\":\"Vins i Olis Su\u00f1er\",\"description\":\"Vins i Olis Su\u00f1er\",\"potentialAction\":[{\"@type\":\"SearchAction\",\"target\":{\"@type\":\"EntryPoint\",\"urlTemplate\":\"https:\/\/vinsiolisuner.com\/?s={search_term_string}\"},\"query-input\":{\"@type\":\"PropertyValueSpecification\",\"valueRequired\":true,\"valueName\":\"search_term_string\"}}],\"inLanguage\":\"es\"}]}<\/script>\n<!-- \/ Yoast SEO plugin. -->","yoast_head_json":{"title":"Enoturismo en las Terres de l\u2019Ebre | Vins i Olis Su\u00f1er","description":"Su belleza, la gastronom\u00eda o el clima , son los factores que han conseguido un gran atractivo para realizar Enoturismo en las Terres de l\u2019Ebre.","robots":{"index":"index","follow":"follow","max-snippet":"max-snippet:-1","max-image-preview":"max-image-preview:large","max-video-preview":"max-video-preview:-1"},"canonical":"https:\/\/vinsiolisuner.com\/es\/enoturismo-en-las-terres-de-lebre\/","og_locale":"es_ES","og_type":"article","og_title":"Enoturismo en las Terres de l\u2019Ebre | Vins i Olis Su\u00f1er","og_description":"Su belleza, la gastronom\u00eda o el clima , son los factores que han conseguido un gran atractivo para realizar Enoturismo en las Terres de l\u2019Ebre.","og_url":"https:\/\/vinsiolisuner.com\/es\/enoturismo-en-las-terres-de-lebre\/","og_site_name":"Vins i Olis Su\u00f1er","article_modified_time":"2022-05-17T13:39:13+00:00","twitter_misc":{"Tiempo de lectura":"1 minuto"},"schema":{"@context":"https:\/\/schema.org","@graph":[{"@type":"WebPage","@id":"https:\/\/vinsiolisuner.com\/es\/enoturismo-en-las-terres-de-lebre\/","url":"https:\/\/vinsiolisuner.com\/es\/enoturismo-en-las-terres-de-lebre\/","name":"Enoturismo en las Terres de l\u2019Ebre | Vins i Olis Su\u00f1er","isPartOf":{"@id":"https:\/\/vinsiolisuner.com\/#website"},"datePublished":"2015-08-09T13:20:17+00:00","dateModified":"2022-05-17T13:39:13+00:00","description":"Su belleza, la gastronom\u00eda o el clima , son los factores que han conseguido un gran atractivo para realizar Enoturismo en las Terres de l\u2019Ebre.","breadcrumb":{"@id":"https:\/\/vinsiolisuner.com\/es\/enoturismo-en-las-terres-de-lebre\/#breadcrumb"},"inLanguage":"es","potentialAction":[{"@type":"ReadAction","target":["https:\/\/vinsiolisuner.com\/es\/enoturismo-en-las-terres-de-lebre\/"]}]},{"@type":"BreadcrumbList","@id":"https:\/\/vinsiolisuner.com\/es\/enoturismo-en-las-terres-de-lebre\/#breadcrumb","itemListElement":[{"@type":"ListItem","position":1,"name":"Portada","item":"https:\/\/vinsiolisuner.com\/es\/"},{"@type":"ListItem","position":2,"name":"Enoturismo en las Terres de l&#8217;Ebre"}]},{"@type":"WebSite","@id":"https:\/\/vinsiolisuner.com\/#website","url":"https:\/\/vinsiolisuner.com\/","name":"Vins i Olis Su\u00f1er","description":"Vins i Olis Su\u00f1er","potentialAction":[{"@type":"SearchAction","target":{"@type":"EntryPoint","urlTemplate":"https:\/\/vinsiolisuner.com\/?s={search_term_string}"},"query-input":{"@type":"PropertyValueSpecification","valueRequired":true,"valueName":"search_term_string"}}],"inLanguage":"es"}]}},"_links":{"self":[{"href":"https:\/\/vinsiolisuner.com\/es\/wp-json\/wp\/v2\/pages\/928","targetHints":{"allow":["GET"]}}],"collection":[{"href":"https:\/\/vinsiolisuner.com\/es\/wp-json\/wp\/v2\/pages"}],"about":[{"href":"https:\/\/vinsiolisuner.com\/es\/wp-json\/wp\/v2\/types\/page"}],"author":[{"embeddable":true,"href":"https:\/\/vinsiolisuner.com\/es\/wp-json\/wp\/v2\/users\/1"}],"replies":[{"embeddable":true,"href":"https:\/\/vinsiolisuner.com\/es\/wp-json\/wp\/v2\/comments?post=928"}],"version-history":[{"count":5,"href":"https:\/\/vinsiolisuner.com\/es\/wp-json\/wp\/v2\/pages\/928\/revisions"}],"predecessor-version":[{"id":18261,"href":"https:\/\/vinsiolisuner.com\/es\/wp-json\/wp\/v2\/pages\/928\/revisions\/18261"}],"wp:attachment":[{"href":"https:\/\/vinsiolisuner.com\/es\/wp-json\/wp\/v2\/media?parent=928"}],"curies":[{"name":"wp","href":"https:\/\/api.w.org\/{rel}","templated":true}]}}