{"id":934,"date":"2015-08-10T02:02:03","date_gmt":"2015-08-10T00:02:03","guid":{"rendered":"http:\/\/vinsiolisuner.com\/?page_id=934"},"modified":"2020-04-23T17:37:50","modified_gmt":"2020-04-23T15:37:50","slug":"contacto","status":"publish","type":"page","link":"https:\/\/vinsiolisuner.com\/es\/contacto\/","title":{"rendered":"Contacto"},"content":{"rendered":"[expand title=\u00bb\u00bb]\n<h2>Contacto<\/h2>\n<p>Utiliza nuestro contacto para cualquier consulta que tenga y desee compartir con nosotros. Intentaremos contestar con la mayor brevedad posible.<\/p>\n<p>Nuestra direcci\u00f3n postal es: calle San Antonio, 29, 43748 a la poblaci\u00f3n de Ginestar, TARRAGONA. Tambi\u00e9n atendemos consultas telef\u00f3nicas al tel\u00e9fono 977 409 039 o por email en la siguiente direcci\u00f3n: info@vinsiolisuner.com.<\/p>\n<p>A Vinos y Aceites Su\u00f1er trabajamos constantemente para ofrecer la mejor atenci\u00f3n al cliente, es por ello que contamos con el capital humano necesario para atender todas las necesidades de nuestros clientes.<\/p>\n<p>Para cualquier duda con alguna de nuestras visitas de enoturismo o con el proceso de compra de alguno de nuestros productos, no dude en ponerse en contacto con nosotros a trav\u00e9s de nuestro email de atenci\u00f3n al cliente: info @ vinsiolissuner. como.<\/p>\n<p>Desc\u00e1rgate nuestro contacto a tu smartphone a trav\u00e9s del c\u00f3digo QR que ves en la pantalla, es la forma m\u00e1s sencilla de podernos contactar siempre que te haga falta aunque no tengas disponibilidad de conexi\u00f3n a la red.<\/p>\n<p>Vinos y Aceites quiere recordar la estricta necesidad de realizar reservas anticipadas para la realizaci\u00f3n de la visita para conocer el proceso de producci\u00f3n de nuestros vinos en agosto ya que, al tratarse de una visita que se ve limitada por la estacionalidad , la demanda suele ser muy elevada.<\/p>\n[\/expand]\n","protected":false},"excerpt":{"rendered":"<p>[expand title=\u00bb\u00bb] Contacto Utiliza nuestro contacto para cualquier consulta que tenga y desee compartir con nosotros. Intentaremos contestar con la mayor brevedad posible. Nuestra direcci\u00f3n postal es: calle San Antonio, 29, 43748 a la poblaci\u00f3n de Ginestar, TARRAGONA. Tambi\u00e9n atendemos consultas telef\u00f3nicas al tel\u00e9fono 977 409 039 o por email en la siguiente direcci\u00f3n: info@vinsiolisuner.com.<\/p>\n","protected":false},"author":1,"featured_media":0,"parent":0,"menu_order":0,"comment_status":"closed","ping_status":"open","template":"","meta":{"footnotes":""},"class_list":["post-934","page","type-page","status-publish","hentry","prodpage-classic"],"yoast_head":"<!-- This site is optimized with the Yoast SEO plugin v25.2 - https:\/\/yoast.com\/wordpress\/plugins\/seo\/ -->\n<title>Contacto | Vins i Olis Su\u00f1er<\/title>\n<meta name=\"description\" content=\"Utiliza nuestro contacto para cualquier consulta que tenga y desee compartir con nosotros. Contacta con Vinos y Aceites Su\u00f1er ahora!\" \/>\n<meta name=\"robots\" content=\"index, follow, max-snippet:-1, max-image-preview:large, max-video-preview:-1\" \/>\n<link rel=\"canonical\" href=\"https:\/\/vinsiolisuner.com\/es\/contacto\/\" \/>\n<meta property=\"og:locale\" content=\"es_ES\" \/>\n<meta property=\"og:type\" content=\"article\" \/>\n<meta property=\"og:title\" content=\"Contacto | Vins i Olis Su\u00f1er\" \/>\n<meta property=\"og:description\" content=\"Utiliza nuestro contacto para cualquier consulta que tenga y desee compartir con nosotros. Contacta con Vinos y Aceites Su\u00f1er ahora!\" \/>\n<meta property=\"og:url\" content=\"https:\/\/vinsiolisuner.com\/es\/contacto\/\" \/>\n<meta property=\"og:site_name\" content=\"Vins i Olis Su\u00f1er\" \/>\n<meta property=\"article:modified_time\" content=\"2020-04-23T15:37:50+00:00\" \/>\n<meta name=\"twitter:label1\" content=\"Tiempo de lectura\" \/>\n\t<meta name=\"twitter:data1\" content=\"1 minuto\" \/>\n<script type=\"application\/ld+json\" class=\"yoast-schema-graph\">{\"@context\":\"https:\/\/schema.org\",\"@graph\":[{\"@type\":\"WebPage\",\"@id\":\"https:\/\/vinsiolisuner.com\/es\/contacto\/\",\"url\":\"https:\/\/vinsiolisuner.com\/es\/contacto\/\",\"name\":\"Contacto | Vins i Olis Su\u00f1er\",\"isPartOf\":{\"@id\":\"https:\/\/vinsiolisuner.com\/#website\"},\"datePublished\":\"2015-08-10T00:02:03+00:00\",\"dateModified\":\"2020-04-23T15:37:50+00:00\",\"description\":\"Utiliza nuestro contacto para cualquier consulta que tenga y desee compartir con nosotros. Contacta con Vinos y Aceites Su\u00f1er ahora!\",\"breadcrumb\":{\"@id\":\"https:\/\/vinsiolisuner.com\/es\/contacto\/#breadcrumb\"},\"inLanguage\":\"es\",\"potentialAction\":[{\"@type\":\"ReadAction\",\"target\":[\"https:\/\/vinsiolisuner.com\/es\/contacto\/\"]}]},{\"@type\":\"BreadcrumbList\",\"@id\":\"https:\/\/vinsiolisuner.com\/es\/contacto\/#breadcrumb\",\"itemListElement\":[{\"@type\":\"ListItem\",\"position\":1,\"name\":\"Portada\",\"item\":\"https:\/\/vinsiolisuner.com\/es\/\"},{\"@type\":\"ListItem\",\"position\":2,\"name\":\"Contacto\"}]},{\"@type\":\"WebSite\",\"@id\":\"https:\/\/vinsiolisuner.com\/#website\",\"url\":\"https:\/\/vinsiolisuner.com\/\",\"name\":\"Vins i Olis Su\u00f1er\",\"description\":\"Vins i Olis Su\u00f1er\",\"potentialAction\":[{\"@type\":\"SearchAction\",\"target\":{\"@type\":\"EntryPoint\",\"urlTemplate\":\"https:\/\/vinsiolisuner.com\/?s={search_term_string}\"},\"query-input\":{\"@type\":\"PropertyValueSpecification\",\"valueRequired\":true,\"valueName\":\"search_term_string\"}}],\"inLanguage\":\"es\"}]}<\/script>\n<!-- \/ Yoast SEO plugin. -->","yoast_head_json":{"title":"Contacto | Vins i Olis Su\u00f1er","description":"Utiliza nuestro contacto para cualquier consulta que tenga y desee compartir con nosotros. Contacta con Vinos y Aceites Su\u00f1er ahora!","robots":{"index":"index","follow":"follow","max-snippet":"max-snippet:-1","max-image-preview":"max-image-preview:large","max-video-preview":"max-video-preview:-1"},"canonical":"https:\/\/vinsiolisuner.com\/es\/contacto\/","og_locale":"es_ES","og_type":"article","og_title":"Contacto | Vins i Olis Su\u00f1er","og_description":"Utiliza nuestro contacto para cualquier consulta que tenga y desee compartir con nosotros. Contacta con Vinos y Aceites Su\u00f1er ahora!","og_url":"https:\/\/vinsiolisuner.com\/es\/contacto\/","og_site_name":"Vins i Olis Su\u00f1er","article_modified_time":"2020-04-23T15:37:50+00:00","twitter_misc":{"Tiempo de lectura":"1 minuto"},"schema":{"@context":"https:\/\/schema.org","@graph":[{"@type":"WebPage","@id":"https:\/\/vinsiolisuner.com\/es\/contacto\/","url":"https:\/\/vinsiolisuner.com\/es\/contacto\/","name":"Contacto | Vins i Olis Su\u00f1er","isPartOf":{"@id":"https:\/\/vinsiolisuner.com\/#website"},"datePublished":"2015-08-10T00:02:03+00:00","dateModified":"2020-04-23T15:37:50+00:00","description":"Utiliza nuestro contacto para cualquier consulta que tenga y desee compartir con nosotros. Contacta con Vinos y Aceites Su\u00f1er ahora!","breadcrumb":{"@id":"https:\/\/vinsiolisuner.com\/es\/contacto\/#breadcrumb"},"inLanguage":"es","potentialAction":[{"@type":"ReadAction","target":["https:\/\/vinsiolisuner.com\/es\/contacto\/"]}]},{"@type":"BreadcrumbList","@id":"https:\/\/vinsiolisuner.com\/es\/contacto\/#breadcrumb","itemListElement":[{"@type":"ListItem","position":1,"name":"Portada","item":"https:\/\/vinsiolisuner.com\/es\/"},{"@type":"ListItem","position":2,"name":"Contacto"}]},{"@type":"WebSite","@id":"https:\/\/vinsiolisuner.com\/#website","url":"https:\/\/vinsiolisuner.com\/","name":"Vins i Olis Su\u00f1er","description":"Vins i Olis Su\u00f1er","potentialAction":[{"@type":"SearchAction","target":{"@type":"EntryPoint","urlTemplate":"https:\/\/vinsiolisuner.com\/?s={search_term_string}"},"query-input":{"@type":"PropertyValueSpecification","valueRequired":true,"valueName":"search_term_string"}}],"inLanguage":"es"}]}},"_links":{"self":[{"href":"https:\/\/vinsiolisuner.com\/es\/wp-json\/wp\/v2\/pages\/934","targetHints":{"allow":["GET"]}}],"collection":[{"href":"https:\/\/vinsiolisuner.com\/es\/wp-json\/wp\/v2\/pages"}],"about":[{"href":"https:\/\/vinsiolisuner.com\/es\/wp-json\/wp\/v2\/types\/page"}],"author":[{"embeddable":true,"href":"https:\/\/vinsiolisuner.com\/es\/wp-json\/wp\/v2\/users\/1"}],"replies":[{"embeddable":true,"href":"https:\/\/vinsiolisuner.com\/es\/wp-json\/wp\/v2\/comments?post=934"}],"version-history":[{"count":5,"href":"https:\/\/vinsiolisuner.com\/es\/wp-json\/wp\/v2\/pages\/934\/revisions"}],"predecessor-version":[{"id":17728,"href":"https:\/\/vinsiolisuner.com\/es\/wp-json\/wp\/v2\/pages\/934\/revisions\/17728"}],"wp:attachment":[{"href":"https:\/\/vinsiolisuner.com\/es\/wp-json\/wp\/v2\/media?parent=934"}],"curies":[{"name":"wp","href":"https:\/\/api.w.org\/{rel}","templated":true}]}}