{"id":940,"date":"2015-08-10T02:13:10","date_gmt":"2015-08-10T00:13:10","guid":{"rendered":"http:\/\/vinsiolisuner.com\/?page_id=940"},"modified":"2015-08-19T13:01:44","modified_gmt":"2015-08-19T11:01:44","slug":"fotos-de-vins-i-oli-suner","status":"publish","type":"page","link":"https:\/\/vinsiolisuner.com\/es\/fotos-de-vins-i-oli-suner\/","title":{"rendered":"Fotos de vino y aceite"},"content":{"rendered":"[expand title=\u00bb\u00bb]\n<h2>Fotos de vino y aceite<\/h2>\n<p>Espacio dedicado a Fotos de vino y aceite. Contempla nuestras tierras, nuestros vi\u00f1edos, nuestros olivos, nuestros productos o procesos.<\/p>\n<p>Queremos compartir con todos vosotros nuestro amor incondicional por el mundo del vino y el aceite. Esta pasi\u00f3n nos lleva a poner todo nuestro juicio en todas las acciones que realizamos.<\/p>\n<p>En esta secci\u00f3n tambi\u00e9n podr\u00e1 disfrutar de las galer\u00edas fotogr\u00e1ficas de las visitas de enoturismo realizadas en Vinos y Aceites Su\u00f1er adem\u00e1s de todos los eventos importantes que se realizan en nuestras instalaciones en Ginestar.<\/p>\n<p>Desde hace m\u00e1s de medio siglo que las generaciones antepasadas comenzaron el camino de Vinos y Aceites Su\u00f1er. A\u00f1o tras a\u00f1o nos hemos ido superando y mejorando, con el fin de ofrecer los mejores productos y las mejores sensaciones a nuestros clientes.<\/p>\n<p>Los inicios de Vinos y Aceites Su\u00f1er datan del a\u00f1o 1939, donde se conoc\u00eda por su marca de aceite Aceites Hijo de Manuel Su\u00f1er. Desde entonces a llovido mucho, pero la empresa no ha perdido su esencia.<\/p>\n<p>Disfruta de todas nuestras im\u00e1genes y te animamos a compartirlas en tus redes sociales: Facebook, twitter, Google+, Instagram, Pinterest, etc. de esta forma siempre llevar\u00e1s un recuerdo de Vinos y Aceites Su\u00f1er.<\/p>\n<p>&nbsp;<\/p>\n[\/expand]\n","protected":false},"excerpt":{"rendered":"<p>[expand title=\u00bb\u00bb] Fotos de vino y aceite Espacio dedicado a Fotos de vino y aceite. Contempla nuestras tierras, nuestros vi\u00f1edos, nuestros olivos, nuestros productos o procesos. Queremos compartir con todos vosotros nuestro amor incondicional por el mundo del vino y el aceite. Esta pasi\u00f3n nos lleva a poner todo nuestro juicio en todas las acciones<\/p>\n","protected":false},"author":1,"featured_media":0,"parent":0,"menu_order":0,"comment_status":"closed","ping_status":"open","template":"","meta":{"footnotes":""},"class_list":["post-940","page","type-page","status-publish","hentry","prodpage-classic"],"yoast_head":"<!-- This site is optimized with the Yoast SEO plugin v25.2 - https:\/\/yoast.com\/wordpress\/plugins\/seo\/ -->\n<title>Fotos de vino y aceite | Vins i Olis Su\u00f1er<\/title>\n<meta name=\"description\" content=\"Espacio dedicado a fotos de vino y aceite. Contempla nuestras tierras, nuestros vi\u00f1edos, nuestros olivos, nuestros productos o procesos.\" \/>\n<meta name=\"robots\" content=\"index, follow, max-snippet:-1, max-image-preview:large, max-video-preview:-1\" \/>\n<link rel=\"canonical\" href=\"https:\/\/vinsiolisuner.com\/es\/fotos-de-vins-i-oli-suner\/\" \/>\n<meta property=\"og:locale\" content=\"es_ES\" \/>\n<meta property=\"og:type\" content=\"article\" \/>\n<meta property=\"og:title\" content=\"Fotos de vino y aceite | Vins i Olis Su\u00f1er\" \/>\n<meta property=\"og:description\" content=\"Espacio dedicado a fotos de vino y aceite. Contempla nuestras tierras, nuestros vi\u00f1edos, nuestros olivos, nuestros productos o procesos.\" \/>\n<meta property=\"og:url\" content=\"https:\/\/vinsiolisuner.com\/es\/fotos-de-vins-i-oli-suner\/\" \/>\n<meta property=\"og:site_name\" content=\"Vins i Olis Su\u00f1er\" \/>\n<meta property=\"article:modified_time\" content=\"2015-08-19T11:01:44+00:00\" \/>\n<meta name=\"twitter:label1\" content=\"Tiempo de lectura\" \/>\n\t<meta name=\"twitter:data1\" content=\"1 minuto\" \/>\n<script type=\"application\/ld+json\" class=\"yoast-schema-graph\">{\"@context\":\"https:\/\/schema.org\",\"@graph\":[{\"@type\":\"WebPage\",\"@id\":\"https:\/\/vinsiolisuner.com\/es\/fotos-de-vins-i-oli-suner\/\",\"url\":\"https:\/\/vinsiolisuner.com\/es\/fotos-de-vins-i-oli-suner\/\",\"name\":\"Fotos de vino y aceite | Vins i Olis Su\u00f1er\",\"isPartOf\":{\"@id\":\"https:\/\/vinsiolisuner.com\/#website\"},\"datePublished\":\"2015-08-10T00:13:10+00:00\",\"dateModified\":\"2015-08-19T11:01:44+00:00\",\"description\":\"Espacio dedicado a fotos de vino y aceite. Contempla nuestras tierras, nuestros vi\u00f1edos, nuestros olivos, nuestros productos o procesos.\",\"breadcrumb\":{\"@id\":\"https:\/\/vinsiolisuner.com\/es\/fotos-de-vins-i-oli-suner\/#breadcrumb\"},\"inLanguage\":\"es\",\"potentialAction\":[{\"@type\":\"ReadAction\",\"target\":[\"https:\/\/vinsiolisuner.com\/es\/fotos-de-vins-i-oli-suner\/\"]}]},{\"@type\":\"BreadcrumbList\",\"@id\":\"https:\/\/vinsiolisuner.com\/es\/fotos-de-vins-i-oli-suner\/#breadcrumb\",\"itemListElement\":[{\"@type\":\"ListItem\",\"position\":1,\"name\":\"Portada\",\"item\":\"https:\/\/vinsiolisuner.com\/es\/\"},{\"@type\":\"ListItem\",\"position\":2,\"name\":\"Fotos de vino y aceite\"}]},{\"@type\":\"WebSite\",\"@id\":\"https:\/\/vinsiolisuner.com\/#website\",\"url\":\"https:\/\/vinsiolisuner.com\/\",\"name\":\"Vins i Olis Su\u00f1er\",\"description\":\"Vins i Olis Su\u00f1er\",\"potentialAction\":[{\"@type\":\"SearchAction\",\"target\":{\"@type\":\"EntryPoint\",\"urlTemplate\":\"https:\/\/vinsiolisuner.com\/?s={search_term_string}\"},\"query-input\":{\"@type\":\"PropertyValueSpecification\",\"valueRequired\":true,\"valueName\":\"search_term_string\"}}],\"inLanguage\":\"es\"}]}<\/script>\n<!-- \/ Yoast SEO plugin. -->","yoast_head_json":{"title":"Fotos de vino y aceite | Vins i Olis Su\u00f1er","description":"Espacio dedicado a fotos de vino y aceite. Contempla nuestras tierras, nuestros vi\u00f1edos, nuestros olivos, nuestros productos o procesos.","robots":{"index":"index","follow":"follow","max-snippet":"max-snippet:-1","max-image-preview":"max-image-preview:large","max-video-preview":"max-video-preview:-1"},"canonical":"https:\/\/vinsiolisuner.com\/es\/fotos-de-vins-i-oli-suner\/","og_locale":"es_ES","og_type":"article","og_title":"Fotos de vino y aceite | Vins i Olis Su\u00f1er","og_description":"Espacio dedicado a fotos de vino y aceite. Contempla nuestras tierras, nuestros vi\u00f1edos, nuestros olivos, nuestros productos o procesos.","og_url":"https:\/\/vinsiolisuner.com\/es\/fotos-de-vins-i-oli-suner\/","og_site_name":"Vins i Olis Su\u00f1er","article_modified_time":"2015-08-19T11:01:44+00:00","twitter_misc":{"Tiempo de lectura":"1 minuto"},"schema":{"@context":"https:\/\/schema.org","@graph":[{"@type":"WebPage","@id":"https:\/\/vinsiolisuner.com\/es\/fotos-de-vins-i-oli-suner\/","url":"https:\/\/vinsiolisuner.com\/es\/fotos-de-vins-i-oli-suner\/","name":"Fotos de vino y aceite | Vins i Olis Su\u00f1er","isPartOf":{"@id":"https:\/\/vinsiolisuner.com\/#website"},"datePublished":"2015-08-10T00:13:10+00:00","dateModified":"2015-08-19T11:01:44+00:00","description":"Espacio dedicado a fotos de vino y aceite. Contempla nuestras tierras, nuestros vi\u00f1edos, nuestros olivos, nuestros productos o procesos.","breadcrumb":{"@id":"https:\/\/vinsiolisuner.com\/es\/fotos-de-vins-i-oli-suner\/#breadcrumb"},"inLanguage":"es","potentialAction":[{"@type":"ReadAction","target":["https:\/\/vinsiolisuner.com\/es\/fotos-de-vins-i-oli-suner\/"]}]},{"@type":"BreadcrumbList","@id":"https:\/\/vinsiolisuner.com\/es\/fotos-de-vins-i-oli-suner\/#breadcrumb","itemListElement":[{"@type":"ListItem","position":1,"name":"Portada","item":"https:\/\/vinsiolisuner.com\/es\/"},{"@type":"ListItem","position":2,"name":"Fotos de vino y aceite"}]},{"@type":"WebSite","@id":"https:\/\/vinsiolisuner.com\/#website","url":"https:\/\/vinsiolisuner.com\/","name":"Vins i Olis Su\u00f1er","description":"Vins i Olis Su\u00f1er","potentialAction":[{"@type":"SearchAction","target":{"@type":"EntryPoint","urlTemplate":"https:\/\/vinsiolisuner.com\/?s={search_term_string}"},"query-input":{"@type":"PropertyValueSpecification","valueRequired":true,"valueName":"search_term_string"}}],"inLanguage":"es"}]}},"_links":{"self":[{"href":"https:\/\/vinsiolisuner.com\/es\/wp-json\/wp\/v2\/pages\/940","targetHints":{"allow":["GET"]}}],"collection":[{"href":"https:\/\/vinsiolisuner.com\/es\/wp-json\/wp\/v2\/pages"}],"about":[{"href":"https:\/\/vinsiolisuner.com\/es\/wp-json\/wp\/v2\/types\/page"}],"author":[{"embeddable":true,"href":"https:\/\/vinsiolisuner.com\/es\/wp-json\/wp\/v2\/users\/1"}],"replies":[{"embeddable":true,"href":"https:\/\/vinsiolisuner.com\/es\/wp-json\/wp\/v2\/comments?post=940"}],"version-history":[{"count":5,"href":"https:\/\/vinsiolisuner.com\/es\/wp-json\/wp\/v2\/pages\/940\/revisions"}],"predecessor-version":[{"id":13674,"href":"https:\/\/vinsiolisuner.com\/es\/wp-json\/wp\/v2\/pages\/940\/revisions\/13674"}],"wp:attachment":[{"href":"https:\/\/vinsiolisuner.com\/es\/wp-json\/wp\/v2\/media?parent=940"}],"curies":[{"name":"wp","href":"https:\/\/api.w.org\/{rel}","templated":true}]}}