{"id":953,"date":"2015-08-10T12:22:18","date_gmt":"2015-08-10T10:22:18","guid":{"rendered":"http:\/\/vinsiolisuner.com\/?page_id=953"},"modified":"2020-04-04T20:05:17","modified_gmt":"2020-04-04T18:05:17","slug":"moskanegra","status":"publish","type":"page","link":"https:\/\/vinsiolisuner.com\/es\/moskanegra\/","title":{"rendered":"Moska Negra"},"content":{"rendered":"[expand title=\u00bb\u00bb]\n<h2>Moska Negra<\/h2>\n<p>La Moska Negra es un\u00a0vino tinto merlot crianza \u00fanico y selecto ya que su producci\u00f3n se limita a 1500 botellas. Su procedencia as\u00ed como su selecci\u00f3n lo hace un vino totalmente exclusivo. Fermentaci\u00f3n y maceraci\u00f3n \u00f3ptima. Su crianza se realiza en barrica de roble franc\u00e9s con un reposo m\u00ednimo de 12 meses en botella.<\/p>\n<p>Color rojo brillante cereza de capa alta, con un aroma intenso, destacado por los frutos rojos y negros maduros .. Estos frutos se combinan con ligeros notas de regaliz negro y especiadas, que proceden de la fruta de la crianza. Destaca por su estructura y su textura suave al entrar en la boca, as\u00ed como por la dulzura que contrasta con la frescura del sotobosque para acabar con un amplio sabor con notas de higo y pasa.<\/p>\n<p>Disfrutamos de una uva ecol\u00f3gico, la cosecha se hace de forma manual seleccionando el mejor uva. Seguidamente la uva se trasladado a la bodega, con el fin de evitar cualquier oxidaci\u00f3n que pueda sufrir as\u00ed como, una posible p\u00e9rdida de aroma. La fermentaci\u00f3n alcoh\u00f3lica se realiza por medios controlados a una temperatura de 28\u00baC y la fermentaci\u00f3n malol\u00e1ctica se inicia de forma espont\u00e1nea dentro de las mismas barricas de roble donde el vino permanecer\u00e1 para su crianza. Una delicada filtraci\u00f3n lo prepara para el envasado y el reposo en botella de 12 meses. Contenido en alcohol: 15% vol.<\/p>\n<p>&nbsp;<\/p>\n[\/expand]\n","protected":false},"excerpt":{"rendered":"<p>[expand title=\u00bb\u00bb] Moska Negra La Moska Negra es un\u00a0vino tinto merlot crianza \u00fanico y selecto ya que su producci\u00f3n se limita a 1500 botellas. Su procedencia as\u00ed como su selecci\u00f3n lo hace un vino totalmente exclusivo. Fermentaci\u00f3n y maceraci\u00f3n \u00f3ptima. Su crianza se realiza en barrica de roble franc\u00e9s con un reposo m\u00ednimo de 12<\/p>\n","protected":false},"author":1,"featured_media":0,"parent":0,"menu_order":0,"comment_status":"closed","ping_status":"open","template":"","meta":{"footnotes":""},"class_list":["post-953","page","type-page","status-publish","hentry","prodpage-classic"],"yoast_head":"<!-- This site is optimized with the Yoast SEO plugin v25.2 - https:\/\/yoast.com\/wordpress\/plugins\/seo\/ -->\n<title>Moska Negra | Vins i Olis Su\u00f1er<\/title>\n<meta name=\"description\" content=\"Podemos hablar de nuestro vino tinto merlot crianza como un vino \u00fanico y selecto ya que su producci\u00f3n se limita a 400 botellas. Fermentaci\u00f3n maceraci\u00f3n y \u00f3ptima.\" \/>\n<meta name=\"robots\" content=\"index, follow, max-snippet:-1, max-image-preview:large, max-video-preview:-1\" \/>\n<link rel=\"canonical\" href=\"https:\/\/vinsiolisuner.com\/es\/moskanegra\/\" \/>\n<meta property=\"og:locale\" content=\"es_ES\" \/>\n<meta property=\"og:type\" content=\"article\" \/>\n<meta property=\"og:title\" content=\"Moska Negra | Vins i Olis Su\u00f1er\" \/>\n<meta property=\"og:description\" content=\"Podemos hablar de nuestro vino tinto merlot crianza como un vino \u00fanico y selecto ya que su producci\u00f3n se limita a 400 botellas. Fermentaci\u00f3n maceraci\u00f3n y \u00f3ptima.\" \/>\n<meta property=\"og:url\" content=\"https:\/\/vinsiolisuner.com\/es\/moskanegra\/\" \/>\n<meta property=\"og:site_name\" content=\"Vins i Olis Su\u00f1er\" \/>\n<meta property=\"article:modified_time\" content=\"2020-04-04T18:05:17+00:00\" \/>\n<meta name=\"twitter:label1\" content=\"Tiempo de lectura\" \/>\n\t<meta name=\"twitter:data1\" content=\"1 minuto\" \/>\n<script type=\"application\/ld+json\" class=\"yoast-schema-graph\">{\"@context\":\"https:\/\/schema.org\",\"@graph\":[{\"@type\":\"WebPage\",\"@id\":\"https:\/\/vinsiolisuner.com\/es\/moskanegra\/\",\"url\":\"https:\/\/vinsiolisuner.com\/es\/moskanegra\/\",\"name\":\"Moska Negra | Vins i Olis Su\u00f1er\",\"isPartOf\":{\"@id\":\"https:\/\/vinsiolisuner.com\/#website\"},\"datePublished\":\"2015-08-10T10:22:18+00:00\",\"dateModified\":\"2020-04-04T18:05:17+00:00\",\"description\":\"Podemos hablar de nuestro vino tinto merlot crianza como un vino \u00fanico y selecto ya que su producci\u00f3n se limita a 400 botellas. Fermentaci\u00f3n maceraci\u00f3n y \u00f3ptima.\",\"breadcrumb\":{\"@id\":\"https:\/\/vinsiolisuner.com\/es\/moskanegra\/#breadcrumb\"},\"inLanguage\":\"es\",\"potentialAction\":[{\"@type\":\"ReadAction\",\"target\":[\"https:\/\/vinsiolisuner.com\/es\/moskanegra\/\"]}]},{\"@type\":\"BreadcrumbList\",\"@id\":\"https:\/\/vinsiolisuner.com\/es\/moskanegra\/#breadcrumb\",\"itemListElement\":[{\"@type\":\"ListItem\",\"position\":1,\"name\":\"Portada\",\"item\":\"https:\/\/vinsiolisuner.com\/es\/\"},{\"@type\":\"ListItem\",\"position\":2,\"name\":\"Moska Negra\"}]},{\"@type\":\"WebSite\",\"@id\":\"https:\/\/vinsiolisuner.com\/#website\",\"url\":\"https:\/\/vinsiolisuner.com\/\",\"name\":\"Vins i Olis Su\u00f1er\",\"description\":\"Vins i Olis Su\u00f1er\",\"potentialAction\":[{\"@type\":\"SearchAction\",\"target\":{\"@type\":\"EntryPoint\",\"urlTemplate\":\"https:\/\/vinsiolisuner.com\/?s={search_term_string}\"},\"query-input\":{\"@type\":\"PropertyValueSpecification\",\"valueRequired\":true,\"valueName\":\"search_term_string\"}}],\"inLanguage\":\"es\"}]}<\/script>\n<!-- \/ Yoast SEO plugin. -->","yoast_head_json":{"title":"Moska Negra | Vins i Olis Su\u00f1er","description":"Podemos hablar de nuestro vino tinto merlot crianza como un vino \u00fanico y selecto ya que su producci\u00f3n se limita a 400 botellas. Fermentaci\u00f3n maceraci\u00f3n y \u00f3ptima.","robots":{"index":"index","follow":"follow","max-snippet":"max-snippet:-1","max-image-preview":"max-image-preview:large","max-video-preview":"max-video-preview:-1"},"canonical":"https:\/\/vinsiolisuner.com\/es\/moskanegra\/","og_locale":"es_ES","og_type":"article","og_title":"Moska Negra | Vins i Olis Su\u00f1er","og_description":"Podemos hablar de nuestro vino tinto merlot crianza como un vino \u00fanico y selecto ya que su producci\u00f3n se limita a 400 botellas. Fermentaci\u00f3n maceraci\u00f3n y \u00f3ptima.","og_url":"https:\/\/vinsiolisuner.com\/es\/moskanegra\/","og_site_name":"Vins i Olis Su\u00f1er","article_modified_time":"2020-04-04T18:05:17+00:00","twitter_misc":{"Tiempo de lectura":"1 minuto"},"schema":{"@context":"https:\/\/schema.org","@graph":[{"@type":"WebPage","@id":"https:\/\/vinsiolisuner.com\/es\/moskanegra\/","url":"https:\/\/vinsiolisuner.com\/es\/moskanegra\/","name":"Moska Negra | Vins i Olis Su\u00f1er","isPartOf":{"@id":"https:\/\/vinsiolisuner.com\/#website"},"datePublished":"2015-08-10T10:22:18+00:00","dateModified":"2020-04-04T18:05:17+00:00","description":"Podemos hablar de nuestro vino tinto merlot crianza como un vino \u00fanico y selecto ya que su producci\u00f3n se limita a 400 botellas. Fermentaci\u00f3n maceraci\u00f3n y \u00f3ptima.","breadcrumb":{"@id":"https:\/\/vinsiolisuner.com\/es\/moskanegra\/#breadcrumb"},"inLanguage":"es","potentialAction":[{"@type":"ReadAction","target":["https:\/\/vinsiolisuner.com\/es\/moskanegra\/"]}]},{"@type":"BreadcrumbList","@id":"https:\/\/vinsiolisuner.com\/es\/moskanegra\/#breadcrumb","itemListElement":[{"@type":"ListItem","position":1,"name":"Portada","item":"https:\/\/vinsiolisuner.com\/es\/"},{"@type":"ListItem","position":2,"name":"Moska Negra"}]},{"@type":"WebSite","@id":"https:\/\/vinsiolisuner.com\/#website","url":"https:\/\/vinsiolisuner.com\/","name":"Vins i Olis Su\u00f1er","description":"Vins i Olis Su\u00f1er","potentialAction":[{"@type":"SearchAction","target":{"@type":"EntryPoint","urlTemplate":"https:\/\/vinsiolisuner.com\/?s={search_term_string}"},"query-input":{"@type":"PropertyValueSpecification","valueRequired":true,"valueName":"search_term_string"}}],"inLanguage":"es"}]}},"_links":{"self":[{"href":"https:\/\/vinsiolisuner.com\/es\/wp-json\/wp\/v2\/pages\/953","targetHints":{"allow":["GET"]}}],"collection":[{"href":"https:\/\/vinsiolisuner.com\/es\/wp-json\/wp\/v2\/pages"}],"about":[{"href":"https:\/\/vinsiolisuner.com\/es\/wp-json\/wp\/v2\/types\/page"}],"author":[{"embeddable":true,"href":"https:\/\/vinsiolisuner.com\/es\/wp-json\/wp\/v2\/users\/1"}],"replies":[{"embeddable":true,"href":"https:\/\/vinsiolisuner.com\/es\/wp-json\/wp\/v2\/comments?post=953"}],"version-history":[{"count":5,"href":"https:\/\/vinsiolisuner.com\/es\/wp-json\/wp\/v2\/pages\/953\/revisions"}],"predecessor-version":[{"id":17322,"href":"https:\/\/vinsiolisuner.com\/es\/wp-json\/wp\/v2\/pages\/953\/revisions\/17322"}],"wp:attachment":[{"href":"https:\/\/vinsiolisuner.com\/es\/wp-json\/wp\/v2\/media?parent=953"}],"curies":[{"name":"wp","href":"https:\/\/api.w.org\/{rel}","templated":true}]}}