{"id":13445,"date":"2015-04-30T14:31:28","date_gmt":"2015-04-30T12:31:28","guid":{"rendered":"http:\/\/vinsiolisuner.com\/botiga\/sense-categoria\/vinagre-250ml-ampolla-vidre-2\/"},"modified":"2020-04-28T17:25:14","modified_gmt":"2020-04-28T15:25:14","slug":"vinagre-merlot-250ml","status":"publish","type":"product","link":"https:\/\/vinsiolisuner.com\/es\/botiga\/aceites-del-molino-a-tu-casa\/aceite-de-oliva-arbequina\/vinagre-merlot-250ml\/","title":{"rendered":"Vinagre Merlot 250 ml."},"content":{"rendered":"<p><span style=\"font-family: Roboto; font-size: 16px;\">Para soluci\u00f3n a la demanda del sector de la restauraci\u00f3n, tambi\u00e9n disponemos de vinagre elaborado en nuestra bodeta y con formato de 250ml.<\/span><\/p>\n<p><span style=\"font-family: Roboto; font-size: 16px;\"><span style=\"font-family: Roboto;\">Elaborado con nuestro vino merlot obtenido exclusivamente por fermentaci\u00f3n ac\u00e9tica.<\/span><\/span><\/p>\n<p><span style=\"font-family: Roboto; font-size: 16px;\"><span style=\"font-family: Roboto;\">Aut\u00e9ntico, con el aroma y sabor propios de los vinagres tradicionales, que combina con todos los platos.<\/span><\/span><\/p>\n<p><span style=\"font-family: Roboto; font-size: 16px;\">Acidez: 6\u00ba<\/span><\/p>\n","protected":false},"excerpt":{"rendered":"<p>Producto obtenido exclusivamente por fermentaci\u00f3n ac\u00e9tica del vino.<\/p>\n<p><span style=\"font-family: Roboto;\">Elaborado con vino tinto de la variedad Merlot.<\/span><\/p>\n<p><span style=\"font-family: Roboto;\">Un vinagre aut\u00e9ntico, con el aroma y gusto propios de los vinagres tradicionales.<\/span><\/p>\n<p><span style=\"font-family: Roboto; font-size: 16px;\">IVA incluido.<\/span><\/p>\n<p>&nbsp;<\/p>\n","protected":false},"featured_media":17623,"template":"","meta":[],"product_brand":[],"product_cat":[152],"product_tag":[166,274,846],"class_list":{"0":"post-13445","1":"product","2":"type-product","3":"status-publish","4":"has-post-thumbnail","6":"product_cat-aceite-de-oliva-arbequina","7":"product_tag-arbequina-es","8":"product_tag-vinagre-es","9":"product_tag-vinagre-de-merlot-es","10":"pa_packaging-vinagre-250ml-v-1-envase","11":"pa_packaging-vinagre-250ml-v-caja-20-uds","13":"first","14":"instock","15":"sale","16":"taxable","17":"shipping-taxable","18":"purchasable","19":"product-type-variable","20":"prodpage-classic"},"yoast_head":"<!-- This site is optimized with the Yoast SEO plugin v25.2 - https:\/\/yoast.com\/wordpress\/plugins\/seo\/ -->\n<title>Comprar Vinagre Merlot 250 ml. | Vins i Olis Su\u00f1er<\/title>\n<meta name=\"description\" content=\"Os presentamos nuestro vinagre 250 ml en botella de vidrio pensado para estar en las mesas de los restaurantes m\u00e1s exigentes, los cuales solo ofrecen el mejor producto.\" \/>\n<meta name=\"robots\" content=\"index, follow, max-snippet:-1, max-image-preview:large, max-video-preview:-1\" \/>\n<link rel=\"canonical\" href=\"https:\/\/vinsiolisuner.com\/es\/botiga\/aceites-del-molino-a-tu-casa\/aceite-de-oliva-arbequina\/vinagre-merlot-250ml\/\" \/>\n<meta property=\"og:locale\" content=\"es_ES\" \/>\n<meta property=\"og:type\" content=\"article\" \/>\n<meta property=\"og:title\" content=\"Comprar Vinagre Merlot 250 ml. | Vins i Olis Su\u00f1er\" \/>\n<meta property=\"og:description\" content=\"Os presentamos nuestro vinagre 250 ml en botella de vidrio pensado para estar en las mesas de los restaurantes m\u00e1s exigentes, los cuales solo ofrecen el mejor producto.\" \/>\n<meta property=\"og:url\" content=\"https:\/\/vinsiolisuner.com\/es\/botiga\/aceites-del-molino-a-tu-casa\/aceite-de-oliva-arbequina\/vinagre-merlot-250ml\/\" \/>\n<meta property=\"og:site_name\" content=\"Vins i Olis Su\u00f1er\" \/>\n<meta property=\"article:modified_time\" content=\"2020-04-28T15:25:14+00:00\" \/>\n<meta property=\"og:image\" content=\"https:\/\/vinsiolisuner.com\/wp-content\/uploads\/2015\/04\/vin_250_web.png\" \/>\n\t<meta property=\"og:image:width\" content=\"409\" \/>\n\t<meta property=\"og:image:height\" content=\"567\" \/>\n\t<meta property=\"og:image:type\" content=\"image\/png\" \/>\n<script type=\"application\/ld+json\" class=\"yoast-schema-graph\">{\"@context\":\"https:\/\/schema.org\",\"@graph\":[{\"@type\":\"WebPage\",\"@id\":\"https:\/\/vinsiolisuner.com\/es\/botiga\/aceites-del-molino-a-tu-casa\/aceite-de-oliva-arbequina\/vinagre-merlot-250ml\/\",\"url\":\"https:\/\/vinsiolisuner.com\/es\/botiga\/aceites-del-molino-a-tu-casa\/aceite-de-oliva-arbequina\/vinagre-merlot-250ml\/\",\"name\":\"Comprar Vinagre Merlot 250 ml. | Vins i Olis Su\u00f1er\",\"isPartOf\":{\"@id\":\"https:\/\/vinsiolisuner.com\/#website\"},\"primaryImageOfPage\":{\"@id\":\"https:\/\/vinsiolisuner.com\/es\/botiga\/aceites-del-molino-a-tu-casa\/aceite-de-oliva-arbequina\/vinagre-merlot-250ml\/#primaryimage\"},\"image\":{\"@id\":\"https:\/\/vinsiolisuner.com\/es\/botiga\/aceites-del-molino-a-tu-casa\/aceite-de-oliva-arbequina\/vinagre-merlot-250ml\/#primaryimage\"},\"thumbnailUrl\":\"https:\/\/vinsiolisuner.com\/wp-content\/uploads\/2015\/04\/vin_250_web.png\",\"datePublished\":\"2015-04-30T12:31:28+00:00\",\"dateModified\":\"2020-04-28T15:25:14+00:00\",\"description\":\"Os presentamos nuestro vinagre 250 ml en botella de vidrio pensado para estar en las mesas de los restaurantes m\u00e1s exigentes, los cuales solo ofrecen el mejor producto.\",\"breadcrumb\":{\"@id\":\"https:\/\/vinsiolisuner.com\/es\/botiga\/aceites-del-molino-a-tu-casa\/aceite-de-oliva-arbequina\/vinagre-merlot-250ml\/#breadcrumb\"},\"inLanguage\":\"es\",\"potentialAction\":[{\"@type\":\"ReadAction\",\"target\":[\"https:\/\/vinsiolisuner.com\/es\/botiga\/aceites-del-molino-a-tu-casa\/aceite-de-oliva-arbequina\/vinagre-merlot-250ml\/\"]}]},{\"@type\":\"ImageObject\",\"inLanguage\":\"es\",\"@id\":\"https:\/\/vinsiolisuner.com\/es\/botiga\/aceites-del-molino-a-tu-casa\/aceite-de-oliva-arbequina\/vinagre-merlot-250ml\/#primaryimage\",\"url\":\"https:\/\/vinsiolisuner.com\/wp-content\/uploads\/2015\/04\/vin_250_web.png\",\"contentUrl\":\"https:\/\/vinsiolisuner.com\/wp-content\/uploads\/2015\/04\/vin_250_web.png\",\"width\":409,\"height\":567},{\"@type\":\"BreadcrumbList\",\"@id\":\"https:\/\/vinsiolisuner.com\/es\/botiga\/aceites-del-molino-a-tu-casa\/aceite-de-oliva-arbequina\/vinagre-merlot-250ml\/#breadcrumb\",\"itemListElement\":[{\"@type\":\"ListItem\",\"position\":1,\"name\":\"Portada\",\"item\":\"https:\/\/vinsiolisuner.com\/es\/\"},{\"@type\":\"ListItem\",\"position\":2,\"name\":\"Tienda\",\"item\":\"https:\/\/vinsiolisuner.com\/es\/tienda\/\"},{\"@type\":\"ListItem\",\"position\":3,\"name\":\"Vinagre Merlot 250 ml.\"}]},{\"@type\":\"WebSite\",\"@id\":\"https:\/\/vinsiolisuner.com\/#website\",\"url\":\"https:\/\/vinsiolisuner.com\/\",\"name\":\"Vins i Olis Su\u00f1er\",\"description\":\"Vins i Olis Su\u00f1er\",\"potentialAction\":[{\"@type\":\"SearchAction\",\"target\":{\"@type\":\"EntryPoint\",\"urlTemplate\":\"https:\/\/vinsiolisuner.com\/?s={search_term_string}\"},\"query-input\":{\"@type\":\"PropertyValueSpecification\",\"valueRequired\":true,\"valueName\":\"search_term_string\"}}],\"inLanguage\":\"es\"}]}<\/script>\n<!-- \/ Yoast SEO plugin. -->","yoast_head_json":{"title":"Comprar Vinagre Merlot 250 ml. | Vins i Olis Su\u00f1er","description":"Os presentamos nuestro vinagre 250 ml en botella de vidrio pensado para estar en las mesas de los restaurantes m\u00e1s exigentes, los cuales solo ofrecen el mejor producto.","robots":{"index":"index","follow":"follow","max-snippet":"max-snippet:-1","max-image-preview":"max-image-preview:large","max-video-preview":"max-video-preview:-1"},"canonical":"https:\/\/vinsiolisuner.com\/es\/botiga\/aceites-del-molino-a-tu-casa\/aceite-de-oliva-arbequina\/vinagre-merlot-250ml\/","og_locale":"es_ES","og_type":"article","og_title":"Comprar Vinagre Merlot 250 ml. | Vins i Olis Su\u00f1er","og_description":"Os presentamos nuestro vinagre 250 ml en botella de vidrio pensado para estar en las mesas de los restaurantes m\u00e1s exigentes, los cuales solo ofrecen el mejor producto.","og_url":"https:\/\/vinsiolisuner.com\/es\/botiga\/aceites-del-molino-a-tu-casa\/aceite-de-oliva-arbequina\/vinagre-merlot-250ml\/","og_site_name":"Vins i Olis Su\u00f1er","article_modified_time":"2020-04-28T15:25:14+00:00","og_image":[{"width":409,"height":567,"url":"https:\/\/vinsiolisuner.com\/wp-content\/uploads\/2015\/04\/vin_250_web.png","type":"image\/png"}],"schema":{"@context":"https:\/\/schema.org","@graph":[{"@type":"WebPage","@id":"https:\/\/vinsiolisuner.com\/es\/botiga\/aceites-del-molino-a-tu-casa\/aceite-de-oliva-arbequina\/vinagre-merlot-250ml\/","url":"https:\/\/vinsiolisuner.com\/es\/botiga\/aceites-del-molino-a-tu-casa\/aceite-de-oliva-arbequina\/vinagre-merlot-250ml\/","name":"Comprar Vinagre Merlot 250 ml. | Vins i Olis Su\u00f1er","isPartOf":{"@id":"https:\/\/vinsiolisuner.com\/#website"},"primaryImageOfPage":{"@id":"https:\/\/vinsiolisuner.com\/es\/botiga\/aceites-del-molino-a-tu-casa\/aceite-de-oliva-arbequina\/vinagre-merlot-250ml\/#primaryimage"},"image":{"@id":"https:\/\/vinsiolisuner.com\/es\/botiga\/aceites-del-molino-a-tu-casa\/aceite-de-oliva-arbequina\/vinagre-merlot-250ml\/#primaryimage"},"thumbnailUrl":"https:\/\/vinsiolisuner.com\/wp-content\/uploads\/2015\/04\/vin_250_web.png","datePublished":"2015-04-30T12:31:28+00:00","dateModified":"2020-04-28T15:25:14+00:00","description":"Os presentamos nuestro vinagre 250 ml en botella de vidrio pensado para estar en las mesas de los restaurantes m\u00e1s exigentes, los cuales solo ofrecen el mejor producto.","breadcrumb":{"@id":"https:\/\/vinsiolisuner.com\/es\/botiga\/aceites-del-molino-a-tu-casa\/aceite-de-oliva-arbequina\/vinagre-merlot-250ml\/#breadcrumb"},"inLanguage":"es","potentialAction":[{"@type":"ReadAction","target":["https:\/\/vinsiolisuner.com\/es\/botiga\/aceites-del-molino-a-tu-casa\/aceite-de-oliva-arbequina\/vinagre-merlot-250ml\/"]}]},{"@type":"ImageObject","inLanguage":"es","@id":"https:\/\/vinsiolisuner.com\/es\/botiga\/aceites-del-molino-a-tu-casa\/aceite-de-oliva-arbequina\/vinagre-merlot-250ml\/#primaryimage","url":"https:\/\/vinsiolisuner.com\/wp-content\/uploads\/2015\/04\/vin_250_web.png","contentUrl":"https:\/\/vinsiolisuner.com\/wp-content\/uploads\/2015\/04\/vin_250_web.png","width":409,"height":567},{"@type":"BreadcrumbList","@id":"https:\/\/vinsiolisuner.com\/es\/botiga\/aceites-del-molino-a-tu-casa\/aceite-de-oliva-arbequina\/vinagre-merlot-250ml\/#breadcrumb","itemListElement":[{"@type":"ListItem","position":1,"name":"Portada","item":"https:\/\/vinsiolisuner.com\/es\/"},{"@type":"ListItem","position":2,"name":"Tienda","item":"https:\/\/vinsiolisuner.com\/es\/tienda\/"},{"@type":"ListItem","position":3,"name":"Vinagre Merlot 250 ml."}]},{"@type":"WebSite","@id":"https:\/\/vinsiolisuner.com\/#website","url":"https:\/\/vinsiolisuner.com\/","name":"Vins i Olis Su\u00f1er","description":"Vins i Olis Su\u00f1er","potentialAction":[{"@type":"SearchAction","target":{"@type":"EntryPoint","urlTemplate":"https:\/\/vinsiolisuner.com\/?s={search_term_string}"},"query-input":{"@type":"PropertyValueSpecification","valueRequired":true,"valueName":"search_term_string"}}],"inLanguage":"es"}]}},"_links":{"self":[{"href":"https:\/\/vinsiolisuner.com\/es\/wp-json\/wp\/v2\/product\/13445","targetHints":{"allow":["GET"]}}],"collection":[{"href":"https:\/\/vinsiolisuner.com\/es\/wp-json\/wp\/v2\/product"}],"about":[{"href":"https:\/\/vinsiolisuner.com\/es\/wp-json\/wp\/v2\/types\/product"}],"wp:featuredmedia":[{"embeddable":true,"href":"https:\/\/vinsiolisuner.com\/es\/wp-json\/wp\/v2\/media\/17623"}],"wp:attachment":[{"href":"https:\/\/vinsiolisuner.com\/es\/wp-json\/wp\/v2\/media?parent=13445"}],"wp:term":[{"taxonomy":"product_brand","embeddable":true,"href":"https:\/\/vinsiolisuner.com\/es\/wp-json\/wp\/v2\/product_brand?post=13445"},{"taxonomy":"product_cat","embeddable":true,"href":"https:\/\/vinsiolisuner.com\/es\/wp-json\/wp\/v2\/product_cat?post=13445"},{"taxonomy":"product_tag","embeddable":true,"href":"https:\/\/vinsiolisuner.com\/es\/wp-json\/wp\/v2\/product_tag?post=13445"}],"curies":[{"name":"wp","href":"https:\/\/api.w.org\/{rel}","templated":true}]}}