{"id":13469,"date":"2015-04-30T13:36:36","date_gmt":"2015-04-30T11:36:36","guid":{"rendered":"http:\/\/vinsiolisuner.com\/botiga\/sense-categoria\/llauna-doli-empeltre-gourmet-1l-2\/"},"modified":"2020-04-29T11:58:46","modified_gmt":"2020-04-29T09:58:46","slug":"aceite-de-oliva-virgen-extra-empeltre-1l","status":"publish","type":"product","link":"https:\/\/vinsiolisuner.com\/es\/botiga\/aceites-del-molino-a-tu-casa\/aceite-de-oliva-empeltre\/aceite-de-oliva-virgen-extra-empeltre-1l\/","title":{"rendered":"Aceite de Oliva Virgen Extra Empeltre Lata 1 l."},"content":{"rendered":"<p><span style=\"font-family: Roboto; font-size: 16px;\">Aceite t\u00edpico de las comarcas de las Tierras del Ebre con propiedades organol\u00e9pticas agradables en boca, con sabor dulce sin amargor ni picor y con un dejo de almendra y frutas.<\/span><\/p>\n<p><span style=\"font-family: Roboto; font-size: 16px;\">Recomendaciones: se puede combinar tanto en ensaladas y gazpachos, como en pastas, sopas, carnes y guisados. Ideal para aquellos platos donde quieras potenciar sus sabores.<\/span><\/p>\n<p><span style=\"font-family: Roboto; font-size: 16px;\">Acidez m\u00e1xima: 0,2\u00ba<\/span><\/p>\n","protected":false},"excerpt":{"rendered":"<p><span style=\"font-family: Roboto; font-size: 16px;\">El aceite delicatessen. Te invitamos a conocer nuestro aceite gourmet extra virgen monovarietal sin filtrar, envasado en lata de litro, que complementar\u00e1 vuestros mejores platos. El dise\u00f1o de este producto est\u00e1 pensado como art\u00edculo de regalo y de f\u00e1cil transporte para vuestros viajes.<\/span><\/p>\n<p><span style=\"font-family: Roboto; font-size: 16px;\">IVA incluido.<\/span><\/p>\n","protected":false},"featured_media":14858,"template":"","meta":[],"product_brand":[],"product_cat":[146,156],"product_tag":[199,844,843],"class_list":{"0":"post-13469","1":"product","2":"type-product","3":"status-publish","4":"has-post-thumbnail","6":"product_cat-aceites-del-molino-a-tu-casa","7":"product_cat-aceite-de-oliva-empeltre","8":"product_tag-empeltre-3","9":"product_tag-oli-catala-es","10":"product_tag-oli-doliva-es","11":"pa_packaging-oli-llauna-1-lata","12":"pa_packaging-oli-llauna-caja-5-uds","14":"first","15":"instock","16":"sale","17":"taxable","18":"shipping-taxable","19":"purchasable","20":"product-type-variable","21":"prodpage-classic"},"yoast_head":"<!-- This site is optimized with the Yoast SEO plugin v25.2 - https:\/\/yoast.com\/wordpress\/plugins\/seo\/ -->\n<title>Comprar Aceite de Oliva Virgen Extra Empeltre Lata 1 l. | Vins i Olis Su\u00f1er<\/title>\n<meta name=\"description\" content=\"El aceite delicatessen. Te invitamos a conocer nuestro aceite gourmet extra virgen monovarietal sin filtrar, envasado en lata de litro, que complementar\u00e1 vuestros mejores platos. El dise\u00f1o de este producto est\u00e1 pensado como art\u00edculo de regalo y de f\u00e1cil transporte para vuestros viajes. C\u00f3mprala ahora!\" \/>\n<meta name=\"robots\" content=\"index, follow, max-snippet:-1, max-image-preview:large, max-video-preview:-1\" \/>\n<link rel=\"canonical\" href=\"https:\/\/vinsiolisuner.com\/es\/botiga\/aceites-del-molino-a-tu-casa\/aceite-de-oliva-empeltre\/aceite-de-oliva-virgen-extra-empeltre-1l\/\" \/>\n<meta property=\"og:locale\" content=\"es_ES\" \/>\n<meta property=\"og:type\" content=\"article\" \/>\n<meta property=\"og:title\" content=\"Comprar Aceite de Oliva Virgen Extra Empeltre Lata 1 l. | Vins i Olis Su\u00f1er\" \/>\n<meta property=\"og:description\" content=\"El aceite delicatessen. Te invitamos a conocer nuestro aceite gourmet extra virgen monovarietal sin filtrar, envasado en lata de litro, que complementar\u00e1 vuestros mejores platos. El dise\u00f1o de este producto est\u00e1 pensado como art\u00edculo de regalo y de f\u00e1cil transporte para vuestros viajes. C\u00f3mprala ahora!\" \/>\n<meta property=\"og:url\" content=\"https:\/\/vinsiolisuner.com\/es\/botiga\/aceites-del-molino-a-tu-casa\/aceite-de-oliva-empeltre\/aceite-de-oliva-virgen-extra-empeltre-1l\/\" \/>\n<meta property=\"og:site_name\" content=\"Vins i Olis Su\u00f1er\" \/>\n<meta property=\"article:modified_time\" content=\"2020-04-29T09:58:46+00:00\" \/>\n<meta property=\"og:image\" content=\"https:\/\/vinsiolisuner.com\/wp-content\/uploads\/2015\/04\/llauna1.png\" \/>\n\t<meta property=\"og:image:width\" content=\"265\" \/>\n\t<meta property=\"og:image:height\" content=\"350\" \/>\n\t<meta property=\"og:image:type\" content=\"image\/png\" \/>\n<script type=\"application\/ld+json\" class=\"yoast-schema-graph\">{\"@context\":\"https:\/\/schema.org\",\"@graph\":[{\"@type\":\"WebPage\",\"@id\":\"https:\/\/vinsiolisuner.com\/es\/botiga\/aceites-del-molino-a-tu-casa\/aceite-de-oliva-empeltre\/aceite-de-oliva-virgen-extra-empeltre-1l\/\",\"url\":\"https:\/\/vinsiolisuner.com\/es\/botiga\/aceites-del-molino-a-tu-casa\/aceite-de-oliva-empeltre\/aceite-de-oliva-virgen-extra-empeltre-1l\/\",\"name\":\"Comprar Aceite de Oliva Virgen Extra Empeltre Lata 1 l. | Vins i Olis Su\u00f1er\",\"isPartOf\":{\"@id\":\"https:\/\/vinsiolisuner.com\/#website\"},\"primaryImageOfPage\":{\"@id\":\"https:\/\/vinsiolisuner.com\/es\/botiga\/aceites-del-molino-a-tu-casa\/aceite-de-oliva-empeltre\/aceite-de-oliva-virgen-extra-empeltre-1l\/#primaryimage\"},\"image\":{\"@id\":\"https:\/\/vinsiolisuner.com\/es\/botiga\/aceites-del-molino-a-tu-casa\/aceite-de-oliva-empeltre\/aceite-de-oliva-virgen-extra-empeltre-1l\/#primaryimage\"},\"thumbnailUrl\":\"https:\/\/vinsiolisuner.com\/wp-content\/uploads\/2015\/04\/llauna1.png\",\"datePublished\":\"2015-04-30T11:36:36+00:00\",\"dateModified\":\"2020-04-29T09:58:46+00:00\",\"description\":\"El aceite delicatessen. Te invitamos a conocer nuestro aceite gourmet extra virgen monovarietal sin filtrar, envasado en lata de litro, que complementar\u00e1 vuestros mejores platos. El dise\u00f1o de este producto est\u00e1 pensado como art\u00edculo de regalo y de f\u00e1cil transporte para vuestros viajes. C\u00f3mprala ahora!\",\"breadcrumb\":{\"@id\":\"https:\/\/vinsiolisuner.com\/es\/botiga\/aceites-del-molino-a-tu-casa\/aceite-de-oliva-empeltre\/aceite-de-oliva-virgen-extra-empeltre-1l\/#breadcrumb\"},\"inLanguage\":\"es\",\"potentialAction\":[{\"@type\":\"ReadAction\",\"target\":[\"https:\/\/vinsiolisuner.com\/es\/botiga\/aceites-del-molino-a-tu-casa\/aceite-de-oliva-empeltre\/aceite-de-oliva-virgen-extra-empeltre-1l\/\"]}]},{\"@type\":\"ImageObject\",\"inLanguage\":\"es\",\"@id\":\"https:\/\/vinsiolisuner.com\/es\/botiga\/aceites-del-molino-a-tu-casa\/aceite-de-oliva-empeltre\/aceite-de-oliva-virgen-extra-empeltre-1l\/#primaryimage\",\"url\":\"https:\/\/vinsiolisuner.com\/wp-content\/uploads\/2015\/04\/llauna1.png\",\"contentUrl\":\"https:\/\/vinsiolisuner.com\/wp-content\/uploads\/2015\/04\/llauna1.png\",\"width\":265,\"height\":350},{\"@type\":\"BreadcrumbList\",\"@id\":\"https:\/\/vinsiolisuner.com\/es\/botiga\/aceites-del-molino-a-tu-casa\/aceite-de-oliva-empeltre\/aceite-de-oliva-virgen-extra-empeltre-1l\/#breadcrumb\",\"itemListElement\":[{\"@type\":\"ListItem\",\"position\":1,\"name\":\"Portada\",\"item\":\"https:\/\/vinsiolisuner.com\/es\/\"},{\"@type\":\"ListItem\",\"position\":2,\"name\":\"Tienda\",\"item\":\"https:\/\/vinsiolisuner.com\/es\/tienda\/\"},{\"@type\":\"ListItem\",\"position\":3,\"name\":\"Aceite de Oliva Virgen Extra Empeltre Lata 1 l.\"}]},{\"@type\":\"WebSite\",\"@id\":\"https:\/\/vinsiolisuner.com\/#website\",\"url\":\"https:\/\/vinsiolisuner.com\/\",\"name\":\"Vins i Olis Su\u00f1er\",\"description\":\"Vins i Olis Su\u00f1er\",\"potentialAction\":[{\"@type\":\"SearchAction\",\"target\":{\"@type\":\"EntryPoint\",\"urlTemplate\":\"https:\/\/vinsiolisuner.com\/?s={search_term_string}\"},\"query-input\":{\"@type\":\"PropertyValueSpecification\",\"valueRequired\":true,\"valueName\":\"search_term_string\"}}],\"inLanguage\":\"es\"}]}<\/script>\n<!-- \/ Yoast SEO plugin. -->","yoast_head_json":{"title":"Comprar Aceite de Oliva Virgen Extra Empeltre Lata 1 l. | Vins i Olis Su\u00f1er","description":"El aceite delicatessen. Te invitamos a conocer nuestro aceite gourmet extra virgen monovarietal sin filtrar, envasado en lata de litro, que complementar\u00e1 vuestros mejores platos. El dise\u00f1o de este producto est\u00e1 pensado como art\u00edculo de regalo y de f\u00e1cil transporte para vuestros viajes. C\u00f3mprala ahora!","robots":{"index":"index","follow":"follow","max-snippet":"max-snippet:-1","max-image-preview":"max-image-preview:large","max-video-preview":"max-video-preview:-1"},"canonical":"https:\/\/vinsiolisuner.com\/es\/botiga\/aceites-del-molino-a-tu-casa\/aceite-de-oliva-empeltre\/aceite-de-oliva-virgen-extra-empeltre-1l\/","og_locale":"es_ES","og_type":"article","og_title":"Comprar Aceite de Oliva Virgen Extra Empeltre Lata 1 l. | Vins i Olis Su\u00f1er","og_description":"El aceite delicatessen. Te invitamos a conocer nuestro aceite gourmet extra virgen monovarietal sin filtrar, envasado en lata de litro, que complementar\u00e1 vuestros mejores platos. El dise\u00f1o de este producto est\u00e1 pensado como art\u00edculo de regalo y de f\u00e1cil transporte para vuestros viajes. C\u00f3mprala ahora!","og_url":"https:\/\/vinsiolisuner.com\/es\/botiga\/aceites-del-molino-a-tu-casa\/aceite-de-oliva-empeltre\/aceite-de-oliva-virgen-extra-empeltre-1l\/","og_site_name":"Vins i Olis Su\u00f1er","article_modified_time":"2020-04-29T09:58:46+00:00","og_image":[{"width":265,"height":350,"url":"https:\/\/vinsiolisuner.com\/wp-content\/uploads\/2015\/04\/llauna1.png","type":"image\/png"}],"schema":{"@context":"https:\/\/schema.org","@graph":[{"@type":"WebPage","@id":"https:\/\/vinsiolisuner.com\/es\/botiga\/aceites-del-molino-a-tu-casa\/aceite-de-oliva-empeltre\/aceite-de-oliva-virgen-extra-empeltre-1l\/","url":"https:\/\/vinsiolisuner.com\/es\/botiga\/aceites-del-molino-a-tu-casa\/aceite-de-oliva-empeltre\/aceite-de-oliva-virgen-extra-empeltre-1l\/","name":"Comprar Aceite de Oliva Virgen Extra Empeltre Lata 1 l. | Vins i Olis Su\u00f1er","isPartOf":{"@id":"https:\/\/vinsiolisuner.com\/#website"},"primaryImageOfPage":{"@id":"https:\/\/vinsiolisuner.com\/es\/botiga\/aceites-del-molino-a-tu-casa\/aceite-de-oliva-empeltre\/aceite-de-oliva-virgen-extra-empeltre-1l\/#primaryimage"},"image":{"@id":"https:\/\/vinsiolisuner.com\/es\/botiga\/aceites-del-molino-a-tu-casa\/aceite-de-oliva-empeltre\/aceite-de-oliva-virgen-extra-empeltre-1l\/#primaryimage"},"thumbnailUrl":"https:\/\/vinsiolisuner.com\/wp-content\/uploads\/2015\/04\/llauna1.png","datePublished":"2015-04-30T11:36:36+00:00","dateModified":"2020-04-29T09:58:46+00:00","description":"El aceite delicatessen. Te invitamos a conocer nuestro aceite gourmet extra virgen monovarietal sin filtrar, envasado en lata de litro, que complementar\u00e1 vuestros mejores platos. El dise\u00f1o de este producto est\u00e1 pensado como art\u00edculo de regalo y de f\u00e1cil transporte para vuestros viajes. C\u00f3mprala ahora!","breadcrumb":{"@id":"https:\/\/vinsiolisuner.com\/es\/botiga\/aceites-del-molino-a-tu-casa\/aceite-de-oliva-empeltre\/aceite-de-oliva-virgen-extra-empeltre-1l\/#breadcrumb"},"inLanguage":"es","potentialAction":[{"@type":"ReadAction","target":["https:\/\/vinsiolisuner.com\/es\/botiga\/aceites-del-molino-a-tu-casa\/aceite-de-oliva-empeltre\/aceite-de-oliva-virgen-extra-empeltre-1l\/"]}]},{"@type":"ImageObject","inLanguage":"es","@id":"https:\/\/vinsiolisuner.com\/es\/botiga\/aceites-del-molino-a-tu-casa\/aceite-de-oliva-empeltre\/aceite-de-oliva-virgen-extra-empeltre-1l\/#primaryimage","url":"https:\/\/vinsiolisuner.com\/wp-content\/uploads\/2015\/04\/llauna1.png","contentUrl":"https:\/\/vinsiolisuner.com\/wp-content\/uploads\/2015\/04\/llauna1.png","width":265,"height":350},{"@type":"BreadcrumbList","@id":"https:\/\/vinsiolisuner.com\/es\/botiga\/aceites-del-molino-a-tu-casa\/aceite-de-oliva-empeltre\/aceite-de-oliva-virgen-extra-empeltre-1l\/#breadcrumb","itemListElement":[{"@type":"ListItem","position":1,"name":"Portada","item":"https:\/\/vinsiolisuner.com\/es\/"},{"@type":"ListItem","position":2,"name":"Tienda","item":"https:\/\/vinsiolisuner.com\/es\/tienda\/"},{"@type":"ListItem","position":3,"name":"Aceite de Oliva Virgen Extra Empeltre Lata 1 l."}]},{"@type":"WebSite","@id":"https:\/\/vinsiolisuner.com\/#website","url":"https:\/\/vinsiolisuner.com\/","name":"Vins i Olis Su\u00f1er","description":"Vins i Olis Su\u00f1er","potentialAction":[{"@type":"SearchAction","target":{"@type":"EntryPoint","urlTemplate":"https:\/\/vinsiolisuner.com\/?s={search_term_string}"},"query-input":{"@type":"PropertyValueSpecification","valueRequired":true,"valueName":"search_term_string"}}],"inLanguage":"es"}]}},"_links":{"self":[{"href":"https:\/\/vinsiolisuner.com\/es\/wp-json\/wp\/v2\/product\/13469","targetHints":{"allow":["GET"]}}],"collection":[{"href":"https:\/\/vinsiolisuner.com\/es\/wp-json\/wp\/v2\/product"}],"about":[{"href":"https:\/\/vinsiolisuner.com\/es\/wp-json\/wp\/v2\/types\/product"}],"wp:featuredmedia":[{"embeddable":true,"href":"https:\/\/vinsiolisuner.com\/es\/wp-json\/wp\/v2\/media\/14858"}],"wp:attachment":[{"href":"https:\/\/vinsiolisuner.com\/es\/wp-json\/wp\/v2\/media?parent=13469"}],"wp:term":[{"taxonomy":"product_brand","embeddable":true,"href":"https:\/\/vinsiolisuner.com\/es\/wp-json\/wp\/v2\/product_brand?post=13469"},{"taxonomy":"product_cat","embeddable":true,"href":"https:\/\/vinsiolisuner.com\/es\/wp-json\/wp\/v2\/product_cat?post=13469"},{"taxonomy":"product_tag","embeddable":true,"href":"https:\/\/vinsiolisuner.com\/es\/wp-json\/wp\/v2\/product_tag?post=13469"}],"curies":[{"name":"wp","href":"https:\/\/api.w.org\/{rel}","templated":true}]}}