{"id":13528,"date":"2015-07-02T23:53:27","date_gmt":"2015-07-02T21:53:27","guid":{"rendered":"http:\/\/vinsiolisuner.com\/botiga\/sense-categoria\/ampolla-500ml-oli-ecologic-100-arbequina-2\/"},"modified":"2020-04-29T15:53:07","modified_gmt":"2020-04-29T13:53:07","slug":"aceite-de-oliva-virgen-extra-ecologico-500-ml","status":"publish","type":"product","link":"https:\/\/vinsiolisuner.com\/es\/botiga\/aceites-del-molino-a-tu-casa\/aceite-de-oliva-ecologico\/aceite-de-oliva-virgen-extra-ecologico-500-ml\/","title":{"rendered":"Aceite de Oliva Virgen Extra Ecol\u00f3gico Arbequina 500 ml."},"content":{"rendered":"<p><span style=\"font-family: Roboto; font-size: 16px;\">El mol\u00ed Su\u00f1er est\u00e0 certificat pel CCPAE (Consell Catal\u00e0 de la Producci\u00f3 Agr\u00e0ria Ecol\u00f2gica) el qual garanteix al consumidor que les t\u00e8cniques utilitzades en la producci\u00f3 agr\u00e0ria ecol\u00f2gica s\u00f3n respectuoses amb el medi ambient i amb les persones, i el producte \u00e9s de m\u00e0xima qualitat.<\/span><\/p>\n<p><span style=\"font-family: Roboto; font-size: 16px;\">Tot el sabor i aroma de l\u2019oliva arbequina envasat en una ampolla, amb capacitat de 500ml., de vidre fosc que el protegeix de la llum i de l\u2019aire conservant totes les seves qualitats. Al dors de l&#8217;ampolla hi apareixen un recull de refranys que relacionen aquest producte emblem\u00e0tic amb la cultura mediterr\u00e0nia i, en particular, la nostra llengua.<\/span><\/p>\n","protected":false},"excerpt":{"rendered":"<p><span style=\"font-family: Roboto; font-size: 16px;\">Desde la campa\u00f1a 2014-2015, producimos aceite de oliva extra virgen ecol\u00f3gico de la variedad arbequina.<\/span><\/p>\n<p><span style=\"font-family: Roboto; font-size: 16px;\">IVA incluido.<\/span><\/p>\n","protected":false},"featured_media":17640,"template":"","meta":[],"product_brand":[],"product_cat":[146,158],"product_tag":[166,844,843,848],"class_list":{"0":"post-13528","1":"product","2":"type-product","3":"status-publish","4":"has-post-thumbnail","6":"product_cat-aceites-del-molino-a-tu-casa","7":"product_cat-aceite-de-oliva-ecologico","8":"product_tag-arbequina-es","9":"product_tag-oli-catala-es","10":"product_tag-oli-doliva-es","11":"product_tag-oli-ecologic-es","12":"pa_packaging-eco-500ml-vidre-1-envase","13":"pa_packaging-eco-500ml-vidre-caja-12-uds","15":"first","16":"instock","17":"sale","18":"taxable","19":"shipping-taxable","20":"purchasable","21":"product-type-variable","22":"prodpage-classic"},"yoast_head":"<!-- This site is optimized with the Yoast SEO plugin v25.2 - https:\/\/yoast.com\/wordpress\/plugins\/seo\/ -->\n<title>Comprar Aceite de Oliva Virgen Extra Ecol\u00f3gico Arbequina 500 ml. | Vins i Olis Su\u00f1er<\/title>\n<meta name=\"description\" content=\"Todo el sabor y aroma de la aceituna arbequina envasado en una botella con capacidad de 500ml de vidrio oscuro, que le protege de la luz y del aire, conservando todas sus cualidades. Al dorso de la botella aparecen una serie de refranes que relacionan a este emblem\u00e1tico producto con la cultura mediterr\u00e1nea y en particular, con la lengua catalana. C\u00f3mpralo ahora!\" \/>\n<meta name=\"robots\" content=\"index, follow, max-snippet:-1, max-image-preview:large, max-video-preview:-1\" \/>\n<link rel=\"canonical\" href=\"https:\/\/vinsiolisuner.com\/es\/botiga\/aceites-del-molino-a-tu-casa\/aceite-de-oliva-ecologico\/aceite-de-oliva-virgen-extra-ecologico-500-ml\/\" \/>\n<meta property=\"og:locale\" content=\"es_ES\" \/>\n<meta property=\"og:type\" content=\"article\" \/>\n<meta property=\"og:title\" content=\"Comprar Aceite de Oliva Virgen Extra Ecol\u00f3gico Arbequina 500 ml. | Vins i Olis Su\u00f1er\" \/>\n<meta property=\"og:description\" content=\"Todo el sabor y aroma de la aceituna arbequina envasado en una botella con capacidad de 500ml de vidrio oscuro, que le protege de la luz y del aire, conservando todas sus cualidades. Al dorso de la botella aparecen una serie de refranes que relacionan a este emblem\u00e1tico producto con la cultura mediterr\u00e1nea y en particular, con la lengua catalana. C\u00f3mpralo ahora!\" \/>\n<meta property=\"og:url\" content=\"https:\/\/vinsiolisuner.com\/es\/botiga\/aceites-del-molino-a-tu-casa\/aceite-de-oliva-ecologico\/aceite-de-oliva-virgen-extra-ecologico-500-ml\/\" \/>\n<meta property=\"og:site_name\" content=\"Vins i Olis Su\u00f1er\" \/>\n<meta property=\"article:modified_time\" content=\"2020-04-29T13:53:07+00:00\" \/>\n<meta property=\"og:image\" content=\"https:\/\/vinsiolisuner.com\/wp-content\/uploads\/2015\/07\/ECO500.png\" \/>\n\t<meta property=\"og:image:width\" content=\"409\" \/>\n\t<meta property=\"og:image:height\" content=\"567\" \/>\n\t<meta property=\"og:image:type\" content=\"image\/png\" \/>\n<meta name=\"twitter:label1\" content=\"Tiempo de lectura\" \/>\n\t<meta name=\"twitter:data1\" content=\"1 minuto\" \/>\n<script type=\"application\/ld+json\" class=\"yoast-schema-graph\">{\"@context\":\"https:\/\/schema.org\",\"@graph\":[{\"@type\":\"WebPage\",\"@id\":\"https:\/\/vinsiolisuner.com\/es\/botiga\/aceites-del-molino-a-tu-casa\/aceite-de-oliva-ecologico\/aceite-de-oliva-virgen-extra-ecologico-500-ml\/\",\"url\":\"https:\/\/vinsiolisuner.com\/es\/botiga\/aceites-del-molino-a-tu-casa\/aceite-de-oliva-ecologico\/aceite-de-oliva-virgen-extra-ecologico-500-ml\/\",\"name\":\"Comprar Aceite de Oliva Virgen Extra Ecol\u00f3gico Arbequina 500 ml. | Vins i Olis Su\u00f1er\",\"isPartOf\":{\"@id\":\"https:\/\/vinsiolisuner.com\/#website\"},\"primaryImageOfPage\":{\"@id\":\"https:\/\/vinsiolisuner.com\/es\/botiga\/aceites-del-molino-a-tu-casa\/aceite-de-oliva-ecologico\/aceite-de-oliva-virgen-extra-ecologico-500-ml\/#primaryimage\"},\"image\":{\"@id\":\"https:\/\/vinsiolisuner.com\/es\/botiga\/aceites-del-molino-a-tu-casa\/aceite-de-oliva-ecologico\/aceite-de-oliva-virgen-extra-ecologico-500-ml\/#primaryimage\"},\"thumbnailUrl\":\"https:\/\/vinsiolisuner.com\/wp-content\/uploads\/2015\/07\/ECO500.png\",\"datePublished\":\"2015-07-02T21:53:27+00:00\",\"dateModified\":\"2020-04-29T13:53:07+00:00\",\"description\":\"Todo el sabor y aroma de la aceituna arbequina envasado en una botella con capacidad de 500ml de vidrio oscuro, que le protege de la luz y del aire, conservando todas sus cualidades. Al dorso de la botella aparecen una serie de refranes que relacionan a este emblem\u00e1tico producto con la cultura mediterr\u00e1nea y en particular, con la lengua catalana. C\u00f3mpralo ahora!\",\"breadcrumb\":{\"@id\":\"https:\/\/vinsiolisuner.com\/es\/botiga\/aceites-del-molino-a-tu-casa\/aceite-de-oliva-ecologico\/aceite-de-oliva-virgen-extra-ecologico-500-ml\/#breadcrumb\"},\"inLanguage\":\"es\",\"potentialAction\":[{\"@type\":\"ReadAction\",\"target\":[\"https:\/\/vinsiolisuner.com\/es\/botiga\/aceites-del-molino-a-tu-casa\/aceite-de-oliva-ecologico\/aceite-de-oliva-virgen-extra-ecologico-500-ml\/\"]}]},{\"@type\":\"ImageObject\",\"inLanguage\":\"es\",\"@id\":\"https:\/\/vinsiolisuner.com\/es\/botiga\/aceites-del-molino-a-tu-casa\/aceite-de-oliva-ecologico\/aceite-de-oliva-virgen-extra-ecologico-500-ml\/#primaryimage\",\"url\":\"https:\/\/vinsiolisuner.com\/wp-content\/uploads\/2015\/07\/ECO500.png\",\"contentUrl\":\"https:\/\/vinsiolisuner.com\/wp-content\/uploads\/2015\/07\/ECO500.png\",\"width\":409,\"height\":567},{\"@type\":\"BreadcrumbList\",\"@id\":\"https:\/\/vinsiolisuner.com\/es\/botiga\/aceites-del-molino-a-tu-casa\/aceite-de-oliva-ecologico\/aceite-de-oliva-virgen-extra-ecologico-500-ml\/#breadcrumb\",\"itemListElement\":[{\"@type\":\"ListItem\",\"position\":1,\"name\":\"Portada\",\"item\":\"https:\/\/vinsiolisuner.com\/es\/\"},{\"@type\":\"ListItem\",\"position\":2,\"name\":\"Tienda\",\"item\":\"https:\/\/vinsiolisuner.com\/es\/tienda\/\"},{\"@type\":\"ListItem\",\"position\":3,\"name\":\"Aceite de Oliva Virgen Extra Ecol\u00f3gico Arbequina 500 ml.\"}]},{\"@type\":\"WebSite\",\"@id\":\"https:\/\/vinsiolisuner.com\/#website\",\"url\":\"https:\/\/vinsiolisuner.com\/\",\"name\":\"Vins i Olis Su\u00f1er\",\"description\":\"Vins i Olis Su\u00f1er\",\"potentialAction\":[{\"@type\":\"SearchAction\",\"target\":{\"@type\":\"EntryPoint\",\"urlTemplate\":\"https:\/\/vinsiolisuner.com\/?s={search_term_string}\"},\"query-input\":{\"@type\":\"PropertyValueSpecification\",\"valueRequired\":true,\"valueName\":\"search_term_string\"}}],\"inLanguage\":\"es\"}]}<\/script>\n<!-- \/ Yoast SEO plugin. -->","yoast_head_json":{"title":"Comprar Aceite de Oliva Virgen Extra Ecol\u00f3gico Arbequina 500 ml. | Vins i Olis Su\u00f1er","description":"Todo el sabor y aroma de la aceituna arbequina envasado en una botella con capacidad de 500ml de vidrio oscuro, que le protege de la luz y del aire, conservando todas sus cualidades. Al dorso de la botella aparecen una serie de refranes que relacionan a este emblem\u00e1tico producto con la cultura mediterr\u00e1nea y en particular, con la lengua catalana. C\u00f3mpralo ahora!","robots":{"index":"index","follow":"follow","max-snippet":"max-snippet:-1","max-image-preview":"max-image-preview:large","max-video-preview":"max-video-preview:-1"},"canonical":"https:\/\/vinsiolisuner.com\/es\/botiga\/aceites-del-molino-a-tu-casa\/aceite-de-oliva-ecologico\/aceite-de-oliva-virgen-extra-ecologico-500-ml\/","og_locale":"es_ES","og_type":"article","og_title":"Comprar Aceite de Oliva Virgen Extra Ecol\u00f3gico Arbequina 500 ml. | Vins i Olis Su\u00f1er","og_description":"Todo el sabor y aroma de la aceituna arbequina envasado en una botella con capacidad de 500ml de vidrio oscuro, que le protege de la luz y del aire, conservando todas sus cualidades. Al dorso de la botella aparecen una serie de refranes que relacionan a este emblem\u00e1tico producto con la cultura mediterr\u00e1nea y en particular, con la lengua catalana. C\u00f3mpralo ahora!","og_url":"https:\/\/vinsiolisuner.com\/es\/botiga\/aceites-del-molino-a-tu-casa\/aceite-de-oliva-ecologico\/aceite-de-oliva-virgen-extra-ecologico-500-ml\/","og_site_name":"Vins i Olis Su\u00f1er","article_modified_time":"2020-04-29T13:53:07+00:00","og_image":[{"width":409,"height":567,"url":"https:\/\/vinsiolisuner.com\/wp-content\/uploads\/2015\/07\/ECO500.png","type":"image\/png"}],"twitter_misc":{"Tiempo de lectura":"1 minuto"},"schema":{"@context":"https:\/\/schema.org","@graph":[{"@type":"WebPage","@id":"https:\/\/vinsiolisuner.com\/es\/botiga\/aceites-del-molino-a-tu-casa\/aceite-de-oliva-ecologico\/aceite-de-oliva-virgen-extra-ecologico-500-ml\/","url":"https:\/\/vinsiolisuner.com\/es\/botiga\/aceites-del-molino-a-tu-casa\/aceite-de-oliva-ecologico\/aceite-de-oliva-virgen-extra-ecologico-500-ml\/","name":"Comprar Aceite de Oliva Virgen Extra Ecol\u00f3gico Arbequina 500 ml. | Vins i Olis Su\u00f1er","isPartOf":{"@id":"https:\/\/vinsiolisuner.com\/#website"},"primaryImageOfPage":{"@id":"https:\/\/vinsiolisuner.com\/es\/botiga\/aceites-del-molino-a-tu-casa\/aceite-de-oliva-ecologico\/aceite-de-oliva-virgen-extra-ecologico-500-ml\/#primaryimage"},"image":{"@id":"https:\/\/vinsiolisuner.com\/es\/botiga\/aceites-del-molino-a-tu-casa\/aceite-de-oliva-ecologico\/aceite-de-oliva-virgen-extra-ecologico-500-ml\/#primaryimage"},"thumbnailUrl":"https:\/\/vinsiolisuner.com\/wp-content\/uploads\/2015\/07\/ECO500.png","datePublished":"2015-07-02T21:53:27+00:00","dateModified":"2020-04-29T13:53:07+00:00","description":"Todo el sabor y aroma de la aceituna arbequina envasado en una botella con capacidad de 500ml de vidrio oscuro, que le protege de la luz y del aire, conservando todas sus cualidades. Al dorso de la botella aparecen una serie de refranes que relacionan a este emblem\u00e1tico producto con la cultura mediterr\u00e1nea y en particular, con la lengua catalana. C\u00f3mpralo ahora!","breadcrumb":{"@id":"https:\/\/vinsiolisuner.com\/es\/botiga\/aceites-del-molino-a-tu-casa\/aceite-de-oliva-ecologico\/aceite-de-oliva-virgen-extra-ecologico-500-ml\/#breadcrumb"},"inLanguage":"es","potentialAction":[{"@type":"ReadAction","target":["https:\/\/vinsiolisuner.com\/es\/botiga\/aceites-del-molino-a-tu-casa\/aceite-de-oliva-ecologico\/aceite-de-oliva-virgen-extra-ecologico-500-ml\/"]}]},{"@type":"ImageObject","inLanguage":"es","@id":"https:\/\/vinsiolisuner.com\/es\/botiga\/aceites-del-molino-a-tu-casa\/aceite-de-oliva-ecologico\/aceite-de-oliva-virgen-extra-ecologico-500-ml\/#primaryimage","url":"https:\/\/vinsiolisuner.com\/wp-content\/uploads\/2015\/07\/ECO500.png","contentUrl":"https:\/\/vinsiolisuner.com\/wp-content\/uploads\/2015\/07\/ECO500.png","width":409,"height":567},{"@type":"BreadcrumbList","@id":"https:\/\/vinsiolisuner.com\/es\/botiga\/aceites-del-molino-a-tu-casa\/aceite-de-oliva-ecologico\/aceite-de-oliva-virgen-extra-ecologico-500-ml\/#breadcrumb","itemListElement":[{"@type":"ListItem","position":1,"name":"Portada","item":"https:\/\/vinsiolisuner.com\/es\/"},{"@type":"ListItem","position":2,"name":"Tienda","item":"https:\/\/vinsiolisuner.com\/es\/tienda\/"},{"@type":"ListItem","position":3,"name":"Aceite de Oliva Virgen Extra Ecol\u00f3gico Arbequina 500 ml."}]},{"@type":"WebSite","@id":"https:\/\/vinsiolisuner.com\/#website","url":"https:\/\/vinsiolisuner.com\/","name":"Vins i Olis Su\u00f1er","description":"Vins i Olis Su\u00f1er","potentialAction":[{"@type":"SearchAction","target":{"@type":"EntryPoint","urlTemplate":"https:\/\/vinsiolisuner.com\/?s={search_term_string}"},"query-input":{"@type":"PropertyValueSpecification","valueRequired":true,"valueName":"search_term_string"}}],"inLanguage":"es"}]}},"_links":{"self":[{"href":"https:\/\/vinsiolisuner.com\/es\/wp-json\/wp\/v2\/product\/13528","targetHints":{"allow":["GET"]}}],"collection":[{"href":"https:\/\/vinsiolisuner.com\/es\/wp-json\/wp\/v2\/product"}],"about":[{"href":"https:\/\/vinsiolisuner.com\/es\/wp-json\/wp\/v2\/types\/product"}],"wp:featuredmedia":[{"embeddable":true,"href":"https:\/\/vinsiolisuner.com\/es\/wp-json\/wp\/v2\/media\/17640"}],"wp:attachment":[{"href":"https:\/\/vinsiolisuner.com\/es\/wp-json\/wp\/v2\/media?parent=13528"}],"wp:term":[{"taxonomy":"product_brand","embeddable":true,"href":"https:\/\/vinsiolisuner.com\/es\/wp-json\/wp\/v2\/product_brand?post=13528"},{"taxonomy":"product_cat","embeddable":true,"href":"https:\/\/vinsiolisuner.com\/es\/wp-json\/wp\/v2\/product_cat?post=13528"},{"taxonomy":"product_tag","embeddable":true,"href":"https:\/\/vinsiolisuner.com\/es\/wp-json\/wp\/v2\/product_tag?post=13528"}],"curies":[{"name":"wp","href":"https:\/\/api.w.org\/{rel}","templated":true}]}}