{"id":13557,"date":"2015-04-30T18:52:04","date_gmt":"2015-04-30T16:52:04","guid":{"rendered":"http:\/\/vinsiolisuner.com\/botiga\/sense-categoria\/oliva-arbequina-600gr-2\/"},"modified":"2020-04-29T16:48:11","modified_gmt":"2020-04-29T14:48:11","slug":"olives-arbequines-600gr","status":"publish","type":"product","link":"https:\/\/vinsiolisuner.com\/es\/botiga\/olivas\/olives-arbequines-600gr\/","title":{"rendered":"Olivas Arbequinas 600 gr."},"content":{"rendered":"<p><span style=\"font-weight: 400; font-family: Roboto; font-size: 16px;\">Preparadas cuidadosamente para su disfrute.\u00a0<\/span><\/p>\n<p><span style=\"font-weight: 400; font-family: Roboto; font-size: 16px;\">Maceradas al estilo casero, con hierbas arom\u00e1ticas y un punto de sal. Hacemos una selecci\u00f3n exhaustiva a\u00f1o tras a\u00f1o para obtener la mejor calidad.<\/span><\/p>\n<p><span style=\"font-weight: 400; font-family: Roboto; font-size: 16px;\">Con un punto amargo y un gusto exquisito. Bajo en sal.\u00a0<\/span><\/p>\n","protected":false},"excerpt":{"rendered":"<p><span style=\"font-family: Roboto; font-size: 16px;\">IVA incluido.<\/span><\/p>\n","protected":false},"featured_media":17698,"template":"","meta":[],"product_brand":[],"product_cat":[148],"product_tag":[180,168,214],"class_list":{"0":"post-13557","1":"product","2":"type-product","3":"status-publish","4":"has-post-thumbnail","6":"product_cat-olivas","7":"product_tag-arbequinas","8":"product_tag-gourmet-es","9":"product_tag-olivas","10":"pa_packaging-conserves-1-bote","11":"pa_packaging-conserves-caja-6-uds","13":"first","14":"instock","15":"sale","16":"taxable","17":"shipping-taxable","18":"purchasable","19":"product-type-variable","20":"prodpage-classic"},"yoast_head":"<!-- This site is optimized with the Yoast SEO plugin v25.2 - https:\/\/yoast.com\/wordpress\/plugins\/seo\/ -->\n<title>Comprar Olivas Arbequinas 600 gr. | Vins i Olis Su\u00f1er<\/title>\n<meta name=\"description\" content=\"Macerades a l\u2019estil casol\u00e0, amb herbes arom\u00e0tiques i un punt de sal. Fem una selecci\u00f3 exhaustiva any rere any per obtenir la millor qualitat. Compra-les ara!\" \/>\n<meta name=\"robots\" content=\"index, follow, max-snippet:-1, max-image-preview:large, max-video-preview:-1\" \/>\n<link rel=\"canonical\" href=\"https:\/\/vinsiolisuner.com\/es\/botiga\/olivas\/olives-arbequines-600gr\/\" \/>\n<meta property=\"og:locale\" content=\"es_ES\" \/>\n<meta property=\"og:type\" content=\"article\" \/>\n<meta property=\"og:title\" content=\"Comprar Olivas Arbequinas 600 gr. | Vins i Olis Su\u00f1er\" \/>\n<meta property=\"og:description\" content=\"Macerades a l\u2019estil casol\u00e0, amb herbes arom\u00e0tiques i un punt de sal. Fem una selecci\u00f3 exhaustiva any rere any per obtenir la millor qualitat. Compra-les ara!\" \/>\n<meta property=\"og:url\" content=\"https:\/\/vinsiolisuner.com\/es\/botiga\/olivas\/olives-arbequines-600gr\/\" \/>\n<meta property=\"og:site_name\" content=\"Vins i Olis Su\u00f1er\" \/>\n<meta property=\"article:modified_time\" content=\"2020-04-29T14:48:11+00:00\" \/>\n<meta property=\"og:image\" content=\"https:\/\/vinsiolisuner.com\/wp-content\/uploads\/2015\/04\/arbequina1-1.png\" \/>\n\t<meta property=\"og:image:width\" content=\"224\" \/>\n\t<meta property=\"og:image:height\" content=\"350\" \/>\n\t<meta property=\"og:image:type\" content=\"image\/png\" \/>\n<script type=\"application\/ld+json\" class=\"yoast-schema-graph\">{\"@context\":\"https:\/\/schema.org\",\"@graph\":[{\"@type\":\"WebPage\",\"@id\":\"https:\/\/vinsiolisuner.com\/es\/botiga\/olivas\/olives-arbequines-600gr\/\",\"url\":\"https:\/\/vinsiolisuner.com\/es\/botiga\/olivas\/olives-arbequines-600gr\/\",\"name\":\"Comprar Olivas Arbequinas 600 gr. | Vins i Olis Su\u00f1er\",\"isPartOf\":{\"@id\":\"https:\/\/vinsiolisuner.com\/#website\"},\"primaryImageOfPage\":{\"@id\":\"https:\/\/vinsiolisuner.com\/es\/botiga\/olivas\/olives-arbequines-600gr\/#primaryimage\"},\"image\":{\"@id\":\"https:\/\/vinsiolisuner.com\/es\/botiga\/olivas\/olives-arbequines-600gr\/#primaryimage\"},\"thumbnailUrl\":\"https:\/\/vinsiolisuner.com\/wp-content\/uploads\/2015\/04\/arbequina1-1.png\",\"datePublished\":\"2015-04-30T16:52:04+00:00\",\"dateModified\":\"2020-04-29T14:48:11+00:00\",\"description\":\"Macerades a l\u2019estil casol\u00e0, amb herbes arom\u00e0tiques i un punt de sal. Fem una selecci\u00f3 exhaustiva any rere any per obtenir la millor qualitat. Compra-les ara!\",\"breadcrumb\":{\"@id\":\"https:\/\/vinsiolisuner.com\/es\/botiga\/olivas\/olives-arbequines-600gr\/#breadcrumb\"},\"inLanguage\":\"es\",\"potentialAction\":[{\"@type\":\"ReadAction\",\"target\":[\"https:\/\/vinsiolisuner.com\/es\/botiga\/olivas\/olives-arbequines-600gr\/\"]}]},{\"@type\":\"ImageObject\",\"inLanguage\":\"es\",\"@id\":\"https:\/\/vinsiolisuner.com\/es\/botiga\/olivas\/olives-arbequines-600gr\/#primaryimage\",\"url\":\"https:\/\/vinsiolisuner.com\/wp-content\/uploads\/2015\/04\/arbequina1-1.png\",\"contentUrl\":\"https:\/\/vinsiolisuner.com\/wp-content\/uploads\/2015\/04\/arbequina1-1.png\",\"width\":224,\"height\":350},{\"@type\":\"BreadcrumbList\",\"@id\":\"https:\/\/vinsiolisuner.com\/es\/botiga\/olivas\/olives-arbequines-600gr\/#breadcrumb\",\"itemListElement\":[{\"@type\":\"ListItem\",\"position\":1,\"name\":\"Portada\",\"item\":\"https:\/\/vinsiolisuner.com\/es\/\"},{\"@type\":\"ListItem\",\"position\":2,\"name\":\"Tienda\",\"item\":\"https:\/\/vinsiolisuner.com\/es\/tienda\/\"},{\"@type\":\"ListItem\",\"position\":3,\"name\":\"Olivas Arbequinas 600 gr.\"}]},{\"@type\":\"WebSite\",\"@id\":\"https:\/\/vinsiolisuner.com\/#website\",\"url\":\"https:\/\/vinsiolisuner.com\/\",\"name\":\"Vins i Olis Su\u00f1er\",\"description\":\"Vins i Olis Su\u00f1er\",\"potentialAction\":[{\"@type\":\"SearchAction\",\"target\":{\"@type\":\"EntryPoint\",\"urlTemplate\":\"https:\/\/vinsiolisuner.com\/?s={search_term_string}\"},\"query-input\":{\"@type\":\"PropertyValueSpecification\",\"valueRequired\":true,\"valueName\":\"search_term_string\"}}],\"inLanguage\":\"es\"}]}<\/script>\n<!-- \/ Yoast SEO plugin. -->","yoast_head_json":{"title":"Comprar Olivas Arbequinas 600 gr. | Vins i Olis Su\u00f1er","description":"Macerades a l\u2019estil casol\u00e0, amb herbes arom\u00e0tiques i un punt de sal. Fem una selecci\u00f3 exhaustiva any rere any per obtenir la millor qualitat. Compra-les ara!","robots":{"index":"index","follow":"follow","max-snippet":"max-snippet:-1","max-image-preview":"max-image-preview:large","max-video-preview":"max-video-preview:-1"},"canonical":"https:\/\/vinsiolisuner.com\/es\/botiga\/olivas\/olives-arbequines-600gr\/","og_locale":"es_ES","og_type":"article","og_title":"Comprar Olivas Arbequinas 600 gr. | Vins i Olis Su\u00f1er","og_description":"Macerades a l\u2019estil casol\u00e0, amb herbes arom\u00e0tiques i un punt de sal. Fem una selecci\u00f3 exhaustiva any rere any per obtenir la millor qualitat. Compra-les ara!","og_url":"https:\/\/vinsiolisuner.com\/es\/botiga\/olivas\/olives-arbequines-600gr\/","og_site_name":"Vins i Olis Su\u00f1er","article_modified_time":"2020-04-29T14:48:11+00:00","og_image":[{"width":224,"height":350,"url":"https:\/\/vinsiolisuner.com\/wp-content\/uploads\/2015\/04\/arbequina1-1.png","type":"image\/png"}],"schema":{"@context":"https:\/\/schema.org","@graph":[{"@type":"WebPage","@id":"https:\/\/vinsiolisuner.com\/es\/botiga\/olivas\/olives-arbequines-600gr\/","url":"https:\/\/vinsiolisuner.com\/es\/botiga\/olivas\/olives-arbequines-600gr\/","name":"Comprar Olivas Arbequinas 600 gr. | Vins i Olis Su\u00f1er","isPartOf":{"@id":"https:\/\/vinsiolisuner.com\/#website"},"primaryImageOfPage":{"@id":"https:\/\/vinsiolisuner.com\/es\/botiga\/olivas\/olives-arbequines-600gr\/#primaryimage"},"image":{"@id":"https:\/\/vinsiolisuner.com\/es\/botiga\/olivas\/olives-arbequines-600gr\/#primaryimage"},"thumbnailUrl":"https:\/\/vinsiolisuner.com\/wp-content\/uploads\/2015\/04\/arbequina1-1.png","datePublished":"2015-04-30T16:52:04+00:00","dateModified":"2020-04-29T14:48:11+00:00","description":"Macerades a l\u2019estil casol\u00e0, amb herbes arom\u00e0tiques i un punt de sal. Fem una selecci\u00f3 exhaustiva any rere any per obtenir la millor qualitat. Compra-les ara!","breadcrumb":{"@id":"https:\/\/vinsiolisuner.com\/es\/botiga\/olivas\/olives-arbequines-600gr\/#breadcrumb"},"inLanguage":"es","potentialAction":[{"@type":"ReadAction","target":["https:\/\/vinsiolisuner.com\/es\/botiga\/olivas\/olives-arbequines-600gr\/"]}]},{"@type":"ImageObject","inLanguage":"es","@id":"https:\/\/vinsiolisuner.com\/es\/botiga\/olivas\/olives-arbequines-600gr\/#primaryimage","url":"https:\/\/vinsiolisuner.com\/wp-content\/uploads\/2015\/04\/arbequina1-1.png","contentUrl":"https:\/\/vinsiolisuner.com\/wp-content\/uploads\/2015\/04\/arbequina1-1.png","width":224,"height":350},{"@type":"BreadcrumbList","@id":"https:\/\/vinsiolisuner.com\/es\/botiga\/olivas\/olives-arbequines-600gr\/#breadcrumb","itemListElement":[{"@type":"ListItem","position":1,"name":"Portada","item":"https:\/\/vinsiolisuner.com\/es\/"},{"@type":"ListItem","position":2,"name":"Tienda","item":"https:\/\/vinsiolisuner.com\/es\/tienda\/"},{"@type":"ListItem","position":3,"name":"Olivas Arbequinas 600 gr."}]},{"@type":"WebSite","@id":"https:\/\/vinsiolisuner.com\/#website","url":"https:\/\/vinsiolisuner.com\/","name":"Vins i Olis Su\u00f1er","description":"Vins i Olis Su\u00f1er","potentialAction":[{"@type":"SearchAction","target":{"@type":"EntryPoint","urlTemplate":"https:\/\/vinsiolisuner.com\/?s={search_term_string}"},"query-input":{"@type":"PropertyValueSpecification","valueRequired":true,"valueName":"search_term_string"}}],"inLanguage":"es"}]}},"_links":{"self":[{"href":"https:\/\/vinsiolisuner.com\/es\/wp-json\/wp\/v2\/product\/13557","targetHints":{"allow":["GET"]}}],"collection":[{"href":"https:\/\/vinsiolisuner.com\/es\/wp-json\/wp\/v2\/product"}],"about":[{"href":"https:\/\/vinsiolisuner.com\/es\/wp-json\/wp\/v2\/types\/product"}],"wp:featuredmedia":[{"embeddable":true,"href":"https:\/\/vinsiolisuner.com\/es\/wp-json\/wp\/v2\/media\/17698"}],"wp:attachment":[{"href":"https:\/\/vinsiolisuner.com\/es\/wp-json\/wp\/v2\/media?parent=13557"}],"wp:term":[{"taxonomy":"product_brand","embeddable":true,"href":"https:\/\/vinsiolisuner.com\/es\/wp-json\/wp\/v2\/product_brand?post=13557"},{"taxonomy":"product_cat","embeddable":true,"href":"https:\/\/vinsiolisuner.com\/es\/wp-json\/wp\/v2\/product_cat?post=13557"},{"taxonomy":"product_tag","embeddable":true,"href":"https:\/\/vinsiolisuner.com\/es\/wp-json\/wp\/v2\/product_tag?post=13557"}],"curies":[{"name":"wp","href":"https:\/\/api.w.org\/{rel}","templated":true}]}}