{"id":13581,"date":"2015-04-30T18:55:12","date_gmt":"2015-04-30T16:55:12","guid":{"rendered":"http:\/\/vinsiolisuner.com\/botiga\/sense-categoria\/oliva-negra-arago-600gr-2\/"},"modified":"2020-04-29T16:54:31","modified_gmt":"2020-04-29T14:54:31","slug":"olivas-negras-de-aragon-600gr","status":"publish","type":"product","link":"https:\/\/vinsiolisuner.com\/es\/botiga\/olivas\/olivas-negras-de-aragon-600gr\/","title":{"rendered":"Olivas Negras de Arag\u00f3n 600 gr."},"content":{"rendered":"<p><span style=\"font-weight: 400; font-family: Roboto; font-size: 16px;\">Aceitunas originarias de Bajo Arag\u00f3n, de forma alargada y gusto intenso.<\/span><\/p>\n<p><span style=\"font-weight: 400; font-family: Roboto; font-size: 16px;\">Preparadas cuidadosamente con un toque suave de aceite de oliva virgen extra para potenciar su sabor.\u00a0<\/span><\/p>\n<p><span style=\"font-weight: 400; font-family: Roboto; font-size: 16px;\">Bajo en sal.\u00a0<\/span><\/p>\n","protected":false},"excerpt":{"rendered":"<p><span style=\"font-family: Roboto; font-size: 16px;\">IVA incluido.<\/span><\/p>\n","protected":false},"featured_media":17687,"template":"","meta":[],"product_brand":[],"product_cat":[148],"product_tag":[176,168,210,214],"class_list":{"0":"post-13581","1":"product","2":"type-product","3":"status-publish","4":"has-post-thumbnail","6":"product_cat-olivas","7":"product_tag-aragon","8":"product_tag-gourmet-es","9":"product_tag-negros","10":"product_tag-olivas","11":"pa_packaging-conserves-1-bote","12":"pa_packaging-conserves-caja-6-uds","14":"first","15":"instock","16":"sale","17":"taxable","18":"shipping-taxable","19":"purchasable","20":"product-type-variable","21":"prodpage-classic"},"yoast_head":"<!-- This site is optimized with the Yoast SEO plugin v25.2 - https:\/\/yoast.com\/wordpress\/plugins\/seo\/ -->\n<title>Comprar Olivas Negras de Arag\u00f3n 600 gr. | Vins i Olis Su\u00f1er<\/title>\n<meta name=\"description\" content=\"Aceitunas originarias de Bajo Arag\u00f3n, de forma alargada y gusto intenso.Preparadas cuidadosamente con un toque suave de aceite de oliva virgen extra para potenciar su sabor.\u00a0C\u00f3mpralas ahora!\" \/>\n<meta name=\"robots\" content=\"index, follow, max-snippet:-1, max-image-preview:large, max-video-preview:-1\" \/>\n<link rel=\"canonical\" href=\"https:\/\/vinsiolisuner.com\/es\/botiga\/olivas\/olivas-negras-de-aragon-600gr\/\" \/>\n<meta property=\"og:locale\" content=\"es_ES\" \/>\n<meta property=\"og:type\" content=\"article\" \/>\n<meta property=\"og:title\" content=\"Comprar Olivas Negras de Arag\u00f3n 600 gr. | Vins i Olis Su\u00f1er\" \/>\n<meta property=\"og:description\" content=\"Aceitunas originarias de Bajo Arag\u00f3n, de forma alargada y gusto intenso.Preparadas cuidadosamente con un toque suave de aceite de oliva virgen extra para potenciar su sabor.\u00a0C\u00f3mpralas ahora!\" \/>\n<meta property=\"og:url\" content=\"https:\/\/vinsiolisuner.com\/es\/botiga\/olivas\/olivas-negras-de-aragon-600gr\/\" \/>\n<meta property=\"og:site_name\" content=\"Vins i Olis Su\u00f1er\" \/>\n<meta property=\"article:modified_time\" content=\"2020-04-29T14:54:31+00:00\" \/>\n<meta property=\"og:image\" content=\"https:\/\/vinsiolisuner.com\/wp-content\/uploads\/2015\/04\/arago_oli1.png\" \/>\n\t<meta property=\"og:image:width\" content=\"265\" \/>\n\t<meta property=\"og:image:height\" content=\"350\" \/>\n\t<meta property=\"og:image:type\" content=\"image\/png\" \/>\n<script type=\"application\/ld+json\" class=\"yoast-schema-graph\">{\"@context\":\"https:\/\/schema.org\",\"@graph\":[{\"@type\":\"WebPage\",\"@id\":\"https:\/\/vinsiolisuner.com\/es\/botiga\/olivas\/olivas-negras-de-aragon-600gr\/\",\"url\":\"https:\/\/vinsiolisuner.com\/es\/botiga\/olivas\/olivas-negras-de-aragon-600gr\/\",\"name\":\"Comprar Olivas Negras de Arag\u00f3n 600 gr. | Vins i Olis Su\u00f1er\",\"isPartOf\":{\"@id\":\"https:\/\/vinsiolisuner.com\/#website\"},\"primaryImageOfPage\":{\"@id\":\"https:\/\/vinsiolisuner.com\/es\/botiga\/olivas\/olivas-negras-de-aragon-600gr\/#primaryimage\"},\"image\":{\"@id\":\"https:\/\/vinsiolisuner.com\/es\/botiga\/olivas\/olivas-negras-de-aragon-600gr\/#primaryimage\"},\"thumbnailUrl\":\"https:\/\/vinsiolisuner.com\/wp-content\/uploads\/2015\/04\/arago_oli1.png\",\"datePublished\":\"2015-04-30T16:55:12+00:00\",\"dateModified\":\"2020-04-29T14:54:31+00:00\",\"description\":\"Aceitunas originarias de Bajo Arag\u00f3n, de forma alargada y gusto intenso.Preparadas cuidadosamente con un toque suave de aceite de oliva virgen extra para potenciar su sabor.\u00a0C\u00f3mpralas ahora!\",\"breadcrumb\":{\"@id\":\"https:\/\/vinsiolisuner.com\/es\/botiga\/olivas\/olivas-negras-de-aragon-600gr\/#breadcrumb\"},\"inLanguage\":\"es\",\"potentialAction\":[{\"@type\":\"ReadAction\",\"target\":[\"https:\/\/vinsiolisuner.com\/es\/botiga\/olivas\/olivas-negras-de-aragon-600gr\/\"]}]},{\"@type\":\"ImageObject\",\"inLanguage\":\"es\",\"@id\":\"https:\/\/vinsiolisuner.com\/es\/botiga\/olivas\/olivas-negras-de-aragon-600gr\/#primaryimage\",\"url\":\"https:\/\/vinsiolisuner.com\/wp-content\/uploads\/2015\/04\/arago_oli1.png\",\"contentUrl\":\"https:\/\/vinsiolisuner.com\/wp-content\/uploads\/2015\/04\/arago_oli1.png\",\"width\":265,\"height\":350},{\"@type\":\"BreadcrumbList\",\"@id\":\"https:\/\/vinsiolisuner.com\/es\/botiga\/olivas\/olivas-negras-de-aragon-600gr\/#breadcrumb\",\"itemListElement\":[{\"@type\":\"ListItem\",\"position\":1,\"name\":\"Portada\",\"item\":\"https:\/\/vinsiolisuner.com\/es\/\"},{\"@type\":\"ListItem\",\"position\":2,\"name\":\"Tienda\",\"item\":\"https:\/\/vinsiolisuner.com\/es\/tienda\/\"},{\"@type\":\"ListItem\",\"position\":3,\"name\":\"Olivas Negras de Arag\u00f3n 600 gr.\"}]},{\"@type\":\"WebSite\",\"@id\":\"https:\/\/vinsiolisuner.com\/#website\",\"url\":\"https:\/\/vinsiolisuner.com\/\",\"name\":\"Vins i Olis Su\u00f1er\",\"description\":\"Vins i Olis Su\u00f1er\",\"potentialAction\":[{\"@type\":\"SearchAction\",\"target\":{\"@type\":\"EntryPoint\",\"urlTemplate\":\"https:\/\/vinsiolisuner.com\/?s={search_term_string}\"},\"query-input\":{\"@type\":\"PropertyValueSpecification\",\"valueRequired\":true,\"valueName\":\"search_term_string\"}}],\"inLanguage\":\"es\"}]}<\/script>\n<!-- \/ Yoast SEO plugin. -->","yoast_head_json":{"title":"Comprar Olivas Negras de Arag\u00f3n 600 gr. | Vins i Olis Su\u00f1er","description":"Aceitunas originarias de Bajo Arag\u00f3n, de forma alargada y gusto intenso.Preparadas cuidadosamente con un toque suave de aceite de oliva virgen extra para potenciar su sabor.\u00a0C\u00f3mpralas ahora!","robots":{"index":"index","follow":"follow","max-snippet":"max-snippet:-1","max-image-preview":"max-image-preview:large","max-video-preview":"max-video-preview:-1"},"canonical":"https:\/\/vinsiolisuner.com\/es\/botiga\/olivas\/olivas-negras-de-aragon-600gr\/","og_locale":"es_ES","og_type":"article","og_title":"Comprar Olivas Negras de Arag\u00f3n 600 gr. | Vins i Olis Su\u00f1er","og_description":"Aceitunas originarias de Bajo Arag\u00f3n, de forma alargada y gusto intenso.Preparadas cuidadosamente con un toque suave de aceite de oliva virgen extra para potenciar su sabor.\u00a0C\u00f3mpralas ahora!","og_url":"https:\/\/vinsiolisuner.com\/es\/botiga\/olivas\/olivas-negras-de-aragon-600gr\/","og_site_name":"Vins i Olis Su\u00f1er","article_modified_time":"2020-04-29T14:54:31+00:00","og_image":[{"width":265,"height":350,"url":"https:\/\/vinsiolisuner.com\/wp-content\/uploads\/2015\/04\/arago_oli1.png","type":"image\/png"}],"schema":{"@context":"https:\/\/schema.org","@graph":[{"@type":"WebPage","@id":"https:\/\/vinsiolisuner.com\/es\/botiga\/olivas\/olivas-negras-de-aragon-600gr\/","url":"https:\/\/vinsiolisuner.com\/es\/botiga\/olivas\/olivas-negras-de-aragon-600gr\/","name":"Comprar Olivas Negras de Arag\u00f3n 600 gr. | Vins i Olis Su\u00f1er","isPartOf":{"@id":"https:\/\/vinsiolisuner.com\/#website"},"primaryImageOfPage":{"@id":"https:\/\/vinsiolisuner.com\/es\/botiga\/olivas\/olivas-negras-de-aragon-600gr\/#primaryimage"},"image":{"@id":"https:\/\/vinsiolisuner.com\/es\/botiga\/olivas\/olivas-negras-de-aragon-600gr\/#primaryimage"},"thumbnailUrl":"https:\/\/vinsiolisuner.com\/wp-content\/uploads\/2015\/04\/arago_oli1.png","datePublished":"2015-04-30T16:55:12+00:00","dateModified":"2020-04-29T14:54:31+00:00","description":"Aceitunas originarias de Bajo Arag\u00f3n, de forma alargada y gusto intenso.Preparadas cuidadosamente con un toque suave de aceite de oliva virgen extra para potenciar su sabor.\u00a0C\u00f3mpralas ahora!","breadcrumb":{"@id":"https:\/\/vinsiolisuner.com\/es\/botiga\/olivas\/olivas-negras-de-aragon-600gr\/#breadcrumb"},"inLanguage":"es","potentialAction":[{"@type":"ReadAction","target":["https:\/\/vinsiolisuner.com\/es\/botiga\/olivas\/olivas-negras-de-aragon-600gr\/"]}]},{"@type":"ImageObject","inLanguage":"es","@id":"https:\/\/vinsiolisuner.com\/es\/botiga\/olivas\/olivas-negras-de-aragon-600gr\/#primaryimage","url":"https:\/\/vinsiolisuner.com\/wp-content\/uploads\/2015\/04\/arago_oli1.png","contentUrl":"https:\/\/vinsiolisuner.com\/wp-content\/uploads\/2015\/04\/arago_oli1.png","width":265,"height":350},{"@type":"BreadcrumbList","@id":"https:\/\/vinsiolisuner.com\/es\/botiga\/olivas\/olivas-negras-de-aragon-600gr\/#breadcrumb","itemListElement":[{"@type":"ListItem","position":1,"name":"Portada","item":"https:\/\/vinsiolisuner.com\/es\/"},{"@type":"ListItem","position":2,"name":"Tienda","item":"https:\/\/vinsiolisuner.com\/es\/tienda\/"},{"@type":"ListItem","position":3,"name":"Olivas Negras de Arag\u00f3n 600 gr."}]},{"@type":"WebSite","@id":"https:\/\/vinsiolisuner.com\/#website","url":"https:\/\/vinsiolisuner.com\/","name":"Vins i Olis Su\u00f1er","description":"Vins i Olis Su\u00f1er","potentialAction":[{"@type":"SearchAction","target":{"@type":"EntryPoint","urlTemplate":"https:\/\/vinsiolisuner.com\/?s={search_term_string}"},"query-input":{"@type":"PropertyValueSpecification","valueRequired":true,"valueName":"search_term_string"}}],"inLanguage":"es"}]}},"_links":{"self":[{"href":"https:\/\/vinsiolisuner.com\/es\/wp-json\/wp\/v2\/product\/13581","targetHints":{"allow":["GET"]}}],"collection":[{"href":"https:\/\/vinsiolisuner.com\/es\/wp-json\/wp\/v2\/product"}],"about":[{"href":"https:\/\/vinsiolisuner.com\/es\/wp-json\/wp\/v2\/types\/product"}],"wp:featuredmedia":[{"embeddable":true,"href":"https:\/\/vinsiolisuner.com\/es\/wp-json\/wp\/v2\/media\/17687"}],"wp:attachment":[{"href":"https:\/\/vinsiolisuner.com\/es\/wp-json\/wp\/v2\/media?parent=13581"}],"wp:term":[{"taxonomy":"product_brand","embeddable":true,"href":"https:\/\/vinsiolisuner.com\/es\/wp-json\/wp\/v2\/product_brand?post=13581"},{"taxonomy":"product_cat","embeddable":true,"href":"https:\/\/vinsiolisuner.com\/es\/wp-json\/wp\/v2\/product_cat?post=13581"},{"taxonomy":"product_tag","embeddable":true,"href":"https:\/\/vinsiolisuner.com\/es\/wp-json\/wp\/v2\/product_tag?post=13581"}],"curies":[{"name":"wp","href":"https:\/\/api.w.org\/{rel}","templated":true}]}}