{"id":13612,"date":"2015-04-30T12:35:06","date_gmt":"2015-04-30T10:35:06","guid":{"rendered":"http:\/\/vinsiolisuner.com\/botiga\/sense-categoria\/vi-macabeu-blanc-jove-6-botelles-2\/"},"modified":"2020-04-28T11:48:57","modified_gmt":"2020-04-28T09:48:57","slug":"vino-macabeu-de-ginestar","status":"publish","type":"product","link":"https:\/\/vinsiolisuner.com\/es\/botiga\/vinos-de-la-bodega-a-tu-casa\/vino-macabeu-de-ginestar\/","title":{"rendered":"Vino Macabeu de Ginestar"},"content":{"rendered":"<h2><span style=\"font-family: Roboto; font-size: 20px;\">VINO MACABEU DE GINESTAR<\/span><\/h2>\n<p><span style=\"font-family: Roboto; font-size: 16px;\">\u201cTipicidad del Macabeo de la Ribera d\u2019Ebre\u201d<\/span><\/p>\n<p><span style=\"font-family: Roboto; font-size: 16px;\"><b>Elaboraci\u00f3n:\u00a0<\/b>Cosecha manual de los racimos que presentan el grado de madurez adecuado y con un estado sanitario \u00f3ptimo. Maceraci\u00f3n pelicular pre-fermentativa a baja temperatura durante 48 horas y posterior retiro del mosto sin prensar.\u00a0La fermentaci\u00f3n se desarrolla en dep\u00f3sitos de acero inoxidable.\u00a0El battonage le otorga una buena presencia en boca y la tipicidad a este vino.\u00a0Contenido de alcohol: 13% vol.<\/span><\/p>\n<p><span style=\"font-family: Roboto; font-size: 16px;\"><b>Nota de cata:<\/b>\u00a0De nuestras vi\u00f1as plantadas hace m\u00e1s de 60 a\u00f1os a la orilla del r\u00edo Ebre, nace este vino monovarietal. Aromas de fruta tropical y fruta blanca, mineral y anisado en boca. Joven, brillante, fresco, intenso y persistente. Expresa de la mejor manera la tipicidad del macabeo de nuestra zona.<\/span><\/p>\n<p><span style=\"font-family: Roboto; font-size: 16px;\"><b>Imagen<\/b>: La etiqueta est\u00e1 dise\u00f1ada recordando los r\u00f3tulos de negocios antiguos. De esta manera diferenciamos nuestro Macabeo m\u00e1s representativo.<\/span><\/p>\n<p><span style=\"font-family: Roboto; font-size: 16px;\"><b>Maridaje<\/b>: Pescados o carnes blancas a las hierbas, ensaladas, vegetales rostizados.<\/span><\/p>\n","protected":false},"excerpt":{"rendered":"<p><span style=\"font-family: Roboto; font-size: 16px;\"><b>D.O.:<\/b> Tarragona<\/span><br \/>\n<span style=\"font-family: Roboto; font-size: 16px;\"><b>A\u00f1ada: <\/b>2018<\/span><br \/>\n<span style=\"font-family: Roboto; font-size: 16px;\"><b>Variedad de uva:<\/b> 100% Macabeo<\/span><\/p>\n<p><span style=\"font-family: Roboto; font-size: 16px;\"><strong>NOTA INFORMATIVA:<\/strong> Es posible comprar una unidad o una caja de 6 unidades. Aplicamos descuento por la compra de una caja.<br \/>\nIVA incluido.<\/span><\/p>\n","protected":false},"featured_media":17109,"template":"","meta":[],"product_brand":[],"product_cat":[150],"product_tag":[184,827,820],"class_list":{"0":"post-13612","1":"product","2":"type-product","3":"status-publish","4":"has-post-thumbnail","6":"product_cat-vinos-de-la-bodega-a-tu-casa","7":"product_tag-blanco","8":"product_tag-macabeu-es","9":"product_tag-vi-catala-es","10":"pa_packaging-vi-1-botella-2","11":"pa_packaging-vi-caja-6-uds","13":"first","14":"instock","15":"sale","16":"taxable","17":"shipping-taxable","18":"purchasable","19":"product-type-variable","20":"prodpage-classic"},"yoast_head":"<!-- This site is optimized with the Yoast SEO plugin v25.2 - https:\/\/yoast.com\/wordpress\/plugins\/seo\/ -->\n<title>Comprar Vino Macabeu de Ginestar | Vins i Olis Su\u00f1er<\/title>\n<meta name=\"description\" content=\"De nuestras vi\u00f1as plantadas hace m\u00e1s de 60 a\u00f1os a la orilla del r\u00edo Ebre, nace este vino monovarietal. Aromas de fruta tropical y fruta blanca, mineral y anisado en boca. C\u00f3mpralo ya!\" \/>\n<meta name=\"robots\" content=\"index, follow, max-snippet:-1, max-image-preview:large, max-video-preview:-1\" \/>\n<link rel=\"canonical\" href=\"https:\/\/vinsiolisuner.com\/es\/botiga\/vinos-de-la-bodega-a-tu-casa\/vino-macabeu-de-ginestar\/\" \/>\n<meta property=\"og:locale\" content=\"es_ES\" \/>\n<meta property=\"og:type\" content=\"article\" \/>\n<meta property=\"og:title\" content=\"Comprar Vino Macabeu de Ginestar | Vins i Olis Su\u00f1er\" \/>\n<meta property=\"og:description\" content=\"De nuestras vi\u00f1as plantadas hace m\u00e1s de 60 a\u00f1os a la orilla del r\u00edo Ebre, nace este vino monovarietal. Aromas de fruta tropical y fruta blanca, mineral y anisado en boca. C\u00f3mpralo ya!\" \/>\n<meta property=\"og:url\" content=\"https:\/\/vinsiolisuner.com\/es\/botiga\/vinos-de-la-bodega-a-tu-casa\/vino-macabeu-de-ginestar\/\" \/>\n<meta property=\"og:site_name\" content=\"Vins i Olis Su\u00f1er\" \/>\n<meta property=\"article:modified_time\" content=\"2020-04-28T09:48:57+00:00\" \/>\n<meta property=\"og:image\" content=\"https:\/\/vinsiolisuner.com\/wp-content\/uploads\/2020\/04\/macabeu_web.png\" \/>\n\t<meta property=\"og:image:width\" content=\"409\" \/>\n\t<meta property=\"og:image:height\" content=\"567\" \/>\n\t<meta property=\"og:image:type\" content=\"image\/png\" \/>\n<meta name=\"twitter:label1\" content=\"Tiempo de lectura\" \/>\n\t<meta name=\"twitter:data1\" content=\"1 minuto\" \/>\n<script type=\"application\/ld+json\" class=\"yoast-schema-graph\">{\"@context\":\"https:\/\/schema.org\",\"@graph\":[{\"@type\":\"WebPage\",\"@id\":\"https:\/\/vinsiolisuner.com\/es\/botiga\/vinos-de-la-bodega-a-tu-casa\/vino-macabeu-de-ginestar\/\",\"url\":\"https:\/\/vinsiolisuner.com\/es\/botiga\/vinos-de-la-bodega-a-tu-casa\/vino-macabeu-de-ginestar\/\",\"name\":\"Comprar Vino Macabeu de Ginestar | Vins i Olis Su\u00f1er\",\"isPartOf\":{\"@id\":\"https:\/\/vinsiolisuner.com\/#website\"},\"primaryImageOfPage\":{\"@id\":\"https:\/\/vinsiolisuner.com\/es\/botiga\/vinos-de-la-bodega-a-tu-casa\/vino-macabeu-de-ginestar\/#primaryimage\"},\"image\":{\"@id\":\"https:\/\/vinsiolisuner.com\/es\/botiga\/vinos-de-la-bodega-a-tu-casa\/vino-macabeu-de-ginestar\/#primaryimage\"},\"thumbnailUrl\":\"https:\/\/vinsiolisuner.com\/wp-content\/uploads\/2020\/04\/macabeu_web.png\",\"datePublished\":\"2015-04-30T10:35:06+00:00\",\"dateModified\":\"2020-04-28T09:48:57+00:00\",\"description\":\"De nuestras vi\u00f1as plantadas hace m\u00e1s de 60 a\u00f1os a la orilla del r\u00edo Ebre, nace este vino monovarietal. Aromas de fruta tropical y fruta blanca, mineral y anisado en boca. C\u00f3mpralo ya!\",\"breadcrumb\":{\"@id\":\"https:\/\/vinsiolisuner.com\/es\/botiga\/vinos-de-la-bodega-a-tu-casa\/vino-macabeu-de-ginestar\/#breadcrumb\"},\"inLanguage\":\"es\",\"potentialAction\":[{\"@type\":\"ReadAction\",\"target\":[\"https:\/\/vinsiolisuner.com\/es\/botiga\/vinos-de-la-bodega-a-tu-casa\/vino-macabeu-de-ginestar\/\"]}]},{\"@type\":\"ImageObject\",\"inLanguage\":\"es\",\"@id\":\"https:\/\/vinsiolisuner.com\/es\/botiga\/vinos-de-la-bodega-a-tu-casa\/vino-macabeu-de-ginestar\/#primaryimage\",\"url\":\"https:\/\/vinsiolisuner.com\/wp-content\/uploads\/2020\/04\/macabeu_web.png\",\"contentUrl\":\"https:\/\/vinsiolisuner.com\/wp-content\/uploads\/2020\/04\/macabeu_web.png\",\"width\":409,\"height\":567},{\"@type\":\"BreadcrumbList\",\"@id\":\"https:\/\/vinsiolisuner.com\/es\/botiga\/vinos-de-la-bodega-a-tu-casa\/vino-macabeu-de-ginestar\/#breadcrumb\",\"itemListElement\":[{\"@type\":\"ListItem\",\"position\":1,\"name\":\"Portada\",\"item\":\"https:\/\/vinsiolisuner.com\/es\/\"},{\"@type\":\"ListItem\",\"position\":2,\"name\":\"Tienda\",\"item\":\"https:\/\/vinsiolisuner.com\/es\/tienda\/\"},{\"@type\":\"ListItem\",\"position\":3,\"name\":\"Vino Macabeu de Ginestar\"}]},{\"@type\":\"WebSite\",\"@id\":\"https:\/\/vinsiolisuner.com\/#website\",\"url\":\"https:\/\/vinsiolisuner.com\/\",\"name\":\"Vins i Olis Su\u00f1er\",\"description\":\"Vins i Olis Su\u00f1er\",\"potentialAction\":[{\"@type\":\"SearchAction\",\"target\":{\"@type\":\"EntryPoint\",\"urlTemplate\":\"https:\/\/vinsiolisuner.com\/?s={search_term_string}\"},\"query-input\":{\"@type\":\"PropertyValueSpecification\",\"valueRequired\":true,\"valueName\":\"search_term_string\"}}],\"inLanguage\":\"es\"}]}<\/script>\n<!-- \/ Yoast SEO plugin. -->","yoast_head_json":{"title":"Comprar Vino Macabeu de Ginestar | Vins i Olis Su\u00f1er","description":"De nuestras vi\u00f1as plantadas hace m\u00e1s de 60 a\u00f1os a la orilla del r\u00edo Ebre, nace este vino monovarietal. Aromas de fruta tropical y fruta blanca, mineral y anisado en boca. C\u00f3mpralo ya!","robots":{"index":"index","follow":"follow","max-snippet":"max-snippet:-1","max-image-preview":"max-image-preview:large","max-video-preview":"max-video-preview:-1"},"canonical":"https:\/\/vinsiolisuner.com\/es\/botiga\/vinos-de-la-bodega-a-tu-casa\/vino-macabeu-de-ginestar\/","og_locale":"es_ES","og_type":"article","og_title":"Comprar Vino Macabeu de Ginestar | Vins i Olis Su\u00f1er","og_description":"De nuestras vi\u00f1as plantadas hace m\u00e1s de 60 a\u00f1os a la orilla del r\u00edo Ebre, nace este vino monovarietal. Aromas de fruta tropical y fruta blanca, mineral y anisado en boca. C\u00f3mpralo ya!","og_url":"https:\/\/vinsiolisuner.com\/es\/botiga\/vinos-de-la-bodega-a-tu-casa\/vino-macabeu-de-ginestar\/","og_site_name":"Vins i Olis Su\u00f1er","article_modified_time":"2020-04-28T09:48:57+00:00","og_image":[{"width":409,"height":567,"url":"https:\/\/vinsiolisuner.com\/wp-content\/uploads\/2020\/04\/macabeu_web.png","type":"image\/png"}],"twitter_misc":{"Tiempo de lectura":"1 minuto"},"schema":{"@context":"https:\/\/schema.org","@graph":[{"@type":"WebPage","@id":"https:\/\/vinsiolisuner.com\/es\/botiga\/vinos-de-la-bodega-a-tu-casa\/vino-macabeu-de-ginestar\/","url":"https:\/\/vinsiolisuner.com\/es\/botiga\/vinos-de-la-bodega-a-tu-casa\/vino-macabeu-de-ginestar\/","name":"Comprar Vino Macabeu de Ginestar | Vins i Olis Su\u00f1er","isPartOf":{"@id":"https:\/\/vinsiolisuner.com\/#website"},"primaryImageOfPage":{"@id":"https:\/\/vinsiolisuner.com\/es\/botiga\/vinos-de-la-bodega-a-tu-casa\/vino-macabeu-de-ginestar\/#primaryimage"},"image":{"@id":"https:\/\/vinsiolisuner.com\/es\/botiga\/vinos-de-la-bodega-a-tu-casa\/vino-macabeu-de-ginestar\/#primaryimage"},"thumbnailUrl":"https:\/\/vinsiolisuner.com\/wp-content\/uploads\/2020\/04\/macabeu_web.png","datePublished":"2015-04-30T10:35:06+00:00","dateModified":"2020-04-28T09:48:57+00:00","description":"De nuestras vi\u00f1as plantadas hace m\u00e1s de 60 a\u00f1os a la orilla del r\u00edo Ebre, nace este vino monovarietal. Aromas de fruta tropical y fruta blanca, mineral y anisado en boca. C\u00f3mpralo ya!","breadcrumb":{"@id":"https:\/\/vinsiolisuner.com\/es\/botiga\/vinos-de-la-bodega-a-tu-casa\/vino-macabeu-de-ginestar\/#breadcrumb"},"inLanguage":"es","potentialAction":[{"@type":"ReadAction","target":["https:\/\/vinsiolisuner.com\/es\/botiga\/vinos-de-la-bodega-a-tu-casa\/vino-macabeu-de-ginestar\/"]}]},{"@type":"ImageObject","inLanguage":"es","@id":"https:\/\/vinsiolisuner.com\/es\/botiga\/vinos-de-la-bodega-a-tu-casa\/vino-macabeu-de-ginestar\/#primaryimage","url":"https:\/\/vinsiolisuner.com\/wp-content\/uploads\/2020\/04\/macabeu_web.png","contentUrl":"https:\/\/vinsiolisuner.com\/wp-content\/uploads\/2020\/04\/macabeu_web.png","width":409,"height":567},{"@type":"BreadcrumbList","@id":"https:\/\/vinsiolisuner.com\/es\/botiga\/vinos-de-la-bodega-a-tu-casa\/vino-macabeu-de-ginestar\/#breadcrumb","itemListElement":[{"@type":"ListItem","position":1,"name":"Portada","item":"https:\/\/vinsiolisuner.com\/es\/"},{"@type":"ListItem","position":2,"name":"Tienda","item":"https:\/\/vinsiolisuner.com\/es\/tienda\/"},{"@type":"ListItem","position":3,"name":"Vino Macabeu de Ginestar"}]},{"@type":"WebSite","@id":"https:\/\/vinsiolisuner.com\/#website","url":"https:\/\/vinsiolisuner.com\/","name":"Vins i Olis Su\u00f1er","description":"Vins i Olis Su\u00f1er","potentialAction":[{"@type":"SearchAction","target":{"@type":"EntryPoint","urlTemplate":"https:\/\/vinsiolisuner.com\/?s={search_term_string}"},"query-input":{"@type":"PropertyValueSpecification","valueRequired":true,"valueName":"search_term_string"}}],"inLanguage":"es"}]}},"_links":{"self":[{"href":"https:\/\/vinsiolisuner.com\/es\/wp-json\/wp\/v2\/product\/13612","targetHints":{"allow":["GET"]}}],"collection":[{"href":"https:\/\/vinsiolisuner.com\/es\/wp-json\/wp\/v2\/product"}],"about":[{"href":"https:\/\/vinsiolisuner.com\/es\/wp-json\/wp\/v2\/types\/product"}],"wp:featuredmedia":[{"embeddable":true,"href":"https:\/\/vinsiolisuner.com\/es\/wp-json\/wp\/v2\/media\/17109"}],"wp:attachment":[{"href":"https:\/\/vinsiolisuner.com\/es\/wp-json\/wp\/v2\/media?parent=13612"}],"wp:term":[{"taxonomy":"product_brand","embeddable":true,"href":"https:\/\/vinsiolisuner.com\/es\/wp-json\/wp\/v2\/product_brand?post=13612"},{"taxonomy":"product_cat","embeddable":true,"href":"https:\/\/vinsiolisuner.com\/es\/wp-json\/wp\/v2\/product_cat?post=13612"},{"taxonomy":"product_tag","embeddable":true,"href":"https:\/\/vinsiolisuner.com\/es\/wp-json\/wp\/v2\/product_tag?post=13612"}],"curies":[{"name":"wp","href":"https:\/\/api.w.org\/{rel}","templated":true}]}}