{"id":13620,"date":"2015-04-30T11:01:54","date_gmt":"2015-04-30T09:01:54","guid":{"rendered":"http:\/\/vinsiolisuner.com\/botiga\/sense-categoria\/vi-merlot-rogis-jove-6-botelles-2\/"},"modified":"2020-04-28T11:14:09","modified_gmt":"2020-04-28T09:14:09","slug":"vino-rosado-merlot","status":"publish","type":"product","link":"https:\/\/vinsiolisuner.com\/es\/botiga\/vinos-de-la-bodega-a-tu-casa\/vino-rosado-merlot\/","title":{"rendered":"Vino Rosado Merlot"},"content":{"rendered":"<p><span style=\"font-family: Roboto; font-size: 20px;\"><strong>VINO ROSADO MERLOT<\/strong><\/span><\/p>\n<p><span style=\"font-family: Roboto; font-size: 16px;\">\u201cDeslumbrante aroma de fresas silvestres que se impregna en el recuerdo\u201d<\/span><\/p>\n<p><span style=\"font-family: Roboto; font-size: 16px;\"><b>Elaboraci\u00f3n:\u00a0<\/b>Proveniente de vi\u00f1edos ecol\u00f3gicos, la cosecha se realiza de forma manual con la selecci\u00f3n de la mejor uva de la finca. El transporte a la bodega es inmediato, evitando as\u00ed cualquier tipo de oxidaci\u00f3n y p\u00e9rdida de aromas. Fermentaci\u00f3n a temperatura controlada en dep\u00f3sito de acero inoxidable con levaduras seleccionadas. Una vez acabada la fermentaci\u00f3n alcoh\u00f3lica, el vino se deja reposar en una atm\u00f3sfera reductora.\u00a0Hacia el mes de diciembre se realiza una delicada filtraci\u00f3n justo antes del embotellado. contenido de alcohol: 13.5% vol.<\/span><\/p>\n<p><span style=\"font-family: Roboto; font-size: 16px;\"><b>Nota de cata:<\/b>\u00a0Es conocido por su color cereza con matices violetas\u00a0propios de su juventud. En nariz recuerda la ciruela y libera delicadas y dulces notas florales. Es fresco,\u00a0untuoso, con volumen y persistencia en boca.<\/span><\/p>\n<p><span style=\"font-family: Roboto; font-size: 16px;\"><b>Imagen<\/b>: La lectura enaltece el esp\u00edritu! Y eso quiere decir la etiqueta de nuestro vino rosado. Para esos momentos, una copa de rosado Su\u00f1er y un buen libro combinan perfecto para alimentar el alma!<\/span><\/p>\n<p><span style=\"font-family: Roboto; font-size: 16px;\"><b>Maridaje<\/b>: Mariscos como la langosta o platos con at\u00fan y pavo poco cocidos. Paellas, ensaladas, sushi y quesos cremosos.<\/span><\/p>\n","protected":false},"excerpt":{"rendered":"<p><span style=\"font-family: Roboto; font-size: 16px;\"><b>D.O.:<\/b>\u00a0Tarragona<\/span><br \/>\n<span style=\"font-family: Roboto; font-size: 16px;\"><b>A\u00f1ada: <\/b>2018<\/span><br \/>\n<span style=\"font-family: Roboto; font-size: 16px;\"><b>Variedad de uva:<\/b>100% Merlot ecol\u00f3gico<\/span><\/p>\n<p><span style=\"font-family: Roboto; font-size: 16px;\"><strong>NOTA INFORMATIVA:<\/strong> Es posible comprar una unidad o una caja de 6 unidades. Aplicamos descuento por la compra de una caja.<\/span><br \/>\n<span style=\"font-family: Roboto; font-size: 16px;\">IVA incluido.<\/span><\/p>\n","protected":false},"featured_media":17538,"template":"","meta":[],"product_brand":[],"product_cat":[150],"product_tag":[820],"class_list":{"0":"post-13620","1":"product","2":"type-product","3":"status-publish","4":"has-post-thumbnail","6":"product_cat-vinos-de-la-bodega-a-tu-casa","7":"product_tag-vi-catala-es","8":"pa_packaging-vi-1-botella-2","9":"pa_packaging-vi-caja-6-uds","11":"first","12":"instock","13":"sale","14":"taxable","15":"shipping-taxable","16":"purchasable","17":"product-type-variable","18":"prodpage-classic"},"yoast_head":"<!-- This site is optimized with the Yoast SEO plugin v25.2 - https:\/\/yoast.com\/wordpress\/plugins\/seo\/ -->\n<title>Comprar Vino Rosado Merlot | Vins i Olis Su\u00f1er<\/title>\n<meta name=\"description\" content=\"Es conocido por su color cereza con matices violetas propios de su juventud. En nariz recuerda la ciruela y libera delicadas y dulces notas florales. Es fresco, untuoso, con volumen y persistencia en boca. C\u00f3mpralo ya!\" \/>\n<meta name=\"robots\" content=\"index, follow, max-snippet:-1, max-image-preview:large, max-video-preview:-1\" \/>\n<link rel=\"canonical\" href=\"https:\/\/vinsiolisuner.com\/es\/botiga\/vinos-de-la-bodega-a-tu-casa\/vino-rosado-merlot\/\" \/>\n<meta property=\"og:locale\" content=\"es_ES\" \/>\n<meta property=\"og:type\" content=\"article\" \/>\n<meta property=\"og:title\" content=\"Comprar Vino Rosado Merlot | Vins i Olis Su\u00f1er\" \/>\n<meta property=\"og:description\" content=\"Es conocido por su color cereza con matices violetas propios de su juventud. En nariz recuerda la ciruela y libera delicadas y dulces notas florales. Es fresco, untuoso, con volumen y persistencia en boca. C\u00f3mpralo ya!\" \/>\n<meta property=\"og:url\" content=\"https:\/\/vinsiolisuner.com\/es\/botiga\/vinos-de-la-bodega-a-tu-casa\/vino-rosado-merlot\/\" \/>\n<meta property=\"og:site_name\" content=\"Vins i Olis Su\u00f1er\" \/>\n<meta property=\"article:modified_time\" content=\"2020-04-28T09:14:09+00:00\" \/>\n<meta property=\"og:image\" content=\"https:\/\/vinsiolisuner.com\/wp-content\/uploads\/2017\/06\/rosat_web.png\" \/>\n\t<meta property=\"og:image:width\" content=\"409\" \/>\n\t<meta property=\"og:image:height\" content=\"567\" \/>\n\t<meta property=\"og:image:type\" content=\"image\/png\" \/>\n<meta name=\"twitter:label1\" content=\"Tiempo de lectura\" \/>\n\t<meta name=\"twitter:data1\" content=\"1 minuto\" \/>\n<script type=\"application\/ld+json\" class=\"yoast-schema-graph\">{\"@context\":\"https:\/\/schema.org\",\"@graph\":[{\"@type\":\"WebPage\",\"@id\":\"https:\/\/vinsiolisuner.com\/es\/botiga\/vinos-de-la-bodega-a-tu-casa\/vino-rosado-merlot\/\",\"url\":\"https:\/\/vinsiolisuner.com\/es\/botiga\/vinos-de-la-bodega-a-tu-casa\/vino-rosado-merlot\/\",\"name\":\"Comprar Vino Rosado Merlot | Vins i Olis Su\u00f1er\",\"isPartOf\":{\"@id\":\"https:\/\/vinsiolisuner.com\/#website\"},\"primaryImageOfPage\":{\"@id\":\"https:\/\/vinsiolisuner.com\/es\/botiga\/vinos-de-la-bodega-a-tu-casa\/vino-rosado-merlot\/#primaryimage\"},\"image\":{\"@id\":\"https:\/\/vinsiolisuner.com\/es\/botiga\/vinos-de-la-bodega-a-tu-casa\/vino-rosado-merlot\/#primaryimage\"},\"thumbnailUrl\":\"https:\/\/vinsiolisuner.com\/wp-content\/uploads\/2017\/06\/rosat_web.png\",\"datePublished\":\"2015-04-30T09:01:54+00:00\",\"dateModified\":\"2020-04-28T09:14:09+00:00\",\"description\":\"Es conocido por su color cereza con matices violetas propios de su juventud. En nariz recuerda la ciruela y libera delicadas y dulces notas florales. Es fresco, untuoso, con volumen y persistencia en boca. C\u00f3mpralo ya!\",\"breadcrumb\":{\"@id\":\"https:\/\/vinsiolisuner.com\/es\/botiga\/vinos-de-la-bodega-a-tu-casa\/vino-rosado-merlot\/#breadcrumb\"},\"inLanguage\":\"es\",\"potentialAction\":[{\"@type\":\"ReadAction\",\"target\":[\"https:\/\/vinsiolisuner.com\/es\/botiga\/vinos-de-la-bodega-a-tu-casa\/vino-rosado-merlot\/\"]}]},{\"@type\":\"ImageObject\",\"inLanguage\":\"es\",\"@id\":\"https:\/\/vinsiolisuner.com\/es\/botiga\/vinos-de-la-bodega-a-tu-casa\/vino-rosado-merlot\/#primaryimage\",\"url\":\"https:\/\/vinsiolisuner.com\/wp-content\/uploads\/2017\/06\/rosat_web.png\",\"contentUrl\":\"https:\/\/vinsiolisuner.com\/wp-content\/uploads\/2017\/06\/rosat_web.png\",\"width\":409,\"height\":567},{\"@type\":\"BreadcrumbList\",\"@id\":\"https:\/\/vinsiolisuner.com\/es\/botiga\/vinos-de-la-bodega-a-tu-casa\/vino-rosado-merlot\/#breadcrumb\",\"itemListElement\":[{\"@type\":\"ListItem\",\"position\":1,\"name\":\"Portada\",\"item\":\"https:\/\/vinsiolisuner.com\/es\/\"},{\"@type\":\"ListItem\",\"position\":2,\"name\":\"Tienda\",\"item\":\"https:\/\/vinsiolisuner.com\/es\/tienda\/\"},{\"@type\":\"ListItem\",\"position\":3,\"name\":\"Vino Rosado Merlot\"}]},{\"@type\":\"WebSite\",\"@id\":\"https:\/\/vinsiolisuner.com\/#website\",\"url\":\"https:\/\/vinsiolisuner.com\/\",\"name\":\"Vins i Olis Su\u00f1er\",\"description\":\"Vins i Olis Su\u00f1er\",\"potentialAction\":[{\"@type\":\"SearchAction\",\"target\":{\"@type\":\"EntryPoint\",\"urlTemplate\":\"https:\/\/vinsiolisuner.com\/?s={search_term_string}\"},\"query-input\":{\"@type\":\"PropertyValueSpecification\",\"valueRequired\":true,\"valueName\":\"search_term_string\"}}],\"inLanguage\":\"es\"}]}<\/script>\n<!-- \/ Yoast SEO plugin. -->","yoast_head_json":{"title":"Comprar Vino Rosado Merlot | Vins i Olis Su\u00f1er","description":"Es conocido por su color cereza con matices violetas propios de su juventud. En nariz recuerda la ciruela y libera delicadas y dulces notas florales. Es fresco, untuoso, con volumen y persistencia en boca. C\u00f3mpralo ya!","robots":{"index":"index","follow":"follow","max-snippet":"max-snippet:-1","max-image-preview":"max-image-preview:large","max-video-preview":"max-video-preview:-1"},"canonical":"https:\/\/vinsiolisuner.com\/es\/botiga\/vinos-de-la-bodega-a-tu-casa\/vino-rosado-merlot\/","og_locale":"es_ES","og_type":"article","og_title":"Comprar Vino Rosado Merlot | Vins i Olis Su\u00f1er","og_description":"Es conocido por su color cereza con matices violetas propios de su juventud. En nariz recuerda la ciruela y libera delicadas y dulces notas florales. Es fresco, untuoso, con volumen y persistencia en boca. C\u00f3mpralo ya!","og_url":"https:\/\/vinsiolisuner.com\/es\/botiga\/vinos-de-la-bodega-a-tu-casa\/vino-rosado-merlot\/","og_site_name":"Vins i Olis Su\u00f1er","article_modified_time":"2020-04-28T09:14:09+00:00","og_image":[{"width":409,"height":567,"url":"https:\/\/vinsiolisuner.com\/wp-content\/uploads\/2017\/06\/rosat_web.png","type":"image\/png"}],"twitter_misc":{"Tiempo de lectura":"1 minuto"},"schema":{"@context":"https:\/\/schema.org","@graph":[{"@type":"WebPage","@id":"https:\/\/vinsiolisuner.com\/es\/botiga\/vinos-de-la-bodega-a-tu-casa\/vino-rosado-merlot\/","url":"https:\/\/vinsiolisuner.com\/es\/botiga\/vinos-de-la-bodega-a-tu-casa\/vino-rosado-merlot\/","name":"Comprar Vino Rosado Merlot | Vins i Olis Su\u00f1er","isPartOf":{"@id":"https:\/\/vinsiolisuner.com\/#website"},"primaryImageOfPage":{"@id":"https:\/\/vinsiolisuner.com\/es\/botiga\/vinos-de-la-bodega-a-tu-casa\/vino-rosado-merlot\/#primaryimage"},"image":{"@id":"https:\/\/vinsiolisuner.com\/es\/botiga\/vinos-de-la-bodega-a-tu-casa\/vino-rosado-merlot\/#primaryimage"},"thumbnailUrl":"https:\/\/vinsiolisuner.com\/wp-content\/uploads\/2017\/06\/rosat_web.png","datePublished":"2015-04-30T09:01:54+00:00","dateModified":"2020-04-28T09:14:09+00:00","description":"Es conocido por su color cereza con matices violetas propios de su juventud. En nariz recuerda la ciruela y libera delicadas y dulces notas florales. Es fresco, untuoso, con volumen y persistencia en boca. C\u00f3mpralo ya!","breadcrumb":{"@id":"https:\/\/vinsiolisuner.com\/es\/botiga\/vinos-de-la-bodega-a-tu-casa\/vino-rosado-merlot\/#breadcrumb"},"inLanguage":"es","potentialAction":[{"@type":"ReadAction","target":["https:\/\/vinsiolisuner.com\/es\/botiga\/vinos-de-la-bodega-a-tu-casa\/vino-rosado-merlot\/"]}]},{"@type":"ImageObject","inLanguage":"es","@id":"https:\/\/vinsiolisuner.com\/es\/botiga\/vinos-de-la-bodega-a-tu-casa\/vino-rosado-merlot\/#primaryimage","url":"https:\/\/vinsiolisuner.com\/wp-content\/uploads\/2017\/06\/rosat_web.png","contentUrl":"https:\/\/vinsiolisuner.com\/wp-content\/uploads\/2017\/06\/rosat_web.png","width":409,"height":567},{"@type":"BreadcrumbList","@id":"https:\/\/vinsiolisuner.com\/es\/botiga\/vinos-de-la-bodega-a-tu-casa\/vino-rosado-merlot\/#breadcrumb","itemListElement":[{"@type":"ListItem","position":1,"name":"Portada","item":"https:\/\/vinsiolisuner.com\/es\/"},{"@type":"ListItem","position":2,"name":"Tienda","item":"https:\/\/vinsiolisuner.com\/es\/tienda\/"},{"@type":"ListItem","position":3,"name":"Vino Rosado Merlot"}]},{"@type":"WebSite","@id":"https:\/\/vinsiolisuner.com\/#website","url":"https:\/\/vinsiolisuner.com\/","name":"Vins i Olis Su\u00f1er","description":"Vins i Olis Su\u00f1er","potentialAction":[{"@type":"SearchAction","target":{"@type":"EntryPoint","urlTemplate":"https:\/\/vinsiolisuner.com\/?s={search_term_string}"},"query-input":{"@type":"PropertyValueSpecification","valueRequired":true,"valueName":"search_term_string"}}],"inLanguage":"es"}]}},"_links":{"self":[{"href":"https:\/\/vinsiolisuner.com\/es\/wp-json\/wp\/v2\/product\/13620","targetHints":{"allow":["GET"]}}],"collection":[{"href":"https:\/\/vinsiolisuner.com\/es\/wp-json\/wp\/v2\/product"}],"about":[{"href":"https:\/\/vinsiolisuner.com\/es\/wp-json\/wp\/v2\/types\/product"}],"wp:featuredmedia":[{"embeddable":true,"href":"https:\/\/vinsiolisuner.com\/es\/wp-json\/wp\/v2\/media\/17538"}],"wp:attachment":[{"href":"https:\/\/vinsiolisuner.com\/es\/wp-json\/wp\/v2\/media?parent=13620"}],"wp:term":[{"taxonomy":"product_brand","embeddable":true,"href":"https:\/\/vinsiolisuner.com\/es\/wp-json\/wp\/v2\/product_brand?post=13620"},{"taxonomy":"product_cat","embeddable":true,"href":"https:\/\/vinsiolisuner.com\/es\/wp-json\/wp\/v2\/product_cat?post=13620"},{"taxonomy":"product_tag","embeddable":true,"href":"https:\/\/vinsiolisuner.com\/es\/wp-json\/wp\/v2\/product_tag?post=13620"}],"curies":[{"name":"wp","href":"https:\/\/api.w.org\/{rel}","templated":true}]}}