{"id":13628,"date":"2015-04-14T12:52:01","date_gmt":"2015-04-14T10:52:01","guid":{"rendered":"http:\/\/vinsiolisuner.com\/botiga\/sense-categoria\/suner-merlot-crianca-2\/"},"modified":"2020-04-28T12:16:08","modified_gmt":"2020-04-28T10:16:08","slug":"vino-moska-negra","status":"publish","type":"product","link":"https:\/\/vinsiolisuner.com\/es\/botiga\/vinos-de-la-bodega-a-tu-casa\/vino-moska-negra\/","title":{"rendered":"Vino Moska Negra"},"content":{"rendered":"<p><strong><span style=\"font-family: Roboto; font-size: 20px;\">VINO MOSKA NEGRA<\/span><\/strong><\/p>\n<p><span style=\"font-family: Roboto; font-size: 16px;\">\u201cSe despierta en la copa deseoso por expresarse\u201d<\/span><\/p>\n<p><span style=\"font-family: Roboto; font-size: 16px;\"><b>Elaboraci\u00f3n:\u00a0<\/b>Uvas provenientes de cultivos ecol\u00f3gicos, cosecha manual seleccionando los mejores frutos en el propio vi\u00f1edo. Las uvas ingresan inmediatamente a la bodega despu\u00e9s de ser cosechadas asegurando condiciones \u00f3ptimas. La fermentaci\u00f3n alcoh\u00f3lica se realiza a una temperatura controlada de 28\u00b0C y la fermentaci\u00f3n malol\u00e1ctica de inicia de forma espont\u00e1nea en las barricas donde el vino tendr\u00e1 su crianza. Una delicada filtraci\u00f3n lo prepara para el envasado y posterior reposo en botella por 6 meses. Contenido de alcohol 14.5%vol.<\/span><\/p>\n<p><span style=\"font-family: Roboto; font-size: 16px;\"><b>Nota de cata:<\/b>\u00a0Brillante color rojo rub\u00ed intenso de profundidad alta. Aroma potente a frutos rojos maduros combinado con notas de regaliz y especies procedentes de la crianza en roble. En boca destaca su entrada suave y buena estructura, el dulzor de los taninos maduros contrasta con la frescura del sotobosque. Amplio final con notas de higos y pasas.<\/span><\/p>\n<p><span style=\"font-family: Roboto; font-size: 16px;\"><b>Imagen<\/b>: Nuestro Merlot envejecido en roble franc\u00e9s, el nombre proviene del insecto t\u00edpico de la Ribera d\u2019Ebre. Un vino expresivo y potente, como el piquete de la Mosca Negra!<\/span><\/p>\n<p><span style=\"font-family: Roboto; font-size: 16px;\"><b>Maridaje<\/b>:\u00a0Carnes de res o de caza a la parrilla o en estofado, cordero, quesos envejecidos y de sabor fuerte.<\/span><\/p>\n","protected":false},"excerpt":{"rendered":"<p><span title=\"DO: Tarragona Anyada:2013 Producci\u00f3: 400 ampolles Varietats de ra\u00efm: 100% merlot ecol\u00f2gic Crian\u00e7a: 12 mesos en b\u00f3ta de roure franc\u00e8s i 12 mesos de rep\u00f2s en ampolla \"><strong>DO:<\/strong> Tarragona<br \/>\n<\/span><span id=\"result_box\" class=\"\" lang=\"es\"><span title=\"DO: Tarragona Anyada:2013 Producci\u00f3: 400 ampolles Varietats de ra\u00efm: 100% merlot ecol\u00f2gic Crian\u00e7a: 12 mesos en b\u00f3ta de roure franc\u00e8s i 12 mesos de rep\u00f2s en ampolla \"><strong>A\u00f1ada:<\/strong> 2018<br \/>\n<strong>Variedad de uva:<\/strong> 100% Merlot ecol\u00f3gico<br \/>\n<strong>Crianza:<\/strong> 12 meses en barrica de roble franc\u00e9s y 6 meses de reposo en botella<\/span><\/span><\/p>\n<p><b>NOTA INFORMATIVA:<\/b><span style=\"font-weight: 400;\"> Es posible comprar una unidad o una caja de 6 unidades. Aplicamos descuento por la compra de una caja.<span id=\"result_box\" class=\"\" lang=\"es\"><span title=\"DO: Tarragona Anyada:2013 Producci\u00f3: 400 ampolles Varietats de ra\u00efm: 100% merlot ecol\u00f2gic Crian\u00e7a: 12 mesos en b\u00f3ta de roure franc\u00e8s i 12 mesos de rep\u00f2s en ampolla \"><br \/>\nIVA incluido.<\/span><\/span><\/span><\/p>\n","protected":false},"featured_media":16550,"template":"","meta":[],"product_brand":[],"product_cat":[150],"product_tag":[195,820],"class_list":{"0":"post-13628","1":"product","2":"type-product","3":"status-publish","4":"has-post-thumbnail","6":"product_cat-vinos-de-la-bodega-a-tu-casa","7":"product_tag-crianza","8":"product_tag-vi-catala-es","9":"pa_packaging-vi-1-botella-2","10":"pa_packaging-vi-caja-6-uds","12":"first","13":"instock","14":"sale","15":"taxable","16":"shipping-taxable","17":"purchasable","18":"product-type-variable","19":"prodpage-classic"},"yoast_head":"<!-- This site is optimized with the Yoast SEO plugin v25.2 - https:\/\/yoast.com\/wordpress\/plugins\/seo\/ -->\n<title>Comprar Vino Moska Negra | Vins i Olis Su\u00f1er<\/title>\n<meta name=\"description\" content=\"Brillante color rojo rub\u00ed intenso de profundidad alta. Aroma potente a frutos rojos maduros combinado con notas de regaliz y especies procedentes de la crianza en roble. C\u00f3mpralo ya!\" \/>\n<meta name=\"robots\" content=\"index, follow, max-snippet:-1, max-image-preview:large, max-video-preview:-1\" \/>\n<link rel=\"canonical\" href=\"https:\/\/vinsiolisuner.com\/es\/botiga\/vinos-de-la-bodega-a-tu-casa\/vino-moska-negra\/\" \/>\n<meta property=\"og:locale\" content=\"es_ES\" \/>\n<meta property=\"og:type\" content=\"article\" \/>\n<meta property=\"og:title\" content=\"Comprar Vino Moska Negra | Vins i Olis Su\u00f1er\" \/>\n<meta property=\"og:description\" content=\"Brillante color rojo rub\u00ed intenso de profundidad alta. Aroma potente a frutos rojos maduros combinado con notas de regaliz y especies procedentes de la crianza en roble. C\u00f3mpralo ya!\" \/>\n<meta property=\"og:url\" content=\"https:\/\/vinsiolisuner.com\/es\/botiga\/vinos-de-la-bodega-a-tu-casa\/vino-moska-negra\/\" \/>\n<meta property=\"og:site_name\" content=\"Vins i Olis Su\u00f1er\" \/>\n<meta property=\"article:modified_time\" content=\"2020-04-28T10:16:08+00:00\" \/>\n<meta property=\"og:image\" content=\"https:\/\/vinsiolisuner.com\/wp-content\/uploads\/2020\/03\/moska20_web.png\" \/>\n\t<meta property=\"og:image:width\" content=\"409\" \/>\n\t<meta property=\"og:image:height\" content=\"567\" \/>\n\t<meta property=\"og:image:type\" content=\"image\/png\" \/>\n<meta name=\"twitter:label1\" content=\"Tiempo de lectura\" \/>\n\t<meta name=\"twitter:data1\" content=\"1 minuto\" \/>\n<script type=\"application\/ld+json\" class=\"yoast-schema-graph\">{\"@context\":\"https:\/\/schema.org\",\"@graph\":[{\"@type\":\"WebPage\",\"@id\":\"https:\/\/vinsiolisuner.com\/es\/botiga\/vinos-de-la-bodega-a-tu-casa\/vino-moska-negra\/\",\"url\":\"https:\/\/vinsiolisuner.com\/es\/botiga\/vinos-de-la-bodega-a-tu-casa\/vino-moska-negra\/\",\"name\":\"Comprar Vino Moska Negra | Vins i Olis Su\u00f1er\",\"isPartOf\":{\"@id\":\"https:\/\/vinsiolisuner.com\/#website\"},\"primaryImageOfPage\":{\"@id\":\"https:\/\/vinsiolisuner.com\/es\/botiga\/vinos-de-la-bodega-a-tu-casa\/vino-moska-negra\/#primaryimage\"},\"image\":{\"@id\":\"https:\/\/vinsiolisuner.com\/es\/botiga\/vinos-de-la-bodega-a-tu-casa\/vino-moska-negra\/#primaryimage\"},\"thumbnailUrl\":\"https:\/\/vinsiolisuner.com\/wp-content\/uploads\/2020\/03\/moska20_web.png\",\"datePublished\":\"2015-04-14T10:52:01+00:00\",\"dateModified\":\"2020-04-28T10:16:08+00:00\",\"description\":\"Brillante color rojo rub\u00ed intenso de profundidad alta. Aroma potente a frutos rojos maduros combinado con notas de regaliz y especies procedentes de la crianza en roble. C\u00f3mpralo ya!\",\"breadcrumb\":{\"@id\":\"https:\/\/vinsiolisuner.com\/es\/botiga\/vinos-de-la-bodega-a-tu-casa\/vino-moska-negra\/#breadcrumb\"},\"inLanguage\":\"es\",\"potentialAction\":[{\"@type\":\"ReadAction\",\"target\":[\"https:\/\/vinsiolisuner.com\/es\/botiga\/vinos-de-la-bodega-a-tu-casa\/vino-moska-negra\/\"]}]},{\"@type\":\"ImageObject\",\"inLanguage\":\"es\",\"@id\":\"https:\/\/vinsiolisuner.com\/es\/botiga\/vinos-de-la-bodega-a-tu-casa\/vino-moska-negra\/#primaryimage\",\"url\":\"https:\/\/vinsiolisuner.com\/wp-content\/uploads\/2020\/03\/moska20_web.png\",\"contentUrl\":\"https:\/\/vinsiolisuner.com\/wp-content\/uploads\/2020\/03\/moska20_web.png\",\"width\":409,\"height\":567},{\"@type\":\"BreadcrumbList\",\"@id\":\"https:\/\/vinsiolisuner.com\/es\/botiga\/vinos-de-la-bodega-a-tu-casa\/vino-moska-negra\/#breadcrumb\",\"itemListElement\":[{\"@type\":\"ListItem\",\"position\":1,\"name\":\"Portada\",\"item\":\"https:\/\/vinsiolisuner.com\/es\/\"},{\"@type\":\"ListItem\",\"position\":2,\"name\":\"Tienda\",\"item\":\"https:\/\/vinsiolisuner.com\/es\/tienda\/\"},{\"@type\":\"ListItem\",\"position\":3,\"name\":\"Vino Moska Negra\"}]},{\"@type\":\"WebSite\",\"@id\":\"https:\/\/vinsiolisuner.com\/#website\",\"url\":\"https:\/\/vinsiolisuner.com\/\",\"name\":\"Vins i Olis Su\u00f1er\",\"description\":\"Vins i Olis Su\u00f1er\",\"potentialAction\":[{\"@type\":\"SearchAction\",\"target\":{\"@type\":\"EntryPoint\",\"urlTemplate\":\"https:\/\/vinsiolisuner.com\/?s={search_term_string}\"},\"query-input\":{\"@type\":\"PropertyValueSpecification\",\"valueRequired\":true,\"valueName\":\"search_term_string\"}}],\"inLanguage\":\"es\"}]}<\/script>\n<!-- \/ Yoast SEO plugin. -->","yoast_head_json":{"title":"Comprar Vino Moska Negra | Vins i Olis Su\u00f1er","description":"Brillante color rojo rub\u00ed intenso de profundidad alta. Aroma potente a frutos rojos maduros combinado con notas de regaliz y especies procedentes de la crianza en roble. C\u00f3mpralo ya!","robots":{"index":"index","follow":"follow","max-snippet":"max-snippet:-1","max-image-preview":"max-image-preview:large","max-video-preview":"max-video-preview:-1"},"canonical":"https:\/\/vinsiolisuner.com\/es\/botiga\/vinos-de-la-bodega-a-tu-casa\/vino-moska-negra\/","og_locale":"es_ES","og_type":"article","og_title":"Comprar Vino Moska Negra | Vins i Olis Su\u00f1er","og_description":"Brillante color rojo rub\u00ed intenso de profundidad alta. Aroma potente a frutos rojos maduros combinado con notas de regaliz y especies procedentes de la crianza en roble. C\u00f3mpralo ya!","og_url":"https:\/\/vinsiolisuner.com\/es\/botiga\/vinos-de-la-bodega-a-tu-casa\/vino-moska-negra\/","og_site_name":"Vins i Olis Su\u00f1er","article_modified_time":"2020-04-28T10:16:08+00:00","og_image":[{"width":409,"height":567,"url":"https:\/\/vinsiolisuner.com\/wp-content\/uploads\/2020\/03\/moska20_web.png","type":"image\/png"}],"twitter_misc":{"Tiempo de lectura":"1 minuto"},"schema":{"@context":"https:\/\/schema.org","@graph":[{"@type":"WebPage","@id":"https:\/\/vinsiolisuner.com\/es\/botiga\/vinos-de-la-bodega-a-tu-casa\/vino-moska-negra\/","url":"https:\/\/vinsiolisuner.com\/es\/botiga\/vinos-de-la-bodega-a-tu-casa\/vino-moska-negra\/","name":"Comprar Vino Moska Negra | Vins i Olis Su\u00f1er","isPartOf":{"@id":"https:\/\/vinsiolisuner.com\/#website"},"primaryImageOfPage":{"@id":"https:\/\/vinsiolisuner.com\/es\/botiga\/vinos-de-la-bodega-a-tu-casa\/vino-moska-negra\/#primaryimage"},"image":{"@id":"https:\/\/vinsiolisuner.com\/es\/botiga\/vinos-de-la-bodega-a-tu-casa\/vino-moska-negra\/#primaryimage"},"thumbnailUrl":"https:\/\/vinsiolisuner.com\/wp-content\/uploads\/2020\/03\/moska20_web.png","datePublished":"2015-04-14T10:52:01+00:00","dateModified":"2020-04-28T10:16:08+00:00","description":"Brillante color rojo rub\u00ed intenso de profundidad alta. Aroma potente a frutos rojos maduros combinado con notas de regaliz y especies procedentes de la crianza en roble. C\u00f3mpralo ya!","breadcrumb":{"@id":"https:\/\/vinsiolisuner.com\/es\/botiga\/vinos-de-la-bodega-a-tu-casa\/vino-moska-negra\/#breadcrumb"},"inLanguage":"es","potentialAction":[{"@type":"ReadAction","target":["https:\/\/vinsiolisuner.com\/es\/botiga\/vinos-de-la-bodega-a-tu-casa\/vino-moska-negra\/"]}]},{"@type":"ImageObject","inLanguage":"es","@id":"https:\/\/vinsiolisuner.com\/es\/botiga\/vinos-de-la-bodega-a-tu-casa\/vino-moska-negra\/#primaryimage","url":"https:\/\/vinsiolisuner.com\/wp-content\/uploads\/2020\/03\/moska20_web.png","contentUrl":"https:\/\/vinsiolisuner.com\/wp-content\/uploads\/2020\/03\/moska20_web.png","width":409,"height":567},{"@type":"BreadcrumbList","@id":"https:\/\/vinsiolisuner.com\/es\/botiga\/vinos-de-la-bodega-a-tu-casa\/vino-moska-negra\/#breadcrumb","itemListElement":[{"@type":"ListItem","position":1,"name":"Portada","item":"https:\/\/vinsiolisuner.com\/es\/"},{"@type":"ListItem","position":2,"name":"Tienda","item":"https:\/\/vinsiolisuner.com\/es\/tienda\/"},{"@type":"ListItem","position":3,"name":"Vino Moska Negra"}]},{"@type":"WebSite","@id":"https:\/\/vinsiolisuner.com\/#website","url":"https:\/\/vinsiolisuner.com\/","name":"Vins i Olis Su\u00f1er","description":"Vins i Olis Su\u00f1er","potentialAction":[{"@type":"SearchAction","target":{"@type":"EntryPoint","urlTemplate":"https:\/\/vinsiolisuner.com\/?s={search_term_string}"},"query-input":{"@type":"PropertyValueSpecification","valueRequired":true,"valueName":"search_term_string"}}],"inLanguage":"es"}]}},"_links":{"self":[{"href":"https:\/\/vinsiolisuner.com\/es\/wp-json\/wp\/v2\/product\/13628","targetHints":{"allow":["GET"]}}],"collection":[{"href":"https:\/\/vinsiolisuner.com\/es\/wp-json\/wp\/v2\/product"}],"about":[{"href":"https:\/\/vinsiolisuner.com\/es\/wp-json\/wp\/v2\/types\/product"}],"wp:featuredmedia":[{"embeddable":true,"href":"https:\/\/vinsiolisuner.com\/es\/wp-json\/wp\/v2\/media\/16550"}],"wp:attachment":[{"href":"https:\/\/vinsiolisuner.com\/es\/wp-json\/wp\/v2\/media?parent=13628"}],"wp:term":[{"taxonomy":"product_brand","embeddable":true,"href":"https:\/\/vinsiolisuner.com\/es\/wp-json\/wp\/v2\/product_brand?post=13628"},{"taxonomy":"product_cat","embeddable":true,"href":"https:\/\/vinsiolisuner.com\/es\/wp-json\/wp\/v2\/product_cat?post=13628"},{"taxonomy":"product_tag","embeddable":true,"href":"https:\/\/vinsiolisuner.com\/es\/wp-json\/wp\/v2\/product_tag?post=13628"}],"curies":[{"name":"wp","href":"https:\/\/api.w.org\/{rel}","templated":true}]}}