{"id":13636,"date":"2015-04-30T10:53:08","date_gmt":"2015-04-30T08:53:08","guid":{"rendered":"http:\/\/vinsiolisuner.com\/botiga\/sense-categoria\/vi-merlot-negre-jove-2014-6-botelles-2\/"},"modified":"2020-04-29T10:58:32","modified_gmt":"2020-04-29T08:58:32","slug":"vino-tinto-merlot","status":"publish","type":"product","link":"https:\/\/vinsiolisuner.com\/es\/botiga\/vinos-de-la-bodega-a-tu-casa\/vino-tinto-merlot\/","title":{"rendered":"Vino Tinto Merlot"},"content":{"rendered":"<p><strong><span style=\"font-family: Roboto; font-size: 20px;\">VINO TINTO MERLOT<\/span><\/strong><\/p>\n<p><span style=\"font-size: 16px;\"><span style=\"font-family: Roboto;\">\u201cJoven pero distinguido\u201d<\/span><\/span><\/p>\n<p><span style=\"font-family: Roboto; font-size: 16px;\"><b>Elaboraci\u00f3n<\/b>: Las uvas provienen de cultivo ecol\u00f3gico, cosechadas a mano y seleccionadas en el propio vi\u00f1edo. Despu\u00e9s de dos d\u00edas de maceraci\u00f3n pre-fermentativa a unos 15\u00b0C, inicia la fermentaci\u00f3n mediante levaduras seleccionadas en dep\u00f3sitos de acero inoxidable a una temperatura controlada entre 20\u00b0C y 25\u00b0C. La fermentaci\u00f3n malol\u00e1ctica se da espont\u00e1neamente y hacia el mes de mayo se aplica una delicada filtraci\u00f3n previa al embotellado. Contenido de alcohol: 14.5% vol.<\/span><\/p>\n<p><span style=\"font-family: Roboto; font-size: 16px;\"><b>Nota de cata:\u00a0<\/b>Visualmente destaca por su color rojo cereza intenso con tonalidades azuladas y reflejos que demuestran su juventud. En la nariz, un intenso aroma que recuerda frutos rojos, ciruela pasa e higos maduros. En la boca aparece un punto de acidez que se equilibra con el punto dulce de la fruta madura que es lo que lo hace tan\u00a0untuoso. Bien conservado evolucionar\u00e1 positivamente durante m\u00ednimo cuatro a\u00f1os.<\/span><\/p>\n<p><span style=\"font-family: Roboto; font-size: 16px;\"><b>Imagen<\/b>: El vino es pasi\u00f3n que complementa otras expresiones de arte y en ese momento donde disfrutamos lo mejor de los dos\u2026 es como si nos elevara a otro nivel de satisfacci\u00f3n. Por eso quisimos combinar nuestro Merlot Joven con la m\u00fasica, te invitamos a comprobarlo!<\/span><\/p>\n<p><span style=\"font-family: Roboto; font-size: 16px;\"><b>Maridaje<\/b>: Quesos de oveja o vaca semi duros, pastas especialmente con salsa de tomate, estofados de pollo, cerdo o conejo, frijoles con embutidos y clotxa, el platillo aut\u00f3ctono de la regi\u00f3n.<\/span><\/p>\n","protected":false},"excerpt":{"rendered":"<p><span style=\"font-family: Roboto;\"><b>D.O.:<\/b> Tarragona<\/span><br \/>\n<span style=\"font-family: Roboto;\"><b>A\u00f1ada: <\/b>2018<\/span><br \/>\n<span style=\"font-family: Roboto;\"><b>Variedad de uva: <\/b>100% Merlot ecol\u00f3gico<\/span><\/p>\n<p><span style=\"font-family: Roboto;\"><b>NOTA INFORMATIVA: <\/b>Es posible comprar una unidad o una caja de 6 unidades. Aplicamos descuento por la compra de una caja.<br \/>\nIVA incluido.<\/span><\/p>\n","protected":false},"featured_media":17099,"template":"","meta":[],"product_brand":[],"product_cat":[150],"product_tag":[209,820],"class_list":{"0":"post-13636","1":"product","2":"type-product","3":"status-publish","4":"has-post-thumbnail","6":"product_cat-vinos-de-la-bodega-a-tu-casa","7":"product_tag-negro","8":"product_tag-vi-catala-es","9":"pa_packaging-vi-1-botella-2","10":"pa_packaging-vi-caja-6-uds","12":"first","13":"instock","14":"sale","15":"taxable","16":"shipping-taxable","17":"purchasable","18":"product-type-variable","19":"prodpage-classic"},"yoast_head":"<!-- This site is optimized with the Yoast SEO plugin v25.2 - https:\/\/yoast.com\/wordpress\/plugins\/seo\/ -->\n<title>Comprar Vino Tinto Merlot | Vins i Olis Su\u00f1er<\/title>\n<meta name=\"description\" content=\"Visualmente destaca por su color rojo cereza intenso con tonalidades azuladas y reflejos que demuestran su juventud. En la nariz, un intenso aroma que recuerda frutos rojos, ciruela pasa e higos maduros. C\u00f3mpralo ya!\" \/>\n<meta name=\"robots\" content=\"index, follow, max-snippet:-1, max-image-preview:large, max-video-preview:-1\" \/>\n<link rel=\"canonical\" href=\"https:\/\/vinsiolisuner.com\/es\/botiga\/vinos-de-la-bodega-a-tu-casa\/vino-tinto-merlot\/\" \/>\n<meta property=\"og:locale\" content=\"es_ES\" \/>\n<meta property=\"og:type\" content=\"article\" \/>\n<meta property=\"og:title\" content=\"Comprar Vino Tinto Merlot | Vins i Olis Su\u00f1er\" \/>\n<meta property=\"og:description\" content=\"Visualmente destaca por su color rojo cereza intenso con tonalidades azuladas y reflejos que demuestran su juventud. En la nariz, un intenso aroma que recuerda frutos rojos, ciruela pasa e higos maduros. C\u00f3mpralo ya!\" \/>\n<meta property=\"og:url\" content=\"https:\/\/vinsiolisuner.com\/es\/botiga\/vinos-de-la-bodega-a-tu-casa\/vino-tinto-merlot\/\" \/>\n<meta property=\"og:site_name\" content=\"Vins i Olis Su\u00f1er\" \/>\n<meta property=\"article:modified_time\" content=\"2020-04-29T08:58:32+00:00\" \/>\n<meta property=\"og:image\" content=\"https:\/\/vinsiolisuner.com\/wp-content\/uploads\/2020\/04\/merlot_web.png\" \/>\n\t<meta property=\"og:image:width\" content=\"409\" \/>\n\t<meta property=\"og:image:height\" content=\"567\" \/>\n\t<meta property=\"og:image:type\" content=\"image\/png\" \/>\n<meta name=\"twitter:label1\" content=\"Tiempo de lectura\" \/>\n\t<meta name=\"twitter:data1\" content=\"1 minuto\" \/>\n<script type=\"application\/ld+json\" class=\"yoast-schema-graph\">{\"@context\":\"https:\/\/schema.org\",\"@graph\":[{\"@type\":\"WebPage\",\"@id\":\"https:\/\/vinsiolisuner.com\/es\/botiga\/vinos-de-la-bodega-a-tu-casa\/vino-tinto-merlot\/\",\"url\":\"https:\/\/vinsiolisuner.com\/es\/botiga\/vinos-de-la-bodega-a-tu-casa\/vino-tinto-merlot\/\",\"name\":\"Comprar Vino Tinto Merlot | Vins i Olis Su\u00f1er\",\"isPartOf\":{\"@id\":\"https:\/\/vinsiolisuner.com\/#website\"},\"primaryImageOfPage\":{\"@id\":\"https:\/\/vinsiolisuner.com\/es\/botiga\/vinos-de-la-bodega-a-tu-casa\/vino-tinto-merlot\/#primaryimage\"},\"image\":{\"@id\":\"https:\/\/vinsiolisuner.com\/es\/botiga\/vinos-de-la-bodega-a-tu-casa\/vino-tinto-merlot\/#primaryimage\"},\"thumbnailUrl\":\"https:\/\/vinsiolisuner.com\/wp-content\/uploads\/2020\/04\/merlot_web.png\",\"datePublished\":\"2015-04-30T08:53:08+00:00\",\"dateModified\":\"2020-04-29T08:58:32+00:00\",\"description\":\"Visualmente destaca por su color rojo cereza intenso con tonalidades azuladas y reflejos que demuestran su juventud. En la nariz, un intenso aroma que recuerda frutos rojos, ciruela pasa e higos maduros. C\u00f3mpralo ya!\",\"breadcrumb\":{\"@id\":\"https:\/\/vinsiolisuner.com\/es\/botiga\/vinos-de-la-bodega-a-tu-casa\/vino-tinto-merlot\/#breadcrumb\"},\"inLanguage\":\"es\",\"potentialAction\":[{\"@type\":\"ReadAction\",\"target\":[\"https:\/\/vinsiolisuner.com\/es\/botiga\/vinos-de-la-bodega-a-tu-casa\/vino-tinto-merlot\/\"]}]},{\"@type\":\"ImageObject\",\"inLanguage\":\"es\",\"@id\":\"https:\/\/vinsiolisuner.com\/es\/botiga\/vinos-de-la-bodega-a-tu-casa\/vino-tinto-merlot\/#primaryimage\",\"url\":\"https:\/\/vinsiolisuner.com\/wp-content\/uploads\/2020\/04\/merlot_web.png\",\"contentUrl\":\"https:\/\/vinsiolisuner.com\/wp-content\/uploads\/2020\/04\/merlot_web.png\",\"width\":409,\"height\":567},{\"@type\":\"BreadcrumbList\",\"@id\":\"https:\/\/vinsiolisuner.com\/es\/botiga\/vinos-de-la-bodega-a-tu-casa\/vino-tinto-merlot\/#breadcrumb\",\"itemListElement\":[{\"@type\":\"ListItem\",\"position\":1,\"name\":\"Portada\",\"item\":\"https:\/\/vinsiolisuner.com\/es\/\"},{\"@type\":\"ListItem\",\"position\":2,\"name\":\"Tienda\",\"item\":\"https:\/\/vinsiolisuner.com\/es\/tienda\/\"},{\"@type\":\"ListItem\",\"position\":3,\"name\":\"Vino Tinto Merlot\"}]},{\"@type\":\"WebSite\",\"@id\":\"https:\/\/vinsiolisuner.com\/#website\",\"url\":\"https:\/\/vinsiolisuner.com\/\",\"name\":\"Vins i Olis Su\u00f1er\",\"description\":\"Vins i Olis Su\u00f1er\",\"potentialAction\":[{\"@type\":\"SearchAction\",\"target\":{\"@type\":\"EntryPoint\",\"urlTemplate\":\"https:\/\/vinsiolisuner.com\/?s={search_term_string}\"},\"query-input\":{\"@type\":\"PropertyValueSpecification\",\"valueRequired\":true,\"valueName\":\"search_term_string\"}}],\"inLanguage\":\"es\"}]}<\/script>\n<!-- \/ Yoast SEO plugin. -->","yoast_head_json":{"title":"Comprar Vino Tinto Merlot | Vins i Olis Su\u00f1er","description":"Visualmente destaca por su color rojo cereza intenso con tonalidades azuladas y reflejos que demuestran su juventud. En la nariz, un intenso aroma que recuerda frutos rojos, ciruela pasa e higos maduros. C\u00f3mpralo ya!","robots":{"index":"index","follow":"follow","max-snippet":"max-snippet:-1","max-image-preview":"max-image-preview:large","max-video-preview":"max-video-preview:-1"},"canonical":"https:\/\/vinsiolisuner.com\/es\/botiga\/vinos-de-la-bodega-a-tu-casa\/vino-tinto-merlot\/","og_locale":"es_ES","og_type":"article","og_title":"Comprar Vino Tinto Merlot | Vins i Olis Su\u00f1er","og_description":"Visualmente destaca por su color rojo cereza intenso con tonalidades azuladas y reflejos que demuestran su juventud. En la nariz, un intenso aroma que recuerda frutos rojos, ciruela pasa e higos maduros. C\u00f3mpralo ya!","og_url":"https:\/\/vinsiolisuner.com\/es\/botiga\/vinos-de-la-bodega-a-tu-casa\/vino-tinto-merlot\/","og_site_name":"Vins i Olis Su\u00f1er","article_modified_time":"2020-04-29T08:58:32+00:00","og_image":[{"width":409,"height":567,"url":"https:\/\/vinsiolisuner.com\/wp-content\/uploads\/2020\/04\/merlot_web.png","type":"image\/png"}],"twitter_misc":{"Tiempo de lectura":"1 minuto"},"schema":{"@context":"https:\/\/schema.org","@graph":[{"@type":"WebPage","@id":"https:\/\/vinsiolisuner.com\/es\/botiga\/vinos-de-la-bodega-a-tu-casa\/vino-tinto-merlot\/","url":"https:\/\/vinsiolisuner.com\/es\/botiga\/vinos-de-la-bodega-a-tu-casa\/vino-tinto-merlot\/","name":"Comprar Vino Tinto Merlot | Vins i Olis Su\u00f1er","isPartOf":{"@id":"https:\/\/vinsiolisuner.com\/#website"},"primaryImageOfPage":{"@id":"https:\/\/vinsiolisuner.com\/es\/botiga\/vinos-de-la-bodega-a-tu-casa\/vino-tinto-merlot\/#primaryimage"},"image":{"@id":"https:\/\/vinsiolisuner.com\/es\/botiga\/vinos-de-la-bodega-a-tu-casa\/vino-tinto-merlot\/#primaryimage"},"thumbnailUrl":"https:\/\/vinsiolisuner.com\/wp-content\/uploads\/2020\/04\/merlot_web.png","datePublished":"2015-04-30T08:53:08+00:00","dateModified":"2020-04-29T08:58:32+00:00","description":"Visualmente destaca por su color rojo cereza intenso con tonalidades azuladas y reflejos que demuestran su juventud. En la nariz, un intenso aroma que recuerda frutos rojos, ciruela pasa e higos maduros. C\u00f3mpralo ya!","breadcrumb":{"@id":"https:\/\/vinsiolisuner.com\/es\/botiga\/vinos-de-la-bodega-a-tu-casa\/vino-tinto-merlot\/#breadcrumb"},"inLanguage":"es","potentialAction":[{"@type":"ReadAction","target":["https:\/\/vinsiolisuner.com\/es\/botiga\/vinos-de-la-bodega-a-tu-casa\/vino-tinto-merlot\/"]}]},{"@type":"ImageObject","inLanguage":"es","@id":"https:\/\/vinsiolisuner.com\/es\/botiga\/vinos-de-la-bodega-a-tu-casa\/vino-tinto-merlot\/#primaryimage","url":"https:\/\/vinsiolisuner.com\/wp-content\/uploads\/2020\/04\/merlot_web.png","contentUrl":"https:\/\/vinsiolisuner.com\/wp-content\/uploads\/2020\/04\/merlot_web.png","width":409,"height":567},{"@type":"BreadcrumbList","@id":"https:\/\/vinsiolisuner.com\/es\/botiga\/vinos-de-la-bodega-a-tu-casa\/vino-tinto-merlot\/#breadcrumb","itemListElement":[{"@type":"ListItem","position":1,"name":"Portada","item":"https:\/\/vinsiolisuner.com\/es\/"},{"@type":"ListItem","position":2,"name":"Tienda","item":"https:\/\/vinsiolisuner.com\/es\/tienda\/"},{"@type":"ListItem","position":3,"name":"Vino Tinto Merlot"}]},{"@type":"WebSite","@id":"https:\/\/vinsiolisuner.com\/#website","url":"https:\/\/vinsiolisuner.com\/","name":"Vins i Olis Su\u00f1er","description":"Vins i Olis Su\u00f1er","potentialAction":[{"@type":"SearchAction","target":{"@type":"EntryPoint","urlTemplate":"https:\/\/vinsiolisuner.com\/?s={search_term_string}"},"query-input":{"@type":"PropertyValueSpecification","valueRequired":true,"valueName":"search_term_string"}}],"inLanguage":"es"}]}},"_links":{"self":[{"href":"https:\/\/vinsiolisuner.com\/es\/wp-json\/wp\/v2\/product\/13636","targetHints":{"allow":["GET"]}}],"collection":[{"href":"https:\/\/vinsiolisuner.com\/es\/wp-json\/wp\/v2\/product"}],"about":[{"href":"https:\/\/vinsiolisuner.com\/es\/wp-json\/wp\/v2\/types\/product"}],"wp:featuredmedia":[{"embeddable":true,"href":"https:\/\/vinsiolisuner.com\/es\/wp-json\/wp\/v2\/media\/17099"}],"wp:attachment":[{"href":"https:\/\/vinsiolisuner.com\/es\/wp-json\/wp\/v2\/media?parent=13636"}],"wp:term":[{"taxonomy":"product_brand","embeddable":true,"href":"https:\/\/vinsiolisuner.com\/es\/wp-json\/wp\/v2\/product_brand?post=13636"},{"taxonomy":"product_cat","embeddable":true,"href":"https:\/\/vinsiolisuner.com\/es\/wp-json\/wp\/v2\/product_cat?post=13636"},{"taxonomy":"product_tag","embeddable":true,"href":"https:\/\/vinsiolisuner.com\/es\/wp-json\/wp\/v2\/product_tag?post=13636"}],"curies":[{"name":"wp","href":"https:\/\/api.w.org\/{rel}","templated":true}]}}