{"id":17780,"date":"2020-04-14T17:16:13","date_gmt":"2020-04-28T10:04:48","guid":{"rendered":"https:\/\/vinsiolisuner.com\/?post_type=product&#038;p=17780"},"modified":"2020-04-29T10:57:35","modified_gmt":"2020-04-29T08:57:35","slug":"vino-acacia","status":"publish","type":"product","link":"https:\/\/vinsiolisuner.com\/es\/botiga\/vinos-de-la-bodega-a-tu-casa\/vino-acacia\/","title":{"rendered":"Vino Ac\u00e0cia"},"content":{"rendered":"<p><span style=\"font-size: 20px;\"><strong><span style=\"font-family: Roboto;\">VINO AC\u00c0CIA<\/span><\/strong><\/span><\/p>\n<p><span style=\"font-family: Roboto; font-size: 16px;\">\u201cMonovarietal en esencia, diverso en sensaciones e intensa personalidad\u201d<\/span><\/p>\n<p><span style=\"font-family: Roboto; font-size: 16px;\"><b>Elaboraci\u00f3n:\u00a0<\/b>Cosecha manual de los racimos que presentan el grado de madurez adecuado y con un estado sanitario \u00f3ptimo. Maceraci\u00f3n pelicular pre-fermentativa a baja temperatura durante 48 horas y posterior retiro del mosto\u00a0sin prensar.\u00a0La fermentaci\u00f3n se desarrolla en dos fases, se inicia en dep\u00f3sitos de acero inoxidable y finaliza en barrica de acacia donde se quedar\u00e1 hasta seis meses una vez finalizada la fermentaci\u00f3n. El\u00a0<i>battonage<\/i>\u00a0realizado durante la crianza le otorga una buena presencia en boca y la madera aporta sensaciones \u00fanicas a este vino. Contenido de alcohol: 13% vol.<\/span><\/p>\n<p><span style=\"font-family: Roboto; font-size: 16px;\"><b>Nota de cata:<\/b>\u00a0Vino de color paja p\u00e1lido. Desprende un sutil aroma de fruta blanca y tropical adem\u00e1s de notas florales y c\u00edtricas. En boca sorprende su presencia voluminosa que deja gusto de manzana y pera con matices anisados.<\/span><\/p>\n<p><span style=\"font-family: Roboto; font-size: 16px;\"><b>Imagen<\/b>: Una acacia dibujada en la etiqueta. Es el \u00e1rbol que da la madera para las barricas en las cuales nuestro macabeo acaba la fermentaci\u00f3n y envejece durante seis meses.<\/span><\/p>\n<p><span style=\"font-family: Roboto; font-size: 16px;\"><b>Maridaje<\/b>:\u00a0 Risottos, pasta con mariscos y salsa blanca, pescados al horno y quesos de pasta dura.<\/span><\/p>\n","protected":false},"excerpt":{"rendered":"<p><span style=\"font-family: Roboto; font-size: 16px;\"><b>D.O.: <\/b>Tarragona<\/span><br \/>\n<span style=\"font-family: Roboto; font-size: 16px;\"><b>A\u00f1ada: <\/b>2018<\/span><br \/>\n<span style=\"font-family: Roboto; font-size: 16px;\"><b>Variedad de uva:<\/b> 100% Macabeo<\/span><br \/>\n<span style=\"font-family: Roboto; font-size: 16px;\"><b>Crianza: <\/b>seis meses en barrica de Acacia con\u00a0<i>battonage<\/i><\/span><\/p>\n<p><span style=\"font-family: Roboto; font-size: 16px;\"><strong>NOTA INFORMATIVA:<\/strong> Es posible comprar una unidad o una caja de 6 unidades. Aplicamos descuento por la compra de una caja.<br \/>\nIVA incluido.<\/span><\/p>\n","protected":false},"featured_media":17115,"template":"","meta":[],"product_brand":[],"product_cat":[150],"product_tag":[184,195,827,820],"class_list":{"0":"post-17780","1":"product","2":"type-product","3":"status-publish","4":"has-post-thumbnail","6":"product_cat-vinos-de-la-bodega-a-tu-casa","7":"product_tag-blanco","8":"product_tag-crianza","9":"product_tag-macabeu-es","10":"product_tag-vi-catala-es","11":"pa_packaging-vi-1-botella-2","12":"pa_packaging-vi-caja-6-uds","14":"first","15":"instock","16":"sale","17":"taxable","18":"shipping-taxable","19":"purchasable","20":"product-type-variable","21":"prodpage-classic"},"yoast_head":"<!-- This site is optimized with the Yoast SEO plugin v25.2 - https:\/\/yoast.com\/wordpress\/plugins\/seo\/ -->\n<title>Comprar Vino Ac\u00e0cia | Vins i Olis Su\u00f1er<\/title>\n<meta name=\"description\" content=\"Vino de color paja p\u00e1lido. Desprende un sutil aroma de fruta blanca y tropical adem\u00e1s de notas florales y c\u00edtricas. En boca sorprende su presencia voluminosa que deja gusto de manzana y pera con matices anisados. C\u00f3mpralo ya!\" \/>\n<meta name=\"robots\" content=\"index, follow, max-snippet:-1, max-image-preview:large, max-video-preview:-1\" \/>\n<link rel=\"canonical\" href=\"https:\/\/vinsiolisuner.com\/es\/botiga\/vinos-de-la-bodega-a-tu-casa\/vino-acacia\/\" \/>\n<meta property=\"og:locale\" content=\"es_ES\" \/>\n<meta property=\"og:type\" content=\"article\" \/>\n<meta property=\"og:title\" content=\"Comprar Vino Ac\u00e0cia | Vins i Olis Su\u00f1er\" \/>\n<meta property=\"og:description\" content=\"Vino de color paja p\u00e1lido. Desprende un sutil aroma de fruta blanca y tropical adem\u00e1s de notas florales y c\u00edtricas. En boca sorprende su presencia voluminosa que deja gusto de manzana y pera con matices anisados. C\u00f3mpralo ya!\" \/>\n<meta property=\"og:url\" content=\"https:\/\/vinsiolisuner.com\/es\/botiga\/vinos-de-la-bodega-a-tu-casa\/vino-acacia\/\" \/>\n<meta property=\"og:site_name\" content=\"Vins i Olis Su\u00f1er\" \/>\n<meta property=\"article:modified_time\" content=\"2020-04-29T08:57:35+00:00\" \/>\n<meta property=\"og:image\" content=\"https:\/\/vinsiolisuner.com\/wp-content\/uploads\/2020\/04\/acacia_web.png\" \/>\n\t<meta property=\"og:image:width\" content=\"409\" \/>\n\t<meta property=\"og:image:height\" content=\"567\" \/>\n\t<meta property=\"og:image:type\" content=\"image\/png\" \/>\n<meta name=\"twitter:label1\" content=\"Tiempo de lectura\" \/>\n\t<meta name=\"twitter:data1\" content=\"1 minuto\" \/>\n<script type=\"application\/ld+json\" class=\"yoast-schema-graph\">{\"@context\":\"https:\/\/schema.org\",\"@graph\":[{\"@type\":\"WebPage\",\"@id\":\"https:\/\/vinsiolisuner.com\/es\/botiga\/vinos-de-la-bodega-a-tu-casa\/vino-acacia\/\",\"url\":\"https:\/\/vinsiolisuner.com\/es\/botiga\/vinos-de-la-bodega-a-tu-casa\/vino-acacia\/\",\"name\":\"Comprar Vino Ac\u00e0cia | Vins i Olis Su\u00f1er\",\"isPartOf\":{\"@id\":\"https:\/\/vinsiolisuner.com\/#website\"},\"primaryImageOfPage\":{\"@id\":\"https:\/\/vinsiolisuner.com\/es\/botiga\/vinos-de-la-bodega-a-tu-casa\/vino-acacia\/#primaryimage\"},\"image\":{\"@id\":\"https:\/\/vinsiolisuner.com\/es\/botiga\/vinos-de-la-bodega-a-tu-casa\/vino-acacia\/#primaryimage\"},\"thumbnailUrl\":\"https:\/\/vinsiolisuner.com\/wp-content\/uploads\/2020\/04\/acacia_web.png\",\"datePublished\":\"2020-04-28T10:04:48+00:00\",\"dateModified\":\"2020-04-29T08:57:35+00:00\",\"description\":\"Vino de color paja p\u00e1lido. Desprende un sutil aroma de fruta blanca y tropical adem\u00e1s de notas florales y c\u00edtricas. En boca sorprende su presencia voluminosa que deja gusto de manzana y pera con matices anisados. C\u00f3mpralo ya!\",\"breadcrumb\":{\"@id\":\"https:\/\/vinsiolisuner.com\/es\/botiga\/vinos-de-la-bodega-a-tu-casa\/vino-acacia\/#breadcrumb\"},\"inLanguage\":\"es\",\"potentialAction\":[{\"@type\":\"ReadAction\",\"target\":[\"https:\/\/vinsiolisuner.com\/es\/botiga\/vinos-de-la-bodega-a-tu-casa\/vino-acacia\/\"]}]},{\"@type\":\"ImageObject\",\"inLanguage\":\"es\",\"@id\":\"https:\/\/vinsiolisuner.com\/es\/botiga\/vinos-de-la-bodega-a-tu-casa\/vino-acacia\/#primaryimage\",\"url\":\"https:\/\/vinsiolisuner.com\/wp-content\/uploads\/2020\/04\/acacia_web.png\",\"contentUrl\":\"https:\/\/vinsiolisuner.com\/wp-content\/uploads\/2020\/04\/acacia_web.png\",\"width\":409,\"height\":567},{\"@type\":\"BreadcrumbList\",\"@id\":\"https:\/\/vinsiolisuner.com\/es\/botiga\/vinos-de-la-bodega-a-tu-casa\/vino-acacia\/#breadcrumb\",\"itemListElement\":[{\"@type\":\"ListItem\",\"position\":1,\"name\":\"Portada\",\"item\":\"https:\/\/vinsiolisuner.com\/es\/\"},{\"@type\":\"ListItem\",\"position\":2,\"name\":\"Tienda\",\"item\":\"https:\/\/vinsiolisuner.com\/es\/tienda\/\"},{\"@type\":\"ListItem\",\"position\":3,\"name\":\"Vino Ac\u00e0cia\"}]},{\"@type\":\"WebSite\",\"@id\":\"https:\/\/vinsiolisuner.com\/#website\",\"url\":\"https:\/\/vinsiolisuner.com\/\",\"name\":\"Vins i Olis Su\u00f1er\",\"description\":\"Vins i Olis Su\u00f1er\",\"potentialAction\":[{\"@type\":\"SearchAction\",\"target\":{\"@type\":\"EntryPoint\",\"urlTemplate\":\"https:\/\/vinsiolisuner.com\/?s={search_term_string}\"},\"query-input\":{\"@type\":\"PropertyValueSpecification\",\"valueRequired\":true,\"valueName\":\"search_term_string\"}}],\"inLanguage\":\"es\"}]}<\/script>\n<!-- \/ Yoast SEO plugin. -->","yoast_head_json":{"title":"Comprar Vino Ac\u00e0cia | Vins i Olis Su\u00f1er","description":"Vino de color paja p\u00e1lido. Desprende un sutil aroma de fruta blanca y tropical adem\u00e1s de notas florales y c\u00edtricas. En boca sorprende su presencia voluminosa que deja gusto de manzana y pera con matices anisados. C\u00f3mpralo ya!","robots":{"index":"index","follow":"follow","max-snippet":"max-snippet:-1","max-image-preview":"max-image-preview:large","max-video-preview":"max-video-preview:-1"},"canonical":"https:\/\/vinsiolisuner.com\/es\/botiga\/vinos-de-la-bodega-a-tu-casa\/vino-acacia\/","og_locale":"es_ES","og_type":"article","og_title":"Comprar Vino Ac\u00e0cia | Vins i Olis Su\u00f1er","og_description":"Vino de color paja p\u00e1lido. Desprende un sutil aroma de fruta blanca y tropical adem\u00e1s de notas florales y c\u00edtricas. En boca sorprende su presencia voluminosa que deja gusto de manzana y pera con matices anisados. C\u00f3mpralo ya!","og_url":"https:\/\/vinsiolisuner.com\/es\/botiga\/vinos-de-la-bodega-a-tu-casa\/vino-acacia\/","og_site_name":"Vins i Olis Su\u00f1er","article_modified_time":"2020-04-29T08:57:35+00:00","og_image":[{"width":409,"height":567,"url":"https:\/\/vinsiolisuner.com\/wp-content\/uploads\/2020\/04\/acacia_web.png","type":"image\/png"}],"twitter_misc":{"Tiempo de lectura":"1 minuto"},"schema":{"@context":"https:\/\/schema.org","@graph":[{"@type":"WebPage","@id":"https:\/\/vinsiolisuner.com\/es\/botiga\/vinos-de-la-bodega-a-tu-casa\/vino-acacia\/","url":"https:\/\/vinsiolisuner.com\/es\/botiga\/vinos-de-la-bodega-a-tu-casa\/vino-acacia\/","name":"Comprar Vino Ac\u00e0cia | Vins i Olis Su\u00f1er","isPartOf":{"@id":"https:\/\/vinsiolisuner.com\/#website"},"primaryImageOfPage":{"@id":"https:\/\/vinsiolisuner.com\/es\/botiga\/vinos-de-la-bodega-a-tu-casa\/vino-acacia\/#primaryimage"},"image":{"@id":"https:\/\/vinsiolisuner.com\/es\/botiga\/vinos-de-la-bodega-a-tu-casa\/vino-acacia\/#primaryimage"},"thumbnailUrl":"https:\/\/vinsiolisuner.com\/wp-content\/uploads\/2020\/04\/acacia_web.png","datePublished":"2020-04-28T10:04:48+00:00","dateModified":"2020-04-29T08:57:35+00:00","description":"Vino de color paja p\u00e1lido. Desprende un sutil aroma de fruta blanca y tropical adem\u00e1s de notas florales y c\u00edtricas. En boca sorprende su presencia voluminosa que deja gusto de manzana y pera con matices anisados. C\u00f3mpralo ya!","breadcrumb":{"@id":"https:\/\/vinsiolisuner.com\/es\/botiga\/vinos-de-la-bodega-a-tu-casa\/vino-acacia\/#breadcrumb"},"inLanguage":"es","potentialAction":[{"@type":"ReadAction","target":["https:\/\/vinsiolisuner.com\/es\/botiga\/vinos-de-la-bodega-a-tu-casa\/vino-acacia\/"]}]},{"@type":"ImageObject","inLanguage":"es","@id":"https:\/\/vinsiolisuner.com\/es\/botiga\/vinos-de-la-bodega-a-tu-casa\/vino-acacia\/#primaryimage","url":"https:\/\/vinsiolisuner.com\/wp-content\/uploads\/2020\/04\/acacia_web.png","contentUrl":"https:\/\/vinsiolisuner.com\/wp-content\/uploads\/2020\/04\/acacia_web.png","width":409,"height":567},{"@type":"BreadcrumbList","@id":"https:\/\/vinsiolisuner.com\/es\/botiga\/vinos-de-la-bodega-a-tu-casa\/vino-acacia\/#breadcrumb","itemListElement":[{"@type":"ListItem","position":1,"name":"Portada","item":"https:\/\/vinsiolisuner.com\/es\/"},{"@type":"ListItem","position":2,"name":"Tienda","item":"https:\/\/vinsiolisuner.com\/es\/tienda\/"},{"@type":"ListItem","position":3,"name":"Vino Ac\u00e0cia"}]},{"@type":"WebSite","@id":"https:\/\/vinsiolisuner.com\/#website","url":"https:\/\/vinsiolisuner.com\/","name":"Vins i Olis Su\u00f1er","description":"Vins i Olis Su\u00f1er","potentialAction":[{"@type":"SearchAction","target":{"@type":"EntryPoint","urlTemplate":"https:\/\/vinsiolisuner.com\/?s={search_term_string}"},"query-input":{"@type":"PropertyValueSpecification","valueRequired":true,"valueName":"search_term_string"}}],"inLanguage":"es"}]}},"_links":{"self":[{"href":"https:\/\/vinsiolisuner.com\/es\/wp-json\/wp\/v2\/product\/17780","targetHints":{"allow":["GET"]}}],"collection":[{"href":"https:\/\/vinsiolisuner.com\/es\/wp-json\/wp\/v2\/product"}],"about":[{"href":"https:\/\/vinsiolisuner.com\/es\/wp-json\/wp\/v2\/types\/product"}],"wp:featuredmedia":[{"embeddable":true,"href":"https:\/\/vinsiolisuner.com\/es\/wp-json\/wp\/v2\/media\/17115"}],"wp:attachment":[{"href":"https:\/\/vinsiolisuner.com\/es\/wp-json\/wp\/v2\/media?parent=17780"}],"wp:term":[{"taxonomy":"product_brand","embeddable":true,"href":"https:\/\/vinsiolisuner.com\/es\/wp-json\/wp\/v2\/product_brand?post=17780"},{"taxonomy":"product_cat","embeddable":true,"href":"https:\/\/vinsiolisuner.com\/es\/wp-json\/wp\/v2\/product_cat?post=17780"},{"taxonomy":"product_tag","embeddable":true,"href":"https:\/\/vinsiolisuner.com\/es\/wp-json\/wp\/v2\/product_tag?post=17780"}],"curies":[{"name":"wp","href":"https:\/\/api.w.org\/{rel}","templated":true}]}}