{"id":17788,"date":"2020-04-14T17:55:04","date_gmt":"2020-04-28T10:48:43","guid":{"rendered":"https:\/\/vinsiolisuner.com\/?post_type=product&#038;p=17788"},"modified":"2020-04-29T10:57:14","modified_gmt":"2020-04-29T08:57:14","slug":"vino-la-pocavergonya","status":"publish","type":"product","link":"https:\/\/vinsiolisuner.com\/es\/botiga\/vinos-de-la-bodega-a-tu-casa\/vino-la-pocavergonya\/","title":{"rendered":"Vino La PocaVergonya"},"content":{"rendered":"<p><strong><span style=\"font-family: Roboto; font-size: 20px;\">VINO LA POCAVERGONYA<\/span><\/strong><\/p>\n<p><span style=\"font-family: Roboto; font-size: 16px;\">\u201cUn vino descaradamente actual\u201d<\/span><\/p>\n<p><span style=\"font-family: Roboto; font-size: 16px;\"><b>Elaboraci\u00f3n:<\/b>\u00a0Vino elaborado en conjunto por cuatro bodegas de la comarca Ribera d\u2019Ebre, vinificamos cada variedad por separado en cada bodega para luego hacer una mezcla final. Recolecci\u00f3n manual, desfangado est\u00e1tico sin clarificantes, el mosto flor fermenta a temperatura controlada de 17\u00b0C. Contenido de alcohol: 12.5% vol.<\/span><\/p>\n<p><span style=\"font-family: Roboto; font-size: 16px;\"><b>Nota de cata:<\/b>\u00a0Vino de color amarillo paja, transparente y brillante. Con buena intensidad arom\u00e1tica, floral y de fruta blanca. Insinuantes toques c\u00edtricos con una entrada fresca y elegante en boca. Un vino equilibrado, complejo, persistente con un final amable.<\/span><\/p>\n<p><span style=\"font-family: Roboto; font-size: 16px;\"><b>Imagen<\/b>: La PocaVergonya seduce a un p\u00fablico m\u00e1s joven sin complejos.<\/span><\/p>\n<p><span style=\"font-family: Roboto; font-size: 16px;\"><b>Maridaje<\/b>: Comida asi\u00e1tica con coco, curry y un leve picante, arroces y ensaladas.<\/span><\/p>\n","protected":false},"excerpt":{"rendered":"<p><span style=\"font-family: Roboto; font-size: 16px;\"><b>D.O.:<\/b> Tarragona<\/span><br \/>\n<span style=\"font-family: Roboto; font-size: 16px;\"><b>A\u00f1ada: <\/b>2018<\/span><br \/>\n<span style=\"font-family: Roboto; font-size: 16px;\"><b>Variedades de uva:<\/b> Macabeo, Garnacha blanca y Muscat<\/span><\/p>\n<p><span style=\"font-family: Roboto; font-size: 16px;\"><strong>NOTA INFORMATIVA:<\/strong> Es posible comprar una unidad o una caja de 6 unidades. Aplicamos descuento por la compra de una caja.<\/span><br \/>\n<span style=\"font-family: Roboto; font-size: 16px;\">IVA incluido.<\/span><\/p>\n","protected":false},"featured_media":17789,"template":"","meta":[],"product_brand":[],"product_cat":[150],"product_tag":[840,184,820],"class_list":{"0":"post-17788","1":"product","2":"type-product","3":"status-publish","4":"has-post-thumbnail","6":"product_cat-vinos-de-la-bodega-a-tu-casa","7":"product_tag-aromatic-es","8":"product_tag-blanco","9":"product_tag-vi-catala-es","10":"pa_packaging-vi-1-botella-2","11":"pa_packaging-vi-caja-6-uds","13":"first","14":"instock","15":"sale","16":"taxable","17":"shipping-taxable","18":"purchasable","19":"product-type-variable","20":"prodpage-classic"},"yoast_head":"<!-- This site is optimized with the Yoast SEO plugin v25.2 - https:\/\/yoast.com\/wordpress\/plugins\/seo\/ -->\n<title>Comprar Vino La PocaVergonya | Vins i Olis Su\u00f1er<\/title>\n<meta name=\"description\" content=\"Vino de color amarillo paja, transparente y brillante. Con buena intensidad arom\u00e1tica, floral y de fruta blanca. Insinuantes toques c\u00edtricos con una entrada fresca y elegante en boca. Un vino equilibrado, complejo, persistente con un final amable. C\u00f3mpralo ya!\" \/>\n<meta name=\"robots\" content=\"index, follow, max-snippet:-1, max-image-preview:large, max-video-preview:-1\" \/>\n<link rel=\"canonical\" href=\"https:\/\/vinsiolisuner.com\/botiga\/vins\/vi-la-pocavergonya\/\" \/>\n<meta property=\"og:locale\" content=\"es_ES\" \/>\n<meta property=\"og:type\" content=\"article\" \/>\n<meta property=\"og:title\" content=\"Comprar Vino La PocaVergonya | Vins i Olis Su\u00f1er\" \/>\n<meta property=\"og:description\" content=\"Vino de color amarillo paja, transparente y brillante. Con buena intensidad arom\u00e1tica, floral y de fruta blanca. Insinuantes toques c\u00edtricos con una entrada fresca y elegante en boca. Un vino equilibrado, complejo, persistente con un final amable. C\u00f3mpralo ya!\" \/>\n<meta property=\"og:url\" content=\"https:\/\/vinsiolisuner.com\/botiga\/vins\/vi-la-pocavergonya\/\" \/>\n<meta property=\"og:site_name\" content=\"Vins i Olis Su\u00f1er\" \/>\n<meta property=\"article:modified_time\" content=\"2020-04-29T08:57:14+00:00\" \/>\n<meta property=\"og:image\" content=\"https:\/\/vinsiolisuner.com\/wp-content\/uploads\/2017\/06\/poca_web.png\" \/>\n\t<meta property=\"og:image:width\" content=\"409\" \/>\n\t<meta property=\"og:image:height\" content=\"567\" \/>\n\t<meta property=\"og:image:type\" content=\"image\/png\" \/>\n<meta name=\"twitter:label1\" content=\"Tiempo de lectura\" \/>\n\t<meta name=\"twitter:data1\" content=\"1 minuto\" \/>\n<script type=\"application\/ld+json\" class=\"yoast-schema-graph\">{\"@context\":\"https:\/\/schema.org\",\"@graph\":[{\"@type\":\"WebPage\",\"@id\":\"https:\/\/vinsiolisuner.com\/botiga\/vins\/vi-la-pocavergonya\/\",\"url\":\"https:\/\/vinsiolisuner.com\/botiga\/vins\/vi-la-pocavergonya\/\",\"name\":\"Comprar Vino La PocaVergonya | Vins i Olis Su\u00f1er\",\"isPartOf\":{\"@id\":\"https:\/\/vinsiolisuner.com\/#website\"},\"primaryImageOfPage\":{\"@id\":\"https:\/\/vinsiolisuner.com\/botiga\/vins\/vi-la-pocavergonya\/#primaryimage\"},\"image\":{\"@id\":\"https:\/\/vinsiolisuner.com\/botiga\/vins\/vi-la-pocavergonya\/#primaryimage\"},\"thumbnailUrl\":\"https:\/\/vinsiolisuner.com\/wp-content\/uploads\/2017\/06\/poca_web.png\",\"datePublished\":\"2020-04-28T10:48:43+00:00\",\"dateModified\":\"2020-04-29T08:57:14+00:00\",\"description\":\"Vino de color amarillo paja, transparente y brillante. Con buena intensidad arom\u00e1tica, floral y de fruta blanca. Insinuantes toques c\u00edtricos con una entrada fresca y elegante en boca. Un vino equilibrado, complejo, persistente con un final amable. C\u00f3mpralo ya!\",\"breadcrumb\":{\"@id\":\"https:\/\/vinsiolisuner.com\/botiga\/vins\/vi-la-pocavergonya\/#breadcrumb\"},\"inLanguage\":\"es\",\"potentialAction\":[{\"@type\":\"ReadAction\",\"target\":[\"https:\/\/vinsiolisuner.com\/botiga\/vins\/vi-la-pocavergonya\/\"]}]},{\"@type\":\"ImageObject\",\"inLanguage\":\"es\",\"@id\":\"https:\/\/vinsiolisuner.com\/botiga\/vins\/vi-la-pocavergonya\/#primaryimage\",\"url\":\"https:\/\/vinsiolisuner.com\/wp-content\/uploads\/2017\/06\/poca_web.png\",\"contentUrl\":\"https:\/\/vinsiolisuner.com\/wp-content\/uploads\/2017\/06\/poca_web.png\",\"width\":409,\"height\":567},{\"@type\":\"BreadcrumbList\",\"@id\":\"https:\/\/vinsiolisuner.com\/botiga\/vins\/vi-la-pocavergonya\/#breadcrumb\",\"itemListElement\":[{\"@type\":\"ListItem\",\"position\":1,\"name\":\"Portada\",\"item\":\"https:\/\/vinsiolisuner.com\/es\/\"},{\"@type\":\"ListItem\",\"position\":2,\"name\":\"Tienda\",\"item\":\"https:\/\/vinsiolisuner.com\/es\/tienda\/\"},{\"@type\":\"ListItem\",\"position\":3,\"name\":\"Vino La PocaVergonya\"}]},{\"@type\":\"WebSite\",\"@id\":\"https:\/\/vinsiolisuner.com\/#website\",\"url\":\"https:\/\/vinsiolisuner.com\/\",\"name\":\"Vins i Olis Su\u00f1er\",\"description\":\"Vins i Olis Su\u00f1er\",\"potentialAction\":[{\"@type\":\"SearchAction\",\"target\":{\"@type\":\"EntryPoint\",\"urlTemplate\":\"https:\/\/vinsiolisuner.com\/?s={search_term_string}\"},\"query-input\":{\"@type\":\"PropertyValueSpecification\",\"valueRequired\":true,\"valueName\":\"search_term_string\"}}],\"inLanguage\":\"es\"}]}<\/script>\n<!-- \/ Yoast SEO plugin. -->","yoast_head_json":{"title":"Comprar Vino La PocaVergonya | Vins i Olis Su\u00f1er","description":"Vino de color amarillo paja, transparente y brillante. Con buena intensidad arom\u00e1tica, floral y de fruta blanca. Insinuantes toques c\u00edtricos con una entrada fresca y elegante en boca. Un vino equilibrado, complejo, persistente con un final amable. C\u00f3mpralo ya!","robots":{"index":"index","follow":"follow","max-snippet":"max-snippet:-1","max-image-preview":"max-image-preview:large","max-video-preview":"max-video-preview:-1"},"canonical":"https:\/\/vinsiolisuner.com\/botiga\/vins\/vi-la-pocavergonya\/","og_locale":"es_ES","og_type":"article","og_title":"Comprar Vino La PocaVergonya | Vins i Olis Su\u00f1er","og_description":"Vino de color amarillo paja, transparente y brillante. Con buena intensidad arom\u00e1tica, floral y de fruta blanca. Insinuantes toques c\u00edtricos con una entrada fresca y elegante en boca. Un vino equilibrado, complejo, persistente con un final amable. C\u00f3mpralo ya!","og_url":"https:\/\/vinsiolisuner.com\/botiga\/vins\/vi-la-pocavergonya\/","og_site_name":"Vins i Olis Su\u00f1er","article_modified_time":"2020-04-29T08:57:14+00:00","og_image":[{"width":409,"height":567,"url":"https:\/\/vinsiolisuner.com\/wp-content\/uploads\/2017\/06\/poca_web.png","type":"image\/png"}],"twitter_misc":{"Tiempo de lectura":"1 minuto"},"schema":{"@context":"https:\/\/schema.org","@graph":[{"@type":"WebPage","@id":"https:\/\/vinsiolisuner.com\/botiga\/vins\/vi-la-pocavergonya\/","url":"https:\/\/vinsiolisuner.com\/botiga\/vins\/vi-la-pocavergonya\/","name":"Comprar Vino La PocaVergonya | Vins i Olis Su\u00f1er","isPartOf":{"@id":"https:\/\/vinsiolisuner.com\/#website"},"primaryImageOfPage":{"@id":"https:\/\/vinsiolisuner.com\/botiga\/vins\/vi-la-pocavergonya\/#primaryimage"},"image":{"@id":"https:\/\/vinsiolisuner.com\/botiga\/vins\/vi-la-pocavergonya\/#primaryimage"},"thumbnailUrl":"https:\/\/vinsiolisuner.com\/wp-content\/uploads\/2017\/06\/poca_web.png","datePublished":"2020-04-28T10:48:43+00:00","dateModified":"2020-04-29T08:57:14+00:00","description":"Vino de color amarillo paja, transparente y brillante. Con buena intensidad arom\u00e1tica, floral y de fruta blanca. Insinuantes toques c\u00edtricos con una entrada fresca y elegante en boca. Un vino equilibrado, complejo, persistente con un final amable. C\u00f3mpralo ya!","breadcrumb":{"@id":"https:\/\/vinsiolisuner.com\/botiga\/vins\/vi-la-pocavergonya\/#breadcrumb"},"inLanguage":"es","potentialAction":[{"@type":"ReadAction","target":["https:\/\/vinsiolisuner.com\/botiga\/vins\/vi-la-pocavergonya\/"]}]},{"@type":"ImageObject","inLanguage":"es","@id":"https:\/\/vinsiolisuner.com\/botiga\/vins\/vi-la-pocavergonya\/#primaryimage","url":"https:\/\/vinsiolisuner.com\/wp-content\/uploads\/2017\/06\/poca_web.png","contentUrl":"https:\/\/vinsiolisuner.com\/wp-content\/uploads\/2017\/06\/poca_web.png","width":409,"height":567},{"@type":"BreadcrumbList","@id":"https:\/\/vinsiolisuner.com\/botiga\/vins\/vi-la-pocavergonya\/#breadcrumb","itemListElement":[{"@type":"ListItem","position":1,"name":"Portada","item":"https:\/\/vinsiolisuner.com\/es\/"},{"@type":"ListItem","position":2,"name":"Tienda","item":"https:\/\/vinsiolisuner.com\/es\/tienda\/"},{"@type":"ListItem","position":3,"name":"Vino La PocaVergonya"}]},{"@type":"WebSite","@id":"https:\/\/vinsiolisuner.com\/#website","url":"https:\/\/vinsiolisuner.com\/","name":"Vins i Olis Su\u00f1er","description":"Vins i Olis Su\u00f1er","potentialAction":[{"@type":"SearchAction","target":{"@type":"EntryPoint","urlTemplate":"https:\/\/vinsiolisuner.com\/?s={search_term_string}"},"query-input":{"@type":"PropertyValueSpecification","valueRequired":true,"valueName":"search_term_string"}}],"inLanguage":"es"}]}},"_links":{"self":[{"href":"https:\/\/vinsiolisuner.com\/es\/wp-json\/wp\/v2\/product\/17788","targetHints":{"allow":["GET"]}}],"collection":[{"href":"https:\/\/vinsiolisuner.com\/es\/wp-json\/wp\/v2\/product"}],"about":[{"href":"https:\/\/vinsiolisuner.com\/es\/wp-json\/wp\/v2\/types\/product"}],"wp:featuredmedia":[{"embeddable":true,"href":"https:\/\/vinsiolisuner.com\/es\/wp-json\/wp\/v2\/media\/17789"}],"wp:attachment":[{"href":"https:\/\/vinsiolisuner.com\/es\/wp-json\/wp\/v2\/media?parent=17788"}],"wp:term":[{"taxonomy":"product_brand","embeddable":true,"href":"https:\/\/vinsiolisuner.com\/es\/wp-json\/wp\/v2\/product_brand?post=17788"},{"taxonomy":"product_cat","embeddable":true,"href":"https:\/\/vinsiolisuner.com\/es\/wp-json\/wp\/v2\/product_cat?post=17788"},{"taxonomy":"product_tag","embeddable":true,"href":"https:\/\/vinsiolisuner.com\/es\/wp-json\/wp\/v2\/product_tag?post=17788"}],"curies":[{"name":"wp","href":"https:\/\/api.w.org\/{rel}","templated":true}]}}