{"id":17793,"date":"2020-04-14T18:06:19","date_gmt":"2020-04-14T16:06:19","guid":{"rendered":"https:\/\/vinsiolisuner.com\/botiga\/sin%20categor\u00eda\/vi-daperitiu\/"},"modified":"2020-04-30T10:00:17","modified_gmt":"2020-04-30T08:00:17","slug":"vino-de-aperitivo","status":"publish","type":"product","link":"https:\/\/vinsiolisuner.com\/es\/botiga\/vinos-de-la-bodega-a-tu-casa\/vino-de-aperitivo\/","title":{"rendered":"Vino de aperitivo"},"content":{"rendered":"<p><span style=\"font-family: Roboto; font-size: 20px;\"><strong>VERMUT<\/strong><\/span><\/p>\n<p><span style=\"font-family: Roboto; font-size: 16px;\"><b>Elaboraci\u00f3n<\/b>: Vino macerado con una mezcla de 40 bot\u00e1nicos de 15 a 20 d\u00edas.<\/span><\/p>\n<p><span style=\"font-family: Roboto; font-size: 16px;\"><b>Nota de cata:<\/b>\u00a0Visualmente es un vermut de color marr\u00f3n oscuro, intenso y brillante. En nariz es discretamente arom\u00e1tico con notas de especias dulces como la vainilla, frutos rojos maduros, regaliz y piel de c\u00edtrico. En boca el ataque es suave pero envolvente con una marcada base de vainilla, notas de bals\u00e1mico, regaliz, hoja de laurel y una ligera presencia tomillo del sotobosque Mediterr\u00e1neo. Retrogusto con un dejo amargo que, combinado con frutos rojos, da un toque fresco y agradable. Contenido de alcohol: 15% vol.\u00a0<\/span><\/p>\n<p><span style=\"font-family: Roboto; font-size: 16px;\"><b>Maridaje:\u00a0<\/b>Una rodaja de naranja le da un excelente balance de acidez. Acomp\u00e1\u00f1alo con olivas y embutidos, ideal para disfrutar al aperitivo con amigos!<\/span><\/p>\n","protected":false},"excerpt":{"rendered":"<p><span style=\"font-family: Roboto; font-size: 16px;\">Vermut negro afrutado con notas dulces, elaborado a partir de una antigua receta secreta.<\/span><\/p>\n<p><span style=\"font-family: Roboto; font-size: 16px;\"><strong>NOTA INFORMATIVA:<\/strong> Es posible comprar una unidad o una caja de 6 unidades. Aplicamos descuento por la compra de una caja.<\/span><br \/>\n<span style=\"font-family: Roboto; font-size: 16px;\">IVA incluido.<\/span><\/p>\n","protected":false},"featured_media":16653,"template":"","meta":[],"product_brand":[],"product_cat":[150],"product_tag":[209,841,842],"class_list":{"0":"post-17793","1":"product","2":"type-product","3":"status-publish","4":"has-post-thumbnail","6":"product_cat-vinos-de-la-bodega-a-tu-casa","7":"product_tag-negro","8":"product_tag-vermut-es","9":"product_tag-vermut-catala-es","10":"pa_packaging-vi-1-botella-2","11":"pa_packaging-vi-caja-6-uds","13":"first","14":"instock","15":"sale","16":"taxable","17":"shipping-taxable","18":"purchasable","19":"product-type-variable","20":"prodpage-classic"},"yoast_head":"<!-- This site is optimized with the Yoast SEO plugin v25.2 - https:\/\/yoast.com\/wordpress\/plugins\/seo\/ -->\n<title>Comprar Vino de Aperitivo | Vins i Olis Su\u00f1er<\/title>\n<meta name=\"description\" content=\"Visualmente es un vermut de color marr\u00f3n oscuro, intenso y brillante. En nariz es discretamente arom\u00e1tico con notas de especias dulces como la vainilla, frutos rojos maduros, regaliz y piel de c\u00edtrico. C\u00f3mpralo ya!\" \/>\n<meta name=\"robots\" content=\"index, follow, max-snippet:-1, max-image-preview:large, max-video-preview:-1\" \/>\n<link rel=\"canonical\" href=\"https:\/\/vinsiolisuner.com\/es\/botiga\/vinos-de-la-bodega-a-tu-casa\/vino-de-aperitivo\/\" \/>\n<meta property=\"og:locale\" content=\"es_ES\" \/>\n<meta property=\"og:type\" content=\"article\" \/>\n<meta property=\"og:title\" content=\"Comprar Vino de Aperitivo | Vins i Olis Su\u00f1er\" \/>\n<meta property=\"og:description\" content=\"Visualmente es un vermut de color marr\u00f3n oscuro, intenso y brillante. En nariz es discretamente arom\u00e1tico con notas de especias dulces como la vainilla, frutos rojos maduros, regaliz y piel de c\u00edtrico. C\u00f3mpralo ya!\" \/>\n<meta property=\"og:url\" content=\"https:\/\/vinsiolisuner.com\/es\/botiga\/vinos-de-la-bodega-a-tu-casa\/vino-de-aperitivo\/\" \/>\n<meta property=\"og:site_name\" content=\"Vins i Olis Su\u00f1er\" \/>\n<meta property=\"article:modified_time\" content=\"2020-04-30T08:00:17+00:00\" \/>\n<meta property=\"og:image\" content=\"https:\/\/vinsiolisuner.com\/wp-content\/uploads\/2020\/03\/vermut.png\" \/>\n\t<meta property=\"og:image:width\" content=\"409\" \/>\n\t<meta property=\"og:image:height\" content=\"567\" \/>\n\t<meta property=\"og:image:type\" content=\"image\/png\" \/>\n<meta name=\"twitter:label1\" content=\"Tiempo de lectura\" \/>\n\t<meta name=\"twitter:data1\" content=\"1 minuto\" \/>\n<script type=\"application\/ld+json\" class=\"yoast-schema-graph\">{\"@context\":\"https:\/\/schema.org\",\"@graph\":[{\"@type\":\"WebPage\",\"@id\":\"https:\/\/vinsiolisuner.com\/es\/botiga\/vinos-de-la-bodega-a-tu-casa\/vino-de-aperitivo\/\",\"url\":\"https:\/\/vinsiolisuner.com\/es\/botiga\/vinos-de-la-bodega-a-tu-casa\/vino-de-aperitivo\/\",\"name\":\"Comprar Vino de Aperitivo | Vins i Olis Su\u00f1er\",\"isPartOf\":{\"@id\":\"https:\/\/vinsiolisuner.com\/#website\"},\"primaryImageOfPage\":{\"@id\":\"https:\/\/vinsiolisuner.com\/es\/botiga\/vinos-de-la-bodega-a-tu-casa\/vino-de-aperitivo\/#primaryimage\"},\"image\":{\"@id\":\"https:\/\/vinsiolisuner.com\/es\/botiga\/vinos-de-la-bodega-a-tu-casa\/vino-de-aperitivo\/#primaryimage\"},\"thumbnailUrl\":\"https:\/\/vinsiolisuner.com\/wp-content\/uploads\/2020\/03\/vermut.png\",\"datePublished\":\"2020-04-14T16:06:19+00:00\",\"dateModified\":\"2020-04-30T08:00:17+00:00\",\"description\":\"Visualmente es un vermut de color marr\u00f3n oscuro, intenso y brillante. En nariz es discretamente arom\u00e1tico con notas de especias dulces como la vainilla, frutos rojos maduros, regaliz y piel de c\u00edtrico. C\u00f3mpralo ya!\",\"breadcrumb\":{\"@id\":\"https:\/\/vinsiolisuner.com\/es\/botiga\/vinos-de-la-bodega-a-tu-casa\/vino-de-aperitivo\/#breadcrumb\"},\"inLanguage\":\"es\",\"potentialAction\":[{\"@type\":\"ReadAction\",\"target\":[\"https:\/\/vinsiolisuner.com\/es\/botiga\/vinos-de-la-bodega-a-tu-casa\/vino-de-aperitivo\/\"]}]},{\"@type\":\"ImageObject\",\"inLanguage\":\"es\",\"@id\":\"https:\/\/vinsiolisuner.com\/es\/botiga\/vinos-de-la-bodega-a-tu-casa\/vino-de-aperitivo\/#primaryimage\",\"url\":\"https:\/\/vinsiolisuner.com\/wp-content\/uploads\/2020\/03\/vermut.png\",\"contentUrl\":\"https:\/\/vinsiolisuner.com\/wp-content\/uploads\/2020\/03\/vermut.png\",\"width\":409,\"height\":567},{\"@type\":\"BreadcrumbList\",\"@id\":\"https:\/\/vinsiolisuner.com\/es\/botiga\/vinos-de-la-bodega-a-tu-casa\/vino-de-aperitivo\/#breadcrumb\",\"itemListElement\":[{\"@type\":\"ListItem\",\"position\":1,\"name\":\"Portada\",\"item\":\"https:\/\/vinsiolisuner.com\/es\/\"},{\"@type\":\"ListItem\",\"position\":2,\"name\":\"Tienda\",\"item\":\"https:\/\/vinsiolisuner.com\/es\/tienda\/\"},{\"@type\":\"ListItem\",\"position\":3,\"name\":\"Vino de aperitivo\"}]},{\"@type\":\"WebSite\",\"@id\":\"https:\/\/vinsiolisuner.com\/#website\",\"url\":\"https:\/\/vinsiolisuner.com\/\",\"name\":\"Vins i Olis Su\u00f1er\",\"description\":\"Vins i Olis Su\u00f1er\",\"potentialAction\":[{\"@type\":\"SearchAction\",\"target\":{\"@type\":\"EntryPoint\",\"urlTemplate\":\"https:\/\/vinsiolisuner.com\/?s={search_term_string}\"},\"query-input\":{\"@type\":\"PropertyValueSpecification\",\"valueRequired\":true,\"valueName\":\"search_term_string\"}}],\"inLanguage\":\"es\"}]}<\/script>\n<!-- \/ Yoast SEO plugin. -->","yoast_head_json":{"title":"Comprar Vino de Aperitivo | Vins i Olis Su\u00f1er","description":"Visualmente es un vermut de color marr\u00f3n oscuro, intenso y brillante. En nariz es discretamente arom\u00e1tico con notas de especias dulces como la vainilla, frutos rojos maduros, regaliz y piel de c\u00edtrico. C\u00f3mpralo ya!","robots":{"index":"index","follow":"follow","max-snippet":"max-snippet:-1","max-image-preview":"max-image-preview:large","max-video-preview":"max-video-preview:-1"},"canonical":"https:\/\/vinsiolisuner.com\/es\/botiga\/vinos-de-la-bodega-a-tu-casa\/vino-de-aperitivo\/","og_locale":"es_ES","og_type":"article","og_title":"Comprar Vino de Aperitivo | Vins i Olis Su\u00f1er","og_description":"Visualmente es un vermut de color marr\u00f3n oscuro, intenso y brillante. En nariz es discretamente arom\u00e1tico con notas de especias dulces como la vainilla, frutos rojos maduros, regaliz y piel de c\u00edtrico. C\u00f3mpralo ya!","og_url":"https:\/\/vinsiolisuner.com\/es\/botiga\/vinos-de-la-bodega-a-tu-casa\/vino-de-aperitivo\/","og_site_name":"Vins i Olis Su\u00f1er","article_modified_time":"2020-04-30T08:00:17+00:00","og_image":[{"width":409,"height":567,"url":"https:\/\/vinsiolisuner.com\/wp-content\/uploads\/2020\/03\/vermut.png","type":"image\/png"}],"twitter_misc":{"Tiempo de lectura":"1 minuto"},"schema":{"@context":"https:\/\/schema.org","@graph":[{"@type":"WebPage","@id":"https:\/\/vinsiolisuner.com\/es\/botiga\/vinos-de-la-bodega-a-tu-casa\/vino-de-aperitivo\/","url":"https:\/\/vinsiolisuner.com\/es\/botiga\/vinos-de-la-bodega-a-tu-casa\/vino-de-aperitivo\/","name":"Comprar Vino de Aperitivo | Vins i Olis Su\u00f1er","isPartOf":{"@id":"https:\/\/vinsiolisuner.com\/#website"},"primaryImageOfPage":{"@id":"https:\/\/vinsiolisuner.com\/es\/botiga\/vinos-de-la-bodega-a-tu-casa\/vino-de-aperitivo\/#primaryimage"},"image":{"@id":"https:\/\/vinsiolisuner.com\/es\/botiga\/vinos-de-la-bodega-a-tu-casa\/vino-de-aperitivo\/#primaryimage"},"thumbnailUrl":"https:\/\/vinsiolisuner.com\/wp-content\/uploads\/2020\/03\/vermut.png","datePublished":"2020-04-14T16:06:19+00:00","dateModified":"2020-04-30T08:00:17+00:00","description":"Visualmente es un vermut de color marr\u00f3n oscuro, intenso y brillante. En nariz es discretamente arom\u00e1tico con notas de especias dulces como la vainilla, frutos rojos maduros, regaliz y piel de c\u00edtrico. C\u00f3mpralo ya!","breadcrumb":{"@id":"https:\/\/vinsiolisuner.com\/es\/botiga\/vinos-de-la-bodega-a-tu-casa\/vino-de-aperitivo\/#breadcrumb"},"inLanguage":"es","potentialAction":[{"@type":"ReadAction","target":["https:\/\/vinsiolisuner.com\/es\/botiga\/vinos-de-la-bodega-a-tu-casa\/vino-de-aperitivo\/"]}]},{"@type":"ImageObject","inLanguage":"es","@id":"https:\/\/vinsiolisuner.com\/es\/botiga\/vinos-de-la-bodega-a-tu-casa\/vino-de-aperitivo\/#primaryimage","url":"https:\/\/vinsiolisuner.com\/wp-content\/uploads\/2020\/03\/vermut.png","contentUrl":"https:\/\/vinsiolisuner.com\/wp-content\/uploads\/2020\/03\/vermut.png","width":409,"height":567},{"@type":"BreadcrumbList","@id":"https:\/\/vinsiolisuner.com\/es\/botiga\/vinos-de-la-bodega-a-tu-casa\/vino-de-aperitivo\/#breadcrumb","itemListElement":[{"@type":"ListItem","position":1,"name":"Portada","item":"https:\/\/vinsiolisuner.com\/es\/"},{"@type":"ListItem","position":2,"name":"Tienda","item":"https:\/\/vinsiolisuner.com\/es\/tienda\/"},{"@type":"ListItem","position":3,"name":"Vino de aperitivo"}]},{"@type":"WebSite","@id":"https:\/\/vinsiolisuner.com\/#website","url":"https:\/\/vinsiolisuner.com\/","name":"Vins i Olis Su\u00f1er","description":"Vins i Olis Su\u00f1er","potentialAction":[{"@type":"SearchAction","target":{"@type":"EntryPoint","urlTemplate":"https:\/\/vinsiolisuner.com\/?s={search_term_string}"},"query-input":{"@type":"PropertyValueSpecification","valueRequired":true,"valueName":"search_term_string"}}],"inLanguage":"es"}]}},"_links":{"self":[{"href":"https:\/\/vinsiolisuner.com\/es\/wp-json\/wp\/v2\/product\/17793","targetHints":{"allow":["GET"]}}],"collection":[{"href":"https:\/\/vinsiolisuner.com\/es\/wp-json\/wp\/v2\/product"}],"about":[{"href":"https:\/\/vinsiolisuner.com\/es\/wp-json\/wp\/v2\/types\/product"}],"wp:featuredmedia":[{"embeddable":true,"href":"https:\/\/vinsiolisuner.com\/es\/wp-json\/wp\/v2\/media\/16653"}],"wp:attachment":[{"href":"https:\/\/vinsiolisuner.com\/es\/wp-json\/wp\/v2\/media?parent=17793"}],"wp:term":[{"taxonomy":"product_brand","embeddable":true,"href":"https:\/\/vinsiolisuner.com\/es\/wp-json\/wp\/v2\/product_brand?post=17793"},{"taxonomy":"product_cat","embeddable":true,"href":"https:\/\/vinsiolisuner.com\/es\/wp-json\/wp\/v2\/product_cat?post=17793"},{"taxonomy":"product_tag","embeddable":true,"href":"https:\/\/vinsiolisuner.com\/es\/wp-json\/wp\/v2\/product_tag?post=17793"}],"curies":[{"name":"wp","href":"https:\/\/api.w.org\/{rel}","templated":true}]}}