{"id":17804,"date":"2020-04-15T16:50:11","date_gmt":"2020-04-15T14:50:11","guid":{"rendered":"https:\/\/vinsiolisuner.com\/botiga\/sin%20categor\u00eda\/oli-doliva-verge-extra-arbequina-llauna-1l\/"},"modified":"2020-04-29T10:56:14","modified_gmt":"2020-04-29T08:56:14","slug":"aceite-de-oliva-virgen-extra-arbequina-2","status":"publish","type":"product","link":"https:\/\/vinsiolisuner.com\/es\/botiga\/aceites-del-molino-a-tu-casa\/aceite-de-oliva-arbequina\/aceite-de-oliva-virgen-extra-arbequina-2\/","title":{"rendered":"Aceite de Oliva Virgen Extra Arbequina Lata 1l."},"content":{"rendered":"<p><span style=\"font-family: Roboto; font-size: 16px;\">Aceite obtenido exclusivamente de aceitunas de esta variedad. Afrutado con notas c\u00edtricas y predominancia del gusto dulce de excelencia y calidad muy apreciadas. Buen equilibrio en boca sin toques picantes, amargos o astringentes. La sensaci\u00f3n final es almendrada y suave.<\/span><\/p>\n<p><span style=\"font-family: Roboto; font-size: 16px;\">Recomendaci\u00f3n: en crudo, para ensaladas, verduras y pasta.<\/span><\/p>\n<p><span style=\"font-family: Roboto; font-size: 16px;\">Acidez m\u00e1xima: 0.2\u00b0<\/span><\/p>\n","protected":false},"excerpt":{"rendered":"<p><span style=\"font-family: Roboto; font-size: 16px;\">Aceite delicatessen. Le invitamos a descubrir nuestros aceites gourmet de oliva monovarietal virgen extra sin filtrar, envasados en lata de litro, que redondear\u00e1 sus mejores platos. El dise\u00f1o de este lata pretende ser un art\u00edculo del regalo de f\u00e1cil transporte para sus viajes.<\/span><\/p>\n<p><span style=\"font-family: Roboto; font-size: 16px;\">IVA incluido.<\/span><\/p>\n","protected":false},"featured_media":14858,"template":"","meta":[],"product_brand":[],"product_cat":[146,152],"product_tag":[166,844,843],"class_list":{"0":"post-17804","1":"product","2":"type-product","3":"status-publish","4":"has-post-thumbnail","6":"product_cat-aceites-del-molino-a-tu-casa","7":"product_cat-aceite-de-oliva-arbequina","8":"product_tag-arbequina-es","9":"product_tag-oli-catala-es","10":"product_tag-oli-doliva-es","11":"pa_packaging-oli-llauna-1-lata","12":"pa_packaging-oli-llauna-caja-5-uds","14":"first","15":"instock","16":"sale","17":"taxable","18":"shipping-taxable","19":"purchasable","20":"product-type-variable","21":"prodpage-classic"},"yoast_head":"<!-- This site is optimized with the Yoast SEO plugin v25.2 - https:\/\/yoast.com\/wordpress\/plugins\/seo\/ -->\n<title>Comprar Aceite de Oliva Virgen Extra Arbequina Lata 1l. | Vins i Olis Su\u00f1er<\/title>\n<meta name=\"description\" content=\"Aceite delicatessen. Le invitamos a descubrir nuestros aceites gourmet de oliva monovarietal virgen extra sin filtrar, envasados en lata de litro, que redondear\u00e1 sus mejores platos. El dise\u00f1o de este lata pretende ser un art\u00edculo del regalo de f\u00e1cil transporte para sus viajes. C\u00f3mpralo ya!\" \/>\n<meta name=\"robots\" content=\"index, follow, max-snippet:-1, max-image-preview:large, max-video-preview:-1\" \/>\n<link rel=\"canonical\" href=\"https:\/\/vinsiolisuner.com\/es\/botiga\/aceites-del-molino-a-tu-casa\/aceite-de-oliva-arbequina\/aceite-de-oliva-virgen-extra-arbequina-2\/\" \/>\n<meta property=\"og:locale\" content=\"es_ES\" \/>\n<meta property=\"og:type\" content=\"article\" \/>\n<meta property=\"og:title\" content=\"Comprar Aceite de Oliva Virgen Extra Arbequina Lata 1l. | Vins i Olis Su\u00f1er\" \/>\n<meta property=\"og:description\" content=\"Aceite delicatessen. Le invitamos a descubrir nuestros aceites gourmet de oliva monovarietal virgen extra sin filtrar, envasados en lata de litro, que redondear\u00e1 sus mejores platos. El dise\u00f1o de este lata pretende ser un art\u00edculo del regalo de f\u00e1cil transporte para sus viajes. C\u00f3mpralo ya!\" \/>\n<meta property=\"og:url\" content=\"https:\/\/vinsiolisuner.com\/es\/botiga\/aceites-del-molino-a-tu-casa\/aceite-de-oliva-arbequina\/aceite-de-oliva-virgen-extra-arbequina-2\/\" \/>\n<meta property=\"og:site_name\" content=\"Vins i Olis Su\u00f1er\" \/>\n<meta property=\"article:modified_time\" content=\"2020-04-29T08:56:14+00:00\" \/>\n<meta property=\"og:image\" content=\"https:\/\/vinsiolisuner.com\/wp-content\/uploads\/2015\/04\/llauna1.png\" \/>\n\t<meta property=\"og:image:width\" content=\"265\" \/>\n\t<meta property=\"og:image:height\" content=\"350\" \/>\n\t<meta property=\"og:image:type\" content=\"image\/png\" \/>\n<script type=\"application\/ld+json\" class=\"yoast-schema-graph\">{\"@context\":\"https:\/\/schema.org\",\"@graph\":[{\"@type\":\"WebPage\",\"@id\":\"https:\/\/vinsiolisuner.com\/es\/botiga\/aceites-del-molino-a-tu-casa\/aceite-de-oliva-arbequina\/aceite-de-oliva-virgen-extra-arbequina-2\/\",\"url\":\"https:\/\/vinsiolisuner.com\/es\/botiga\/aceites-del-molino-a-tu-casa\/aceite-de-oliva-arbequina\/aceite-de-oliva-virgen-extra-arbequina-2\/\",\"name\":\"Comprar Aceite de Oliva Virgen Extra Arbequina Lata 1l. | Vins i Olis Su\u00f1er\",\"isPartOf\":{\"@id\":\"https:\/\/vinsiolisuner.com\/#website\"},\"primaryImageOfPage\":{\"@id\":\"https:\/\/vinsiolisuner.com\/es\/botiga\/aceites-del-molino-a-tu-casa\/aceite-de-oliva-arbequina\/aceite-de-oliva-virgen-extra-arbequina-2\/#primaryimage\"},\"image\":{\"@id\":\"https:\/\/vinsiolisuner.com\/es\/botiga\/aceites-del-molino-a-tu-casa\/aceite-de-oliva-arbequina\/aceite-de-oliva-virgen-extra-arbequina-2\/#primaryimage\"},\"thumbnailUrl\":\"https:\/\/vinsiolisuner.com\/wp-content\/uploads\/2015\/04\/llauna1.png\",\"datePublished\":\"2020-04-15T14:50:11+00:00\",\"dateModified\":\"2020-04-29T08:56:14+00:00\",\"description\":\"Aceite delicatessen. Le invitamos a descubrir nuestros aceites gourmet de oliva monovarietal virgen extra sin filtrar, envasados en lata de litro, que redondear\u00e1 sus mejores platos. El dise\u00f1o de este lata pretende ser un art\u00edculo del regalo de f\u00e1cil transporte para sus viajes. C\u00f3mpralo ya!\",\"breadcrumb\":{\"@id\":\"https:\/\/vinsiolisuner.com\/es\/botiga\/aceites-del-molino-a-tu-casa\/aceite-de-oliva-arbequina\/aceite-de-oliva-virgen-extra-arbequina-2\/#breadcrumb\"},\"inLanguage\":\"es\",\"potentialAction\":[{\"@type\":\"ReadAction\",\"target\":[\"https:\/\/vinsiolisuner.com\/es\/botiga\/aceites-del-molino-a-tu-casa\/aceite-de-oliva-arbequina\/aceite-de-oliva-virgen-extra-arbequina-2\/\"]}]},{\"@type\":\"ImageObject\",\"inLanguage\":\"es\",\"@id\":\"https:\/\/vinsiolisuner.com\/es\/botiga\/aceites-del-molino-a-tu-casa\/aceite-de-oliva-arbequina\/aceite-de-oliva-virgen-extra-arbequina-2\/#primaryimage\",\"url\":\"https:\/\/vinsiolisuner.com\/wp-content\/uploads\/2015\/04\/llauna1.png\",\"contentUrl\":\"https:\/\/vinsiolisuner.com\/wp-content\/uploads\/2015\/04\/llauna1.png\",\"width\":265,\"height\":350},{\"@type\":\"BreadcrumbList\",\"@id\":\"https:\/\/vinsiolisuner.com\/es\/botiga\/aceites-del-molino-a-tu-casa\/aceite-de-oliva-arbequina\/aceite-de-oliva-virgen-extra-arbequina-2\/#breadcrumb\",\"itemListElement\":[{\"@type\":\"ListItem\",\"position\":1,\"name\":\"Portada\",\"item\":\"https:\/\/vinsiolisuner.com\/es\/\"},{\"@type\":\"ListItem\",\"position\":2,\"name\":\"Tienda\",\"item\":\"https:\/\/vinsiolisuner.com\/es\/tienda\/\"},{\"@type\":\"ListItem\",\"position\":3,\"name\":\"Aceite de Oliva Virgen Extra Arbequina Lata 1l.\"}]},{\"@type\":\"WebSite\",\"@id\":\"https:\/\/vinsiolisuner.com\/#website\",\"url\":\"https:\/\/vinsiolisuner.com\/\",\"name\":\"Vins i Olis Su\u00f1er\",\"description\":\"Vins i Olis Su\u00f1er\",\"potentialAction\":[{\"@type\":\"SearchAction\",\"target\":{\"@type\":\"EntryPoint\",\"urlTemplate\":\"https:\/\/vinsiolisuner.com\/?s={search_term_string}\"},\"query-input\":{\"@type\":\"PropertyValueSpecification\",\"valueRequired\":true,\"valueName\":\"search_term_string\"}}],\"inLanguage\":\"es\"}]}<\/script>\n<!-- \/ Yoast SEO plugin. -->","yoast_head_json":{"title":"Comprar Aceite de Oliva Virgen Extra Arbequina Lata 1l. | Vins i Olis Su\u00f1er","description":"Aceite delicatessen. Le invitamos a descubrir nuestros aceites gourmet de oliva monovarietal virgen extra sin filtrar, envasados en lata de litro, que redondear\u00e1 sus mejores platos. El dise\u00f1o de este lata pretende ser un art\u00edculo del regalo de f\u00e1cil transporte para sus viajes. C\u00f3mpralo ya!","robots":{"index":"index","follow":"follow","max-snippet":"max-snippet:-1","max-image-preview":"max-image-preview:large","max-video-preview":"max-video-preview:-1"},"canonical":"https:\/\/vinsiolisuner.com\/es\/botiga\/aceites-del-molino-a-tu-casa\/aceite-de-oliva-arbequina\/aceite-de-oliva-virgen-extra-arbequina-2\/","og_locale":"es_ES","og_type":"article","og_title":"Comprar Aceite de Oliva Virgen Extra Arbequina Lata 1l. | Vins i Olis Su\u00f1er","og_description":"Aceite delicatessen. Le invitamos a descubrir nuestros aceites gourmet de oliva monovarietal virgen extra sin filtrar, envasados en lata de litro, que redondear\u00e1 sus mejores platos. El dise\u00f1o de este lata pretende ser un art\u00edculo del regalo de f\u00e1cil transporte para sus viajes. C\u00f3mpralo ya!","og_url":"https:\/\/vinsiolisuner.com\/es\/botiga\/aceites-del-molino-a-tu-casa\/aceite-de-oliva-arbequina\/aceite-de-oliva-virgen-extra-arbequina-2\/","og_site_name":"Vins i Olis Su\u00f1er","article_modified_time":"2020-04-29T08:56:14+00:00","og_image":[{"width":265,"height":350,"url":"https:\/\/vinsiolisuner.com\/wp-content\/uploads\/2015\/04\/llauna1.png","type":"image\/png"}],"schema":{"@context":"https:\/\/schema.org","@graph":[{"@type":"WebPage","@id":"https:\/\/vinsiolisuner.com\/es\/botiga\/aceites-del-molino-a-tu-casa\/aceite-de-oliva-arbequina\/aceite-de-oliva-virgen-extra-arbequina-2\/","url":"https:\/\/vinsiolisuner.com\/es\/botiga\/aceites-del-molino-a-tu-casa\/aceite-de-oliva-arbequina\/aceite-de-oliva-virgen-extra-arbequina-2\/","name":"Comprar Aceite de Oliva Virgen Extra Arbequina Lata 1l. | Vins i Olis Su\u00f1er","isPartOf":{"@id":"https:\/\/vinsiolisuner.com\/#website"},"primaryImageOfPage":{"@id":"https:\/\/vinsiolisuner.com\/es\/botiga\/aceites-del-molino-a-tu-casa\/aceite-de-oliva-arbequina\/aceite-de-oliva-virgen-extra-arbequina-2\/#primaryimage"},"image":{"@id":"https:\/\/vinsiolisuner.com\/es\/botiga\/aceites-del-molino-a-tu-casa\/aceite-de-oliva-arbequina\/aceite-de-oliva-virgen-extra-arbequina-2\/#primaryimage"},"thumbnailUrl":"https:\/\/vinsiolisuner.com\/wp-content\/uploads\/2015\/04\/llauna1.png","datePublished":"2020-04-15T14:50:11+00:00","dateModified":"2020-04-29T08:56:14+00:00","description":"Aceite delicatessen. Le invitamos a descubrir nuestros aceites gourmet de oliva monovarietal virgen extra sin filtrar, envasados en lata de litro, que redondear\u00e1 sus mejores platos. El dise\u00f1o de este lata pretende ser un art\u00edculo del regalo de f\u00e1cil transporte para sus viajes. C\u00f3mpralo ya!","breadcrumb":{"@id":"https:\/\/vinsiolisuner.com\/es\/botiga\/aceites-del-molino-a-tu-casa\/aceite-de-oliva-arbequina\/aceite-de-oliva-virgen-extra-arbequina-2\/#breadcrumb"},"inLanguage":"es","potentialAction":[{"@type":"ReadAction","target":["https:\/\/vinsiolisuner.com\/es\/botiga\/aceites-del-molino-a-tu-casa\/aceite-de-oliva-arbequina\/aceite-de-oliva-virgen-extra-arbequina-2\/"]}]},{"@type":"ImageObject","inLanguage":"es","@id":"https:\/\/vinsiolisuner.com\/es\/botiga\/aceites-del-molino-a-tu-casa\/aceite-de-oliva-arbequina\/aceite-de-oliva-virgen-extra-arbequina-2\/#primaryimage","url":"https:\/\/vinsiolisuner.com\/wp-content\/uploads\/2015\/04\/llauna1.png","contentUrl":"https:\/\/vinsiolisuner.com\/wp-content\/uploads\/2015\/04\/llauna1.png","width":265,"height":350},{"@type":"BreadcrumbList","@id":"https:\/\/vinsiolisuner.com\/es\/botiga\/aceites-del-molino-a-tu-casa\/aceite-de-oliva-arbequina\/aceite-de-oliva-virgen-extra-arbequina-2\/#breadcrumb","itemListElement":[{"@type":"ListItem","position":1,"name":"Portada","item":"https:\/\/vinsiolisuner.com\/es\/"},{"@type":"ListItem","position":2,"name":"Tienda","item":"https:\/\/vinsiolisuner.com\/es\/tienda\/"},{"@type":"ListItem","position":3,"name":"Aceite de Oliva Virgen Extra Arbequina Lata 1l."}]},{"@type":"WebSite","@id":"https:\/\/vinsiolisuner.com\/#website","url":"https:\/\/vinsiolisuner.com\/","name":"Vins i Olis Su\u00f1er","description":"Vins i Olis Su\u00f1er","potentialAction":[{"@type":"SearchAction","target":{"@type":"EntryPoint","urlTemplate":"https:\/\/vinsiolisuner.com\/?s={search_term_string}"},"query-input":{"@type":"PropertyValueSpecification","valueRequired":true,"valueName":"search_term_string"}}],"inLanguage":"es"}]}},"_links":{"self":[{"href":"https:\/\/vinsiolisuner.com\/es\/wp-json\/wp\/v2\/product\/17804","targetHints":{"allow":["GET"]}}],"collection":[{"href":"https:\/\/vinsiolisuner.com\/es\/wp-json\/wp\/v2\/product"}],"about":[{"href":"https:\/\/vinsiolisuner.com\/es\/wp-json\/wp\/v2\/types\/product"}],"wp:featuredmedia":[{"embeddable":true,"href":"https:\/\/vinsiolisuner.com\/es\/wp-json\/wp\/v2\/media\/14858"}],"wp:attachment":[{"href":"https:\/\/vinsiolisuner.com\/es\/wp-json\/wp\/v2\/media?parent=17804"}],"wp:term":[{"taxonomy":"product_brand","embeddable":true,"href":"https:\/\/vinsiolisuner.com\/es\/wp-json\/wp\/v2\/product_brand?post=17804"},{"taxonomy":"product_cat","embeddable":true,"href":"https:\/\/vinsiolisuner.com\/es\/wp-json\/wp\/v2\/product_cat?post=17804"},{"taxonomy":"product_tag","embeddable":true,"href":"https:\/\/vinsiolisuner.com\/es\/wp-json\/wp\/v2\/product_tag?post=17804"}],"curies":[{"name":"wp","href":"https:\/\/api.w.org\/{rel}","templated":true}]}}