{"id":17822,"date":"2020-04-15T17:52:11","date_gmt":"2020-04-15T15:52:11","guid":{"rendered":"https:\/\/vinsiolisuner.com\/botiga\/sin%20categor\u00eda\/oli-doliva-verge-extra-250-ml\/"},"modified":"2020-04-29T11:14:21","modified_gmt":"2020-04-29T09:14:21","slug":"aceite-de-oliva-virgen-extra-250-ml","status":"publish","type":"product","link":"https:\/\/vinsiolisuner.com\/es\/botiga\/aceites-del-molino-a-tu-casa\/aceite-de-oliva-hoja-de-sauce\/aceite-de-oliva-virgen-extra-250-ml\/","title":{"rendered":"Aceite de Oliva Virgen Extra Hoja de Sauce 250 ml."},"content":{"rendered":"<p><span style=\"font-family: Roboto; font-size: 16px;\">La variedad Hoja de Sauce es aut\u00f3ctona en la Ribera d\u2019Ebre. Un olivo con una marcada historia en la regi\u00f3n que intenta forjarse un nombre en el sector del aceite de oliva de m\u00e1xima calidad.<\/span><\/p>\n<p><span style=\"font-family: Roboto; font-size: 16px;\">Nuestros olivos centenarios de esta variedad nos brindan una selecta y limitada producci\u00f3n regal\u00e1ndonos un aceite de oliva con un gusto \u00fanico y aut\u00e9ntico de nuestro territorio.<\/span><\/p>\n<p><span style=\"font-family: Roboto; font-size: 16px;\">Aceite muy agradable al paladar, gustoso y arom\u00e1tico. Equilibrio entre el amargo y el picante, afrutado con toques mentolados.<\/span><\/p>\n<p><span style=\"font-family: Roboto; font-size: 16px;\">Recomendaciones: distinto a los aceites de oliva m\u00e1s conocidos, perfecto para acompa\u00f1ar carne y pescado, aperitivos, ensaladas completas y cualquier otro plato para dale un sabor especial.<\/span><\/p>\n<p><span style=\"font-family: Roboto; font-size: 16px;\">Acidez m\u00e1xima: 0.2\u00b0 \u00a0 \u00a0<\/span><\/p>\n","protected":false},"excerpt":{"rendered":"<p><span style=\"font-family: Roboto; font-size: 16px;\">El aceite para los mejores restaurantes. Os presentamos nuestro aceite virgen extra elaborado para estar en las mesas de los restaurantes mas exigentes. Envasado en una botella elegante de vidrio oscuro que protege el aceite de la luz y conserva todas sus cualidades.<\/span><\/p>\n<p><span style=\"font-family: Roboto; font-size: 16px;\">IVA incluido.<\/span><\/p>\n","protected":false},"featured_media":16739,"template":"","meta":[],"product_brand":[],"product_cat":[146,160],"product_tag":[847,844,843],"class_list":{"0":"post-17822","1":"product","2":"type-product","3":"status-publish","4":"has-post-thumbnail","6":"product_cat-aceites-del-molino-a-tu-casa","7":"product_cat-aceite-de-oliva-hoja-de-sauce","8":"product_tag-fulla-de-salze-es","9":"product_tag-oli-catala-es","10":"product_tag-oli-doliva-es","11":"pa_packaging-oli-250ml-vidre-1-envase","12":"pa_packaging-oli-250ml-vidre-caja-20-uds","14":"first","15":"instock","16":"sale","17":"taxable","18":"shipping-taxable","19":"purchasable","20":"product-type-variable","21":"prodpage-classic"},"yoast_head":"<!-- This site is optimized with the Yoast SEO plugin v25.2 - https:\/\/yoast.com\/wordpress\/plugins\/seo\/ -->\n<title>Comprar Aceite de Oliva Virgen Extra Hoja de Sauce 250 ml. | Vins i Olis Su\u00f1er<\/title>\n<meta name=\"description\" content=\"El aceite para los mejores restaurantes. Os presentamos nuestro aceite virgen extra elaborado para estar en las mesas de los restaurantes mas exigentes. Envasado en una botella elegante de vidrio oscuro que protege el aceite de la luz y conseva todas sus cualidades. C\u00f3mpralo ya!\" \/>\n<meta name=\"robots\" content=\"index, follow, max-snippet:-1, max-image-preview:large, max-video-preview:-1\" \/>\n<link rel=\"canonical\" href=\"https:\/\/vinsiolisuner.com\/es\/botiga\/aceites-del-molino-a-tu-casa\/aceite-de-oliva-hoja-de-sauce\/aceite-de-oliva-virgen-extra-250-ml\/\" \/>\n<meta property=\"og:locale\" content=\"es_ES\" \/>\n<meta property=\"og:type\" content=\"article\" \/>\n<meta property=\"og:title\" content=\"Comprar Aceite de Oliva Virgen Extra Hoja de Sauce 250 ml. | Vins i Olis Su\u00f1er\" \/>\n<meta property=\"og:description\" content=\"El aceite para los mejores restaurantes. Os presentamos nuestro aceite virgen extra elaborado para estar en las mesas de los restaurantes mas exigentes. Envasado en una botella elegante de vidrio oscuro que protege el aceite de la luz y conseva todas sus cualidades. C\u00f3mpralo ya!\" \/>\n<meta property=\"og:url\" content=\"https:\/\/vinsiolisuner.com\/es\/botiga\/aceites-del-molino-a-tu-casa\/aceite-de-oliva-hoja-de-sauce\/aceite-de-oliva-virgen-extra-250-ml\/\" \/>\n<meta property=\"og:site_name\" content=\"Vins i Olis Su\u00f1er\" \/>\n<meta property=\"article:modified_time\" content=\"2020-04-29T09:14:21+00:00\" \/>\n<meta property=\"og:image\" content=\"https:\/\/vinsiolisuner.com\/wp-content\/uploads\/2020\/03\/250_fullas_web.png\" \/>\n\t<meta property=\"og:image:width\" content=\"409\" \/>\n\t<meta property=\"og:image:height\" content=\"567\" \/>\n\t<meta property=\"og:image:type\" content=\"image\/png\" \/>\n<meta name=\"twitter:label1\" content=\"Tiempo de lectura\" \/>\n\t<meta name=\"twitter:data1\" content=\"1 minuto\" \/>\n<script type=\"application\/ld+json\" class=\"yoast-schema-graph\">{\"@context\":\"https:\/\/schema.org\",\"@graph\":[{\"@type\":\"WebPage\",\"@id\":\"https:\/\/vinsiolisuner.com\/es\/botiga\/aceites-del-molino-a-tu-casa\/aceite-de-oliva-hoja-de-sauce\/aceite-de-oliva-virgen-extra-250-ml\/\",\"url\":\"https:\/\/vinsiolisuner.com\/es\/botiga\/aceites-del-molino-a-tu-casa\/aceite-de-oliva-hoja-de-sauce\/aceite-de-oliva-virgen-extra-250-ml\/\",\"name\":\"Comprar Aceite de Oliva Virgen Extra Hoja de Sauce 250 ml. | Vins i Olis Su\u00f1er\",\"isPartOf\":{\"@id\":\"https:\/\/vinsiolisuner.com\/#website\"},\"primaryImageOfPage\":{\"@id\":\"https:\/\/vinsiolisuner.com\/es\/botiga\/aceites-del-molino-a-tu-casa\/aceite-de-oliva-hoja-de-sauce\/aceite-de-oliva-virgen-extra-250-ml\/#primaryimage\"},\"image\":{\"@id\":\"https:\/\/vinsiolisuner.com\/es\/botiga\/aceites-del-molino-a-tu-casa\/aceite-de-oliva-hoja-de-sauce\/aceite-de-oliva-virgen-extra-250-ml\/#primaryimage\"},\"thumbnailUrl\":\"https:\/\/vinsiolisuner.com\/wp-content\/uploads\/2020\/03\/250_fullas_web.png\",\"datePublished\":\"2020-04-15T15:52:11+00:00\",\"dateModified\":\"2020-04-29T09:14:21+00:00\",\"description\":\"El aceite para los mejores restaurantes. Os presentamos nuestro aceite virgen extra elaborado para estar en las mesas de los restaurantes mas exigentes. Envasado en una botella elegante de vidrio oscuro que protege el aceite de la luz y conseva todas sus cualidades. C\u00f3mpralo ya!\",\"breadcrumb\":{\"@id\":\"https:\/\/vinsiolisuner.com\/es\/botiga\/aceites-del-molino-a-tu-casa\/aceite-de-oliva-hoja-de-sauce\/aceite-de-oliva-virgen-extra-250-ml\/#breadcrumb\"},\"inLanguage\":\"es\",\"potentialAction\":[{\"@type\":\"ReadAction\",\"target\":[\"https:\/\/vinsiolisuner.com\/es\/botiga\/aceites-del-molino-a-tu-casa\/aceite-de-oliva-hoja-de-sauce\/aceite-de-oliva-virgen-extra-250-ml\/\"]}]},{\"@type\":\"ImageObject\",\"inLanguage\":\"es\",\"@id\":\"https:\/\/vinsiolisuner.com\/es\/botiga\/aceites-del-molino-a-tu-casa\/aceite-de-oliva-hoja-de-sauce\/aceite-de-oliva-virgen-extra-250-ml\/#primaryimage\",\"url\":\"https:\/\/vinsiolisuner.com\/wp-content\/uploads\/2020\/03\/250_fullas_web.png\",\"contentUrl\":\"https:\/\/vinsiolisuner.com\/wp-content\/uploads\/2020\/03\/250_fullas_web.png\",\"width\":409,\"height\":567},{\"@type\":\"BreadcrumbList\",\"@id\":\"https:\/\/vinsiolisuner.com\/es\/botiga\/aceites-del-molino-a-tu-casa\/aceite-de-oliva-hoja-de-sauce\/aceite-de-oliva-virgen-extra-250-ml\/#breadcrumb\",\"itemListElement\":[{\"@type\":\"ListItem\",\"position\":1,\"name\":\"Portada\",\"item\":\"https:\/\/vinsiolisuner.com\/es\/\"},{\"@type\":\"ListItem\",\"position\":2,\"name\":\"Tienda\",\"item\":\"https:\/\/vinsiolisuner.com\/es\/tienda\/\"},{\"@type\":\"ListItem\",\"position\":3,\"name\":\"Aceite de Oliva Virgen Extra Hoja de Sauce 250 ml.\"}]},{\"@type\":\"WebSite\",\"@id\":\"https:\/\/vinsiolisuner.com\/#website\",\"url\":\"https:\/\/vinsiolisuner.com\/\",\"name\":\"Vins i Olis Su\u00f1er\",\"description\":\"Vins i Olis Su\u00f1er\",\"potentialAction\":[{\"@type\":\"SearchAction\",\"target\":{\"@type\":\"EntryPoint\",\"urlTemplate\":\"https:\/\/vinsiolisuner.com\/?s={search_term_string}\"},\"query-input\":{\"@type\":\"PropertyValueSpecification\",\"valueRequired\":true,\"valueName\":\"search_term_string\"}}],\"inLanguage\":\"es\"}]}<\/script>\n<!-- \/ Yoast SEO plugin. -->","yoast_head_json":{"title":"Comprar Aceite de Oliva Virgen Extra Hoja de Sauce 250 ml. | Vins i Olis Su\u00f1er","description":"El aceite para los mejores restaurantes. Os presentamos nuestro aceite virgen extra elaborado para estar en las mesas de los restaurantes mas exigentes. Envasado en una botella elegante de vidrio oscuro que protege el aceite de la luz y conseva todas sus cualidades. C\u00f3mpralo ya!","robots":{"index":"index","follow":"follow","max-snippet":"max-snippet:-1","max-image-preview":"max-image-preview:large","max-video-preview":"max-video-preview:-1"},"canonical":"https:\/\/vinsiolisuner.com\/es\/botiga\/aceites-del-molino-a-tu-casa\/aceite-de-oliva-hoja-de-sauce\/aceite-de-oliva-virgen-extra-250-ml\/","og_locale":"es_ES","og_type":"article","og_title":"Comprar Aceite de Oliva Virgen Extra Hoja de Sauce 250 ml. | Vins i Olis Su\u00f1er","og_description":"El aceite para los mejores restaurantes. Os presentamos nuestro aceite virgen extra elaborado para estar en las mesas de los restaurantes mas exigentes. Envasado en una botella elegante de vidrio oscuro que protege el aceite de la luz y conseva todas sus cualidades. C\u00f3mpralo ya!","og_url":"https:\/\/vinsiolisuner.com\/es\/botiga\/aceites-del-molino-a-tu-casa\/aceite-de-oliva-hoja-de-sauce\/aceite-de-oliva-virgen-extra-250-ml\/","og_site_name":"Vins i Olis Su\u00f1er","article_modified_time":"2020-04-29T09:14:21+00:00","og_image":[{"width":409,"height":567,"url":"https:\/\/vinsiolisuner.com\/wp-content\/uploads\/2020\/03\/250_fullas_web.png","type":"image\/png"}],"twitter_misc":{"Tiempo de lectura":"1 minuto"},"schema":{"@context":"https:\/\/schema.org","@graph":[{"@type":"WebPage","@id":"https:\/\/vinsiolisuner.com\/es\/botiga\/aceites-del-molino-a-tu-casa\/aceite-de-oliva-hoja-de-sauce\/aceite-de-oliva-virgen-extra-250-ml\/","url":"https:\/\/vinsiolisuner.com\/es\/botiga\/aceites-del-molino-a-tu-casa\/aceite-de-oliva-hoja-de-sauce\/aceite-de-oliva-virgen-extra-250-ml\/","name":"Comprar Aceite de Oliva Virgen Extra Hoja de Sauce 250 ml. | Vins i Olis Su\u00f1er","isPartOf":{"@id":"https:\/\/vinsiolisuner.com\/#website"},"primaryImageOfPage":{"@id":"https:\/\/vinsiolisuner.com\/es\/botiga\/aceites-del-molino-a-tu-casa\/aceite-de-oliva-hoja-de-sauce\/aceite-de-oliva-virgen-extra-250-ml\/#primaryimage"},"image":{"@id":"https:\/\/vinsiolisuner.com\/es\/botiga\/aceites-del-molino-a-tu-casa\/aceite-de-oliva-hoja-de-sauce\/aceite-de-oliva-virgen-extra-250-ml\/#primaryimage"},"thumbnailUrl":"https:\/\/vinsiolisuner.com\/wp-content\/uploads\/2020\/03\/250_fullas_web.png","datePublished":"2020-04-15T15:52:11+00:00","dateModified":"2020-04-29T09:14:21+00:00","description":"El aceite para los mejores restaurantes. Os presentamos nuestro aceite virgen extra elaborado para estar en las mesas de los restaurantes mas exigentes. Envasado en una botella elegante de vidrio oscuro que protege el aceite de la luz y conseva todas sus cualidades. C\u00f3mpralo ya!","breadcrumb":{"@id":"https:\/\/vinsiolisuner.com\/es\/botiga\/aceites-del-molino-a-tu-casa\/aceite-de-oliva-hoja-de-sauce\/aceite-de-oliva-virgen-extra-250-ml\/#breadcrumb"},"inLanguage":"es","potentialAction":[{"@type":"ReadAction","target":["https:\/\/vinsiolisuner.com\/es\/botiga\/aceites-del-molino-a-tu-casa\/aceite-de-oliva-hoja-de-sauce\/aceite-de-oliva-virgen-extra-250-ml\/"]}]},{"@type":"ImageObject","inLanguage":"es","@id":"https:\/\/vinsiolisuner.com\/es\/botiga\/aceites-del-molino-a-tu-casa\/aceite-de-oliva-hoja-de-sauce\/aceite-de-oliva-virgen-extra-250-ml\/#primaryimage","url":"https:\/\/vinsiolisuner.com\/wp-content\/uploads\/2020\/03\/250_fullas_web.png","contentUrl":"https:\/\/vinsiolisuner.com\/wp-content\/uploads\/2020\/03\/250_fullas_web.png","width":409,"height":567},{"@type":"BreadcrumbList","@id":"https:\/\/vinsiolisuner.com\/es\/botiga\/aceites-del-molino-a-tu-casa\/aceite-de-oliva-hoja-de-sauce\/aceite-de-oliva-virgen-extra-250-ml\/#breadcrumb","itemListElement":[{"@type":"ListItem","position":1,"name":"Portada","item":"https:\/\/vinsiolisuner.com\/es\/"},{"@type":"ListItem","position":2,"name":"Tienda","item":"https:\/\/vinsiolisuner.com\/es\/tienda\/"},{"@type":"ListItem","position":3,"name":"Aceite de Oliva Virgen Extra Hoja de Sauce 250 ml."}]},{"@type":"WebSite","@id":"https:\/\/vinsiolisuner.com\/#website","url":"https:\/\/vinsiolisuner.com\/","name":"Vins i Olis Su\u00f1er","description":"Vins i Olis Su\u00f1er","potentialAction":[{"@type":"SearchAction","target":{"@type":"EntryPoint","urlTemplate":"https:\/\/vinsiolisuner.com\/?s={search_term_string}"},"query-input":{"@type":"PropertyValueSpecification","valueRequired":true,"valueName":"search_term_string"}}],"inLanguage":"es"}]}},"_links":{"self":[{"href":"https:\/\/vinsiolisuner.com\/es\/wp-json\/wp\/v2\/product\/17822","targetHints":{"allow":["GET"]}}],"collection":[{"href":"https:\/\/vinsiolisuner.com\/es\/wp-json\/wp\/v2\/product"}],"about":[{"href":"https:\/\/vinsiolisuner.com\/es\/wp-json\/wp\/v2\/types\/product"}],"wp:featuredmedia":[{"embeddable":true,"href":"https:\/\/vinsiolisuner.com\/es\/wp-json\/wp\/v2\/media\/16739"}],"wp:attachment":[{"href":"https:\/\/vinsiolisuner.com\/es\/wp-json\/wp\/v2\/media?parent=17822"}],"wp:term":[{"taxonomy":"product_brand","embeddable":true,"href":"https:\/\/vinsiolisuner.com\/es\/wp-json\/wp\/v2\/product_brand?post=17822"},{"taxonomy":"product_cat","embeddable":true,"href":"https:\/\/vinsiolisuner.com\/es\/wp-json\/wp\/v2\/product_cat?post=17822"},{"taxonomy":"product_tag","embeddable":true,"href":"https:\/\/vinsiolisuner.com\/es\/wp-json\/wp\/v2\/product_tag?post=17822"}],"curies":[{"name":"wp","href":"https:\/\/api.w.org\/{rel}","templated":true}]}}